{"id":1856,"date":"2023-02-04T11:06:58","date_gmt":"2023-02-04T11:06:58","guid":{"rendered":"https:\/\/schluesseldienstbremen.org\/?page_id=1856"},"modified":"2023-03-02T14:06:30","modified_gmt":"2023-03-02T14:06:30","slug":"impressum","status":"publish","type":"page","link":"https:\/\/xn--schlsseldienstbremen-sec.com\/en\/impressum\/","title":{"rendered":"Impressum"},"content":{"rendered":"<h1 class=\"wp-block-heading\">Impressum<\/h1>\n\n\n\n<h2 class=\"wp-block-heading\">Angaben gem\u00e4\u00df \u00a7 5 TMG:<\/h2>\n\n\n\n<p>Schl\u00fcsseldienst Edu<br>Schl\u00fcsseldienst und Schuhreparatur<br>Saeed Yahyai<\/p>\n\n\n\n<h3 class=\"wp-block-heading\">Postanschrift:<\/h3>\n\n\n\n<p>Sankt-Gotthard-Str 8a<br>28325 Bremen<\/p>\n\n\n\n<h3 class=\"wp-block-heading\">Kontakt:<\/h3>\n\n\n\n<p>Telefon: 0421-425385<br>E-Mail: info@schluesseldienstbremen.org<\/p>\n\n\n\n<h3 class=\"wp-block-heading\">Umsatzsteuer-Identifikationsnummer<\/h3>\n\n\n\n<p>6027108413<\/p>\n\n\n\n<h2 class=\"wp-block-heading\"><\/h2>\n\n\n\n<h2 class=\"wp-block-heading\">Information gem\u00e4\u00df \u00a7 36 VSBG<\/h2>\n\n\n\n<p>Gem\u00e4\u00df \u00a7 36 VSBG (Verbraucherstreitbeilegungsgesetz \u2013 Gesetz \u00fcber die alternative Streitbeilegung in Verbrauchersachen) erkl\u00e4rt der Betreiber dieser Website:<\/p>\n\n\n\n<p>Wir sind weder bereit noch verpflichtet, an Streitbeilegungsverfahren vor einer Verbraucherschlichtungsstelle teilzunehmen.<\/p>\n\n\n\n<h2 class=\"wp-block-heading\">Hinweis<\/h2>\n\n\n\n<p>Die Plattform der EU zur au\u00dfergerichtlichen Streitbeilegung finden Sie online unter: <a href=\"https:\/\/ec.europa.eu\/consumers\/odr\/\">https:\/\/ec.europa.eu\/consumers\/odr\/<\/a><\/p>\n\n\n\n<p><em>Das Impressum wurde mit dem <a href=\"https:\/\/www.activemind.de\/datenschutz\/impressums-generator\/\">Impressums-Generator der activeMind AG<\/a> erstellt.<\/em><\/p>","protected":false},"excerpt":{"rendered":"<p>Impressum Angaben gem\u00e4\u00df \u00a7 5 TMG: Schl\u00fcsseldienst EduSchl\u00fcsseldienst und SchuhreparaturSaeed Yahyai Postanschrift: Sankt-Gotthard-Str 8a28325 Bremen Kontakt: Telefon: 0421-425385E-Mail: info@schluesseldienstbremen.org Umsatzsteuer-Identifikationsnummer 6027108413 Information gem\u00e4\u00df \u00a7 36 VSBG Gem\u00e4\u00df \u00a7 36 VSBG (Verbraucherstreitbeilegungsgesetz \u2013 Gesetz \u00fcber die alternative Streitbeilegung in Verbrauchersachen) erkl\u00e4rt der Betreiber dieser Website: Wir&#8230;<\/p>","protected":false},"author":2,"featured_media":0,"parent":0,"menu_order":0,"comment_status":"closed","ping_status":"closed","template":"","meta":{"footnotes":""},"yoast_head":"<!-- This site is optimized with the Yoast SEO plugin v20.5 - https:\/\/yoast.com\/wordpress\/plugins\/seo\/ -->\n<title>Impressum - Schl\u00fcsseldienst-Bremen<\/title>\n<meta name=\"robots\" content=\"index, follow, max-snippet:-1, max-image-preview:large, max-video-preview:-1\" \/>\n<link rel=\"canonical\" href=\"https:\/\/xn--schlsseldienstbremen-sec.com\/en\/impressum\/\" \/>\n<meta property=\"og:locale\" content=\"en_US\" \/>\n<meta property=\"og:type\" content=\"article\" \/>\n<meta property=\"og:title\" content=\"Impressum - Schl\u00fcsseldienst-Bremen\" \/>\n<meta property=\"og:description\" content=\"Impressum Angaben gem\u00e4\u00df \u00a7 5 TMG: Schl\u00fcsseldienst EduSchl\u00fcsseldienst und SchuhreparaturSaeed Yahyai Postanschrift: Sankt-Gotthard-Str 8a28325 Bremen Kontakt: Telefon: 0421-425385E-Mail: info@schluesseldienstbremen.org Umsatzsteuer-Identifikationsnummer 6027108413 Information gem\u00e4\u00df \u00a7 36 VSBG Gem\u00e4\u00df \u00a7 36 VSBG (Verbraucherstreitbeilegungsgesetz \u2013 Gesetz \u00fcber die alternative Streitbeilegung in Verbrauchersachen) erkl\u00e4rt der Betreiber dieser Website: Wir...\" \/>\n<meta property=\"og:url\" content=\"https:\/\/xn--schlsseldienstbremen-sec.com\/en\/impressum\/\" \/>\n<meta property=\"og:site_name\" content=\"Schl\u00fcsseldienst-Bremen\" \/>\n<meta property=\"article:modified_time\" content=\"2023-03-02T14:06:30+00:00\" \/>\n<meta name=\"twitter:card\" content=\"summary_large_image\" \/>\n<meta name=\"twitter:label1\" content=\"Est. reading time\" \/>\n\t<meta name=\"twitter:data1\" content=\"1 minute\" \/>\n<script type=\"application\/ld+json\" class=\"yoast-schema-graph\">{\"@context\":\"https:\/\/schema.org\",\"@graph\":[{\"@type\":\"WebPage\",\"@id\":\"https:\/\/xn--schlsseldienstbremen-sec.com\/impressum\/\",\"url\":\"https:\/\/xn--schlsseldienstbremen-sec.com\/impressum\/\",\"name\":\"Impressum - Schl\u00fcsseldienst-Bremen\",\"isPartOf\":{\"@id\":\"https:\/\/xn--schlsseldienstbremen-sec.com\/#website\"},\"datePublished\":\"2023-02-04T11:06:58+00:00\",\"dateModified\":\"2023-03-02T14:06:30+00:00\",\"breadcrumb\":{\"@id\":\"https:\/\/xn--schlsseldienstbremen-sec.com\/impressum\/#breadcrumb\"},\"inLanguage\":\"en-US\",\"potentialAction\":[{\"@type\":\"ReadAction\",\"target\":[\"https:\/\/xn--schlsseldienstbremen-sec.com\/impressum\/\"]}]},{\"@type\":\"BreadcrumbList\",\"@id\":\"https:\/\/xn--schlsseldienstbremen-sec.com\/impressum\/#breadcrumb\",\"itemListElement\":[{\"@type\":\"ListItem\",\"position\":1,\"name\":\"Startseite\",\"item\":\"https:\/\/xn--schlsseldienstbremen-sec.com\/\"},{\"@type\":\"ListItem\",\"position\":2,\"name\":\"Impressum\"}]},{\"@type\":\"WebSite\",\"@id\":\"https:\/\/xn--schlsseldienstbremen-sec.com\/#website\",\"url\":\"https:\/\/xn--schlsseldienstbremen-sec.com\/\",\"name\":\"Schl\u00fcsseldienst-Bremen\",\"description\":\"Schl\u00fcsseldienst 24 Stunden Festpreis\",\"publisher\":{\"@id\":\"https:\/\/xn--schlsseldienstbremen-sec.com\/#organization\"},\"potentialAction\":[{\"@type\":\"SearchAction\",\"target\":{\"@type\":\"EntryPoint\",\"urlTemplate\":\"https:\/\/xn--schlsseldienstbremen-sec.com\/?s={search_term_string}\"},\"query-input\":\"required name=search_term_string\"}],\"inLanguage\":\"en-US\"},{\"@type\":\"Organization\",\"@id\":\"https:\/\/xn--schlsseldienstbremen-sec.com\/#organization\",\"name\":\"Schl\u00fcsseldienst-Bremen-Eck\",\"url\":\"https:\/\/xn--schlsseldienstbremen-sec.com\/\",\"logo\":{\"@type\":\"ImageObject\",\"inLanguage\":\"en-US\",\"@id\":\"https:\/\/xn--schlsseldienstbremen-sec.com\/#\/schema\/logo\/image\/\",\"url\":\"https:\/\/xn--schlsseldienstbremen-sec.com\/wp-content\/uploads\/2023\/02\/sweet-cakes-1.png\",\"contentUrl\":\"https:\/\/xn--schlsseldienstbremen-sec.com\/wp-content\/uploads\/2023\/02\/sweet-cakes-1.png\",\"width\":500,\"height\":500,\"caption\":\"Schl\u00fcsseldienst-Bremen-Eck\"},\"image\":{\"@id\":\"https:\/\/xn--schlsseldienstbremen-sec.com\/#\/schema\/logo\/image\/\"},\"sameAs\":[\"https:\/\/instagram.com\/schluesseldienstbremen\"]}]}<\/script>\n<!-- \/ Yoast SEO plugin. -->","yoast_head_json":{"title":"Impressum - Schl\u00fcsseldienst-Bremen","robots":{"index":"index","follow":"follow","max-snippet":"max-snippet:-1","max-image-preview":"max-image-preview:large","max-video-preview":"max-video-preview:-1"},"canonical":"https:\/\/xn--schlsseldienstbremen-sec.com\/en\/impressum\/","og_locale":"en_US","og_type":"article","og_title":"Impressum - Schl\u00fcsseldienst-Bremen","og_description":"Impressum Angaben gem\u00e4\u00df \u00a7 5 TMG: Schl\u00fcsseldienst EduSchl\u00fcsseldienst und SchuhreparaturSaeed Yahyai Postanschrift: Sankt-Gotthard-Str 8a28325 Bremen Kontakt: Telefon: 0421-425385E-Mail: info@schluesseldienstbremen.org Umsatzsteuer-Identifikationsnummer 6027108413 Information gem\u00e4\u00df \u00a7 36 VSBG Gem\u00e4\u00df \u00a7 36 VSBG (Verbraucherstreitbeilegungsgesetz \u2013 Gesetz \u00fcber die alternative Streitbeilegung in Verbrauchersachen) erkl\u00e4rt der Betreiber dieser Website: Wir...","og_url":"https:\/\/xn--schlsseldienstbremen-sec.com\/en\/impressum\/","og_site_name":"Schl\u00fcsseldienst-Bremen","article_modified_time":"2023-03-02T14:06:30+00:00","twitter_card":"summary_large_image","twitter_misc":{"Est. reading time":"1 minute"},"schema":{"@context":"https:\/\/schema.org","@graph":[{"@type":"WebPage","@id":"https:\/\/xn--schlsseldienstbremen-sec.com\/impressum\/","url":"https:\/\/xn--schlsseldienstbremen-sec.com\/impressum\/","name":"Impressum - Schl\u00fcsseldienst-Bremen","isPartOf":{"@id":"https:\/\/xn--schlsseldienstbremen-sec.com\/#website"},"datePublished":"2023-02-04T11:06:58+00:00","dateModified":"2023-03-02T14:06:30+00:00","breadcrumb":{"@id":"https:\/\/xn--schlsseldienstbremen-sec.com\/impressum\/#breadcrumb"},"inLanguage":"en-US","potentialAction":[{"@type":"ReadAction","target":["https:\/\/xn--schlsseldienstbremen-sec.com\/impressum\/"]}]},{"@type":"BreadcrumbList","@id":"https:\/\/xn--schlsseldienstbremen-sec.com\/impressum\/#breadcrumb","itemListElement":[{"@type":"ListItem","position":1,"name":"Startseite","item":"https:\/\/xn--schlsseldienstbremen-sec.com\/"},{"@type":"ListItem","position":2,"name":"Impressum"}]},{"@type":"WebSite","@id":"https:\/\/xn--schlsseldienstbremen-sec.com\/#website","url":"https:\/\/xn--schlsseldienstbremen-sec.com\/","name":"Schl\u00fcsseldienst-Bremen","description":"Schl\u00fcsseldienst 24 Stunden Festpreis","publisher":{"@id":"https:\/\/xn--schlsseldienstbremen-sec.com\/#organization"},"potentialAction":[{"@type":"SearchAction","target":{"@type":"EntryPoint","urlTemplate":"https:\/\/xn--schlsseldienstbremen-sec.com\/?s={search_term_string}"},"query-input":"required name=search_term_string"}],"inLanguage":"en-US"},{"@type":"Organization","@id":"https:\/\/xn--schlsseldienstbremen-sec.com\/#organization","name":"Schl\u00fcsseldienst-Bremen-Eck","url":"https:\/\/xn--schlsseldienstbremen-sec.com\/","logo":{"@type":"ImageObject","inLanguage":"en-US","@id":"https:\/\/xn--schlsseldienstbremen-sec.com\/#\/schema\/logo\/image\/","url":"https:\/\/xn--schlsseldienstbremen-sec.com\/wp-content\/uploads\/2023\/02\/sweet-cakes-1.png","contentUrl":"https:\/\/xn--schlsseldienstbremen-sec.com\/wp-content\/uploads\/2023\/02\/sweet-cakes-1.png","width":500,"height":500,"caption":"Schl\u00fcsseldienst-Bremen-Eck"},"image":{"@id":"https:\/\/xn--schlsseldienstbremen-sec.com\/#\/schema\/logo\/image\/"},"sameAs":["https:\/\/instagram.com\/schluesseldienstbremen"]}]}},"amp_enabled":true,"_links":{"self":[{"href":"https:\/\/xn--schlsseldienstbremen-sec.com\/en\/wp-json\/wp\/v2\/pages\/1856"}],"collection":[{"href":"https:\/\/xn--schlsseldienstbremen-sec.com\/en\/wp-json\/wp\/v2\/pages"}],"about":[{"href":"https:\/\/xn--schlsseldienstbremen-sec.com\/en\/wp-json\/wp\/v2\/types\/page"}],"author":[{"embeddable":true,"href":"https:\/\/xn--schlsseldienstbremen-sec.com\/en\/wp-json\/wp\/v2\/users\/2"}],"replies":[{"embeddable":true,"href":"https:\/\/xn--schlsseldienstbremen-sec.com\/en\/wp-json\/wp\/v2\/comments?post=1856"}],"version-history":[{"count":0,"href":"https:\/\/xn--schlsseldienstbremen-sec.com\/en\/wp-json\/wp\/v2\/pages\/1856\/revisions"}],"wp:attachment":[{"href":"https:\/\/xn--schlsseldienstbremen-sec.com\/en\/wp-json\/wp\/v2\/media?parent=1856"}],"curies":[{"name":"wp","href":"https:\/\/api.w.org\/{rel}","templated":true}]}}