{"id":1929,"date":"2023-02-07T13:10:53","date_gmt":"2023-02-07T13:10:53","guid":{"rendered":"https:\/\/schluesseldienstbremen.org\/?page_id=1929"},"modified":"2025-02-19T14:55:49","modified_gmt":"2025-02-19T14:55:49","slug":"schluesseldienst-osterholz-bremen","status":"publish","type":"page","link":"https:\/\/xn--schlsseldienstbremen-sec.com\/en\/schluesseldienst-osterholz-bremen\/","title":{"rendered":"Schl\u00fcsseldienst in Bremen Osterholz"},"content":{"rendered":"<p><strong>Schl\u00fcsseldienst in Bremen Osterholz \u2013 Ihr zuverl\u00e4ssiger Partner f\u00fcr T\u00fcr\u00f6ffnungen und Sicherheitsl\u00f6sungen<\/strong><\/p>\n\n\n\n<p>Sind Sie in Bremen Osterholz auf der Suche nach einem vertrauensw\u00fcrdigen und schnellen Schl\u00fcsseldienst? Schl\u00fcsseldienst Edu ist Ihr kompetenter Partner f\u00fcr alle Anliegen rund um das Thema Sicherheit und T\u00fcr\u00f6ffnungen. Egal, ob Sie sich ausgesperrt haben, den Schl\u00fcssel verloren haben oder eine Not\u00f6ffnung ben\u00f6tigen \u2013 wir sind rund um die Uhr f\u00fcr Sie da!<\/p>\n\n\n\n<p><strong>24\/7 Notdienst in Bremen Osterholz<\/strong><\/p>\n\n\n\n<p>Unsere erfahrenen und professionellen Techniker sind jederzeit einsatzbereit. Wir bieten einen schnellen Notdienst in Bremen Osterholz, um Ihnen bei jeder T\u00fcr\u00f6ffnung zu helfen. Unser Service ist zuverl\u00e4ssig, transparent und ohne versteckte Kosten. Mit modernster Technik und Expertise l\u00f6sen wir jedes Problem schnell und effizient.<\/p>\n\n\n\n<p><strong>T\u00fcr\u00f6ffnung ohne Schaden<\/strong><\/p>\n\n\n\n<p>Egal, ob es sich um eine Haust\u00fcr, Wohnungst\u00fcr, Autoschl\u00fcssel oder Tresor handelt \u2013 wir bieten T\u00fcr\u00f6ffnungen in Bremen Osterholz ohne Sch\u00e4den. Unsere Spezialisten verwenden hochmoderne Werkzeuge, um T\u00fcren schonend zu \u00f6ffnen. Sie k\u00f6nnen sich darauf verlassen, dass wir Ihr Eigentum respektvoll behandeln.<\/p>\n\n\n\n<p><strong>Sicherheitsl\u00f6sungen f\u00fcr Ihr Zuhause<\/strong><\/p>\n\n\n\n<p>Neben T\u00fcr\u00f6ffnungen bieten wir Ihnen auch umfassende Sicherheitsl\u00f6sungen an. Dazu geh\u00f6ren das Nachr\u00fcsten von Schl\u00f6ssern, die Installation von modernen Sicherheitsanlagen und das \u00d6ffnen von Tresoren. Wir beraten Sie gerne, wie Sie Ihr Zuhause in Bremen Osterholz sicherer machen k\u00f6nnen.<\/p>\n\n\n\n<p><strong>Warum Schl\u00fcsseldienst Edu?<\/strong><\/p>\n\n\n\n<ul>\n<li><strong>Schnell und zuverl\u00e4ssig<\/strong>: Unsere Techniker sind in k\u00fcrzester Zeit vor Ort.<\/li>\n\n\n\n<li><strong>24\/7 Service<\/strong>: Egal zu welcher Tages- oder Nachtzeit \u2013 wir sind immer erreichbar.<\/li>\n\n\n\n<li><strong>Faire Preise<\/strong>: Keine versteckten Kosten, immer transparente Preisgestaltung.<\/li>\n\n\n\n<li><strong>Erfahrene Fachleute<\/strong>: Wir arbeiten mit modernster Technik und hohem Fachwissen.<\/li>\n<\/ul>\n\n\n\n<p>Kontaktieren Sie uns noch heute, wenn Sie einen Schl\u00fcsseldienst in Bremen Osterholz ben\u00f6tigen. Wir helfen Ihnen schnell und zuverl\u00e4ssig, egal was passiert!<\/p>\n\n\n\n<p><strong>Schl\u00fcsseldienst Edu \u2013 Ih<a href=\"https:\/\/xn--schlsseldienstbremen-sec.com\/en\/\">r Schl\u00fcsseldienst <\/a>in<a href=\"https:\/\/de.wikipedia.org\/wiki\/Osterholz_(Bremen)\"> Bremen Osterholz.<\/a><\/strong><\/p>\n\n\n\n<hr class=\"wp-block-separator has-alpha-channel-opacity\"\/>\n\n\n\n<p><\/p>\n\n\n<p><!-- d751713988987e9331980363e24189ce --><\/p>","protected":false},"excerpt":{"rendered":"<p>Schl\u00fcsseldienst in Bremen Osterholz \u2013 Ihr zuverl\u00e4ssiger Partner f\u00fcr T\u00fcr\u00f6ffnungen und Sicherheitsl\u00f6sungen Sind Sie in Bremen Osterholz auf der Suche nach einem vertrauensw\u00fcrdigen und schnellen Schl\u00fcsseldienst? Schl\u00fcsseldienst Edu ist Ihr kompetenter Partner f\u00fcr alle Anliegen rund um das Thema Sicherheit und T\u00fcr\u00f6ffnungen. Egal, ob Sie&#8230;<\/p>","protected":false},"author":2,"featured_media":2726,"parent":0,"menu_order":0,"comment_status":"closed","ping_status":"closed","template":"","meta":{"footnotes":""},"yoast_head":"<!-- This site is optimized with the Yoast SEO plugin v20.5 - https:\/\/yoast.com\/wordpress\/plugins\/seo\/ -->\n<title>Schl\u00fcsseldienst in Bremen Osterholz Schl\u00fcsseldienst Edu<\/title>\n<meta name=\"description\" content=\"Schl\u00fcsseldienst Bremen Osterholz 24\/7. Festpreis \u2713 24h\u2713 10-20 Min vor Ort\u2713 T\u00fcr\u00f6ffnung ohne Schaden\u2713 G\u00fcnstige ! \u260e\ufe0f 0421-49954493\" \/>\n<meta name=\"robots\" content=\"index, follow, max-snippet:-1, max-image-preview:large, max-video-preview:-1\" \/>\n<link rel=\"canonical\" href=\"https:\/\/xn--schlsseldienstbremen-sec.com\/en\/schluesseldienst-osterholz-bremen\/\" \/>\n<meta property=\"og:locale\" content=\"en_US\" \/>\n<meta property=\"og:type\" content=\"article\" \/>\n<meta property=\"og:title\" content=\"Schl\u00fcsseldienst in Bremen Osterholz Schl\u00fcsseldienst Edu\" \/>\n<meta property=\"og:description\" content=\"Schl\u00fcsseldienst Bremen Osterholz 24\/7. Festpreis \u2713 24h\u2713 10-20 Min vor Ort\u2713 T\u00fcr\u00f6ffnung ohne Schaden\u2713 G\u00fcnstige ! \u260e\ufe0f 0421-49954493\" \/>\n<meta property=\"og:url\" content=\"https:\/\/xn--schlsseldienstbremen-sec.com\/en\/schluesseldienst-osterholz-bremen\/\" \/>\n<meta property=\"og:site_name\" content=\"Schl\u00fcsseldienst-Bremen\" \/>\n<meta property=\"article:modified_time\" content=\"2025-02-19T14:55:49+00:00\" \/>\n<meta property=\"og:image\" content=\"https:\/\/xn--schlsseldienstbremen-sec.com\/wp-content\/uploads\/2025\/01\/Schluesseldienst-Bremen.jpeg\" \/>\n\t<meta property=\"og:image:width\" content=\"1171\" \/>\n\t<meta property=\"og:image:height\" content=\"1181\" \/>\n\t<meta property=\"og:image:type\" content=\"image\/jpeg\" \/>\n<meta name=\"twitter:card\" content=\"summary_large_image\" \/>\n<meta name=\"twitter:label1\" content=\"Est. reading time\" \/>\n\t<meta name=\"twitter:data1\" content=\"2 minutes\" \/>\n<script type=\"application\/ld+json\" class=\"yoast-schema-graph\">{\"@context\":\"https:\/\/schema.org\",\"@graph\":[{\"@type\":\"WebPage\",\"@id\":\"https:\/\/xn--schlsseldienstbremen-sec.com\/schluesseldienst-osterholz-bremen\/\",\"url\":\"https:\/\/xn--schlsseldienstbremen-sec.com\/schluesseldienst-osterholz-bremen\/\",\"name\":\"Schl\u00fcsseldienst in Bremen Osterholz Schl\u00fcsseldienst Edu\",\"isPartOf\":{\"@id\":\"https:\/\/xn--schlsseldienstbremen-sec.com\/#website\"},\"datePublished\":\"2023-02-07T13:10:53+00:00\",\"dateModified\":\"2025-02-19T14:55:49+00:00\",\"description\":\"Schl\u00fcsseldienst Bremen Osterholz 24\/7. Festpreis \u2713 24h\u2713 10-20 Min vor Ort\u2713 T\u00fcr\u00f6ffnung ohne Schaden\u2713 G\u00fcnstige ! \u260e\ufe0f 0421-49954493\",\"breadcrumb\":{\"@id\":\"https:\/\/xn--schlsseldienstbremen-sec.com\/schluesseldienst-osterholz-bremen\/#breadcrumb\"},\"inLanguage\":\"en-US\",\"potentialAction\":[{\"@type\":\"ReadAction\",\"target\":[\"https:\/\/xn--schlsseldienstbremen-sec.com\/schluesseldienst-osterholz-bremen\/\"]}]},{\"@type\":\"BreadcrumbList\",\"@id\":\"https:\/\/xn--schlsseldienstbremen-sec.com\/schluesseldienst-osterholz-bremen\/#breadcrumb\",\"itemListElement\":[{\"@type\":\"ListItem\",\"position\":1,\"name\":\"Startseite\",\"item\":\"https:\/\/xn--schlsseldienstbremen-sec.com\/\"},{\"@type\":\"ListItem\",\"position\":2,\"name\":\"Schl\u00fcsseldienst in Bremen Osterholz\"}]},{\"@type\":\"WebSite\",\"@id\":\"https:\/\/xn--schlsseldienstbremen-sec.com\/#website\",\"url\":\"https:\/\/xn--schlsseldienstbremen-sec.com\/\",\"name\":\"Schl\u00fcsseldienst-Bremen\",\"description\":\"Schl\u00fcsseldienst 24 Stunden Festpreis\",\"publisher\":{\"@id\":\"https:\/\/xn--schlsseldienstbremen-sec.com\/#organization\"},\"potentialAction\":[{\"@type\":\"SearchAction\",\"target\":{\"@type\":\"EntryPoint\",\"urlTemplate\":\"https:\/\/xn--schlsseldienstbremen-sec.com\/?s={search_term_string}\"},\"query-input\":\"required name=search_term_string\"}],\"inLanguage\":\"en-US\"},{\"@type\":\"Organization\",\"@id\":\"https:\/\/xn--schlsseldienstbremen-sec.com\/#organization\",\"name\":\"Schl\u00fcsseldienst-Bremen-Eck\",\"url\":\"https:\/\/xn--schlsseldienstbremen-sec.com\/\",\"logo\":{\"@type\":\"ImageObject\",\"inLanguage\":\"en-US\",\"@id\":\"https:\/\/xn--schlsseldienstbremen-sec.com\/#\/schema\/logo\/image\/\",\"url\":\"https:\/\/xn--schlsseldienstbremen-sec.com\/wp-content\/uploads\/2023\/02\/sweet-cakes-1.png\",\"contentUrl\":\"https:\/\/xn--schlsseldienstbremen-sec.com\/wp-content\/uploads\/2023\/02\/sweet-cakes-1.png\",\"width\":500,\"height\":500,\"caption\":\"Schl\u00fcsseldienst-Bremen-Eck\"},\"image\":{\"@id\":\"https:\/\/xn--schlsseldienstbremen-sec.com\/#\/schema\/logo\/image\/\"},\"sameAs\":[\"https:\/\/instagram.com\/schluesseldienstbremen\"]}]}<\/script>\n<!-- \/ Yoast SEO plugin. -->","yoast_head_json":{"title":"Schl\u00fcsseldienst in Bremen Osterholz Schl\u00fcsseldienst Edu","description":"Schl\u00fcsseldienst Bremen Osterholz 24\/7. Festpreis \u2713 24h\u2713 10-20 Min vor Ort\u2713 T\u00fcr\u00f6ffnung ohne Schaden\u2713 G\u00fcnstige ! \u260e\ufe0f 0421-49954493","robots":{"index":"index","follow":"follow","max-snippet":"max-snippet:-1","max-image-preview":"max-image-preview:large","max-video-preview":"max-video-preview:-1"},"canonical":"https:\/\/xn--schlsseldienstbremen-sec.com\/en\/schluesseldienst-osterholz-bremen\/","og_locale":"en_US","og_type":"article","og_title":"Schl\u00fcsseldienst in Bremen Osterholz Schl\u00fcsseldienst Edu","og_description":"Schl\u00fcsseldienst Bremen Osterholz 24\/7. Festpreis \u2713 24h\u2713 10-20 Min vor Ort\u2713 T\u00fcr\u00f6ffnung ohne Schaden\u2713 G\u00fcnstige ! \u260e\ufe0f 0421-49954493","og_url":"https:\/\/xn--schlsseldienstbremen-sec.com\/en\/schluesseldienst-osterholz-bremen\/","og_site_name":"Schl\u00fcsseldienst-Bremen","article_modified_time":"2025-02-19T14:55:49+00:00","og_image":[{"width":1171,"height":1181,"url":"https:\/\/xn--schlsseldienstbremen-sec.com\/wp-content\/uploads\/2025\/01\/Schluesseldienst-Bremen.jpeg","type":"image\/jpeg"}],"twitter_card":"summary_large_image","twitter_misc":{"Est. reading time":"2 minutes"},"schema":{"@context":"https:\/\/schema.org","@graph":[{"@type":"WebPage","@id":"https:\/\/xn--schlsseldienstbremen-sec.com\/schluesseldienst-osterholz-bremen\/","url":"https:\/\/xn--schlsseldienstbremen-sec.com\/schluesseldienst-osterholz-bremen\/","name":"Schl\u00fcsseldienst in Bremen Osterholz Schl\u00fcsseldienst Edu","isPartOf":{"@id":"https:\/\/xn--schlsseldienstbremen-sec.com\/#website"},"datePublished":"2023-02-07T13:10:53+00:00","dateModified":"2025-02-19T14:55:49+00:00","description":"Schl\u00fcsseldienst Bremen Osterholz 24\/7. Festpreis \u2713 24h\u2713 10-20 Min vor Ort\u2713 T\u00fcr\u00f6ffnung ohne Schaden\u2713 G\u00fcnstige ! \u260e\ufe0f 0421-49954493","breadcrumb":{"@id":"https:\/\/xn--schlsseldienstbremen-sec.com\/schluesseldienst-osterholz-bremen\/#breadcrumb"},"inLanguage":"en-US","potentialAction":[{"@type":"ReadAction","target":["https:\/\/xn--schlsseldienstbremen-sec.com\/schluesseldienst-osterholz-bremen\/"]}]},{"@type":"BreadcrumbList","@id":"https:\/\/xn--schlsseldienstbremen-sec.com\/schluesseldienst-osterholz-bremen\/#breadcrumb","itemListElement":[{"@type":"ListItem","position":1,"name":"Startseite","item":"https:\/\/xn--schlsseldienstbremen-sec.com\/"},{"@type":"ListItem","position":2,"name":"Schl\u00fcsseldienst in Bremen Osterholz"}]},{"@type":"WebSite","@id":"https:\/\/xn--schlsseldienstbremen-sec.com\/#website","url":"https:\/\/xn--schlsseldienstbremen-sec.com\/","name":"Schl\u00fcsseldienst-Bremen","description":"Schl\u00fcsseldienst 24 Stunden Festpreis","publisher":{"@id":"https:\/\/xn--schlsseldienstbremen-sec.com\/#organization"},"potentialAction":[{"@type":"SearchAction","target":{"@type":"EntryPoint","urlTemplate":"https:\/\/xn--schlsseldienstbremen-sec.com\/?s={search_term_string}"},"query-input":"required name=search_term_string"}],"inLanguage":"en-US"},{"@type":"Organization","@id":"https:\/\/xn--schlsseldienstbremen-sec.com\/#organization","name":"Schl\u00fcsseldienst-Bremen-Eck","url":"https:\/\/xn--schlsseldienstbremen-sec.com\/","logo":{"@type":"ImageObject","inLanguage":"en-US","@id":"https:\/\/xn--schlsseldienstbremen-sec.com\/#\/schema\/logo\/image\/","url":"https:\/\/xn--schlsseldienstbremen-sec.com\/wp-content\/uploads\/2023\/02\/sweet-cakes-1.png","contentUrl":"https:\/\/xn--schlsseldienstbremen-sec.com\/wp-content\/uploads\/2023\/02\/sweet-cakes-1.png","width":500,"height":500,"caption":"Schl\u00fcsseldienst-Bremen-Eck"},"image":{"@id":"https:\/\/xn--schlsseldienstbremen-sec.com\/#\/schema\/logo\/image\/"},"sameAs":["https:\/\/instagram.com\/schluesseldienstbremen"]}]}},"amp_enabled":true,"_links":{"self":[{"href":"https:\/\/xn--schlsseldienstbremen-sec.com\/en\/wp-json\/wp\/v2\/pages\/1929"}],"collection":[{"href":"https:\/\/xn--schlsseldienstbremen-sec.com\/en\/wp-json\/wp\/v2\/pages"}],"about":[{"href":"https:\/\/xn--schlsseldienstbremen-sec.com\/en\/wp-json\/wp\/v2\/types\/page"}],"author":[{"embeddable":true,"href":"https:\/\/xn--schlsseldienstbremen-sec.com\/en\/wp-json\/wp\/v2\/users\/2"}],"replies":[{"embeddable":true,"href":"https:\/\/xn--schlsseldienstbremen-sec.com\/en\/wp-json\/wp\/v2\/comments?post=1929"}],"version-history":[{"count":1,"href":"https:\/\/xn--schlsseldienstbremen-sec.com\/en\/wp-json\/wp\/v2\/pages\/1929\/revisions"}],"predecessor-version":[{"id":2733,"href":"https:\/\/xn--schlsseldienstbremen-sec.com\/en\/wp-json\/wp\/v2\/pages\/1929\/revisions\/2733"}],"wp:featuredmedia":[{"embeddable":true,"href":"https:\/\/xn--schlsseldienstbremen-sec.com\/en\/wp-json\/wp\/v2\/media\/2726"}],"wp:attachment":[{"href":"https:\/\/xn--schlsseldienstbremen-sec.com\/en\/wp-json\/wp\/v2\/media?parent=1929"}],"curies":[{"name":"wp","href":"https:\/\/api.w.org\/{rel}","templated":true}]}}