{"id":1950,"date":"2025-08-19T12:12:39","date_gmt":"2025-08-19T12:12:39","guid":{"rendered":"https:\/\/schluesseldienstbremen.org\/?page_id=1950"},"modified":"2025-08-19T12:12:39","modified_gmt":"2025-08-19T12:12:39","slug":"blockdieck","status":"publish","type":"page","link":"https:\/\/xn--schlsseldienstbremen-sec.com\/en\/blockdieck\/","title":{"rendered":"Schl\u00fcsseldienst  f\u00fcr Bremen\/ Blockdiek"},"content":{"rendered":"<p>Schl\u00fcsseldienst Bremen Blockdiek<\/p>\n\n\n\n<p><strong>Schl\u00fcsseldienst Edu Bremen Blockdiek \u2013 Ihr zuverl\u00e4ssiger 24\/7 Notdienst<\/strong><\/p>\n\n\n\n<p><strong>Ihr 24 Stunden <a href=\"https:\/\/xn--schlsseldienstbremen-sec.com\/en\/\">Locksmith<\/a> f\u00fcr <a href=\"https:\/\/de.wikipedia.org\/w\/index.php?go=Artikel&amp;search=Bremen%2F+Blockdiek&amp;title=Spezial%3ASuche&amp;ns0=1\">Bremen Blockdiek<\/a><\/strong><\/p>\n\n\n\n<p>Haben Sie sich aus Ihrer Wohnung oder Ihrem Haus ausgesperrt? Kein Problem \u2013 der <strong>Schl\u00fcsseldienst Edu Bremen Blockdiek<\/strong> ist rund um die Uhr f\u00fcr Sie da. Wir bieten Ihnen <strong>24 Stunden am Tag<\/strong>, <strong>365 Tage im Jahr<\/strong> schnelle Hilfe, wenn Sie Ihren Schl\u00fcssel verloren haben oder vergessen haben. Egal ob es Tag oder Nacht ist \u2013 wir sind immer erreichbar und kommen innerhalb kurzer Zeit zu Ihnen.<\/p>\n\n\n\n<p><strong>Professionelle T\u00fcr\u00f6ffnungen ohne Sch\u00e4den<\/strong><\/p>\n\n\n\n<p>Unser Team von <strong>Schl\u00fcsseldienst Edu<\/strong> ist speziell geschult und mit modernen Ger\u00e4ten ausgestattet, um <strong>alle Arten von T\u00fcren und Schl\u00f6ssern<\/strong> schnell und schadenfrei zu \u00f6ffnen. Wir legen gro\u00dfen Wert darauf, Ihre T\u00fcr ohne Sch\u00e4den zu \u00f6ffnen, damit Sie keine zus\u00e4tzlichen Reparaturkosten haben.<\/p>\n\n\n\n<p><strong>Unsere Dienstleistungen f\u00fcr Sie<\/strong><\/p>\n\n\n\n<p>Neben der klassischen <strong>T\u00fcr\u00f6ffnung<\/strong> bieten wir Ihnen eine Vielzahl weiterer Dienstleistungen:<\/p>\n\n\n\n<ul>\n<li><strong>Schadenfreie T\u00fcr\u00f6ffnungen:<\/strong> Wir \u00f6ffnen Ihre T\u00fcren sicher, schnell und ohne Sch\u00e4den.<\/li>\n\n\n\n<li><strong>Schl\u00f6sser austauschen und reparieren:<\/strong> Wenn Ihr Schloss defekt ist oder ausgetauscht werden muss, \u00fcbernehmen wir das f\u00fcr Sie.<\/li>\n\n\n\n<li><strong>Schl\u00fcssel nachmachen:<\/strong> Sie k\u00f6nnen bei uns auch Ersatzschl\u00fcssel anfertigen lassen, damit Sie immer einen Ersatz bei sich haben.<\/li>\n\n\n\n<li><strong>Sicherheitsberatung:<\/strong> Lassen Sie sich von uns zu passenden Sicherheitsl\u00f6sungen f\u00fcr Ihre Wohnung oder Ihr Haus beraten.<\/li>\n<\/ul>\n\n\n\n<p><strong>Warum sollten Sie den Schl\u00fcsseldienst Edu w\u00e4hlen?<\/strong><\/p>\n\n\n\n<p>Es gibt viele Gr\u00fcnde, warum Sie <strong>Schl\u00fcsseldienst Edu Bremen Blockdiek<\/strong> w\u00e4hlen sollten:<\/p>\n\n\n\n<ul>\n<li><strong>Erfahrung und Fachkompetenz:<\/strong> Wir sind seit vielen Jahren in der Branche t\u00e4tig und wissen genau, wie wir jede T\u00fcr \u00f6ffnen \u2013 schnell, effizient und ohne Schaden.<\/li>\n\n\n\n<li><strong>Transparente Preise:<\/strong> Bei uns gibt es keine versteckten Kosten. Wir nennen Ihnen die Preise vorab, damit Sie wissen, was auf Sie zukommt.<\/li>\n\n\n\n<li><strong>Zuverl\u00e4ssigkeit:<\/strong> Wir kommen schnell zu Ihnen und sind zu jeder Tages- und Nachtzeit f\u00fcr Sie da. Unsere Reaktionszeit betr\u00e4gt in der Regel nur <strong>10-30 Minuten<\/strong>.<\/li>\n<\/ul>\n\n\n\n<p><strong>Vermeiden Sie unn\u00f6tige Sch\u00e4den \u2013 Vertrauen Sie den Experten<\/strong><\/p>\n\n\n\n<p>Ein unqualifizierter Versuch, die T\u00fcr selbst zu \u00f6ffnen, kann schwerwiegende Sch\u00e4den an Schloss und T\u00fcr verursachen. Beauftragen Sie daher immer einen erfahrenen Fachmann. Wir bieten Ihnen die <strong>beste L\u00f6sung<\/strong> zu einem fairen Preis und mit der Garantie, dass keine unn\u00f6tigen Reparaturkosten auf Sie zukommen.<\/p>\n\n\n\n<p><strong>Kontaktieren Sie uns jetzt \u2013 Wir sind immer erreichbar!<\/strong><\/p>\n\n\n\n<p>Im Notfall erreichen Sie uns unter der Nummer:<\/p>\n\n\n\n<p>\ud83d\udcde <strong>0421-49954493<\/strong><\/p>\n\n\n\n<p><strong>Schl\u00fcsseldienst Edu Bremen Blockdiek<\/strong> \u2013 Ihr zuverl\u00e4ssiger Partner f\u00fcr T\u00fcr\u00f6ffnungen und Sicherheitsl\u00f6sungen!<\/p>","protected":false},"excerpt":{"rendered":"<p>Schl\u00fcsseldienst Bremen Blockdiek Schl\u00fcsseldienst Edu Bremen Blockdiek \u2013 Ihr zuverl\u00e4ssiger 24\/7 Notdienst Ihr 24 Stunden Schl\u00fcsseldienst f\u00fcr Bremen Blockdiek Haben Sie sich aus Ihrer Wohnung oder Ihrem Haus ausgesperrt? Kein Problem \u2013 der Schl\u00fcsseldienst Edu Bremen Blockdiek ist rund um die Uhr f\u00fcr Sie da&#8230;.<\/p>","protected":false},"author":2,"featured_media":2726,"parent":0,"menu_order":0,"comment_status":"closed","ping_status":"closed","template":"","meta":{"footnotes":""},"yoast_head":"<!-- This site is optimized with the Yoast SEO plugin v20.5 - https:\/\/yoast.com\/wordpress\/plugins\/seo\/ -->\n<title>Schl\u00fcsseldienst f\u00fcr Bremen Blockdiek<\/title>\n<meta name=\"description\" content=\"Schl\u00fcsseldienst Bremen Blockdiek 24\/7 \u2705 Schnell vor Ort \u2705freundlich \u2705Fair Preisen\u2705 Jahre Lange Erfahrungen\u2705 \u260e\ufe0f 0421-49954493\" \/>\n<meta name=\"robots\" content=\"index, follow, max-snippet:-1, max-image-preview:large, max-video-preview:-1\" \/>\n<link rel=\"canonical\" href=\"https:\/\/xn--schlsseldienstbremen-sec.com\/en\/blockdieck\/\" \/>\n<meta property=\"og:locale\" content=\"en_US\" \/>\n<meta property=\"og:type\" content=\"article\" \/>\n<meta property=\"og:title\" content=\"Schl\u00fcsseldienst f\u00fcr Bremen Blockdiek\" \/>\n<meta property=\"og:description\" content=\"Schl\u00fcsseldienst Bremen Blockdiek 24\/7 \u2705 Schnell vor Ort \u2705freundlich \u2705Fair Preisen\u2705 Jahre Lange Erfahrungen\u2705 \u260e\ufe0f 0421-49954493\" \/>\n<meta property=\"og:url\" content=\"https:\/\/xn--schlsseldienstbremen-sec.com\/en\/blockdieck\/\" \/>\n<meta property=\"og:site_name\" content=\"Schl\u00fcsseldienst-Bremen\" \/>\n<meta property=\"og:image\" content=\"https:\/\/xn--schlsseldienstbremen-sec.com\/wp-content\/uploads\/2025\/01\/Schluesseldienst-Bremen.jpeg\" \/>\n\t<meta property=\"og:image:width\" content=\"1171\" \/>\n\t<meta property=\"og:image:height\" content=\"1181\" \/>\n\t<meta property=\"og:image:type\" content=\"image\/jpeg\" \/>\n<meta name=\"twitter:card\" content=\"summary_large_image\" \/>\n<meta name=\"twitter:label1\" content=\"Est. reading time\" \/>\n\t<meta name=\"twitter:data1\" content=\"3 minutes\" \/>\n<script type=\"application\/ld+json\" class=\"yoast-schema-graph\">{\"@context\":\"https:\/\/schema.org\",\"@graph\":[{\"@type\":\"WebPage\",\"@id\":\"https:\/\/xn--schlsseldienstbremen-sec.com\/blockdieck\/\",\"url\":\"https:\/\/xn--schlsseldienstbremen-sec.com\/blockdieck\/\",\"name\":\"Schl\u00fcsseldienst f\u00fcr Bremen Blockdiek\",\"isPartOf\":{\"@id\":\"https:\/\/xn--schlsseldienstbremen-sec.com\/#website\"},\"datePublished\":\"2025-08-19T12:12:39+00:00\",\"dateModified\":\"2025-08-19T12:12:39+00:00\",\"description\":\"Schl\u00fcsseldienst Bremen Blockdiek 24\/7 \u2705 Schnell vor Ort \u2705freundlich \u2705Fair Preisen\u2705 Jahre Lange Erfahrungen\u2705 \u260e\ufe0f 0421-49954493\",\"breadcrumb\":{\"@id\":\"https:\/\/xn--schlsseldienstbremen-sec.com\/blockdieck\/#breadcrumb\"},\"inLanguage\":\"en-US\",\"potentialAction\":[{\"@type\":\"ReadAction\",\"target\":[\"https:\/\/xn--schlsseldienstbremen-sec.com\/blockdieck\/\"]}]},{\"@type\":\"BreadcrumbList\",\"@id\":\"https:\/\/xn--schlsseldienstbremen-sec.com\/blockdieck\/#breadcrumb\",\"itemListElement\":[{\"@type\":\"ListItem\",\"position\":1,\"name\":\"Startseite\",\"item\":\"https:\/\/xn--schlsseldienstbremen-sec.com\/\"},{\"@type\":\"ListItem\",\"position\":2,\"name\":\"Schl\u00fcsseldienst f\u00fcr Bremen\/ Blockdiek\"}]},{\"@type\":\"WebSite\",\"@id\":\"https:\/\/xn--schlsseldienstbremen-sec.com\/#website\",\"url\":\"https:\/\/xn--schlsseldienstbremen-sec.com\/\",\"name\":\"Schl\u00fcsseldienst-Bremen\",\"description\":\"Schl\u00fcsseldienst 24 Stunden Festpreis\",\"publisher\":{\"@id\":\"https:\/\/xn--schlsseldienstbremen-sec.com\/#organization\"},\"potentialAction\":[{\"@type\":\"SearchAction\",\"target\":{\"@type\":\"EntryPoint\",\"urlTemplate\":\"https:\/\/xn--schlsseldienstbremen-sec.com\/?s={search_term_string}\"},\"query-input\":\"required name=search_term_string\"}],\"inLanguage\":\"en-US\"},{\"@type\":\"Organization\",\"@id\":\"https:\/\/xn--schlsseldienstbremen-sec.com\/#organization\",\"name\":\"Schl\u00fcsseldienst-Bremen-Eck\",\"url\":\"https:\/\/xn--schlsseldienstbremen-sec.com\/\",\"logo\":{\"@type\":\"ImageObject\",\"inLanguage\":\"en-US\",\"@id\":\"https:\/\/xn--schlsseldienstbremen-sec.com\/#\/schema\/logo\/image\/\",\"url\":\"https:\/\/xn--schlsseldienstbremen-sec.com\/wp-content\/uploads\/2023\/02\/sweet-cakes-1.png\",\"contentUrl\":\"https:\/\/xn--schlsseldienstbremen-sec.com\/wp-content\/uploads\/2023\/02\/sweet-cakes-1.png\",\"width\":500,\"height\":500,\"caption\":\"Schl\u00fcsseldienst-Bremen-Eck\"},\"image\":{\"@id\":\"https:\/\/xn--schlsseldienstbremen-sec.com\/#\/schema\/logo\/image\/\"},\"sameAs\":[\"https:\/\/instagram.com\/schluesseldienstbremen\"]}]}<\/script>\n<!-- \/ Yoast SEO plugin. -->","yoast_head_json":{"title":"Schl\u00fcsseldienst f\u00fcr Bremen Blockdiek","description":"Schl\u00fcsseldienst Bremen Blockdiek 24\/7 \u2705 Schnell vor Ort \u2705freundlich \u2705Fair Preisen\u2705 Jahre Lange Erfahrungen\u2705 \u260e\ufe0f 0421-49954493","robots":{"index":"index","follow":"follow","max-snippet":"max-snippet:-1","max-image-preview":"max-image-preview:large","max-video-preview":"max-video-preview:-1"},"canonical":"https:\/\/xn--schlsseldienstbremen-sec.com\/en\/blockdieck\/","og_locale":"en_US","og_type":"article","og_title":"Schl\u00fcsseldienst f\u00fcr Bremen Blockdiek","og_description":"Schl\u00fcsseldienst Bremen Blockdiek 24\/7 \u2705 Schnell vor Ort \u2705freundlich \u2705Fair Preisen\u2705 Jahre Lange Erfahrungen\u2705 \u260e\ufe0f 0421-49954493","og_url":"https:\/\/xn--schlsseldienstbremen-sec.com\/en\/blockdieck\/","og_site_name":"Schl\u00fcsseldienst-Bremen","og_image":[{"width":1171,"height":1181,"url":"https:\/\/xn--schlsseldienstbremen-sec.com\/wp-content\/uploads\/2025\/01\/Schluesseldienst-Bremen.jpeg","type":"image\/jpeg"}],"twitter_card":"summary_large_image","twitter_misc":{"Est. reading time":"3 minutes"},"schema":{"@context":"https:\/\/schema.org","@graph":[{"@type":"WebPage","@id":"https:\/\/xn--schlsseldienstbremen-sec.com\/blockdieck\/","url":"https:\/\/xn--schlsseldienstbremen-sec.com\/blockdieck\/","name":"Schl\u00fcsseldienst f\u00fcr Bremen Blockdiek","isPartOf":{"@id":"https:\/\/xn--schlsseldienstbremen-sec.com\/#website"},"datePublished":"2025-08-19T12:12:39+00:00","dateModified":"2025-08-19T12:12:39+00:00","description":"Schl\u00fcsseldienst Bremen Blockdiek 24\/7 \u2705 Schnell vor Ort \u2705freundlich \u2705Fair Preisen\u2705 Jahre Lange Erfahrungen\u2705 \u260e\ufe0f 0421-49954493","breadcrumb":{"@id":"https:\/\/xn--schlsseldienstbremen-sec.com\/blockdieck\/#breadcrumb"},"inLanguage":"en-US","potentialAction":[{"@type":"ReadAction","target":["https:\/\/xn--schlsseldienstbremen-sec.com\/blockdieck\/"]}]},{"@type":"BreadcrumbList","@id":"https:\/\/xn--schlsseldienstbremen-sec.com\/blockdieck\/#breadcrumb","itemListElement":[{"@type":"ListItem","position":1,"name":"Startseite","item":"https:\/\/xn--schlsseldienstbremen-sec.com\/"},{"@type":"ListItem","position":2,"name":"Schl\u00fcsseldienst f\u00fcr Bremen\/ Blockdiek"}]},{"@type":"WebSite","@id":"https:\/\/xn--schlsseldienstbremen-sec.com\/#website","url":"https:\/\/xn--schlsseldienstbremen-sec.com\/","name":"Schl\u00fcsseldienst-Bremen","description":"Schl\u00fcsseldienst 24 Stunden Festpreis","publisher":{"@id":"https:\/\/xn--schlsseldienstbremen-sec.com\/#organization"},"potentialAction":[{"@type":"SearchAction","target":{"@type":"EntryPoint","urlTemplate":"https:\/\/xn--schlsseldienstbremen-sec.com\/?s={search_term_string}"},"query-input":"required name=search_term_string"}],"inLanguage":"en-US"},{"@type":"Organization","@id":"https:\/\/xn--schlsseldienstbremen-sec.com\/#organization","name":"Schl\u00fcsseldienst-Bremen-Eck","url":"https:\/\/xn--schlsseldienstbremen-sec.com\/","logo":{"@type":"ImageObject","inLanguage":"en-US","@id":"https:\/\/xn--schlsseldienstbremen-sec.com\/#\/schema\/logo\/image\/","url":"https:\/\/xn--schlsseldienstbremen-sec.com\/wp-content\/uploads\/2023\/02\/sweet-cakes-1.png","contentUrl":"https:\/\/xn--schlsseldienstbremen-sec.com\/wp-content\/uploads\/2023\/02\/sweet-cakes-1.png","width":500,"height":500,"caption":"Schl\u00fcsseldienst-Bremen-Eck"},"image":{"@id":"https:\/\/xn--schlsseldienstbremen-sec.com\/#\/schema\/logo\/image\/"},"sameAs":["https:\/\/instagram.com\/schluesseldienstbremen"]}]}},"amp_enabled":true,"_links":{"self":[{"href":"https:\/\/xn--schlsseldienstbremen-sec.com\/en\/wp-json\/wp\/v2\/pages\/1950"}],"collection":[{"href":"https:\/\/xn--schlsseldienstbremen-sec.com\/en\/wp-json\/wp\/v2\/pages"}],"about":[{"href":"https:\/\/xn--schlsseldienstbremen-sec.com\/en\/wp-json\/wp\/v2\/types\/page"}],"author":[{"embeddable":true,"href":"https:\/\/xn--schlsseldienstbremen-sec.com\/en\/wp-json\/wp\/v2\/users\/2"}],"replies":[{"embeddable":true,"href":"https:\/\/xn--schlsseldienstbremen-sec.com\/en\/wp-json\/wp\/v2\/comments?post=1950"}],"version-history":[{"count":3,"href":"https:\/\/xn--schlsseldienstbremen-sec.com\/en\/wp-json\/wp\/v2\/pages\/1950\/revisions"}],"predecessor-version":[{"id":2808,"href":"https:\/\/xn--schlsseldienstbremen-sec.com\/en\/wp-json\/wp\/v2\/pages\/1950\/revisions\/2808"}],"wp:featuredmedia":[{"embeddable":true,"href":"https:\/\/xn--schlsseldienstbremen-sec.com\/en\/wp-json\/wp\/v2\/media\/2726"}],"wp:attachment":[{"href":"https:\/\/xn--schlsseldienstbremen-sec.com\/en\/wp-json\/wp\/v2\/media?parent=1950"}],"curies":[{"name":"wp","href":"https:\/\/api.w.org\/{rel}","templated":true}]}}