{"id":2010,"date":"2023-02-13T11:50:03","date_gmt":"2023-02-13T11:50:03","guid":{"rendered":"https:\/\/schluesseldienstbremen.org\/?page_id=2010"},"modified":"2025-02-12T15:51:05","modified_gmt":"2025-02-12T15:51:05","slug":"schluesseldienst-oberneuland-bremen","status":"publish","type":"page","link":"https:\/\/xn--schlsseldienstbremen-sec.com\/en\/schluesseldienst-oberneuland-bremen\/","title":{"rendered":"Schl\u00fcsseldienst Bremen Oberneuland"},"content":{"rendered":"<h3 class=\"wp-block-heading\"><strong><a href=\"https:\/\/xn--schlsseldienstbremen-sec.com\/en\/\">Locksmith <\/a> Bremen Oberneuland \u2013 Ihr 24h Notdienst<\/strong><\/h3>\n\n\n\n<p>\ud83d\udd11 <strong>Schnelle &amp; zuverl\u00e4ssige T\u00fcr\u00f6ffnung \u2013 Rund um die Uhr f\u00fcr Sie da!<\/strong><\/p>\n\n\n\n<p>Haben Sie Ihren <strong>Schl\u00fcssel verloren<\/strong> oder versehentlich zu Hause vergessen? Keine Sorge! <strong>Schl\u00fcsseldienst Edu Bremen Oberneuland<\/strong> ist <strong>24 Stunden am Tag, 365 Tage im Jahr<\/strong> f\u00fcr Sie im Einsatz. Ob mitten in der Nacht oder an Feiertagen \u2013 wir helfen Ihnen <strong>schnell, professionell und zu fairen Preisen.<\/strong><\/p>\n\n\n\n<p>\ud83d\udcde <strong>Notfall? Rufen Sie uns direkt an: 0421-49954493<\/strong><\/p>\n\n\n\n<hr class=\"wp-block-separator has-alpha-channel-opacity\"\/>\n\n\n\n<h3 class=\"wp-block-heading\"><strong>Unsere Leistungen im \u00dcberblick<\/strong><\/h3>\n\n\n\n<p>\u2705 <strong>Notfall-T\u00fcr\u00f6ffnungen<\/strong> \u2013 Schnell &amp; besch\u00e4digungsfrei<br> <strong>Schlosswechsel &amp; Reparaturen<\/strong> \u2013 F\u00fcr mehr Sicherheit<br> <strong>Montage von Sicherheitsschl\u00f6ssern<\/strong> \u2013 Einbruchschutz f\u00fcr Ihr Zuhause<br> <strong>Beratung &amp; Sicherheitsl\u00f6sungen<\/strong> \u2013 Ma\u00dfgeschneiderte L\u00f6sungen f\u00fcr Ihre Bed\u00fcrfnisse<br> <strong>Schl\u00fcsselkopien &amp; Schlossverkauf<\/strong> \u2013 In unserem Fachgesch\u00e4ft erh\u00e4ltlich<\/p>\n\n\n\n<p>Unsere geschulten fachkr\u00e4fte sind mit <strong>Modernster Technik ausgestattet<\/strong> und K\u00f6nnen <strong>jede T\u00fcr oder jedes Schloss ohne Sch\u00e4den \u00f6ffnen.<\/strong><\/p>\n\n\n\n<hr class=\"wp-block-separator has-alpha-channel-opacity\"\/>\n\n\n\n<h3 class=\"wp-block-heading\"><strong>Warum Schl\u00fcsseldienst Edu Bremen Oberneuland?<\/strong><\/h3>\n\n\n\n<p> <strong>24\/7 Notdienst<\/strong> \u2013 Auch an Sonn- &amp; Feiertagen erreichbar<br> <strong>Schnelle Anfahrt<\/strong> \u2013 In <strong>10\u201330 Minuten<\/strong> Vor Ort<br><strong>Faire Festpreise<\/strong> \u2013 <strong>Keine versteckten Kosten!<\/strong><br><strong>Erfahrene Profis<\/strong> \u2013 <strong>\u00dcber 25 Jahre Erfahrung<\/strong><br><strong>Lokaler Anbieter<\/strong> \u2013 <strong>Echte Bremer Fachkr\u00e4fte<\/strong><\/p>\n\n\n\n<p>\ud83d\udccd <strong>Unser Standort:<\/strong><br><strong>Schl\u00fcsseldienst Edu<\/strong><br><strong>Sankt-Gotthard-Str. 8, 28325 Bremen<\/strong><\/p>\n\n\n\n<hr class=\"wp-block-separator has-alpha-channel-opacity\"\/>\n\n\n\n<h3 class=\"wp-block-heading\"><strong>Vorsicht vor unseri\u00f6sen <a href=\"https:\/\/schluesseldienstbremen.org\/\">Schl\u00fcsseldiensten<\/a>!<\/strong><\/h3>\n\n\n\n<p>Leider gibt es in der Branche viele <strong>unseri\u00f6se Anbieter<\/strong>, die mit <strong>Lockangeboten<\/strong> werben und nach der T\u00fcr\u00f6ffnung <strong>\u00fcberh\u00f6hte Preise verlangen.<\/strong> Achten Sie darauf, dass Sie einen <strong>vertrauensw\u00fcrdigen und erfahrenen Schl\u00fcsseldienst<\/strong> wie <strong>Schl\u00fcsseldienst Edu<\/strong> w\u00e4hlen.<\/p>\n\n\n\n<p>Wir garantieren Ihnen <strong>Transparenz, faire Preise und eine professionelle T\u00fcr\u00f6ffnung.<\/strong><\/p>\n\n\n\n<p>\ud83d\udcde <strong>Rufen Sie uns jetzt an: 0421-49954493<\/strong><\/p>\n\n\n\n<p><strong>Schl\u00fcsseldienst Edu \u2013 Ihr professioneller Schl\u00fcsselnotdienst f\u00fcr<a href=\"https:\/\/de.wikipedia.org\/wiki\/Bremen-Oberneuland\"> Bremen Oberneuland<\/a>!<\/strong><\/p>\n\n\n\n<p><\/p>","protected":false},"excerpt":{"rendered":"<p>Schl\u00fcsseldienst Bremen Oberneuland \u2013 Ihr 24h Notdienst \ud83d\udd11 Schnelle &amp; zuverl\u00e4ssige T\u00fcr\u00f6ffnung \u2013 Rund um die Uhr f\u00fcr Sie da! Haben Sie Ihren Schl\u00fcssel verloren oder versehentlich zu Hause vergessen? Keine Sorge! Schl\u00fcsseldienst Edu Bremen Oberneuland ist 24 Stunden am Tag, 365 Tage im Jahr&#8230;<\/p>","protected":false},"author":2,"featured_media":2726,"parent":0,"menu_order":0,"comment_status":"closed","ping_status":"closed","template":"","meta":{"footnotes":""},"yoast_head":"<!-- This site is optimized with the Yoast SEO plugin v20.5 - https:\/\/yoast.com\/wordpress\/plugins\/seo\/ -->\n<title>Schl\u00fcsseldienst Bremen Oberneuland<\/title>\n<meta name=\"description\" content=\"Schl\u00fcsseldienst Edu Bremen Oberneuland 24h \u2705Schl\u00fcsseldienst\u2705 Ohne Sch\u00e4den\u2705Langj\u00e4hrige Erfahrung\u270510-30 Mi vor Ort\u2705 Tel: 0421\/49954493\" \/>\n<meta name=\"robots\" content=\"index, follow, max-snippet:-1, max-image-preview:large, max-video-preview:-1\" \/>\n<link rel=\"canonical\" href=\"https:\/\/xn--schlsseldienstbremen-sec.com\/en\/schluesseldienst-oberneuland-bremen\/\" \/>\n<meta property=\"og:locale\" content=\"en_US\" \/>\n<meta property=\"og:type\" content=\"article\" \/>\n<meta property=\"og:title\" content=\"Schl\u00fcsseldienst Bremen Oberneuland\" \/>\n<meta property=\"og:description\" content=\"Schl\u00fcsseldienst Edu Bremen Oberneuland 24h \u2705Schl\u00fcsseldienst\u2705 Ohne Sch\u00e4den\u2705Langj\u00e4hrige Erfahrung\u270510-30 Mi vor Ort\u2705 Tel: 0421\/49954493\" \/>\n<meta property=\"og:url\" content=\"https:\/\/xn--schlsseldienstbremen-sec.com\/en\/schluesseldienst-oberneuland-bremen\/\" \/>\n<meta property=\"og:site_name\" content=\"Schl\u00fcsseldienst-Bremen\" \/>\n<meta property=\"article:modified_time\" content=\"2025-02-12T15:51:05+00:00\" \/>\n<meta property=\"og:image\" content=\"https:\/\/xn--schlsseldienstbremen-sec.com\/wp-content\/uploads\/2025\/01\/Schluesseldienst-Bremen.jpeg\" \/>\n\t<meta property=\"og:image:width\" content=\"1171\" \/>\n\t<meta property=\"og:image:height\" content=\"1181\" \/>\n\t<meta property=\"og:image:type\" content=\"image\/jpeg\" \/>\n<meta name=\"twitter:card\" content=\"summary_large_image\" \/>\n<meta name=\"twitter:label1\" content=\"Est. reading time\" \/>\n\t<meta name=\"twitter:data1\" content=\"2 minutes\" \/>\n<script type=\"application\/ld+json\" class=\"yoast-schema-graph\">{\"@context\":\"https:\/\/schema.org\",\"@graph\":[{\"@type\":\"WebPage\",\"@id\":\"https:\/\/xn--schlsseldienstbremen-sec.com\/schluesseldienst-oberneuland-bremen\/\",\"url\":\"https:\/\/xn--schlsseldienstbremen-sec.com\/schluesseldienst-oberneuland-bremen\/\",\"name\":\"Schl\u00fcsseldienst Bremen Oberneuland\",\"isPartOf\":{\"@id\":\"https:\/\/xn--schlsseldienstbremen-sec.com\/#website\"},\"datePublished\":\"2023-02-13T11:50:03+00:00\",\"dateModified\":\"2025-02-12T15:51:05+00:00\",\"description\":\"Schl\u00fcsseldienst Edu Bremen Oberneuland 24h \u2705Schl\u00fcsseldienst\u2705 Ohne Sch\u00e4den\u2705Langj\u00e4hrige Erfahrung\u270510-30 Mi vor Ort\u2705 Tel: 0421\/49954493\",\"breadcrumb\":{\"@id\":\"https:\/\/xn--schlsseldienstbremen-sec.com\/schluesseldienst-oberneuland-bremen\/#breadcrumb\"},\"inLanguage\":\"en-US\",\"potentialAction\":[{\"@type\":\"ReadAction\",\"target\":[\"https:\/\/xn--schlsseldienstbremen-sec.com\/schluesseldienst-oberneuland-bremen\/\"]}]},{\"@type\":\"BreadcrumbList\",\"@id\":\"https:\/\/xn--schlsseldienstbremen-sec.com\/schluesseldienst-oberneuland-bremen\/#breadcrumb\",\"itemListElement\":[{\"@type\":\"ListItem\",\"position\":1,\"name\":\"Startseite\",\"item\":\"https:\/\/xn--schlsseldienstbremen-sec.com\/\"},{\"@type\":\"ListItem\",\"position\":2,\"name\":\"Schl\u00fcsseldienst Bremen Oberneuland\"}]},{\"@type\":\"WebSite\",\"@id\":\"https:\/\/xn--schlsseldienstbremen-sec.com\/#website\",\"url\":\"https:\/\/xn--schlsseldienstbremen-sec.com\/\",\"name\":\"Schl\u00fcsseldienst-Bremen\",\"description\":\"Schl\u00fcsseldienst 24 Stunden Festpreis\",\"publisher\":{\"@id\":\"https:\/\/xn--schlsseldienstbremen-sec.com\/#organization\"},\"potentialAction\":[{\"@type\":\"SearchAction\",\"target\":{\"@type\":\"EntryPoint\",\"urlTemplate\":\"https:\/\/xn--schlsseldienstbremen-sec.com\/?s={search_term_string}\"},\"query-input\":\"required name=search_term_string\"}],\"inLanguage\":\"en-US\"},{\"@type\":\"Organization\",\"@id\":\"https:\/\/xn--schlsseldienstbremen-sec.com\/#organization\",\"name\":\"Schl\u00fcsseldienst-Bremen-Eck\",\"url\":\"https:\/\/xn--schlsseldienstbremen-sec.com\/\",\"logo\":{\"@type\":\"ImageObject\",\"inLanguage\":\"en-US\",\"@id\":\"https:\/\/xn--schlsseldienstbremen-sec.com\/#\/schema\/logo\/image\/\",\"url\":\"https:\/\/xn--schlsseldienstbremen-sec.com\/wp-content\/uploads\/2023\/02\/sweet-cakes-1.png\",\"contentUrl\":\"https:\/\/xn--schlsseldienstbremen-sec.com\/wp-content\/uploads\/2023\/02\/sweet-cakes-1.png\",\"width\":500,\"height\":500,\"caption\":\"Schl\u00fcsseldienst-Bremen-Eck\"},\"image\":{\"@id\":\"https:\/\/xn--schlsseldienstbremen-sec.com\/#\/schema\/logo\/image\/\"},\"sameAs\":[\"https:\/\/instagram.com\/schluesseldienstbremen\"]}]}<\/script>\n<!-- \/ Yoast SEO plugin. -->","yoast_head_json":{"title":"Schl\u00fcsseldienst Bremen Oberneuland","description":"Schl\u00fcsseldienst Edu Bremen Oberneuland 24h \u2705Schl\u00fcsseldienst\u2705 Ohne Sch\u00e4den\u2705Langj\u00e4hrige Erfahrung\u270510-30 Mi vor Ort\u2705 Tel: 0421\/49954493","robots":{"index":"index","follow":"follow","max-snippet":"max-snippet:-1","max-image-preview":"max-image-preview:large","max-video-preview":"max-video-preview:-1"},"canonical":"https:\/\/xn--schlsseldienstbremen-sec.com\/en\/schluesseldienst-oberneuland-bremen\/","og_locale":"en_US","og_type":"article","og_title":"Schl\u00fcsseldienst Bremen Oberneuland","og_description":"Schl\u00fcsseldienst Edu Bremen Oberneuland 24h \u2705Schl\u00fcsseldienst\u2705 Ohne Sch\u00e4den\u2705Langj\u00e4hrige Erfahrung\u270510-30 Mi vor Ort\u2705 Tel: 0421\/49954493","og_url":"https:\/\/xn--schlsseldienstbremen-sec.com\/en\/schluesseldienst-oberneuland-bremen\/","og_site_name":"Schl\u00fcsseldienst-Bremen","article_modified_time":"2025-02-12T15:51:05+00:00","og_image":[{"width":1171,"height":1181,"url":"https:\/\/xn--schlsseldienstbremen-sec.com\/wp-content\/uploads\/2025\/01\/Schluesseldienst-Bremen.jpeg","type":"image\/jpeg"}],"twitter_card":"summary_large_image","twitter_misc":{"Est. reading time":"2 minutes"},"schema":{"@context":"https:\/\/schema.org","@graph":[{"@type":"WebPage","@id":"https:\/\/xn--schlsseldienstbremen-sec.com\/schluesseldienst-oberneuland-bremen\/","url":"https:\/\/xn--schlsseldienstbremen-sec.com\/schluesseldienst-oberneuland-bremen\/","name":"Schl\u00fcsseldienst Bremen Oberneuland","isPartOf":{"@id":"https:\/\/xn--schlsseldienstbremen-sec.com\/#website"},"datePublished":"2023-02-13T11:50:03+00:00","dateModified":"2025-02-12T15:51:05+00:00","description":"Schl\u00fcsseldienst Edu Bremen Oberneuland 24h \u2705Schl\u00fcsseldienst\u2705 Ohne Sch\u00e4den\u2705Langj\u00e4hrige Erfahrung\u270510-30 Mi vor Ort\u2705 Tel: 0421\/49954493","breadcrumb":{"@id":"https:\/\/xn--schlsseldienstbremen-sec.com\/schluesseldienst-oberneuland-bremen\/#breadcrumb"},"inLanguage":"en-US","potentialAction":[{"@type":"ReadAction","target":["https:\/\/xn--schlsseldienstbremen-sec.com\/schluesseldienst-oberneuland-bremen\/"]}]},{"@type":"BreadcrumbList","@id":"https:\/\/xn--schlsseldienstbremen-sec.com\/schluesseldienst-oberneuland-bremen\/#breadcrumb","itemListElement":[{"@type":"ListItem","position":1,"name":"Startseite","item":"https:\/\/xn--schlsseldienstbremen-sec.com\/"},{"@type":"ListItem","position":2,"name":"Schl\u00fcsseldienst Bremen Oberneuland"}]},{"@type":"WebSite","@id":"https:\/\/xn--schlsseldienstbremen-sec.com\/#website","url":"https:\/\/xn--schlsseldienstbremen-sec.com\/","name":"Schl\u00fcsseldienst-Bremen","description":"Schl\u00fcsseldienst 24 Stunden Festpreis","publisher":{"@id":"https:\/\/xn--schlsseldienstbremen-sec.com\/#organization"},"potentialAction":[{"@type":"SearchAction","target":{"@type":"EntryPoint","urlTemplate":"https:\/\/xn--schlsseldienstbremen-sec.com\/?s={search_term_string}"},"query-input":"required name=search_term_string"}],"inLanguage":"en-US"},{"@type":"Organization","@id":"https:\/\/xn--schlsseldienstbremen-sec.com\/#organization","name":"Schl\u00fcsseldienst-Bremen-Eck","url":"https:\/\/xn--schlsseldienstbremen-sec.com\/","logo":{"@type":"ImageObject","inLanguage":"en-US","@id":"https:\/\/xn--schlsseldienstbremen-sec.com\/#\/schema\/logo\/image\/","url":"https:\/\/xn--schlsseldienstbremen-sec.com\/wp-content\/uploads\/2023\/02\/sweet-cakes-1.png","contentUrl":"https:\/\/xn--schlsseldienstbremen-sec.com\/wp-content\/uploads\/2023\/02\/sweet-cakes-1.png","width":500,"height":500,"caption":"Schl\u00fcsseldienst-Bremen-Eck"},"image":{"@id":"https:\/\/xn--schlsseldienstbremen-sec.com\/#\/schema\/logo\/image\/"},"sameAs":["https:\/\/instagram.com\/schluesseldienstbremen"]}]}},"amp_enabled":true,"_links":{"self":[{"href":"https:\/\/xn--schlsseldienstbremen-sec.com\/en\/wp-json\/wp\/v2\/pages\/2010"}],"collection":[{"href":"https:\/\/xn--schlsseldienstbremen-sec.com\/en\/wp-json\/wp\/v2\/pages"}],"about":[{"href":"https:\/\/xn--schlsseldienstbremen-sec.com\/en\/wp-json\/wp\/v2\/types\/page"}],"author":[{"embeddable":true,"href":"https:\/\/xn--schlsseldienstbremen-sec.com\/en\/wp-json\/wp\/v2\/users\/2"}],"replies":[{"embeddable":true,"href":"https:\/\/xn--schlsseldienstbremen-sec.com\/en\/wp-json\/wp\/v2\/comments?post=2010"}],"version-history":[{"count":1,"href":"https:\/\/xn--schlsseldienstbremen-sec.com\/en\/wp-json\/wp\/v2\/pages\/2010\/revisions"}],"predecessor-version":[{"id":2786,"href":"https:\/\/xn--schlsseldienstbremen-sec.com\/en\/wp-json\/wp\/v2\/pages\/2010\/revisions\/2786"}],"wp:featuredmedia":[{"embeddable":true,"href":"https:\/\/xn--schlsseldienstbremen-sec.com\/en\/wp-json\/wp\/v2\/media\/2726"}],"wp:attachment":[{"href":"https:\/\/xn--schlsseldienstbremen-sec.com\/en\/wp-json\/wp\/v2\/media?parent=2010"}],"curies":[{"name":"wp","href":"https:\/\/api.w.org\/{rel}","templated":true}]}}