{"id":2045,"date":"2023-02-15T13:28:47","date_gmt":"2023-02-15T13:28:47","guid":{"rendered":"https:\/\/schluesseldienstbremen.org\/?page_id=2045"},"modified":"2025-02-19T14:51:05","modified_gmt":"2025-02-19T14:51:05","slug":"vahr","status":"publish","type":"page","link":"https:\/\/xn--schlsseldienstbremen-sec.com\/en\/vahr\/","title":{"rendered":"Schl\u00fcsseldienst Bremen\/Vahr"},"content":{"rendered":"<p>G\u00fcnstige Schl\u00fcsseldienst f\u00fcr Bremen Vahr<\/p>\n\n\n\n<p><strong>G\u00fcnstiger Schl\u00fcsseldienst f\u00fcr <a href=\"https:\/\/de.wikipedia.org\/wiki\/Vahr\">Bremen Vahr<\/a> \u2013 Ihr zuverl\u00e4ssiger Partner f\u00fcr T\u00fcr\u00f6ffnungen<\/strong><\/p>\n\n\n\n<p>Wenn Sie in Bremen Vahr nach einem <strong>g\u00fcnstigen <\/strong><a href=\"https:\/\/xn--schlsseldienstbremen-sec.com\/en\/\"><strong>Locksmith<\/strong> <\/a>suchen, sind Sie bei <strong>Schl\u00fcsseldienst Edu<\/strong> genau richtig. Wir bieten Ihnen <strong>24\/7 Notdienst<\/strong>, der an <strong>365 Tagen im Jahr<\/strong> f\u00fcr Sie verf\u00fcgbar ist. Egal, ob Tag oder Nacht, an Wochenenden oder Feiertagen \u2013 wir sind stets f\u00fcr Sie da, wenn Sie Ihren Schl\u00fcssel verloren haben oder ihn zu Hause vergessen haben.<\/p>\n\n\n\n<h3 class=\"wp-block-heading\"><strong>Unsere Leistungen f\u00fcr Sie<\/strong><\/h3>\n\n\n\n<p>Als <strong>professioneller Schl\u00fcsseldienst<\/strong> in Bremen Vahr bieten wir Ihnen eine breite Palette an Dienstleistungen an:<\/p>\n\n\n\n<ul>\n<li><strong>T\u00fcr\u00f6ffnungen<\/strong>: Wir \u00f6ffnen jede Art von T\u00fcr, ohne sie zu besch\u00e4digen \u2013 egal, ob es sich um eine Wohnungst\u00fcr oder Haust\u00fcr handelt.<\/li>\n\n\n\n<li><strong>Schlosswechsel und Reparaturen<\/strong>: Sollte Ihr Schloss defekt sein, bieten wir schnelle und zuverl\u00e4ssige Reparaturen oder den Austausch des Schlosses.<\/li>\n\n\n\n<li><strong>Schl\u00fcssel nachmachen<\/strong>: Sie ben\u00f6tigen einen Ersatzschl\u00fcssel? Kein Problem! Wir fertigen Ihnen schnell einen neuen Schl\u00fcssel an.<\/li>\n<\/ul>\n\n\n\n<h3 class=\"wp-block-heading\"><strong>Warum Sie uns w\u00e4hlen sollten<\/strong><\/h3>\n\n\n\n<p><strong>Schl\u00fcsseldienst Edu<\/strong> ist Ihr vertrauensw\u00fcrdiger Partner, wenn es um Sicherheit und zuverl\u00e4ssige T\u00fcr\u00f6ffnungen geht. Mit \u00fcber <strong>25 Jahren Erfahrung<\/strong> bieten wir Ihnen:<\/p>\n\n\n\n<ul>\n<li><strong>Faire und transparente Preise<\/strong>: Bei uns gibt es keine versteckten Kosten. Sie wissen von Anfang an, was auf Sie zukommt.<\/li>\n\n\n\n<li><strong>Schnelle Reaktionszeiten<\/strong>: Wir sind in der Regel innerhalb von <strong>10-30 Minuten<\/strong> bei Ihnen vor Ort.<\/li>\n\n\n\n<li><strong>Erfahrene und qualifizierte Fachkr\u00e4fte<\/strong>: Unsere Experten sind bestens ausgebildet, um Ihre T\u00fcr schnell und ohne Schaden zu \u00f6ffnen.<\/li>\n<\/ul>\n\n\n\n<h3 class=\"wp-block-heading\"><strong>Sicherheitsl\u00f6sungen f\u00fcr Ihr Zuhause<\/strong><\/h3>\n\n\n\n<p>Neben T\u00fcr\u00f6ffnungen bieten wir auch <strong>Beratung und Produkte<\/strong> f\u00fcr Ihre Sicherheit an:<\/p>\n\n\n\n<ul>\n<li><strong>Schl\u00f6sser<\/strong>: Wir helfen Ihnen, das richtige Schloss f\u00fcr Ihre Bed\u00fcrfnisse zu finden.<\/li>\n\n\n\n<li><strong>Sicherheitsberatung<\/strong>: Lassen Sie sich von uns zu sicheren L\u00f6sungen f\u00fcr Ihr Zuhause beraten.<\/li>\n<\/ul>\n\n\n\n<h3 class=\"wp-block-heading\"><strong>Unsere Adresse in Bremen<\/strong><\/h3>\n\n\n\n<p><\/p>\n\n\n\n<p>Hier k\u00f6nnen Sie nicht nur <strong>Schl\u00fcssel nachmachen<\/strong> lassen, sondern auch <strong>Schl\u00f6sser<\/strong> und <strong>Sicherheitsprodukte<\/strong> erwerben.<\/p>\n\n\n\n<h3 class=\"wp-block-heading\"><strong>Kontaktieren Sie uns!<\/strong><\/h3>\n\n\n\n<p>Im Notfall sind wir jederzeit f\u00fcr Sie erreichbar:<\/p>\n\n\n\n<p>\ud83d\udcde <strong>0421-49954493<\/strong> <\/p>\n\n\n\n<p><strong>Schl\u00fcsseldienst Edu f\u00fcr Bremen Vahr<\/strong> \u2013 <strong>Ihre g\u00fcnstige und zuverl\u00e4ssige Wahl f\u00fcr T\u00fcr\u00f6ffnungen in Bremen!<\/strong><\/p>\n\n\n\n<p><\/p>","protected":false},"excerpt":{"rendered":"<p>G\u00fcnstige Schl\u00fcsseldienst f\u00fcr Bremen Vahr G\u00fcnstiger Schl\u00fcsseldienst f\u00fcr Bremen Vahr \u2013 Ihr zuverl\u00e4ssiger Partner f\u00fcr T\u00fcr\u00f6ffnungen Wenn Sie in Bremen Vahr nach einem g\u00fcnstigen Schl\u00fcsseldienst suchen, sind Sie bei Schl\u00fcsseldienst Edu genau richtig. Wir bieten Ihnen 24\/7 Notdienst, der an 365 Tagen im Jahr f\u00fcr&#8230;<\/p>","protected":false},"author":2,"featured_media":2726,"parent":0,"menu_order":0,"comment_status":"closed","ping_status":"closed","template":"","meta":{"footnotes":""},"yoast_head":"<!-- This site is optimized with the Yoast SEO plugin v20.5 - https:\/\/yoast.com\/wordpress\/plugins\/seo\/ -->\n<title>G\u00fcnstige Schl\u00fcsseldienst f\u00fcr Bremen Vahr<\/title>\n<meta name=\"description\" content=\"G\u00fcnstige Schl\u00fcsseldienst Bremen Vahr \u2714\ufe0f in 15-30 Min. vor Ort\u2714\ufe0f 24h Schl\u00fcssel Notdienst\u2714\ufe0f \u2714\ufe0flangj\u00e4hrige Erfahrung \u2714\ufe0f \u260e\ufe0f 0421-49954493\" \/>\n<meta name=\"robots\" content=\"index, follow, max-snippet:-1, max-image-preview:large, max-video-preview:-1\" \/>\n<link rel=\"canonical\" href=\"https:\/\/xn--schlsseldienstbremen-sec.com\/en\/vahr\/\" \/>\n<meta property=\"og:locale\" content=\"en_US\" \/>\n<meta property=\"og:type\" content=\"article\" \/>\n<meta property=\"og:title\" content=\"G\u00fcnstige Schl\u00fcsseldienst f\u00fcr Bremen Vahr\" \/>\n<meta property=\"og:description\" content=\"G\u00fcnstige Schl\u00fcsseldienst Bremen Vahr \u2714\ufe0f in 15-30 Min. vor Ort\u2714\ufe0f 24h Schl\u00fcssel Notdienst\u2714\ufe0f \u2714\ufe0flangj\u00e4hrige Erfahrung \u2714\ufe0f \u260e\ufe0f 0421-49954493\" \/>\n<meta property=\"og:url\" content=\"https:\/\/xn--schlsseldienstbremen-sec.com\/en\/vahr\/\" \/>\n<meta property=\"og:site_name\" content=\"Schl\u00fcsseldienst-Bremen\" \/>\n<meta property=\"article:modified_time\" content=\"2025-02-19T14:51:05+00:00\" \/>\n<meta property=\"og:image\" content=\"https:\/\/xn--schlsseldienstbremen-sec.com\/wp-content\/uploads\/2025\/01\/Schluesseldienst-Bremen.jpeg\" \/>\n\t<meta property=\"og:image:width\" content=\"1171\" \/>\n\t<meta property=\"og:image:height\" content=\"1181\" \/>\n\t<meta property=\"og:image:type\" content=\"image\/jpeg\" \/>\n<meta name=\"twitter:card\" content=\"summary_large_image\" \/>\n<meta name=\"twitter:label1\" content=\"Est. reading time\" \/>\n\t<meta name=\"twitter:data1\" content=\"2 minutes\" \/>\n<script type=\"application\/ld+json\" class=\"yoast-schema-graph\">{\"@context\":\"https:\/\/schema.org\",\"@graph\":[{\"@type\":\"WebPage\",\"@id\":\"https:\/\/xn--schlsseldienstbremen-sec.com\/vahr\/\",\"url\":\"https:\/\/xn--schlsseldienstbremen-sec.com\/vahr\/\",\"name\":\"G\u00fcnstige Schl\u00fcsseldienst f\u00fcr Bremen Vahr\",\"isPartOf\":{\"@id\":\"https:\/\/xn--schlsseldienstbremen-sec.com\/#website\"},\"datePublished\":\"2023-02-15T13:28:47+00:00\",\"dateModified\":\"2025-02-19T14:51:05+00:00\",\"description\":\"G\u00fcnstige Schl\u00fcsseldienst Bremen Vahr \u2714\ufe0f in 15-30 Min. vor Ort\u2714\ufe0f 24h Schl\u00fcssel Notdienst\u2714\ufe0f \u2714\ufe0flangj\u00e4hrige Erfahrung \u2714\ufe0f \u260e\ufe0f 0421-49954493\",\"breadcrumb\":{\"@id\":\"https:\/\/xn--schlsseldienstbremen-sec.com\/vahr\/#breadcrumb\"},\"inLanguage\":\"en-US\",\"potentialAction\":[{\"@type\":\"ReadAction\",\"target\":[\"https:\/\/xn--schlsseldienstbremen-sec.com\/vahr\/\"]}]},{\"@type\":\"BreadcrumbList\",\"@id\":\"https:\/\/xn--schlsseldienstbremen-sec.com\/vahr\/#breadcrumb\",\"itemListElement\":[{\"@type\":\"ListItem\",\"position\":1,\"name\":\"Startseite\",\"item\":\"https:\/\/xn--schlsseldienstbremen-sec.com\/\"},{\"@type\":\"ListItem\",\"position\":2,\"name\":\"Schl\u00fcsseldienst Bremen\/Vahr\"}]},{\"@type\":\"WebSite\",\"@id\":\"https:\/\/xn--schlsseldienstbremen-sec.com\/#website\",\"url\":\"https:\/\/xn--schlsseldienstbremen-sec.com\/\",\"name\":\"Schl\u00fcsseldienst-Bremen\",\"description\":\"Schl\u00fcsseldienst 24 Stunden Festpreis\",\"publisher\":{\"@id\":\"https:\/\/xn--schlsseldienstbremen-sec.com\/#organization\"},\"potentialAction\":[{\"@type\":\"SearchAction\",\"target\":{\"@type\":\"EntryPoint\",\"urlTemplate\":\"https:\/\/xn--schlsseldienstbremen-sec.com\/?s={search_term_string}\"},\"query-input\":\"required name=search_term_string\"}],\"inLanguage\":\"en-US\"},{\"@type\":\"Organization\",\"@id\":\"https:\/\/xn--schlsseldienstbremen-sec.com\/#organization\",\"name\":\"Schl\u00fcsseldienst-Bremen-Eck\",\"url\":\"https:\/\/xn--schlsseldienstbremen-sec.com\/\",\"logo\":{\"@type\":\"ImageObject\",\"inLanguage\":\"en-US\",\"@id\":\"https:\/\/xn--schlsseldienstbremen-sec.com\/#\/schema\/logo\/image\/\",\"url\":\"https:\/\/xn--schlsseldienstbremen-sec.com\/wp-content\/uploads\/2023\/02\/sweet-cakes-1.png\",\"contentUrl\":\"https:\/\/xn--schlsseldienstbremen-sec.com\/wp-content\/uploads\/2023\/02\/sweet-cakes-1.png\",\"width\":500,\"height\":500,\"caption\":\"Schl\u00fcsseldienst-Bremen-Eck\"},\"image\":{\"@id\":\"https:\/\/xn--schlsseldienstbremen-sec.com\/#\/schema\/logo\/image\/\"},\"sameAs\":[\"https:\/\/instagram.com\/schluesseldienstbremen\"]}]}<\/script>\n<!-- \/ Yoast SEO plugin. -->","yoast_head_json":{"title":"G\u00fcnstige Schl\u00fcsseldienst f\u00fcr Bremen Vahr","description":"G\u00fcnstige Schl\u00fcsseldienst Bremen Vahr \u2714\ufe0f in 15-30 Min. vor Ort\u2714\ufe0f 24h Schl\u00fcssel Notdienst\u2714\ufe0f \u2714\ufe0flangj\u00e4hrige Erfahrung \u2714\ufe0f \u260e\ufe0f 0421-49954493","robots":{"index":"index","follow":"follow","max-snippet":"max-snippet:-1","max-image-preview":"max-image-preview:large","max-video-preview":"max-video-preview:-1"},"canonical":"https:\/\/xn--schlsseldienstbremen-sec.com\/en\/vahr\/","og_locale":"en_US","og_type":"article","og_title":"G\u00fcnstige Schl\u00fcsseldienst f\u00fcr Bremen Vahr","og_description":"G\u00fcnstige Schl\u00fcsseldienst Bremen Vahr \u2714\ufe0f in 15-30 Min. vor Ort\u2714\ufe0f 24h Schl\u00fcssel Notdienst\u2714\ufe0f \u2714\ufe0flangj\u00e4hrige Erfahrung \u2714\ufe0f \u260e\ufe0f 0421-49954493","og_url":"https:\/\/xn--schlsseldienstbremen-sec.com\/en\/vahr\/","og_site_name":"Schl\u00fcsseldienst-Bremen","article_modified_time":"2025-02-19T14:51:05+00:00","og_image":[{"width":1171,"height":1181,"url":"https:\/\/xn--schlsseldienstbremen-sec.com\/wp-content\/uploads\/2025\/01\/Schluesseldienst-Bremen.jpeg","type":"image\/jpeg"}],"twitter_card":"summary_large_image","twitter_misc":{"Est. reading time":"2 minutes"},"schema":{"@context":"https:\/\/schema.org","@graph":[{"@type":"WebPage","@id":"https:\/\/xn--schlsseldienstbremen-sec.com\/vahr\/","url":"https:\/\/xn--schlsseldienstbremen-sec.com\/vahr\/","name":"G\u00fcnstige Schl\u00fcsseldienst f\u00fcr Bremen Vahr","isPartOf":{"@id":"https:\/\/xn--schlsseldienstbremen-sec.com\/#website"},"datePublished":"2023-02-15T13:28:47+00:00","dateModified":"2025-02-19T14:51:05+00:00","description":"G\u00fcnstige Schl\u00fcsseldienst Bremen Vahr \u2714\ufe0f in 15-30 Min. vor Ort\u2714\ufe0f 24h Schl\u00fcssel Notdienst\u2714\ufe0f \u2714\ufe0flangj\u00e4hrige Erfahrung \u2714\ufe0f \u260e\ufe0f 0421-49954493","breadcrumb":{"@id":"https:\/\/xn--schlsseldienstbremen-sec.com\/vahr\/#breadcrumb"},"inLanguage":"en-US","potentialAction":[{"@type":"ReadAction","target":["https:\/\/xn--schlsseldienstbremen-sec.com\/vahr\/"]}]},{"@type":"BreadcrumbList","@id":"https:\/\/xn--schlsseldienstbremen-sec.com\/vahr\/#breadcrumb","itemListElement":[{"@type":"ListItem","position":1,"name":"Startseite","item":"https:\/\/xn--schlsseldienstbremen-sec.com\/"},{"@type":"ListItem","position":2,"name":"Schl\u00fcsseldienst Bremen\/Vahr"}]},{"@type":"WebSite","@id":"https:\/\/xn--schlsseldienstbremen-sec.com\/#website","url":"https:\/\/xn--schlsseldienstbremen-sec.com\/","name":"Schl\u00fcsseldienst-Bremen","description":"Schl\u00fcsseldienst 24 Stunden Festpreis","publisher":{"@id":"https:\/\/xn--schlsseldienstbremen-sec.com\/#organization"},"potentialAction":[{"@type":"SearchAction","target":{"@type":"EntryPoint","urlTemplate":"https:\/\/xn--schlsseldienstbremen-sec.com\/?s={search_term_string}"},"query-input":"required name=search_term_string"}],"inLanguage":"en-US"},{"@type":"Organization","@id":"https:\/\/xn--schlsseldienstbremen-sec.com\/#organization","name":"Schl\u00fcsseldienst-Bremen-Eck","url":"https:\/\/xn--schlsseldienstbremen-sec.com\/","logo":{"@type":"ImageObject","inLanguage":"en-US","@id":"https:\/\/xn--schlsseldienstbremen-sec.com\/#\/schema\/logo\/image\/","url":"https:\/\/xn--schlsseldienstbremen-sec.com\/wp-content\/uploads\/2023\/02\/sweet-cakes-1.png","contentUrl":"https:\/\/xn--schlsseldienstbremen-sec.com\/wp-content\/uploads\/2023\/02\/sweet-cakes-1.png","width":500,"height":500,"caption":"Schl\u00fcsseldienst-Bremen-Eck"},"image":{"@id":"https:\/\/xn--schlsseldienstbremen-sec.com\/#\/schema\/logo\/image\/"},"sameAs":["https:\/\/instagram.com\/schluesseldienstbremen"]}]}},"amp_enabled":true,"_links":{"self":[{"href":"https:\/\/xn--schlsseldienstbremen-sec.com\/en\/wp-json\/wp\/v2\/pages\/2045"}],"collection":[{"href":"https:\/\/xn--schlsseldienstbremen-sec.com\/en\/wp-json\/wp\/v2\/pages"}],"about":[{"href":"https:\/\/xn--schlsseldienstbremen-sec.com\/en\/wp-json\/wp\/v2\/types\/page"}],"author":[{"embeddable":true,"href":"https:\/\/xn--schlsseldienstbremen-sec.com\/en\/wp-json\/wp\/v2\/users\/2"}],"replies":[{"embeddable":true,"href":"https:\/\/xn--schlsseldienstbremen-sec.com\/en\/wp-json\/wp\/v2\/comments?post=2045"}],"version-history":[{"count":1,"href":"https:\/\/xn--schlsseldienstbremen-sec.com\/en\/wp-json\/wp\/v2\/pages\/2045\/revisions"}],"predecessor-version":[{"id":2810,"href":"https:\/\/xn--schlsseldienstbremen-sec.com\/en\/wp-json\/wp\/v2\/pages\/2045\/revisions\/2810"}],"wp:featuredmedia":[{"embeddable":true,"href":"https:\/\/xn--schlsseldienstbremen-sec.com\/en\/wp-json\/wp\/v2\/media\/2726"}],"wp:attachment":[{"href":"https:\/\/xn--schlsseldienstbremen-sec.com\/en\/wp-json\/wp\/v2\/media?parent=2045"}],"curies":[{"name":"wp","href":"https:\/\/api.w.org\/{rel}","templated":true}]}}