{"id":2058,"date":"2023-02-16T20:52:12","date_gmt":"2023-02-16T20:52:12","guid":{"rendered":"https:\/\/schluesseldienstbremen.org\/?page_id=2058"},"modified":"2025-02-12T15:04:55","modified_gmt":"2025-02-12T15:04:55","slug":"mahndorf","status":"publish","type":"page","link":"https:\/\/xn--schlsseldienstbremen-sec.com\/en\/mahndorf\/","title":{"rendered":"Schl\u00fcsseldienst Bremen Mahndorf"},"content":{"rendered":"<h3 class=\"wp-block-heading\"><strong><a href=\"https:\/\/xn--schlsseldienstbremen-sec.com\/en\/\">Locksmith <\/a>Bremen Mahndorf \u2013 24h Notdienst f\u00fcr schnelle Hilfe<\/strong><\/h3>\n\n\n\n<p>Schl\u00fcsseldienst Bremen Mahndorf<\/p>\n\n\n\n<p>\ud83d\udd11 <strong>Schl\u00fcsseldienst Edu<\/strong> ist Ihr erfahrener und zuverl\u00e4ssiger <strong>Schl\u00fcsselnotdienst in Bremen<\/strong>. Seit \u00fcber <strong>25 Jahren<\/strong> stehen wir unseren Kunden mit <strong>kompetentem Service und fairen Preisen<\/strong> zur Seite. Wir sind <strong>365 Tage im Jahr, rund um die Uhr<\/strong> erreichbar \u2013 auch an <strong>Wochenenden und Feiertagen<\/strong>.<\/p>\n\n\n\n<p>\ud83d\udcde <strong>Notfall? Rufen Sie uns an: 0421-49954493<\/strong><\/p>\n\n\n\n<hr class=\"wp-block-separator has-alpha-channel-opacity\"\/>\n\n\n\n<h3 class=\"wp-block-heading\"><strong>Unsere Leistungen \u2013 Schl\u00fcsseldienst Edu Bremen Mahndorf<\/strong><\/h3>\n\n\n\n<p> <strong>24h Schl\u00fcsselnotdienst<\/strong> \u2013 T\u00fcr\u00f6ffnungen rund um die Uhr<br><strong>Schadenfreie T\u00fcr\u00f6ffnung<\/strong> \u2013 Mit modernster Technik und geschultem Personal<br> <strong>Austausch &amp; Reparatur von Schl\u00f6ssern<\/strong> \u2013 Mehr Sicherheit f\u00fcr Ihr Zuhause<br> <strong>Schl\u00fcssel nachmachen &amp; Schlosswechsel<\/strong> \u2013 Direkt in unserem Ladenlokal<br> <strong>Schuhreparaturen &amp; Sicherheitsberatung<\/strong> \u2013 Einzigartig in Bremen<\/p>\n\n\n\n<p>Haben Sie Ihren <strong>Schl\u00fcssel verloren oder in der Wohnung vergessen<\/strong>? Keine Sorge \u2013 wir helfen Ihnen schnell und zuverl\u00e4ssig!<\/p>\n\n\n\n<hr class=\"wp-block-separator has-alpha-channel-opacity\"\/>\n\n\n\n<h3 class=\"wp-block-heading\"><strong>Warum Schl\u00fcsseldienst Edu in Bremen?<\/strong><\/h3>\n\n\n\n<p><strong>Schnelle Anfahrt<\/strong> \u2013 In <strong>10 bis 30 Minuten<\/strong> bei Ihnen vor Ort<br><strong>Faire &amp; transparente Preise<\/strong> \u2013 Keine versteckten Kosten!<br><strong>Fachgerechte T\u00fcr\u00f6ffnung ohne Sch\u00e4den<\/strong> \u2013 Unsere Profis arbeiten sorgf\u00e4ltig<br><strong>Lokales Unternehmen mit Ladengesch\u00e4ft<\/strong> \u2013 Keine Abzocke, sondern seri\u00f6ser Service<br><strong>Modernste Werkzeuge &amp; Technik<\/strong> \u2013 F\u00fcr sichere und effiziente T\u00fcr\u00f6ffnungen<\/p>\n\n\n\n<p>Hier k\u00f6nnen Sie auch <strong>hochwertige Schl\u00f6sser kaufen, Schl\u00fcssel nachmachen oder Ihre Schuhe reparieren lassen<\/strong>.<\/p>\n\n\n\n<hr class=\"wp-block-separator has-alpha-channel-opacity\"\/>\n\n\n\n<h3 class=\"wp-block-heading\"><strong>Schnelle Hilfe im Notfall \u2013 24h Schl\u00fcsseldienst <a href=\"https:\/\/de.wikipedia.org\/wiki\/Hemelingen\">Bremen Mahndorf<\/a><\/strong><\/h3>\n\n\n\n<p>Ein <strong>unqualifizierter Versuch<\/strong>, eine T\u00fcr selbst zu \u00f6ffnen, kann zu <strong>Sch\u00e4den am Schloss oder der T\u00fcr<\/strong> f\u00fchren. Im schlimmsten Fall wird es dadurch noch teurer! Vertrauen Sie lieber auf einen <strong>professionellen Schl\u00fcsseldienst mit langj\u00e4hriger Erfahrung<\/strong>.<\/p>\n\n\n\n<p><strong>Schl\u00fcsseldienst Edu ist Ihr seri\u00f6ser Ansprechpartner in Bremen!<\/strong><\/p>\n\n\n\n<p>\ud83d\udcde <strong>Rufen Sie uns jetzt an: 0421-49954493<\/strong><\/p>\n\n\n\n<h3 class=\"wp-block-heading\"><strong>Schnelle Hilfe im Notfall \u2013 24h Schl\u00fcsseldienst Bremen<\/strong><\/h3>\n\n\n\n<p>Ein <strong>unqualifizierter Versuch<\/strong>, eine T\u00fcr selbst zu \u00f6ffnen, kann zu <strong>Sch\u00e4den am Schloss oder der T\u00fcr<\/strong> f\u00fchren. Im schlimmsten Fall wird es dadurch noch teurer! Vertrauen Sie lieber auf einen <strong>professionellen Schl\u00fcsseldienst mit langj\u00e4hriger Erfahrung<\/strong>.<\/p>\n\n\n\n<p><strong>Schl\u00fcsseldienst Edu ist Ihr seri\u00f6ser Ansprechpartner in Bremen!<\/strong><\/p>\n\n\n\n<p>\ud83d\udcde <strong>Rufen Sie uns jetzt an: 0421-49954493<\/strong><\/p>\n\n\n\n<p><strong>Schl\u00fcsseldienst Bremen \u2013 Ihr zuverl\u00e4ssiger Partner f\u00fcr T\u00fcr\u00f6ffnungen!<\/strong><\/p>\n\n\n\n<p><\/p>","protected":false},"excerpt":{"rendered":"<p>Schl\u00fcsseldienst Bremen Mahndorf \u2013 24h Notdienst f\u00fcr schnelle Hilfe Schl\u00fcsseldienst Bremen Mahndorf \ud83d\udd11 Schl\u00fcsseldienst Edu ist Ihr erfahrener und zuverl\u00e4ssiger Schl\u00fcsselnotdienst in Bremen. Seit \u00fcber 25 Jahren stehen wir unseren Kunden mit kompetentem Service und fairen Preisen zur Seite. Wir sind 365 Tage im Jahr,&#8230;<\/p>","protected":false},"author":2,"featured_media":2706,"parent":0,"menu_order":0,"comment_status":"closed","ping_status":"closed","template":"","meta":{"footnotes":""},"yoast_head":"<!-- This site is optimized with the Yoast SEO plugin v20.5 - https:\/\/yoast.com\/wordpress\/plugins\/seo\/ -->\n<title>Schl\u00fcsseldienst Bremen Mahndorf<\/title>\n<meta name=\"description\" content=\"Schl\u00fcsseldienst Bremen Mahndorf \u2714\ufe0f in 10-30 Min. vor Ort\u2714\ufe0f 24h Notdienst\u2714\ufe0f \u2714\ufe0flangj\u00e4hrige Erfahrung \u2714\ufe0fSchl\u00fcsseldienst \u260e\ufe0f 0421-49954493\" \/>\n<meta name=\"robots\" content=\"index, follow, max-snippet:-1, max-image-preview:large, max-video-preview:-1\" \/>\n<link rel=\"canonical\" href=\"https:\/\/xn--schlsseldienstbremen-sec.com\/en\/mahndorf\/\" \/>\n<meta property=\"og:locale\" content=\"en_US\" \/>\n<meta property=\"og:type\" content=\"article\" \/>\n<meta property=\"og:title\" content=\"Schl\u00fcsseldienst Bremen Mahndorf\" \/>\n<meta property=\"og:description\" content=\"Schl\u00fcsseldienst Bremen Mahndorf \u2714\ufe0f in 10-30 Min. vor Ort\u2714\ufe0f 24h Notdienst\u2714\ufe0f \u2714\ufe0flangj\u00e4hrige Erfahrung \u2714\ufe0fSchl\u00fcsseldienst \u260e\ufe0f 0421-49954493\" \/>\n<meta property=\"og:url\" content=\"https:\/\/xn--schlsseldienstbremen-sec.com\/en\/mahndorf\/\" \/>\n<meta property=\"og:site_name\" content=\"Schl\u00fcsseldienst-Bremen\" \/>\n<meta property=\"article:modified_time\" content=\"2025-02-12T15:04:55+00:00\" \/>\n<meta property=\"og:image\" content=\"https:\/\/xn--schlsseldienstbremen-sec.com\/wp-content\/uploads\/2025\/01\/Schluessel-scaled.jpg\" \/>\n\t<meta property=\"og:image:width\" content=\"2560\" \/>\n\t<meta property=\"og:image:height\" content=\"1186\" \/>\n\t<meta property=\"og:image:type\" content=\"image\/jpeg\" \/>\n<meta name=\"twitter:card\" content=\"summary_large_image\" \/>\n<meta name=\"twitter:label1\" content=\"Est. reading time\" \/>\n\t<meta name=\"twitter:data1\" content=\"2 minutes\" \/>\n<script type=\"application\/ld+json\" class=\"yoast-schema-graph\">{\"@context\":\"https:\/\/schema.org\",\"@graph\":[{\"@type\":\"WebPage\",\"@id\":\"https:\/\/xn--schlsseldienstbremen-sec.com\/mahndorf\/\",\"url\":\"https:\/\/xn--schlsseldienstbremen-sec.com\/mahndorf\/\",\"name\":\"Schl\u00fcsseldienst Bremen Mahndorf\",\"isPartOf\":{\"@id\":\"https:\/\/xn--schlsseldienstbremen-sec.com\/#website\"},\"datePublished\":\"2023-02-16T20:52:12+00:00\",\"dateModified\":\"2025-02-12T15:04:55+00:00\",\"description\":\"Schl\u00fcsseldienst Bremen Mahndorf \u2714\ufe0f in 10-30 Min. vor Ort\u2714\ufe0f 24h Notdienst\u2714\ufe0f \u2714\ufe0flangj\u00e4hrige Erfahrung \u2714\ufe0fSchl\u00fcsseldienst \u260e\ufe0f 0421-49954493\",\"breadcrumb\":{\"@id\":\"https:\/\/xn--schlsseldienstbremen-sec.com\/mahndorf\/#breadcrumb\"},\"inLanguage\":\"en-US\",\"potentialAction\":[{\"@type\":\"ReadAction\",\"target\":[\"https:\/\/xn--schlsseldienstbremen-sec.com\/mahndorf\/\"]}]},{\"@type\":\"BreadcrumbList\",\"@id\":\"https:\/\/xn--schlsseldienstbremen-sec.com\/mahndorf\/#breadcrumb\",\"itemListElement\":[{\"@type\":\"ListItem\",\"position\":1,\"name\":\"Startseite\",\"item\":\"https:\/\/xn--schlsseldienstbremen-sec.com\/\"},{\"@type\":\"ListItem\",\"position\":2,\"name\":\"Schl\u00fcsseldienst Bremen Mahndorf\"}]},{\"@type\":\"WebSite\",\"@id\":\"https:\/\/xn--schlsseldienstbremen-sec.com\/#website\",\"url\":\"https:\/\/xn--schlsseldienstbremen-sec.com\/\",\"name\":\"Schl\u00fcsseldienst-Bremen\",\"description\":\"Schl\u00fcsseldienst 24 Stunden Festpreis\",\"publisher\":{\"@id\":\"https:\/\/xn--schlsseldienstbremen-sec.com\/#organization\"},\"potentialAction\":[{\"@type\":\"SearchAction\",\"target\":{\"@type\":\"EntryPoint\",\"urlTemplate\":\"https:\/\/xn--schlsseldienstbremen-sec.com\/?s={search_term_string}\"},\"query-input\":\"required name=search_term_string\"}],\"inLanguage\":\"en-US\"},{\"@type\":\"Organization\",\"@id\":\"https:\/\/xn--schlsseldienstbremen-sec.com\/#organization\",\"name\":\"Schl\u00fcsseldienst-Bremen-Eck\",\"url\":\"https:\/\/xn--schlsseldienstbremen-sec.com\/\",\"logo\":{\"@type\":\"ImageObject\",\"inLanguage\":\"en-US\",\"@id\":\"https:\/\/xn--schlsseldienstbremen-sec.com\/#\/schema\/logo\/image\/\",\"url\":\"https:\/\/xn--schlsseldienstbremen-sec.com\/wp-content\/uploads\/2023\/02\/sweet-cakes-1.png\",\"contentUrl\":\"https:\/\/xn--schlsseldienstbremen-sec.com\/wp-content\/uploads\/2023\/02\/sweet-cakes-1.png\",\"width\":500,\"height\":500,\"caption\":\"Schl\u00fcsseldienst-Bremen-Eck\"},\"image\":{\"@id\":\"https:\/\/xn--schlsseldienstbremen-sec.com\/#\/schema\/logo\/image\/\"},\"sameAs\":[\"https:\/\/instagram.com\/schluesseldienstbremen\"]}]}<\/script>\n<!-- \/ Yoast SEO plugin. -->","yoast_head_json":{"title":"Schl\u00fcsseldienst Bremen Mahndorf","description":"Schl\u00fcsseldienst Bremen Mahndorf \u2714\ufe0f in 10-30 Min. vor Ort\u2714\ufe0f 24h Notdienst\u2714\ufe0f \u2714\ufe0flangj\u00e4hrige Erfahrung \u2714\ufe0fSchl\u00fcsseldienst \u260e\ufe0f 0421-49954493","robots":{"index":"index","follow":"follow","max-snippet":"max-snippet:-1","max-image-preview":"max-image-preview:large","max-video-preview":"max-video-preview:-1"},"canonical":"https:\/\/xn--schlsseldienstbremen-sec.com\/en\/mahndorf\/","og_locale":"en_US","og_type":"article","og_title":"Schl\u00fcsseldienst Bremen Mahndorf","og_description":"Schl\u00fcsseldienst Bremen Mahndorf \u2714\ufe0f in 10-30 Min. vor Ort\u2714\ufe0f 24h Notdienst\u2714\ufe0f \u2714\ufe0flangj\u00e4hrige Erfahrung \u2714\ufe0fSchl\u00fcsseldienst \u260e\ufe0f 0421-49954493","og_url":"https:\/\/xn--schlsseldienstbremen-sec.com\/en\/mahndorf\/","og_site_name":"Schl\u00fcsseldienst-Bremen","article_modified_time":"2025-02-12T15:04:55+00:00","og_image":[{"width":2560,"height":1186,"url":"https:\/\/xn--schlsseldienstbremen-sec.com\/wp-content\/uploads\/2025\/01\/Schluessel-scaled.jpg","type":"image\/jpeg"}],"twitter_card":"summary_large_image","twitter_misc":{"Est. reading time":"2 minutes"},"schema":{"@context":"https:\/\/schema.org","@graph":[{"@type":"WebPage","@id":"https:\/\/xn--schlsseldienstbremen-sec.com\/mahndorf\/","url":"https:\/\/xn--schlsseldienstbremen-sec.com\/mahndorf\/","name":"Schl\u00fcsseldienst Bremen Mahndorf","isPartOf":{"@id":"https:\/\/xn--schlsseldienstbremen-sec.com\/#website"},"datePublished":"2023-02-16T20:52:12+00:00","dateModified":"2025-02-12T15:04:55+00:00","description":"Schl\u00fcsseldienst Bremen Mahndorf \u2714\ufe0f in 10-30 Min. vor Ort\u2714\ufe0f 24h Notdienst\u2714\ufe0f \u2714\ufe0flangj\u00e4hrige Erfahrung \u2714\ufe0fSchl\u00fcsseldienst \u260e\ufe0f 0421-49954493","breadcrumb":{"@id":"https:\/\/xn--schlsseldienstbremen-sec.com\/mahndorf\/#breadcrumb"},"inLanguage":"en-US","potentialAction":[{"@type":"ReadAction","target":["https:\/\/xn--schlsseldienstbremen-sec.com\/mahndorf\/"]}]},{"@type":"BreadcrumbList","@id":"https:\/\/xn--schlsseldienstbremen-sec.com\/mahndorf\/#breadcrumb","itemListElement":[{"@type":"ListItem","position":1,"name":"Startseite","item":"https:\/\/xn--schlsseldienstbremen-sec.com\/"},{"@type":"ListItem","position":2,"name":"Schl\u00fcsseldienst Bremen Mahndorf"}]},{"@type":"WebSite","@id":"https:\/\/xn--schlsseldienstbremen-sec.com\/#website","url":"https:\/\/xn--schlsseldienstbremen-sec.com\/","name":"Schl\u00fcsseldienst-Bremen","description":"Schl\u00fcsseldienst 24 Stunden Festpreis","publisher":{"@id":"https:\/\/xn--schlsseldienstbremen-sec.com\/#organization"},"potentialAction":[{"@type":"SearchAction","target":{"@type":"EntryPoint","urlTemplate":"https:\/\/xn--schlsseldienstbremen-sec.com\/?s={search_term_string}"},"query-input":"required name=search_term_string"}],"inLanguage":"en-US"},{"@type":"Organization","@id":"https:\/\/xn--schlsseldienstbremen-sec.com\/#organization","name":"Schl\u00fcsseldienst-Bremen-Eck","url":"https:\/\/xn--schlsseldienstbremen-sec.com\/","logo":{"@type":"ImageObject","inLanguage":"en-US","@id":"https:\/\/xn--schlsseldienstbremen-sec.com\/#\/schema\/logo\/image\/","url":"https:\/\/xn--schlsseldienstbremen-sec.com\/wp-content\/uploads\/2023\/02\/sweet-cakes-1.png","contentUrl":"https:\/\/xn--schlsseldienstbremen-sec.com\/wp-content\/uploads\/2023\/02\/sweet-cakes-1.png","width":500,"height":500,"caption":"Schl\u00fcsseldienst-Bremen-Eck"},"image":{"@id":"https:\/\/xn--schlsseldienstbremen-sec.com\/#\/schema\/logo\/image\/"},"sameAs":["https:\/\/instagram.com\/schluesseldienstbremen"]}]}},"amp_enabled":true,"_links":{"self":[{"href":"https:\/\/xn--schlsseldienstbremen-sec.com\/en\/wp-json\/wp\/v2\/pages\/2058"}],"collection":[{"href":"https:\/\/xn--schlsseldienstbremen-sec.com\/en\/wp-json\/wp\/v2\/pages"}],"about":[{"href":"https:\/\/xn--schlsseldienstbremen-sec.com\/en\/wp-json\/wp\/v2\/types\/page"}],"author":[{"embeddable":true,"href":"https:\/\/xn--schlsseldienstbremen-sec.com\/en\/wp-json\/wp\/v2\/users\/2"}],"replies":[{"embeddable":true,"href":"https:\/\/xn--schlsseldienstbremen-sec.com\/en\/wp-json\/wp\/v2\/comments?post=2058"}],"version-history":[{"count":1,"href":"https:\/\/xn--schlsseldienstbremen-sec.com\/en\/wp-json\/wp\/v2\/pages\/2058\/revisions"}],"predecessor-version":[{"id":2776,"href":"https:\/\/xn--schlsseldienstbremen-sec.com\/en\/wp-json\/wp\/v2\/pages\/2058\/revisions\/2776"}],"wp:featuredmedia":[{"embeddable":true,"href":"https:\/\/xn--schlsseldienstbremen-sec.com\/en\/wp-json\/wp\/v2\/media\/2706"}],"wp:attachment":[{"href":"https:\/\/xn--schlsseldienstbremen-sec.com\/en\/wp-json\/wp\/v2\/media?parent=2058"}],"curies":[{"name":"wp","href":"https:\/\/api.w.org\/{rel}","templated":true}]}}