{"id":2083,"date":"2023-02-18T20:03:01","date_gmt":"2023-02-18T20:03:01","guid":{"rendered":"https:\/\/schluesseldienstbremen.org\/?page_id=2083"},"modified":"2025-02-14T12:11:25","modified_gmt":"2025-02-14T12:11:25","slug":"tenever","status":"publish","type":"page","link":"https:\/\/xn--schlsseldienstbremen-sec.com\/en\/tenever\/","title":{"rendered":"Schl\u00fcsseldienst Bremen Tenever"},"content":{"rendered":"<h3 class=\"wp-block-heading\"><strong>Schl\u00fcsseldienst Bremen Tenever \u2013 24h Not\u00f6ffnungen zum fairen Preis<\/strong><\/h3>\n\n\n\n<p>Schl\u00fcsseldienst Bremen Tenever \u2013 24h T\u00fcr\u00f6ffnung zum fairen Preis<\/p>\n\n\n\n<p> <strong>Ihr zuverl\u00e4ssiger Partner f\u00fcr T\u00fcr\u00f6ffnungen \u2013 rund um die Uhr verf\u00fcgbar!<\/strong><\/p>\n\n\n\n<p>Haben Sie Ihren <strong>Schl\u00fcssel verloren oder vergessen<\/strong>? Ist Ihre T\u00fcr pl\u00f6tzlich zugefallen oder das Schloss defekt? <strong><a href=\"https:\/\/xn--schlsseldienstbremen-sec.com\/en\/\">Schl\u00fcsseldienst Edu<\/a> Bremen Tenever<\/strong> ist Ihr kompetenter Ansprechpartner, wenn es um schnelle und professionelle T\u00fcr\u00f6ffnungen geht \u2013 <strong>24 Stunden am Tag, 365 Tage im Jahr<\/strong>.<\/p>\n\n\n\n<p>Unser erfahrenes Team \u00f6ffnet T\u00fcren <strong>schnell, sicher und ohne Sch\u00e4den<\/strong>, sodass Sie rasch wieder Zugang zu Ihrem Zuhause oder B\u00fcro erhalten.<\/p>\n\n\n\n<p>\ud83d\udcde <strong>Notfall? Rufen Sie uns an: 0421-49954493<\/strong><\/p>\n\n\n\n<hr class=\"wp-block-separator has-alpha-channel-opacity\"\/>\n\n\n\n<h3 class=\"wp-block-heading\"><strong>Unsere Leistungen auf einen Blick:<\/strong><\/h3>\n\n\n\n<p><strong>T\u00fcr\u00f6ffnungen ohne Besch\u00e4digung<\/strong> \u2013 Wohnung, Haus oder Auto<br> <strong>Schlosswechsel &amp; Reparaturen<\/strong> \u2013 Sicherheit f\u00fcr Ihr Zuhause<br> <strong>24h Notdienst<\/strong> \u2013 Auch an Wochenenden &amp; Feiertagen<br> <strong>Schl\u00fcssel nachmachen &amp; Schl\u00f6sser kaufen<\/strong> \u2013 Direkt bei uns im Gesch\u00e4ft<br><strong>Beratung zu Einbruchschutz<\/strong> \u2013 Sch\u00fctzen Sie Ihr Zuhause effektiv<\/p>\n\n\n\n<p>Unsere geschulten Spezialisten sind mit modernster Technik ausgestattet und garantieren eine <strong>schnelle und professionelle<\/strong> L\u00f6sung f\u00fcr Ihr Problem.<\/p>\n\n\n\n<hr class=\"wp-block-separator has-alpha-channel-opacity\"\/>\n\n\n\n<h3 class=\"wp-block-heading\"><strong>Warum Schl\u00fcsseldienst Edu Bremen Tenever?<\/strong><\/h3>\n\n\n\n<p> <strong>Schnelle Hilfe \u2013 In 10\u201330 Minuten bei Ihnen<\/strong><br> <strong>Transparente Preise \u2013 Keine versteckten Kosten<\/strong><br><strong>Mehr als 25 Jahre Erfahrung<\/strong><br> <strong>Lokaler Fachbetrieb \u2013 Seri\u00f6s &amp; zuverl\u00e4ssig<\/strong><br><strong>Kompetente &amp; freundliche Mitarbeiter<\/strong><\/p>\n\n\n\n<p>\ud83d\udccd <strong>Besuchen Sie uns:<\/strong><\/p>\n\n\n\n<p>Neben T\u00fcr\u00f6ffnungen bieten wir auch <strong>Schl\u00fcsselanfertigungen, Schlossverkauf, Schuhreparaturen, Glasgravuren &amp; vieles mehr!<\/strong><\/p>\n\n\n\n<hr class=\"wp-block-separator has-alpha-channel-opacity\"\/>\n\n\n\n<h3 class=\"wp-block-heading\"><strong>Wichtige Tipps, wenn Sie sich ausgesperrt haben:<\/strong><\/h3>\n\n\n\n<p>\u274c <strong>Keine Gewalt anwenden!<\/strong> Ein Eigenversuch kann das Schloss besch\u00e4digen und teure Reparaturen nach sich ziehen.<br>\u2705 <strong>Vertrauen Sie Profis!<\/strong> Wir \u00f6ffnen Ihre T\u00fcr schnell &amp; besch\u00e4digungsfrei.<br> <strong>Unser Tipp:<\/strong> Bewahren Sie einen Ersatzschl\u00fcssel bei einer vertrauensw\u00fcrdigen Person auf.<\/p>\n\n\n\n<p><strong>Schl\u00fcsseldienst Edu <a href=\"https:\/\/de.wikipedia.org\/wiki\/Osterholz_(Bremen)#Tenever\">Bremen Tenever <\/a>\u2013 Ihr Partner f\u00fcr schnelle &amp; professionelle T\u00fcr\u00f6ffnungen!<\/strong><\/p>\n\n\n\n<p>\ud83d\udcde <strong>Jetzt anrufen: 0421-49954493<\/strong><\/p>\n\n\n\n<p>Schl\u00fcsseldienst Bremen Tenever \u2013 24h T\u00fcr\u00f6ffnung zum fairen Preis<\/p>","protected":false},"excerpt":{"rendered":"<p>Schl\u00fcsseldienst Bremen Tenever \u2013 24h Not\u00f6ffnungen zum fairen Preis Schl\u00fcsseldienst Bremen Tenever \u2013 24h T\u00fcr\u00f6ffnung zum fairen Preis Ihr zuverl\u00e4ssiger Partner f\u00fcr T\u00fcr\u00f6ffnungen \u2013 rund um die Uhr verf\u00fcgbar! Haben Sie Ihren Schl\u00fcssel verloren oder vergessen? Ist Ihre T\u00fcr pl\u00f6tzlich zugefallen oder das Schloss defekt?&#8230;<\/p>","protected":false},"author":2,"featured_media":2706,"parent":0,"menu_order":0,"comment_status":"closed","ping_status":"closed","template":"","meta":{"footnotes":""},"yoast_head":"<!-- This site is optimized with the Yoast SEO plugin v20.5 - https:\/\/yoast.com\/wordpress\/plugins\/seo\/ -->\n<title>Schl\u00fcsseldienst Bremen Tenever \u2013 24h T\u00fcr\u00f6ffnung zum fairen Preis<\/title>\n<meta name=\"description\" content=\"Schl\u00fcsseldienst Bremen Tenever \u2013 24h T\u00fcr\u00f6ffnung zum fairen Preis \u2705 25 Jahre Erfahrung\u270510-35 Mi vor Ort\u2705 Ec Zahlung \u2705 \u260e\ufe0f0421\/49954493\" \/>\n<meta name=\"robots\" content=\"index, follow, max-snippet:-1, max-image-preview:large, max-video-preview:-1\" \/>\n<link rel=\"canonical\" href=\"https:\/\/xn--schlsseldienstbremen-sec.com\/en\/tenever\/\" \/>\n<meta property=\"og:locale\" content=\"en_US\" \/>\n<meta property=\"og:type\" content=\"article\" \/>\n<meta property=\"og:title\" content=\"Schl\u00fcsseldienst Bremen Tenever \u2013 24h T\u00fcr\u00f6ffnung zum fairen Preis\" \/>\n<meta property=\"og:description\" content=\"Schl\u00fcsseldienst Bremen Tenever \u2013 24h T\u00fcr\u00f6ffnung zum fairen Preis \u2705 25 Jahre Erfahrung\u270510-35 Mi vor Ort\u2705 Ec Zahlung \u2705 \u260e\ufe0f0421\/49954493\" \/>\n<meta property=\"og:url\" content=\"https:\/\/xn--schlsseldienstbremen-sec.com\/en\/tenever\/\" \/>\n<meta property=\"og:site_name\" content=\"Schl\u00fcsseldienst-Bremen\" \/>\n<meta property=\"article:modified_time\" content=\"2025-02-14T12:11:25+00:00\" \/>\n<meta property=\"og:image\" content=\"https:\/\/xn--schlsseldienstbremen-sec.com\/wp-content\/uploads\/2025\/01\/Schluessel-scaled.jpg\" \/>\n\t<meta property=\"og:image:width\" content=\"2560\" \/>\n\t<meta property=\"og:image:height\" content=\"1186\" \/>\n\t<meta property=\"og:image:type\" content=\"image\/jpeg\" \/>\n<meta name=\"twitter:card\" content=\"summary_large_image\" \/>\n<meta name=\"twitter:label1\" content=\"Est. reading time\" \/>\n\t<meta name=\"twitter:data1\" content=\"2 minutes\" \/>\n<script type=\"application\/ld+json\" class=\"yoast-schema-graph\">{\"@context\":\"https:\/\/schema.org\",\"@graph\":[{\"@type\":\"WebPage\",\"@id\":\"https:\/\/xn--schlsseldienstbremen-sec.com\/tenever\/\",\"url\":\"https:\/\/xn--schlsseldienstbremen-sec.com\/tenever\/\",\"name\":\"Schl\u00fcsseldienst Bremen Tenever \u2013 24h T\u00fcr\u00f6ffnung zum fairen Preis\",\"isPartOf\":{\"@id\":\"https:\/\/xn--schlsseldienstbremen-sec.com\/#website\"},\"datePublished\":\"2023-02-18T20:03:01+00:00\",\"dateModified\":\"2025-02-14T12:11:25+00:00\",\"description\":\"Schl\u00fcsseldienst Bremen Tenever \u2013 24h T\u00fcr\u00f6ffnung zum fairen Preis \u2705 25 Jahre Erfahrung\u270510-35 Mi vor Ort\u2705 Ec Zahlung \u2705 \u260e\ufe0f0421\/49954493\",\"breadcrumb\":{\"@id\":\"https:\/\/xn--schlsseldienstbremen-sec.com\/tenever\/#breadcrumb\"},\"inLanguage\":\"en-US\",\"potentialAction\":[{\"@type\":\"ReadAction\",\"target\":[\"https:\/\/xn--schlsseldienstbremen-sec.com\/tenever\/\"]}]},{\"@type\":\"BreadcrumbList\",\"@id\":\"https:\/\/xn--schlsseldienstbremen-sec.com\/tenever\/#breadcrumb\",\"itemListElement\":[{\"@type\":\"ListItem\",\"position\":1,\"name\":\"Startseite\",\"item\":\"https:\/\/xn--schlsseldienstbremen-sec.com\/\"},{\"@type\":\"ListItem\",\"position\":2,\"name\":\"Schl\u00fcsseldienst Bremen Tenever\"}]},{\"@type\":\"WebSite\",\"@id\":\"https:\/\/xn--schlsseldienstbremen-sec.com\/#website\",\"url\":\"https:\/\/xn--schlsseldienstbremen-sec.com\/\",\"name\":\"Schl\u00fcsseldienst-Bremen\",\"description\":\"Schl\u00fcsseldienst 24 Stunden Festpreis\",\"publisher\":{\"@id\":\"https:\/\/xn--schlsseldienstbremen-sec.com\/#organization\"},\"potentialAction\":[{\"@type\":\"SearchAction\",\"target\":{\"@type\":\"EntryPoint\",\"urlTemplate\":\"https:\/\/xn--schlsseldienstbremen-sec.com\/?s={search_term_string}\"},\"query-input\":\"required name=search_term_string\"}],\"inLanguage\":\"en-US\"},{\"@type\":\"Organization\",\"@id\":\"https:\/\/xn--schlsseldienstbremen-sec.com\/#organization\",\"name\":\"Schl\u00fcsseldienst-Bremen-Eck\",\"url\":\"https:\/\/xn--schlsseldienstbremen-sec.com\/\",\"logo\":{\"@type\":\"ImageObject\",\"inLanguage\":\"en-US\",\"@id\":\"https:\/\/xn--schlsseldienstbremen-sec.com\/#\/schema\/logo\/image\/\",\"url\":\"https:\/\/xn--schlsseldienstbremen-sec.com\/wp-content\/uploads\/2023\/02\/sweet-cakes-1.png\",\"contentUrl\":\"https:\/\/xn--schlsseldienstbremen-sec.com\/wp-content\/uploads\/2023\/02\/sweet-cakes-1.png\",\"width\":500,\"height\":500,\"caption\":\"Schl\u00fcsseldienst-Bremen-Eck\"},\"image\":{\"@id\":\"https:\/\/xn--schlsseldienstbremen-sec.com\/#\/schema\/logo\/image\/\"},\"sameAs\":[\"https:\/\/instagram.com\/schluesseldienstbremen\"]}]}<\/script>\n<!-- \/ Yoast SEO plugin. -->","yoast_head_json":{"title":"Schl\u00fcsseldienst Bremen Tenever \u2013 24h T\u00fcr\u00f6ffnung zum fairen Preis","description":"Schl\u00fcsseldienst Bremen Tenever \u2013 24h T\u00fcr\u00f6ffnung zum fairen Preis \u2705 25 Jahre Erfahrung\u270510-35 Mi vor Ort\u2705 Ec Zahlung \u2705 \u260e\ufe0f0421\/49954493","robots":{"index":"index","follow":"follow","max-snippet":"max-snippet:-1","max-image-preview":"max-image-preview:large","max-video-preview":"max-video-preview:-1"},"canonical":"https:\/\/xn--schlsseldienstbremen-sec.com\/en\/tenever\/","og_locale":"en_US","og_type":"article","og_title":"Schl\u00fcsseldienst Bremen Tenever \u2013 24h T\u00fcr\u00f6ffnung zum fairen Preis","og_description":"Schl\u00fcsseldienst Bremen Tenever \u2013 24h T\u00fcr\u00f6ffnung zum fairen Preis \u2705 25 Jahre Erfahrung\u270510-35 Mi vor Ort\u2705 Ec Zahlung \u2705 \u260e\ufe0f0421\/49954493","og_url":"https:\/\/xn--schlsseldienstbremen-sec.com\/en\/tenever\/","og_site_name":"Schl\u00fcsseldienst-Bremen","article_modified_time":"2025-02-14T12:11:25+00:00","og_image":[{"width":2560,"height":1186,"url":"https:\/\/xn--schlsseldienstbremen-sec.com\/wp-content\/uploads\/2025\/01\/Schluessel-scaled.jpg","type":"image\/jpeg"}],"twitter_card":"summary_large_image","twitter_misc":{"Est. reading time":"2 minutes"},"schema":{"@context":"https:\/\/schema.org","@graph":[{"@type":"WebPage","@id":"https:\/\/xn--schlsseldienstbremen-sec.com\/tenever\/","url":"https:\/\/xn--schlsseldienstbremen-sec.com\/tenever\/","name":"Schl\u00fcsseldienst Bremen Tenever \u2013 24h T\u00fcr\u00f6ffnung zum fairen Preis","isPartOf":{"@id":"https:\/\/xn--schlsseldienstbremen-sec.com\/#website"},"datePublished":"2023-02-18T20:03:01+00:00","dateModified":"2025-02-14T12:11:25+00:00","description":"Schl\u00fcsseldienst Bremen Tenever \u2013 24h T\u00fcr\u00f6ffnung zum fairen Preis \u2705 25 Jahre Erfahrung\u270510-35 Mi vor Ort\u2705 Ec Zahlung \u2705 \u260e\ufe0f0421\/49954493","breadcrumb":{"@id":"https:\/\/xn--schlsseldienstbremen-sec.com\/tenever\/#breadcrumb"},"inLanguage":"en-US","potentialAction":[{"@type":"ReadAction","target":["https:\/\/xn--schlsseldienstbremen-sec.com\/tenever\/"]}]},{"@type":"BreadcrumbList","@id":"https:\/\/xn--schlsseldienstbremen-sec.com\/tenever\/#breadcrumb","itemListElement":[{"@type":"ListItem","position":1,"name":"Startseite","item":"https:\/\/xn--schlsseldienstbremen-sec.com\/"},{"@type":"ListItem","position":2,"name":"Schl\u00fcsseldienst Bremen Tenever"}]},{"@type":"WebSite","@id":"https:\/\/xn--schlsseldienstbremen-sec.com\/#website","url":"https:\/\/xn--schlsseldienstbremen-sec.com\/","name":"Schl\u00fcsseldienst-Bremen","description":"Schl\u00fcsseldienst 24 Stunden Festpreis","publisher":{"@id":"https:\/\/xn--schlsseldienstbremen-sec.com\/#organization"},"potentialAction":[{"@type":"SearchAction","target":{"@type":"EntryPoint","urlTemplate":"https:\/\/xn--schlsseldienstbremen-sec.com\/?s={search_term_string}"},"query-input":"required name=search_term_string"}],"inLanguage":"en-US"},{"@type":"Organization","@id":"https:\/\/xn--schlsseldienstbremen-sec.com\/#organization","name":"Schl\u00fcsseldienst-Bremen-Eck","url":"https:\/\/xn--schlsseldienstbremen-sec.com\/","logo":{"@type":"ImageObject","inLanguage":"en-US","@id":"https:\/\/xn--schlsseldienstbremen-sec.com\/#\/schema\/logo\/image\/","url":"https:\/\/xn--schlsseldienstbremen-sec.com\/wp-content\/uploads\/2023\/02\/sweet-cakes-1.png","contentUrl":"https:\/\/xn--schlsseldienstbremen-sec.com\/wp-content\/uploads\/2023\/02\/sweet-cakes-1.png","width":500,"height":500,"caption":"Schl\u00fcsseldienst-Bremen-Eck"},"image":{"@id":"https:\/\/xn--schlsseldienstbremen-sec.com\/#\/schema\/logo\/image\/"},"sameAs":["https:\/\/instagram.com\/schluesseldienstbremen"]}]}},"amp_enabled":true,"_links":{"self":[{"href":"https:\/\/xn--schlsseldienstbremen-sec.com\/en\/wp-json\/wp\/v2\/pages\/2083"}],"collection":[{"href":"https:\/\/xn--schlsseldienstbremen-sec.com\/en\/wp-json\/wp\/v2\/pages"}],"about":[{"href":"https:\/\/xn--schlsseldienstbremen-sec.com\/en\/wp-json\/wp\/v2\/types\/page"}],"author":[{"embeddable":true,"href":"https:\/\/xn--schlsseldienstbremen-sec.com\/en\/wp-json\/wp\/v2\/users\/2"}],"replies":[{"embeddable":true,"href":"https:\/\/xn--schlsseldienstbremen-sec.com\/en\/wp-json\/wp\/v2\/comments?post=2083"}],"version-history":[{"count":1,"href":"https:\/\/xn--schlsseldienstbremen-sec.com\/en\/wp-json\/wp\/v2\/pages\/2083\/revisions"}],"predecessor-version":[{"id":2798,"href":"https:\/\/xn--schlsseldienstbremen-sec.com\/en\/wp-json\/wp\/v2\/pages\/2083\/revisions\/2798"}],"wp:featuredmedia":[{"embeddable":true,"href":"https:\/\/xn--schlsseldienstbremen-sec.com\/en\/wp-json\/wp\/v2\/media\/2706"}],"wp:attachment":[{"href":"https:\/\/xn--schlsseldienstbremen-sec.com\/en\/wp-json\/wp\/v2\/media?parent=2083"}],"curies":[{"name":"wp","href":"https:\/\/api.w.org\/{rel}","templated":true}]}}