{"id":2091,"date":"2023-02-21T17:16:18","date_gmt":"2023-02-21T17:16:18","guid":{"rendered":"https:\/\/schluesseldienstbremen.org\/?page_id=2091"},"modified":"2025-02-19T15:28:21","modified_gmt":"2025-02-19T15:28:21","slug":"oyten","status":"publish","type":"page","link":"https:\/\/xn--schlsseldienstbremen-sec.com\/en\/oyten\/","title":{"rendered":"Schl\u00fcsseldienst Oyten"},"content":{"rendered":"<h3 class=\"wp-block-heading\"><strong>Locksmith<a href=\"https:\/\/de.wikipedia.org\/wiki\/Oyten\"> Oyten <\/a>\u2013 Ihr schneller Helfer in der Not<\/strong><\/h3>\n\n\n\n<p>Haben Sie sich in <strong>Oyten<\/strong> ausgesperrt oder Ihren Schl\u00fcssel verloren? Keine Sorge! Unser <strong>Schl\u00fcsseldienst f\u00fcr Oyten<\/strong> ist Ihr verl\u00e4sslicher Partner f\u00fcr schnelle und professionelle T\u00fcr\u00f6ffnungen. Egal, ob Ihre T\u00fcr zugefallen ist, das Schloss klemmt oder der Schl\u00fcssel abgebrochen ist \u2013 wir helfen Ihnen schnell, zuverl\u00e4ssig und zu fairen Preisen.<\/p>\n\n\n\n<h4 class=\"wp-block-heading\"><strong>24\/7 Notdienst \u2013 Immer f\u00fcr Sie da!<\/strong><\/h4>\n\n\n\n<p>Notf\u00e4lle kennen keine Uhrzeit! Deshalb sind wir <strong>rund um die Uhr, 7 Tage die Woche<\/strong> f\u00fcr Sie erreichbar. Ob mitten in der Nacht, am Wochenende oder an Feiertagen \u2013 unser <strong>mobiler Schl\u00fcsseldienst ist in Oyten schnell vor Ort<\/strong>, um Ihnen aus der misslichen Lage zu helfen.<\/p>\n\n\n\n<p>\ud83d\udcde <strong>Jetzt anrufen:<\/strong> <strong>0421-4<\/strong>9954493<\/p>\n\n\n\n<h4 class=\"wp-block-heading\"><strong>Unsere Leistungen im \u00dcberblick:<\/strong><\/h4>\n\n\n\n<p><strong>T\u00fcr\u00f6ffnungen ohne Sch\u00e4den<\/strong> \u2013 Wir \u00f6ffnen Ihre T\u00fcr schnell und schonend.<br><strong>Schlosswechsel &amp; Reparaturen<\/strong> \u2013 Alte oder defekte Schl\u00f6sser tauschen wir fachgerecht aus.<br> <strong>Auto\u00f6ffnung<\/strong> \u2013 Sie haben sich aus Ihrem Fahrzeug ausgesperrt? Wir helfen, ohne das Schloss zu besch\u00e4digen.<br><strong>Tresor\u00f6ffnungen<\/strong> \u2013 Auch bei verschlossenen Tresoren finden wir eine L\u00f6sung.<br><strong>Sicherheitsberatung &amp; Einbruchschutz<\/strong> \u2013 Wir beraten Sie zu modernen Schlie\u00dfsystemen und erh\u00f6hen die Sicherheit Ihrer Immobilie.<\/p>\n\n\n\n<h4 class=\"wp-block-heading\"><strong>Warum unser Schl\u00fcsseldienst Edu f\u00fcr Oyten?<\/strong><\/h4>\n\n\n\n<p><strong>Schnelle Reaktionszeit:<\/strong> In der Regel sind wir <strong>innerhalb von 30 Minuten<\/strong> bei Ihnen in Oyten.<br><strong>Transparente Preise:<\/strong> Keine versteckten Kosten \u2013 Sie erfahren <strong>vorab<\/strong>, welche Geb\u00fchren anfallen.<br><strong>Fachkundige Monteure:<\/strong> Unsere Experten sind bestens geschult und arbeiten professionell.<br> <strong>Erfahrung &amp; Vertrauen:<\/strong> Seit vielen Jahren sind wir als seri\u00f6ser Schl\u00fcsseldienst in der Region Oyten t\u00e4tig.<\/p>\n\n\n\n<h4 class=\"wp-block-heading\"><strong>Soforthilfe \u2013 Jetzt anrufen!<\/strong><\/h4>\n\n\n\n<p>Ob verlorene Schl\u00fcssel, zugefallene T\u00fcren oder ein defektes Schloss \u2013 unser <strong>Schl\u00fcsseldienst Edu f\u00fcr  ist Ihr zuverl\u00e4ssiger Ansprechpartner<\/strong> f\u00fcr schnelle Hilfe und h\u00f6chste Sicherheit.<\/p>\n\n\n\n<p>\ud83d\udcde <strong>Direkt erreichbar unter:<\/strong> <strong>0421-4<\/strong>9954493<\/p>\n\n\n\n<p>\ud83d\udd11 <strong><a href=\"https:\/\/xn--schlsseldienstbremen-sec.com\/en\/\">Locksmith <\/a><\/strong> Edu f\u00fcr <strong>Oyten \u2013 Sicherheit &amp; Service, wann immer Sie uns brauchen!<\/strong><\/p>","protected":false},"excerpt":{"rendered":"<p>Schl\u00fcsseldienst Oyten \u2013 Ihr schneller Helfer in der Not Haben Sie sich in Oyten ausgesperrt oder Ihren Schl\u00fcssel verloren? Keine Sorge! Unser Schl\u00fcsseldienst f\u00fcr Oyten ist Ihr verl\u00e4sslicher Partner f\u00fcr schnelle und professionelle T\u00fcr\u00f6ffnungen. Egal, ob Ihre T\u00fcr zugefallen ist, das Schloss klemmt oder der&#8230;<\/p>","protected":false},"author":2,"featured_media":2726,"parent":0,"menu_order":0,"comment_status":"closed","ping_status":"closed","template":"","meta":{"footnotes":""},"yoast_head":"<!-- This site is optimized with the Yoast SEO plugin v20.5 - https:\/\/yoast.com\/wordpress\/plugins\/seo\/ -->\n<title>Schl\u00fcsseldienst Oyten 24h T\u00fcr\u00f6ffnung<\/title>\n<meta name=\"description\" content=\"Schl\u00fcsseldienst Oyten \u2714\ufe0f T\u00fcr\u00f6ffnung 24h\u2714\ufe0f 10-30 Min. vor Ort\u2714\ufe0f 24h Schl\u00fcsselnotdienst\u2714\ufe0f \u2714\ufe0flangj\u00e4hrige Erfahrung\u2714\ufe0f \u260e\ufe0f 0421-49954493\" \/>\n<meta name=\"robots\" content=\"index, follow, max-snippet:-1, max-image-preview:large, max-video-preview:-1\" \/>\n<link rel=\"canonical\" href=\"https:\/\/xn--schlsseldienstbremen-sec.com\/en\/oyten\/\" \/>\n<meta property=\"og:locale\" content=\"en_US\" \/>\n<meta property=\"og:type\" content=\"article\" \/>\n<meta property=\"og:title\" content=\"Schl\u00fcsseldienst Oyten 24h T\u00fcr\u00f6ffnung\" \/>\n<meta property=\"og:description\" content=\"Schl\u00fcsseldienst Oyten \u2714\ufe0f T\u00fcr\u00f6ffnung 24h\u2714\ufe0f 10-30 Min. vor Ort\u2714\ufe0f 24h Schl\u00fcsselnotdienst\u2714\ufe0f \u2714\ufe0flangj\u00e4hrige Erfahrung\u2714\ufe0f \u260e\ufe0f 0421-49954493\" \/>\n<meta property=\"og:url\" content=\"https:\/\/xn--schlsseldienstbremen-sec.com\/en\/oyten\/\" \/>\n<meta property=\"og:site_name\" content=\"Schl\u00fcsseldienst-Bremen\" \/>\n<meta property=\"article:modified_time\" content=\"2025-02-19T15:28:21+00:00\" \/>\n<meta property=\"og:image\" content=\"https:\/\/xn--schlsseldienstbremen-sec.com\/wp-content\/uploads\/2025\/01\/Schluesseldienst-Bremen.jpeg\" \/>\n\t<meta property=\"og:image:width\" content=\"1171\" \/>\n\t<meta property=\"og:image:height\" content=\"1181\" \/>\n\t<meta property=\"og:image:type\" content=\"image\/jpeg\" \/>\n<meta name=\"twitter:card\" content=\"summary_large_image\" \/>\n<meta name=\"twitter:label1\" content=\"Est. reading time\" \/>\n\t<meta name=\"twitter:data1\" content=\"2 minutes\" \/>\n<script type=\"application\/ld+json\" class=\"yoast-schema-graph\">{\"@context\":\"https:\/\/schema.org\",\"@graph\":[{\"@type\":\"WebPage\",\"@id\":\"https:\/\/xn--schlsseldienstbremen-sec.com\/oyten\/\",\"url\":\"https:\/\/xn--schlsseldienstbremen-sec.com\/oyten\/\",\"name\":\"Schl\u00fcsseldienst Oyten 24h T\u00fcr\u00f6ffnung\",\"isPartOf\":{\"@id\":\"https:\/\/xn--schlsseldienstbremen-sec.com\/#website\"},\"datePublished\":\"2023-02-21T17:16:18+00:00\",\"dateModified\":\"2025-02-19T15:28:21+00:00\",\"description\":\"Schl\u00fcsseldienst Oyten \u2714\ufe0f T\u00fcr\u00f6ffnung 24h\u2714\ufe0f 10-30 Min. vor Ort\u2714\ufe0f 24h Schl\u00fcsselnotdienst\u2714\ufe0f \u2714\ufe0flangj\u00e4hrige Erfahrung\u2714\ufe0f \u260e\ufe0f 0421-49954493\",\"breadcrumb\":{\"@id\":\"https:\/\/xn--schlsseldienstbremen-sec.com\/oyten\/#breadcrumb\"},\"inLanguage\":\"en-US\",\"potentialAction\":[{\"@type\":\"ReadAction\",\"target\":[\"https:\/\/xn--schlsseldienstbremen-sec.com\/oyten\/\"]}]},{\"@type\":\"BreadcrumbList\",\"@id\":\"https:\/\/xn--schlsseldienstbremen-sec.com\/oyten\/#breadcrumb\",\"itemListElement\":[{\"@type\":\"ListItem\",\"position\":1,\"name\":\"Startseite\",\"item\":\"https:\/\/xn--schlsseldienstbremen-sec.com\/\"},{\"@type\":\"ListItem\",\"position\":2,\"name\":\"Schl\u00fcsseldienst Oyten\"}]},{\"@type\":\"WebSite\",\"@id\":\"https:\/\/xn--schlsseldienstbremen-sec.com\/#website\",\"url\":\"https:\/\/xn--schlsseldienstbremen-sec.com\/\",\"name\":\"Schl\u00fcsseldienst-Bremen\",\"description\":\"Schl\u00fcsseldienst 24 Stunden Festpreis\",\"publisher\":{\"@id\":\"https:\/\/xn--schlsseldienstbremen-sec.com\/#organization\"},\"potentialAction\":[{\"@type\":\"SearchAction\",\"target\":{\"@type\":\"EntryPoint\",\"urlTemplate\":\"https:\/\/xn--schlsseldienstbremen-sec.com\/?s={search_term_string}\"},\"query-input\":\"required name=search_term_string\"}],\"inLanguage\":\"en-US\"},{\"@type\":\"Organization\",\"@id\":\"https:\/\/xn--schlsseldienstbremen-sec.com\/#organization\",\"name\":\"Schl\u00fcsseldienst-Bremen-Eck\",\"url\":\"https:\/\/xn--schlsseldienstbremen-sec.com\/\",\"logo\":{\"@type\":\"ImageObject\",\"inLanguage\":\"en-US\",\"@id\":\"https:\/\/xn--schlsseldienstbremen-sec.com\/#\/schema\/logo\/image\/\",\"url\":\"https:\/\/xn--schlsseldienstbremen-sec.com\/wp-content\/uploads\/2023\/02\/sweet-cakes-1.png\",\"contentUrl\":\"https:\/\/xn--schlsseldienstbremen-sec.com\/wp-content\/uploads\/2023\/02\/sweet-cakes-1.png\",\"width\":500,\"height\":500,\"caption\":\"Schl\u00fcsseldienst-Bremen-Eck\"},\"image\":{\"@id\":\"https:\/\/xn--schlsseldienstbremen-sec.com\/#\/schema\/logo\/image\/\"},\"sameAs\":[\"https:\/\/instagram.com\/schluesseldienstbremen\"]}]}<\/script>\n<!-- \/ Yoast SEO plugin. -->","yoast_head_json":{"title":"Schl\u00fcsseldienst Oyten 24h T\u00fcr\u00f6ffnung","description":"Schl\u00fcsseldienst Oyten \u2714\ufe0f T\u00fcr\u00f6ffnung 24h\u2714\ufe0f 10-30 Min. vor Ort\u2714\ufe0f 24h Schl\u00fcsselnotdienst\u2714\ufe0f \u2714\ufe0flangj\u00e4hrige Erfahrung\u2714\ufe0f \u260e\ufe0f 0421-49954493","robots":{"index":"index","follow":"follow","max-snippet":"max-snippet:-1","max-image-preview":"max-image-preview:large","max-video-preview":"max-video-preview:-1"},"canonical":"https:\/\/xn--schlsseldienstbremen-sec.com\/en\/oyten\/","og_locale":"en_US","og_type":"article","og_title":"Schl\u00fcsseldienst Oyten 24h T\u00fcr\u00f6ffnung","og_description":"Schl\u00fcsseldienst Oyten \u2714\ufe0f T\u00fcr\u00f6ffnung 24h\u2714\ufe0f 10-30 Min. vor Ort\u2714\ufe0f 24h Schl\u00fcsselnotdienst\u2714\ufe0f \u2714\ufe0flangj\u00e4hrige Erfahrung\u2714\ufe0f \u260e\ufe0f 0421-49954493","og_url":"https:\/\/xn--schlsseldienstbremen-sec.com\/en\/oyten\/","og_site_name":"Schl\u00fcsseldienst-Bremen","article_modified_time":"2025-02-19T15:28:21+00:00","og_image":[{"width":1171,"height":1181,"url":"https:\/\/xn--schlsseldienstbremen-sec.com\/wp-content\/uploads\/2025\/01\/Schluesseldienst-Bremen.jpeg","type":"image\/jpeg"}],"twitter_card":"summary_large_image","twitter_misc":{"Est. reading time":"2 minutes"},"schema":{"@context":"https:\/\/schema.org","@graph":[{"@type":"WebPage","@id":"https:\/\/xn--schlsseldienstbremen-sec.com\/oyten\/","url":"https:\/\/xn--schlsseldienstbremen-sec.com\/oyten\/","name":"Schl\u00fcsseldienst Oyten 24h T\u00fcr\u00f6ffnung","isPartOf":{"@id":"https:\/\/xn--schlsseldienstbremen-sec.com\/#website"},"datePublished":"2023-02-21T17:16:18+00:00","dateModified":"2025-02-19T15:28:21+00:00","description":"Schl\u00fcsseldienst Oyten \u2714\ufe0f T\u00fcr\u00f6ffnung 24h\u2714\ufe0f 10-30 Min. vor Ort\u2714\ufe0f 24h Schl\u00fcsselnotdienst\u2714\ufe0f \u2714\ufe0flangj\u00e4hrige Erfahrung\u2714\ufe0f \u260e\ufe0f 0421-49954493","breadcrumb":{"@id":"https:\/\/xn--schlsseldienstbremen-sec.com\/oyten\/#breadcrumb"},"inLanguage":"en-US","potentialAction":[{"@type":"ReadAction","target":["https:\/\/xn--schlsseldienstbremen-sec.com\/oyten\/"]}]},{"@type":"BreadcrumbList","@id":"https:\/\/xn--schlsseldienstbremen-sec.com\/oyten\/#breadcrumb","itemListElement":[{"@type":"ListItem","position":1,"name":"Startseite","item":"https:\/\/xn--schlsseldienstbremen-sec.com\/"},{"@type":"ListItem","position":2,"name":"Schl\u00fcsseldienst Oyten"}]},{"@type":"WebSite","@id":"https:\/\/xn--schlsseldienstbremen-sec.com\/#website","url":"https:\/\/xn--schlsseldienstbremen-sec.com\/","name":"Schl\u00fcsseldienst-Bremen","description":"Schl\u00fcsseldienst 24 Stunden Festpreis","publisher":{"@id":"https:\/\/xn--schlsseldienstbremen-sec.com\/#organization"},"potentialAction":[{"@type":"SearchAction","target":{"@type":"EntryPoint","urlTemplate":"https:\/\/xn--schlsseldienstbremen-sec.com\/?s={search_term_string}"},"query-input":"required name=search_term_string"}],"inLanguage":"en-US"},{"@type":"Organization","@id":"https:\/\/xn--schlsseldienstbremen-sec.com\/#organization","name":"Schl\u00fcsseldienst-Bremen-Eck","url":"https:\/\/xn--schlsseldienstbremen-sec.com\/","logo":{"@type":"ImageObject","inLanguage":"en-US","@id":"https:\/\/xn--schlsseldienstbremen-sec.com\/#\/schema\/logo\/image\/","url":"https:\/\/xn--schlsseldienstbremen-sec.com\/wp-content\/uploads\/2023\/02\/sweet-cakes-1.png","contentUrl":"https:\/\/xn--schlsseldienstbremen-sec.com\/wp-content\/uploads\/2023\/02\/sweet-cakes-1.png","width":500,"height":500,"caption":"Schl\u00fcsseldienst-Bremen-Eck"},"image":{"@id":"https:\/\/xn--schlsseldienstbremen-sec.com\/#\/schema\/logo\/image\/"},"sameAs":["https:\/\/instagram.com\/schluesseldienstbremen"]}]}},"amp_enabled":true,"_links":{"self":[{"href":"https:\/\/xn--schlsseldienstbremen-sec.com\/en\/wp-json\/wp\/v2\/pages\/2091"}],"collection":[{"href":"https:\/\/xn--schlsseldienstbremen-sec.com\/en\/wp-json\/wp\/v2\/pages"}],"about":[{"href":"https:\/\/xn--schlsseldienstbremen-sec.com\/en\/wp-json\/wp\/v2\/types\/page"}],"author":[{"embeddable":true,"href":"https:\/\/xn--schlsseldienstbremen-sec.com\/en\/wp-json\/wp\/v2\/users\/2"}],"replies":[{"embeddable":true,"href":"https:\/\/xn--schlsseldienstbremen-sec.com\/en\/wp-json\/wp\/v2\/comments?post=2091"}],"version-history":[{"count":2,"href":"https:\/\/xn--schlsseldienstbremen-sec.com\/en\/wp-json\/wp\/v2\/pages\/2091\/revisions"}],"predecessor-version":[{"id":2823,"href":"https:\/\/xn--schlsseldienstbremen-sec.com\/en\/wp-json\/wp\/v2\/pages\/2091\/revisions\/2823"}],"wp:featuredmedia":[{"embeddable":true,"href":"https:\/\/xn--schlsseldienstbremen-sec.com\/en\/wp-json\/wp\/v2\/media\/2726"}],"wp:attachment":[{"href":"https:\/\/xn--schlsseldienstbremen-sec.com\/en\/wp-json\/wp\/v2\/media?parent=2091"}],"curies":[{"name":"wp","href":"https:\/\/api.w.org\/{rel}","templated":true}]}}