{"id":2114,"date":"2023-02-28T18:52:05","date_gmt":"2023-02-28T18:52:05","guid":{"rendered":"https:\/\/schluesseldienstbremen.org\/?page_id=2114"},"modified":"2025-02-05T13:47:14","modified_gmt":"2025-02-05T13:47:14","slug":"schluesseldienst-achim","status":"publish","type":"page","link":"https:\/\/xn--schlsseldienstbremen-sec.com\/en\/schluesseldienst-achim\/","title":{"rendered":"Schl\u00fcsseldienst Achim"},"content":{"rendered":"<p><strong><a href=\"https:\/\/xn--schlsseldienstbremen-sec.com\/en\/\">Locksmith<\/a> Achim \u2013 Ihr 24\/7 Notdienst f\u00fcr schnelle T\u00fcr\u00f6ffnungen<\/strong><\/p>\n\n\n\n<p>Wenn Sie sich ausgesperrt haben oder Ihren Schl\u00fcssel verloren haben, ist der <strong>Schl\u00fcsseldienst Achim<\/strong> Ihr zuverl\u00e4ssiger Partner. Unser <strong>24-Stunden-Notdienst<\/strong> steht Ihnen an 365 Tagen im Jahr zur Verf\u00fcgung, um Ihnen schnellen Zugang zu Ihrem Haus, Ihrer Wohnung oder Ihrem Auto zu verschaffen. Mit unserem <strong>Schl\u00fcsseldienst Edu<\/strong> in <strong>Bremen Osterholz (Schweizer Eck)<\/strong> sind wir auch in Achim und Umgebung in nur wenigen Minuten bei Ihnen vor Ort.<\/p>\n\n\n\n<h3 class=\"wp-block-heading\">Schnell, sicher und zuverl\u00e4ssig \u2013 Ihr Schl\u00fcsseldienst in Achim<\/h3>\n\n\n\n<p>Wir sind speziell ausgebildet und verf\u00fcgen \u00fcber modernste Werkzeuge, um <strong>jede Art von T\u00fcr oder Schloss ohne Sch\u00e4den<\/strong> zu \u00f6ffnen. Egal ob es sich um eine einfache Haust\u00fcr, eine Sicherheitst\u00fcr oder ein Autoschloss handelt \u2013 wir bieten Ihnen eine <strong>sichere und professionelle T\u00fcr\u00f6ffnung<\/strong>.<\/p>\n\n\n\n<p>Ein unqualifizierter Versuch, die T\u00fcr selbst zu \u00f6ffnen, kann das Schloss oder die T\u00fcr besch\u00e4digen und unn\u00f6tige Kosten verursachen. Daher sollten Sie immer einen erfahrenen Fachmann beauftragen. Unser Team vom <strong>Schl\u00fcsseldienst Achim<\/strong> ist bestens geschult und sorgt daf\u00fcr, dass Ihre T\u00fcr schnell und ohne Sch\u00e4den ge\u00f6ffnet wird.<\/p>\n\n\n\n<h3 class=\"wp-block-heading\">Weitere Dienstleistungen vom Schl\u00fcsseldienst Achim<\/h3>\n\n\n\n<p>Neben der T\u00fcr\u00f6ffnung bieten wir auch <strong>weitere Schl\u00fcsseldienstleistungen<\/strong> in Achim an:<\/p>\n\n\n\n<ul>\n<li><strong>Schlosswechsel und Reparaturen<\/strong>: Wenn Ihr Schloss besch\u00e4digt ist oder Sie aus sicherheitsgr\u00fcnden ein neues Schloss ben\u00f6tigen, helfen wir Ihnen schnell und unkompliziert.<\/li>\n\n\n\n<li><strong>Schl\u00fcssel nachmachen<\/strong>: Wir fertigen pr\u00e4zise Kopien Ihrer Schl\u00fcssel an \u2013 sei es f\u00fcr Ihr Haus, B\u00fcro oder Auto.<\/li>\n\n\n\n<li><strong>Beratung zur Einbruchsicherung<\/strong>: Wir beraten Sie, Wie Sie Ihr Zuhause oder Ihr unternehmen besser vor Einbr\u00fcchen sch\u00fctzen k\u00f6nnen.<\/li>\n<\/ul>\n\n\n\n<h3 class=\"wp-block-heading\">Warum Schl\u00fcsseldienst Achim?<\/h3>\n\n\n\n<ul>\n<li><strong>24\/7 Notdienst<\/strong>: Wir sind rund um die Uhr f\u00fcr Sie erreichbar \u2013 auch an Wochenenden und Feiertagen.<\/li>\n\n\n\n<li><strong>Schnelle Anfahrt<\/strong>: Wir sind nur <strong>5 Minuten vom Weserpark<\/strong> entfernt und k\u00f6nnen schnell in Achim und Umgebung vor Ort sein.<\/li>\n\n\n\n<li><strong>Faire und transparente Preis<\/strong>e<\/li>\n<\/ul>\n\n\n\n<h3 class=\"wp-block-heading\">Vertrauen Sie auf Erfahrung und Qualit\u00e4t<\/h3>\n\n\n\n<p>Schl\u00fcssel sind ein wichtiger bestandteil unseres t\u00e4glichen Lebens. Sie gew\u00e4hren uns Zugang zu unseren H\u00e4usern, Autos und pers\u00f6nlichen Bereichen. Wenn jedoch der Schl\u00fcssel verloren geht oder im Schloss stecken bleibt, ist schnelle Hilfe gefragt. <strong>Locksmith <\/strong>Edu bietet Ihnen genau diese Hilfe \u2013 schnell, zuverl\u00e4ssig und ohne Sch\u00e4den.<\/p>\n\n\n\n<p>Es ist wichtig, einen <strong>vertrauensw\u00fcrdigen und erfahrenen Schl\u00fcsseldienst<\/strong> zu w\u00e4hlen. Unsere <strong>Reputation<\/strong> spricht f\u00fcr sich: Wir stehen f\u00fcr <strong>Zuverl\u00e4ssigkeit, faire Preise<\/strong> und <strong>schnellen Service<\/strong>.<\/p>\n\n\n\n<h3 class=\"wp-block-heading\">Kontaktieren Sie uns jetzt!<\/h3>\n\n\n\n<p>Wenn Sie sich ausgesperrt haben oder Hilfe bei einem Schlossproblem ben\u00f6tigen, z\u00f6gern Sie nicht, uns zu kontaktieren. <strong>Locksmith <a href=\"https:\/\/de.wikipedia.org\/wiki\/Achim\">Achim<\/a><\/strong> ist Ihr kompetenter Partner in Notf\u00e4llen.<\/p>\n\n\n\n<p><strong>Rufen Sie uns an: 0421-49954493<\/strong> \u2013 wir sind sofort zur Stelle!<\/p>\n\n\n\n<p><\/p>","protected":false},"excerpt":{"rendered":"<p>Schl\u00fcsseldienst Achim \u2013 Ihr 24\/7 Notdienst f\u00fcr schnelle T\u00fcr\u00f6ffnungen Wenn Sie sich ausgesperrt haben oder Ihren Schl\u00fcssel verloren haben, ist der Schl\u00fcsseldienst Achim Ihr zuverl\u00e4ssiger Partner. Unser 24-Stunden-Notdienst steht Ihnen an 365 Tagen im Jahr zur Verf\u00fcgung, um Ihnen schnellen Zugang zu Ihrem Haus, Ihrer&#8230;<\/p>","protected":false},"author":2,"featured_media":2726,"parent":0,"menu_order":0,"comment_status":"closed","ping_status":"closed","template":"","meta":{"footnotes":""},"yoast_head":"<!-- This site is optimized with the Yoast SEO plugin v20.5 - https:\/\/yoast.com\/wordpress\/plugins\/seo\/ -->\n<title>Schl\u00fcsseldienst Achim<\/title>\n<meta name=\"description\" content=\"Schl\u00fcsseldienst Achim 24\/7 \u2705 Schnell vor Ort\u2705freundlich \u2705Fair Preisen\u2705 Jahre Lange Erfahrungen\u2705 \u260e\ufe0f 0421-49954493\" \/>\n<meta name=\"robots\" content=\"index, follow, max-snippet:-1, max-image-preview:large, max-video-preview:-1\" \/>\n<link rel=\"canonical\" href=\"https:\/\/xn--schlsseldienstbremen-sec.com\/en\/schluesseldienst-achim\/\" \/>\n<meta property=\"og:locale\" content=\"en_US\" \/>\n<meta property=\"og:type\" content=\"article\" \/>\n<meta property=\"og:title\" content=\"Schl\u00fcsseldienst Achim\" \/>\n<meta property=\"og:description\" content=\"Schl\u00fcsseldienst Achim 24\/7 \u2705 Schnell vor Ort\u2705freundlich \u2705Fair Preisen\u2705 Jahre Lange Erfahrungen\u2705 \u260e\ufe0f 0421-49954493\" \/>\n<meta property=\"og:url\" content=\"https:\/\/xn--schlsseldienstbremen-sec.com\/en\/schluesseldienst-achim\/\" \/>\n<meta property=\"og:site_name\" content=\"Schl\u00fcsseldienst-Bremen\" \/>\n<meta property=\"article:modified_time\" content=\"2025-02-05T13:47:14+00:00\" \/>\n<meta property=\"og:image\" content=\"https:\/\/xn--schlsseldienstbremen-sec.com\/wp-content\/uploads\/2025\/01\/Schluesseldienst-Bremen.jpeg\" \/>\n\t<meta property=\"og:image:width\" content=\"1171\" \/>\n\t<meta property=\"og:image:height\" content=\"1181\" \/>\n\t<meta property=\"og:image:type\" content=\"image\/jpeg\" \/>\n<meta name=\"twitter:card\" content=\"summary_large_image\" \/>\n<meta name=\"twitter:label1\" content=\"Est. reading time\" \/>\n\t<meta name=\"twitter:data1\" content=\"3 minutes\" \/>\n<script type=\"application\/ld+json\" class=\"yoast-schema-graph\">{\"@context\":\"https:\/\/schema.org\",\"@graph\":[{\"@type\":\"WebPage\",\"@id\":\"https:\/\/xn--schlsseldienstbremen-sec.com\/schluesseldienst-achim\/\",\"url\":\"https:\/\/xn--schlsseldienstbremen-sec.com\/schluesseldienst-achim\/\",\"name\":\"Schl\u00fcsseldienst Achim\",\"isPartOf\":{\"@id\":\"https:\/\/xn--schlsseldienstbremen-sec.com\/#website\"},\"datePublished\":\"2023-02-28T18:52:05+00:00\",\"dateModified\":\"2025-02-05T13:47:14+00:00\",\"description\":\"Schl\u00fcsseldienst Achim 24\/7 \u2705 Schnell vor Ort\u2705freundlich \u2705Fair Preisen\u2705 Jahre Lange Erfahrungen\u2705 \u260e\ufe0f 0421-49954493\",\"breadcrumb\":{\"@id\":\"https:\/\/xn--schlsseldienstbremen-sec.com\/schluesseldienst-achim\/#breadcrumb\"},\"inLanguage\":\"en-US\",\"potentialAction\":[{\"@type\":\"ReadAction\",\"target\":[\"https:\/\/xn--schlsseldienstbremen-sec.com\/schluesseldienst-achim\/\"]}]},{\"@type\":\"BreadcrumbList\",\"@id\":\"https:\/\/xn--schlsseldienstbremen-sec.com\/schluesseldienst-achim\/#breadcrumb\",\"itemListElement\":[{\"@type\":\"ListItem\",\"position\":1,\"name\":\"Startseite\",\"item\":\"https:\/\/xn--schlsseldienstbremen-sec.com\/\"},{\"@type\":\"ListItem\",\"position\":2,\"name\":\"Schl\u00fcsseldienst Achim\"}]},{\"@type\":\"WebSite\",\"@id\":\"https:\/\/xn--schlsseldienstbremen-sec.com\/#website\",\"url\":\"https:\/\/xn--schlsseldienstbremen-sec.com\/\",\"name\":\"Schl\u00fcsseldienst-Bremen\",\"description\":\"Schl\u00fcsseldienst 24 Stunden Festpreis\",\"publisher\":{\"@id\":\"https:\/\/xn--schlsseldienstbremen-sec.com\/#organization\"},\"potentialAction\":[{\"@type\":\"SearchAction\",\"target\":{\"@type\":\"EntryPoint\",\"urlTemplate\":\"https:\/\/xn--schlsseldienstbremen-sec.com\/?s={search_term_string}\"},\"query-input\":\"required name=search_term_string\"}],\"inLanguage\":\"en-US\"},{\"@type\":\"Organization\",\"@id\":\"https:\/\/xn--schlsseldienstbremen-sec.com\/#organization\",\"name\":\"Schl\u00fcsseldienst-Bremen-Eck\",\"url\":\"https:\/\/xn--schlsseldienstbremen-sec.com\/\",\"logo\":{\"@type\":\"ImageObject\",\"inLanguage\":\"en-US\",\"@id\":\"https:\/\/xn--schlsseldienstbremen-sec.com\/#\/schema\/logo\/image\/\",\"url\":\"https:\/\/xn--schlsseldienstbremen-sec.com\/wp-content\/uploads\/2023\/02\/sweet-cakes-1.png\",\"contentUrl\":\"https:\/\/xn--schlsseldienstbremen-sec.com\/wp-content\/uploads\/2023\/02\/sweet-cakes-1.png\",\"width\":500,\"height\":500,\"caption\":\"Schl\u00fcsseldienst-Bremen-Eck\"},\"image\":{\"@id\":\"https:\/\/xn--schlsseldienstbremen-sec.com\/#\/schema\/logo\/image\/\"},\"sameAs\":[\"https:\/\/instagram.com\/schluesseldienstbremen\"]}]}<\/script>\n<!-- \/ Yoast SEO plugin. -->","yoast_head_json":{"title":"Schl\u00fcsseldienst Achim","description":"Schl\u00fcsseldienst Achim 24\/7 \u2705 Schnell vor Ort\u2705freundlich \u2705Fair Preisen\u2705 Jahre Lange Erfahrungen\u2705 \u260e\ufe0f 0421-49954493","robots":{"index":"index","follow":"follow","max-snippet":"max-snippet:-1","max-image-preview":"max-image-preview:large","max-video-preview":"max-video-preview:-1"},"canonical":"https:\/\/xn--schlsseldienstbremen-sec.com\/en\/schluesseldienst-achim\/","og_locale":"en_US","og_type":"article","og_title":"Schl\u00fcsseldienst Achim","og_description":"Schl\u00fcsseldienst Achim 24\/7 \u2705 Schnell vor Ort\u2705freundlich \u2705Fair Preisen\u2705 Jahre Lange Erfahrungen\u2705 \u260e\ufe0f 0421-49954493","og_url":"https:\/\/xn--schlsseldienstbremen-sec.com\/en\/schluesseldienst-achim\/","og_site_name":"Schl\u00fcsseldienst-Bremen","article_modified_time":"2025-02-05T13:47:14+00:00","og_image":[{"width":1171,"height":1181,"url":"https:\/\/xn--schlsseldienstbremen-sec.com\/wp-content\/uploads\/2025\/01\/Schluesseldienst-Bremen.jpeg","type":"image\/jpeg"}],"twitter_card":"summary_large_image","twitter_misc":{"Est. reading time":"3 minutes"},"schema":{"@context":"https:\/\/schema.org","@graph":[{"@type":"WebPage","@id":"https:\/\/xn--schlsseldienstbremen-sec.com\/schluesseldienst-achim\/","url":"https:\/\/xn--schlsseldienstbremen-sec.com\/schluesseldienst-achim\/","name":"Schl\u00fcsseldienst Achim","isPartOf":{"@id":"https:\/\/xn--schlsseldienstbremen-sec.com\/#website"},"datePublished":"2023-02-28T18:52:05+00:00","dateModified":"2025-02-05T13:47:14+00:00","description":"Schl\u00fcsseldienst Achim 24\/7 \u2705 Schnell vor Ort\u2705freundlich \u2705Fair Preisen\u2705 Jahre Lange Erfahrungen\u2705 \u260e\ufe0f 0421-49954493","breadcrumb":{"@id":"https:\/\/xn--schlsseldienstbremen-sec.com\/schluesseldienst-achim\/#breadcrumb"},"inLanguage":"en-US","potentialAction":[{"@type":"ReadAction","target":["https:\/\/xn--schlsseldienstbremen-sec.com\/schluesseldienst-achim\/"]}]},{"@type":"BreadcrumbList","@id":"https:\/\/xn--schlsseldienstbremen-sec.com\/schluesseldienst-achim\/#breadcrumb","itemListElement":[{"@type":"ListItem","position":1,"name":"Startseite","item":"https:\/\/xn--schlsseldienstbremen-sec.com\/"},{"@type":"ListItem","position":2,"name":"Schl\u00fcsseldienst Achim"}]},{"@type":"WebSite","@id":"https:\/\/xn--schlsseldienstbremen-sec.com\/#website","url":"https:\/\/xn--schlsseldienstbremen-sec.com\/","name":"Schl\u00fcsseldienst-Bremen","description":"Schl\u00fcsseldienst 24 Stunden Festpreis","publisher":{"@id":"https:\/\/xn--schlsseldienstbremen-sec.com\/#organization"},"potentialAction":[{"@type":"SearchAction","target":{"@type":"EntryPoint","urlTemplate":"https:\/\/xn--schlsseldienstbremen-sec.com\/?s={search_term_string}"},"query-input":"required name=search_term_string"}],"inLanguage":"en-US"},{"@type":"Organization","@id":"https:\/\/xn--schlsseldienstbremen-sec.com\/#organization","name":"Schl\u00fcsseldienst-Bremen-Eck","url":"https:\/\/xn--schlsseldienstbremen-sec.com\/","logo":{"@type":"ImageObject","inLanguage":"en-US","@id":"https:\/\/xn--schlsseldienstbremen-sec.com\/#\/schema\/logo\/image\/","url":"https:\/\/xn--schlsseldienstbremen-sec.com\/wp-content\/uploads\/2023\/02\/sweet-cakes-1.png","contentUrl":"https:\/\/xn--schlsseldienstbremen-sec.com\/wp-content\/uploads\/2023\/02\/sweet-cakes-1.png","width":500,"height":500,"caption":"Schl\u00fcsseldienst-Bremen-Eck"},"image":{"@id":"https:\/\/xn--schlsseldienstbremen-sec.com\/#\/schema\/logo\/image\/"},"sameAs":["https:\/\/instagram.com\/schluesseldienstbremen"]}]}},"amp_enabled":true,"_links":{"self":[{"href":"https:\/\/xn--schlsseldienstbremen-sec.com\/en\/wp-json\/wp\/v2\/pages\/2114"}],"collection":[{"href":"https:\/\/xn--schlsseldienstbremen-sec.com\/en\/wp-json\/wp\/v2\/pages"}],"about":[{"href":"https:\/\/xn--schlsseldienstbremen-sec.com\/en\/wp-json\/wp\/v2\/types\/page"}],"author":[{"embeddable":true,"href":"https:\/\/xn--schlsseldienstbremen-sec.com\/en\/wp-json\/wp\/v2\/users\/2"}],"replies":[{"embeddable":true,"href":"https:\/\/xn--schlsseldienstbremen-sec.com\/en\/wp-json\/wp\/v2\/comments?post=2114"}],"version-history":[{"count":2,"href":"https:\/\/xn--schlsseldienstbremen-sec.com\/en\/wp-json\/wp\/v2\/pages\/2114\/revisions"}],"predecessor-version":[{"id":2753,"href":"https:\/\/xn--schlsseldienstbremen-sec.com\/en\/wp-json\/wp\/v2\/pages\/2114\/revisions\/2753"}],"wp:featuredmedia":[{"embeddable":true,"href":"https:\/\/xn--schlsseldienstbremen-sec.com\/en\/wp-json\/wp\/v2\/media\/2726"}],"wp:attachment":[{"href":"https:\/\/xn--schlsseldienstbremen-sec.com\/en\/wp-json\/wp\/v2\/media?parent=2114"}],"curies":[{"name":"wp","href":"https:\/\/api.w.org\/{rel}","templated":true}]}}