{"id":2212,"date":"2023-03-03T12:48:45","date_gmt":"2023-03-03T12:48:45","guid":{"rendered":"https:\/\/schluesseldienstbremen.org\/?page_id=2212"},"modified":"2025-02-12T14:47:26","modified_gmt":"2025-02-12T14:47:26","slug":"horn","status":"publish","type":"page","link":"https:\/\/xn--schlsseldienstbremen-sec.com\/en\/horn\/","title":{"rendered":"Schl\u00fcsseldienst Bremen Horn"},"content":{"rendered":"<h3 class=\"wp-block-heading\"><strong>Schl\u00fcsseldienst Edu <a href=\"https:\/\/de.wikipedia.org\/wiki\/Horn-Lehe\">Bremen Horn<\/a> \u2013 Ihr 24h Schl\u00fcsselnotdienst<\/strong><\/h3>\n\n\n\n<p>Haben Sie Ihren Schl\u00fcssel verloren oder steckt er von innen im Schloss? Ist Ihr Schl\u00fcssel beim Aufschlie\u00dfen abgebrochen? Keine Sorge, <strong>Schl\u00fcsseldienst Edu Bremen Horn<\/strong> ist Ihr zuverl\u00e4ssiger Partner f\u00fcr schnelle und professionelle T\u00fcr\u00f6ffnungen \u2013 rund um die Uhr und zu fairen Preisen!<\/p>\n\n\n\n<p>\ud83d\udcde <strong>Rufen Sie uns an: 0421-49954493<\/strong><br>\u2705 <strong>Schnelle Anfahrt \u2013 In 10 bis 30 Minuten vor Ort<\/strong><br> <strong>Faire &amp; transparente Festpreise<\/strong><br> <strong>Schadenfreie T\u00fcr\u00f6ffnungen durch erfahrene Profis<\/strong><\/p>\n\n\n\n<hr class=\"wp-block-separator has-alpha-channel-opacity\"\/>\n\n\n\n<h3 class=\"wp-block-heading\"><strong>Unsere Leistungen f\u00fcr Bremen Horn &amp; Umgebung<\/strong><\/h3>\n\n\n\n<p> <strong>24h Notdienst<\/strong> \u2013 Jederzeit f\u00fcr Sie erreichbar, auch an Feiertagen<br><strong>T\u00fcr\u00f6ffnungen ohne Sch\u00e4den<\/strong> \u2013 Haus-, Wohnungs- &amp; Autot\u00fcren sicher \u00f6ffnen<br> <strong>Schlosswechsel &amp; Reparaturen<\/strong> \u2013 Austausch defekter oder veralteter Schl\u00f6sser<br><strong>Schl\u00fcssel nachmachen &amp; Sicherheitsberatung<\/strong> \u2013 Besuchen Sie uns in unserem Laden<br> <strong>Einbruchschutz &amp; Sicherheitssysteme<\/strong> \u2013 Beratung &amp; Montage f\u00fcr mehr Schutz<\/p>\n\n\n\n<p>Ein un\u00fcberlegter Versuch, die T\u00fcr selbst zu \u00f6ffnen, kann zu Sch\u00e4den an T\u00fcr oder Schloss f\u00fchren und die Kosten unn\u00f6tig in die H\u00f6he treiben. Vertrauen Sie auf <strong>unsere 25-j\u00e4hrige Erfahrung<\/strong>, um Ihre T\u00fcr sicher und ohne Besch\u00e4digungen zu \u00f6ffnen!<\/p>\n\n\n\n<hr class=\"wp-block-separator has-alpha-channel-opacity\"\/>\n\n\n\n<h3 class=\"wp-block-heading\"><strong>Warum <a href=\"https:\/\/xn--schlsseldienstbremen-sec.com\/en\/\">Locksmith <\/a>Edu Bremen Horn?<\/strong><\/h3>\n\n\n\n<h3 class=\"wp-block-heading\"> <strong>Schnelle Hilfe \u2013 Innerhalb von 10 bis 30 Minuten bei Ihnen<\/strong> <strong>Erfahrene &amp; geschulte Fachleute<\/strong> \u2013 <\/h3>\n\n\n\n<h3 class=\"wp-block-heading\">Langj\u00e4hrige Expertise im Bereich Schl\u00fcsseldienst <\/h3>\n\n\n\n<h3 class=\"wp-block-heading\"><strong>Transparente Preise ohne versteckte Kosten<\/strong> <strong>Moderne Technik f\u00fcr sichere T\u00fcr\u00f6ffnungen<\/strong><br><strong>Lokales Unternehmen \u2013 Direkt in Bremen ans\u00e4ssig<\/strong><\/h3>\n\n\n\n<p>\ud83d\udccd <strong>Unsere Adresse:<\/strong><br><strong>Schl\u00fcsseldienst Edu \u2013 Sankt-Gotthard-Str. 8, 28325 Bremen<\/strong><\/p>\n\n\n\n<p>Hier k\u00f6nnen Sie nicht nur <strong>Schl\u00fcssel nachmachen lassen<\/strong>, sondern auch <strong>hochwertige Schl\u00f6sser und Sicherheitssysteme kaufen<\/strong>.<\/p>\n\n\n\n<hr class=\"wp-block-separator has-alpha-channel-opacity\"\/>\n\n\n\n<h3 class=\"wp-block-heading\"><strong>Schl\u00fcsseldienst Edu Bremen  \u2013 Ihr verl\u00e4sslicher Partner<\/strong><\/h3>\n\n\n\n<p>Ein Schl\u00fcsselverlust oder eine zugefallene T\u00fcr kann jederzeit passieren. In solchen Momenten ist es wichtig, einen <strong>seri\u00f6sen und erfahrenen Schl\u00fcsseldienst<\/strong> zu kontaktieren, der schnell und zuverl\u00e4ssig hilft.<\/p>\n\n\n\n<p>\ud83d\udcde <strong>Rufen Sie uns jetzt an und lassen Sie sich helfen:<\/strong><\/p>\n\n\n\n<p>\ud83d\udcde <strong>0421-49954493 \u2013 Schl\u00fcsseldienst Bremen Horn \u2013 Ihr 24h Notdienst!<\/strong><\/p>","protected":false},"excerpt":{"rendered":"<p>Schl\u00fcsseldienst Edu Bremen Horn \u2013 Ihr 24h Schl\u00fcsselnotdienst Haben Sie Ihren Schl\u00fcssel verloren oder steckt er von innen im Schloss? Ist Ihr Schl\u00fcssel beim Aufschlie\u00dfen abgebrochen? Keine Sorge, Schl\u00fcsseldienst Edu Bremen Horn ist Ihr zuverl\u00e4ssiger Partner f\u00fcr schnelle und professionelle T\u00fcr\u00f6ffnungen \u2013 rund um die&#8230;<\/p>","protected":false},"author":2,"featured_media":2706,"parent":0,"menu_order":0,"comment_status":"closed","ping_status":"closed","template":"","meta":{"footnotes":""},"yoast_head":"<!-- This site is optimized with the Yoast SEO plugin v20.5 - https:\/\/yoast.com\/wordpress\/plugins\/seo\/ -->\n<title>Schl\u00fcsseldienst Bremen Horn<\/title>\n<meta name=\"description\" content=\"Schl\u00fcsseldienst Edu Bremen Horn \u2705T\u00fcr\u00f6ffnung 24 Stunden \u270510-30 Min Vor Ort\u2705 Festpreisgarantie \u2705Fair Preis \u260e\ufe0f0421\/49954493\" \/>\n<meta name=\"robots\" content=\"index, follow, max-snippet:-1, max-image-preview:large, max-video-preview:-1\" \/>\n<link rel=\"canonical\" href=\"https:\/\/xn--schlsseldienstbremen-sec.com\/en\/horn\/\" \/>\n<meta property=\"og:locale\" content=\"en_US\" \/>\n<meta property=\"og:type\" content=\"article\" \/>\n<meta property=\"og:title\" content=\"Schl\u00fcsseldienst Bremen Horn\" \/>\n<meta property=\"og:description\" content=\"Schl\u00fcsseldienst Edu Bremen Horn \u2705T\u00fcr\u00f6ffnung 24 Stunden \u270510-30 Min Vor Ort\u2705 Festpreisgarantie \u2705Fair Preis \u260e\ufe0f0421\/49954493\" \/>\n<meta property=\"og:url\" content=\"https:\/\/xn--schlsseldienstbremen-sec.com\/en\/horn\/\" \/>\n<meta property=\"og:site_name\" content=\"Schl\u00fcsseldienst-Bremen\" \/>\n<meta property=\"article:modified_time\" content=\"2025-02-12T14:47:26+00:00\" \/>\n<meta property=\"og:image\" content=\"https:\/\/xn--schlsseldienstbremen-sec.com\/wp-content\/uploads\/2025\/01\/Schluessel-scaled.jpg\" \/>\n\t<meta property=\"og:image:width\" content=\"2560\" \/>\n\t<meta property=\"og:image:height\" content=\"1186\" \/>\n\t<meta property=\"og:image:type\" content=\"image\/jpeg\" \/>\n<meta name=\"twitter:card\" content=\"summary_large_image\" \/>\n<meta name=\"twitter:label1\" content=\"Est. reading time\" \/>\n\t<meta name=\"twitter:data1\" content=\"2 minutes\" \/>\n<script type=\"application\/ld+json\" class=\"yoast-schema-graph\">{\"@context\":\"https:\/\/schema.org\",\"@graph\":[{\"@type\":\"WebPage\",\"@id\":\"https:\/\/xn--schlsseldienstbremen-sec.com\/horn\/\",\"url\":\"https:\/\/xn--schlsseldienstbremen-sec.com\/horn\/\",\"name\":\"Schl\u00fcsseldienst Bremen Horn\",\"isPartOf\":{\"@id\":\"https:\/\/xn--schlsseldienstbremen-sec.com\/#website\"},\"datePublished\":\"2023-03-03T12:48:45+00:00\",\"dateModified\":\"2025-02-12T14:47:26+00:00\",\"description\":\"Schl\u00fcsseldienst Edu Bremen Horn \u2705T\u00fcr\u00f6ffnung 24 Stunden \u270510-30 Min Vor Ort\u2705 Festpreisgarantie \u2705Fair Preis \u260e\ufe0f0421\/49954493\",\"breadcrumb\":{\"@id\":\"https:\/\/xn--schlsseldienstbremen-sec.com\/horn\/#breadcrumb\"},\"inLanguage\":\"en-US\",\"potentialAction\":[{\"@type\":\"ReadAction\",\"target\":[\"https:\/\/xn--schlsseldienstbremen-sec.com\/horn\/\"]}]},{\"@type\":\"BreadcrumbList\",\"@id\":\"https:\/\/xn--schlsseldienstbremen-sec.com\/horn\/#breadcrumb\",\"itemListElement\":[{\"@type\":\"ListItem\",\"position\":1,\"name\":\"Startseite\",\"item\":\"https:\/\/xn--schlsseldienstbremen-sec.com\/\"},{\"@type\":\"ListItem\",\"position\":2,\"name\":\"Schl\u00fcsseldienst Bremen Horn\"}]},{\"@type\":\"WebSite\",\"@id\":\"https:\/\/xn--schlsseldienstbremen-sec.com\/#website\",\"url\":\"https:\/\/xn--schlsseldienstbremen-sec.com\/\",\"name\":\"Schl\u00fcsseldienst-Bremen\",\"description\":\"Schl\u00fcsseldienst 24 Stunden Festpreis\",\"publisher\":{\"@id\":\"https:\/\/xn--schlsseldienstbremen-sec.com\/#organization\"},\"potentialAction\":[{\"@type\":\"SearchAction\",\"target\":{\"@type\":\"EntryPoint\",\"urlTemplate\":\"https:\/\/xn--schlsseldienstbremen-sec.com\/?s={search_term_string}\"},\"query-input\":\"required name=search_term_string\"}],\"inLanguage\":\"en-US\"},{\"@type\":\"Organization\",\"@id\":\"https:\/\/xn--schlsseldienstbremen-sec.com\/#organization\",\"name\":\"Schl\u00fcsseldienst-Bremen-Eck\",\"url\":\"https:\/\/xn--schlsseldienstbremen-sec.com\/\",\"logo\":{\"@type\":\"ImageObject\",\"inLanguage\":\"en-US\",\"@id\":\"https:\/\/xn--schlsseldienstbremen-sec.com\/#\/schema\/logo\/image\/\",\"url\":\"https:\/\/xn--schlsseldienstbremen-sec.com\/wp-content\/uploads\/2023\/02\/sweet-cakes-1.png\",\"contentUrl\":\"https:\/\/xn--schlsseldienstbremen-sec.com\/wp-content\/uploads\/2023\/02\/sweet-cakes-1.png\",\"width\":500,\"height\":500,\"caption\":\"Schl\u00fcsseldienst-Bremen-Eck\"},\"image\":{\"@id\":\"https:\/\/xn--schlsseldienstbremen-sec.com\/#\/schema\/logo\/image\/\"},\"sameAs\":[\"https:\/\/instagram.com\/schluesseldienstbremen\"]}]}<\/script>\n<!-- \/ Yoast SEO plugin. -->","yoast_head_json":{"title":"Schl\u00fcsseldienst Bremen Horn","description":"Schl\u00fcsseldienst Edu Bremen Horn \u2705T\u00fcr\u00f6ffnung 24 Stunden \u270510-30 Min Vor Ort\u2705 Festpreisgarantie \u2705Fair Preis \u260e\ufe0f0421\/49954493","robots":{"index":"index","follow":"follow","max-snippet":"max-snippet:-1","max-image-preview":"max-image-preview:large","max-video-preview":"max-video-preview:-1"},"canonical":"https:\/\/xn--schlsseldienstbremen-sec.com\/en\/horn\/","og_locale":"en_US","og_type":"article","og_title":"Schl\u00fcsseldienst Bremen Horn","og_description":"Schl\u00fcsseldienst Edu Bremen Horn \u2705T\u00fcr\u00f6ffnung 24 Stunden \u270510-30 Min Vor Ort\u2705 Festpreisgarantie \u2705Fair Preis \u260e\ufe0f0421\/49954493","og_url":"https:\/\/xn--schlsseldienstbremen-sec.com\/en\/horn\/","og_site_name":"Schl\u00fcsseldienst-Bremen","article_modified_time":"2025-02-12T14:47:26+00:00","og_image":[{"width":2560,"height":1186,"url":"https:\/\/xn--schlsseldienstbremen-sec.com\/wp-content\/uploads\/2025\/01\/Schluessel-scaled.jpg","type":"image\/jpeg"}],"twitter_card":"summary_large_image","twitter_misc":{"Est. reading time":"2 minutes"},"schema":{"@context":"https:\/\/schema.org","@graph":[{"@type":"WebPage","@id":"https:\/\/xn--schlsseldienstbremen-sec.com\/horn\/","url":"https:\/\/xn--schlsseldienstbremen-sec.com\/horn\/","name":"Schl\u00fcsseldienst Bremen Horn","isPartOf":{"@id":"https:\/\/xn--schlsseldienstbremen-sec.com\/#website"},"datePublished":"2023-03-03T12:48:45+00:00","dateModified":"2025-02-12T14:47:26+00:00","description":"Schl\u00fcsseldienst Edu Bremen Horn \u2705T\u00fcr\u00f6ffnung 24 Stunden \u270510-30 Min Vor Ort\u2705 Festpreisgarantie \u2705Fair Preis \u260e\ufe0f0421\/49954493","breadcrumb":{"@id":"https:\/\/xn--schlsseldienstbremen-sec.com\/horn\/#breadcrumb"},"inLanguage":"en-US","potentialAction":[{"@type":"ReadAction","target":["https:\/\/xn--schlsseldienstbremen-sec.com\/horn\/"]}]},{"@type":"BreadcrumbList","@id":"https:\/\/xn--schlsseldienstbremen-sec.com\/horn\/#breadcrumb","itemListElement":[{"@type":"ListItem","position":1,"name":"Startseite","item":"https:\/\/xn--schlsseldienstbremen-sec.com\/"},{"@type":"ListItem","position":2,"name":"Schl\u00fcsseldienst Bremen Horn"}]},{"@type":"WebSite","@id":"https:\/\/xn--schlsseldienstbremen-sec.com\/#website","url":"https:\/\/xn--schlsseldienstbremen-sec.com\/","name":"Schl\u00fcsseldienst-Bremen","description":"Schl\u00fcsseldienst 24 Stunden Festpreis","publisher":{"@id":"https:\/\/xn--schlsseldienstbremen-sec.com\/#organization"},"potentialAction":[{"@type":"SearchAction","target":{"@type":"EntryPoint","urlTemplate":"https:\/\/xn--schlsseldienstbremen-sec.com\/?s={search_term_string}"},"query-input":"required name=search_term_string"}],"inLanguage":"en-US"},{"@type":"Organization","@id":"https:\/\/xn--schlsseldienstbremen-sec.com\/#organization","name":"Schl\u00fcsseldienst-Bremen-Eck","url":"https:\/\/xn--schlsseldienstbremen-sec.com\/","logo":{"@type":"ImageObject","inLanguage":"en-US","@id":"https:\/\/xn--schlsseldienstbremen-sec.com\/#\/schema\/logo\/image\/","url":"https:\/\/xn--schlsseldienstbremen-sec.com\/wp-content\/uploads\/2023\/02\/sweet-cakes-1.png","contentUrl":"https:\/\/xn--schlsseldienstbremen-sec.com\/wp-content\/uploads\/2023\/02\/sweet-cakes-1.png","width":500,"height":500,"caption":"Schl\u00fcsseldienst-Bremen-Eck"},"image":{"@id":"https:\/\/xn--schlsseldienstbremen-sec.com\/#\/schema\/logo\/image\/"},"sameAs":["https:\/\/instagram.com\/schluesseldienstbremen"]}]}},"amp_enabled":true,"_links":{"self":[{"href":"https:\/\/xn--schlsseldienstbremen-sec.com\/en\/wp-json\/wp\/v2\/pages\/2212"}],"collection":[{"href":"https:\/\/xn--schlsseldienstbremen-sec.com\/en\/wp-json\/wp\/v2\/pages"}],"about":[{"href":"https:\/\/xn--schlsseldienstbremen-sec.com\/en\/wp-json\/wp\/v2\/types\/page"}],"author":[{"embeddable":true,"href":"https:\/\/xn--schlsseldienstbremen-sec.com\/en\/wp-json\/wp\/v2\/users\/2"}],"replies":[{"embeddable":true,"href":"https:\/\/xn--schlsseldienstbremen-sec.com\/en\/wp-json\/wp\/v2\/comments?post=2212"}],"version-history":[{"count":1,"href":"https:\/\/xn--schlsseldienstbremen-sec.com\/en\/wp-json\/wp\/v2\/pages\/2212\/revisions"}],"predecessor-version":[{"id":2771,"href":"https:\/\/xn--schlsseldienstbremen-sec.com\/en\/wp-json\/wp\/v2\/pages\/2212\/revisions\/2771"}],"wp:featuredmedia":[{"embeddable":true,"href":"https:\/\/xn--schlsseldienstbremen-sec.com\/en\/wp-json\/wp\/v2\/media\/2706"}],"wp:attachment":[{"href":"https:\/\/xn--schlsseldienstbremen-sec.com\/en\/wp-json\/wp\/v2\/media?parent=2212"}],"curies":[{"name":"wp","href":"https:\/\/api.w.org\/{rel}","templated":true}]}}