{"id":2249,"date":"2023-03-05T15:22:31","date_gmt":"2023-03-05T15:22:31","guid":{"rendered":"https:\/\/schluesseldienstbremen.org\/?page_id=2249"},"modified":"2025-02-19T14:44:55","modified_gmt":"2025-02-19T14:44:55","slug":"schluesseldienst-bremen-osterholz","status":"publish","type":"page","link":"https:\/\/xn--schlsseldienstbremen-sec.com\/en\/schluesseldienst-bremen-osterholz\/","title":{"rendered":"Schl\u00fcsseldienst Bremen Osterholz"},"content":{"rendered":"<h3 class=\"wp-block-heading\"><strong>Locksmith <a href=\"https:\/\/de.wikipedia.org\/wiki\/Osterholz_(Bremen)\">Bremen Osterholz<\/a> \u2013 24h Notdienst<\/strong><\/h3>\n\n\n\n<p>Schl\u00fcsseldienst Bremen Osterholz<\/p>\n\n\n\n<p>\ud83d\udd11 <strong>Ihr zuverl\u00e4ssiger Schl\u00fcsselnotdienst \u2013 schnell, seri\u00f6s &amp; rund um die Uhr f\u00fcr Sie da!<\/strong><\/p>\n\n\n\n<p>Seit <strong>\u00fcber 25 Jahren<\/strong> steht <strong><a href=\"https:\/\/xn--schlsseldienstbremen-sec.com\/en\/\">Schl\u00fcsseldienst Edu <\/a>Bremen Osterholz (Schweizer Viertel)<\/strong> f\u00fcr <strong>faire Preise, schnelle Hilfe &amp; professionelle T\u00fcr\u00f6ffnungen<\/strong>. Egal, ob Sie <strong>Ihren Schl\u00fcssel verloren, vergessen oder Ihr Schloss defekt ist<\/strong> \u2013 wir sind <strong>24 Stunden t\u00e4glich<\/strong> f\u00fcr Sie erreichbar, auch <strong>an Sonn- und Feiertagen<\/strong>.<\/p>\n\n\n\n<p>\ud83d\udcde <strong>Notfall? Rufen Sie uns an: 0421-<\/strong>49954493<\/p>\n\n\n\n<hr class=\"wp-block-separator has-alpha-channel-opacity\"\/>\n\n\n\n<h3 class=\"wp-block-heading\"><strong>Unsere Dienstleistungen:<\/strong><\/h3>\n\n\n\n<p> <strong>T\u00fcr\u00f6ffnungen ohne Sch\u00e4den<\/strong> \u2013 Schnell &amp; zuverl\u00e4ssig<br><strong>Schlosswechsel &amp; Reparaturen<\/strong> \u2013 Mehr Sicherheit f\u00fcr Ihr Zuhause<br> <strong>Montage neuer Schlie\u00dfanlagen<\/strong> \u2013 Moderne Sicherheitsl\u00f6sungen<br> <strong>Schl\u00fcsselkopien &amp; Schlossverkauf<\/strong> \u2013 Direkt in unserem Laden<br> <strong>Notdienst 24\/7<\/strong> \u2013 Wir sind immer f\u00fcr Sie da!<\/p>\n\n\n\n<p>Unsere erfahrenen Fachkr\u00e4fte verwenden <strong>modernste Werkzeuge<\/strong>, um T\u00fcren schonend und effizient zu \u00f6ffnen \u2013 ohne unn\u00f6tige Sch\u00e4den!<\/p>\n\n\n\n<hr class=\"wp-block-separator has-alpha-channel-opacity\"\/>\n\n\n\n<h3 class=\"wp-block-heading\"><strong>Warum Schl\u00fcsseldienst Edu Bremen Osterholz?<\/strong><\/h3>\n\n\n\n<p> <strong>\u00dcber 25 Jahre Erfahrung<\/strong> \u2013 Vertrauen Sie den Profis<br> <strong>Transparente &amp; faire Preise<\/strong> \u2013 Keine versteckten Kosten<br> <strong>Schnelle Anfahrtszeiten<\/strong> \u2013 In der Regel <strong>10\u201330 Minuten vor Ort<\/strong><br><strong>Festes Ladenlokal in Bremen<\/strong> \u2013 Besuchen Sie uns pers\u00f6nlich<br> <strong>Kompetente Sicherheitsberatung<\/strong> \u2013 Sch\u00fctzen Sie Ihr Zuhause optimal<\/p>\n\n\n\n<p>\ud83d\udccd <strong>Unsere Adresse:<\/strong><br><strong>Schl\u00fcsseldienst Edu Bremen <\/strong><br><strong>Sankt-Gotthard-Str. 8, 28325 Bremen<\/strong><\/p>\n\n\n\n<p>\ud83d\udd11 <strong>Vor Ort erh\u00e4ltlich:<\/strong> Schl\u00fcsselanfertigungen, Schlossverkauf, Schuhreparaturen, Glasgravuren &amp; mehr!<\/p>\n\n\n\n<hr class=\"wp-block-separator has-alpha-channel-opacity\"\/>\n\n\n\n<h3 class=\"wp-block-heading\"><strong>Achtung vor unseri\u00f6sen Schl\u00fcsseldiensten!<\/strong><\/h3>\n\n\n\n<p>Viele Anbieter locken mit <strong>Billigpreisen<\/strong>, berechnen dann aber <strong>horrende Summen<\/strong> nach der T\u00fcr\u00f6ffnung. Achten Sie darauf, dass Sie einen <strong>seri\u00f6sen &amp; lokalen Dienstleister<\/strong> wie <strong>Schl\u00fcsseldienst Edu Bremen<\/strong> w\u00e4hlen.<\/p>\n\n\n\n<p>Wir garantieren: <strong>Faire Preise, schnelle Hilfe &amp; absolute Transparenz!<\/strong><\/p>\n\n\n\n<p>\ud83d\udcde <strong>Jetzt anrufen: 0421-<\/strong>49954493<\/p>\n\n\n\n<p><strong><a href=\"https:\/\/schluesseldienstbremen.org\/\">Schl\u00fcsseldienst Edu <\/a>\u2013 Ihr Partner f\u00fcr Sicherheit in Bremen!<\/strong><\/p>","protected":false},"excerpt":{"rendered":"<p>Schl\u00fcsseldienst Bremen Osterholz \u2013 24h Notdienst Schl\u00fcsseldienst Bremen Osterholz \ud83d\udd11 Ihr zuverl\u00e4ssiger Schl\u00fcsselnotdienst \u2013 schnell, seri\u00f6s &amp; rund um die Uhr f\u00fcr Sie da! Seit \u00fcber 25 Jahren steht Schl\u00fcsseldienst Edu Bremen Osterholz (Schweizer Viertel) f\u00fcr faire Preise, schnelle Hilfe &amp; professionelle T\u00fcr\u00f6ffnungen. Egal, ob&#8230;<\/p>","protected":false},"author":2,"featured_media":2726,"parent":0,"menu_order":0,"comment_status":"closed","ping_status":"closed","template":"","meta":{"footnotes":""},"yoast_head":"<!-- This site is optimized with the Yoast SEO plugin v20.5 - https:\/\/yoast.com\/wordpress\/plugins\/seo\/ -->\n<title>Schl\u00fcsseldienst Bremen Osterholz<\/title>\n<meta name=\"description\" content=\"Schl\u00fcsseldienst Bremen Osterholz \u2705Notdienst 24h \u270510-30 Min Vor Ort\u2705 Festpreisgarantie \u2705 G\u00fcnstig \u2705\u260e\ufe0f0421-49954493\" \/>\n<meta name=\"robots\" content=\"index, follow, max-snippet:-1, max-image-preview:large, max-video-preview:-1\" \/>\n<link rel=\"canonical\" href=\"https:\/\/xn--schlsseldienstbremen-sec.com\/en\/schluesseldienst-bremen-osterholz\/\" \/>\n<meta property=\"og:locale\" content=\"en_US\" \/>\n<meta property=\"og:type\" content=\"article\" \/>\n<meta property=\"og:title\" content=\"Schl\u00fcsseldienst Bremen Osterholz\" \/>\n<meta property=\"og:description\" content=\"Schl\u00fcsseldienst Bremen Osterholz \u2705Notdienst 24h \u270510-30 Min Vor Ort\u2705 Festpreisgarantie \u2705 G\u00fcnstig \u2705\u260e\ufe0f0421-49954493\" \/>\n<meta property=\"og:url\" content=\"https:\/\/xn--schlsseldienstbremen-sec.com\/en\/schluesseldienst-bremen-osterholz\/\" \/>\n<meta property=\"og:site_name\" content=\"Schl\u00fcsseldienst-Bremen\" \/>\n<meta property=\"article:modified_time\" content=\"2025-02-19T14:44:55+00:00\" \/>\n<meta property=\"og:image\" content=\"https:\/\/xn--schlsseldienstbremen-sec.com\/wp-content\/uploads\/2025\/01\/Schluesseldienst-Bremen.jpeg\" \/>\n\t<meta property=\"og:image:width\" content=\"1171\" \/>\n\t<meta property=\"og:image:height\" content=\"1181\" \/>\n\t<meta property=\"og:image:type\" content=\"image\/jpeg\" \/>\n<meta name=\"twitter:card\" content=\"summary_large_image\" \/>\n<meta name=\"twitter:label1\" content=\"Est. reading time\" \/>\n\t<meta name=\"twitter:data1\" content=\"2 minutes\" \/>\n<script type=\"application\/ld+json\" class=\"yoast-schema-graph\">{\"@context\":\"https:\/\/schema.org\",\"@graph\":[{\"@type\":\"WebPage\",\"@id\":\"https:\/\/xn--schlsseldienstbremen-sec.com\/schluesseldienst-bremen-osterholz\/\",\"url\":\"https:\/\/xn--schlsseldienstbremen-sec.com\/schluesseldienst-bremen-osterholz\/\",\"name\":\"Schl\u00fcsseldienst Bremen Osterholz\",\"isPartOf\":{\"@id\":\"https:\/\/xn--schlsseldienstbremen-sec.com\/#website\"},\"datePublished\":\"2023-03-05T15:22:31+00:00\",\"dateModified\":\"2025-02-19T14:44:55+00:00\",\"description\":\"Schl\u00fcsseldienst Bremen Osterholz \u2705Notdienst 24h \u270510-30 Min Vor Ort\u2705 Festpreisgarantie \u2705 G\u00fcnstig \u2705\u260e\ufe0f0421-49954493\",\"breadcrumb\":{\"@id\":\"https:\/\/xn--schlsseldienstbremen-sec.com\/schluesseldienst-bremen-osterholz\/#breadcrumb\"},\"inLanguage\":\"en-US\",\"potentialAction\":[{\"@type\":\"ReadAction\",\"target\":[\"https:\/\/xn--schlsseldienstbremen-sec.com\/schluesseldienst-bremen-osterholz\/\"]}]},{\"@type\":\"BreadcrumbList\",\"@id\":\"https:\/\/xn--schlsseldienstbremen-sec.com\/schluesseldienst-bremen-osterholz\/#breadcrumb\",\"itemListElement\":[{\"@type\":\"ListItem\",\"position\":1,\"name\":\"Startseite\",\"item\":\"https:\/\/xn--schlsseldienstbremen-sec.com\/\"},{\"@type\":\"ListItem\",\"position\":2,\"name\":\"Schl\u00fcsseldienst Bremen Osterholz\"}]},{\"@type\":\"WebSite\",\"@id\":\"https:\/\/xn--schlsseldienstbremen-sec.com\/#website\",\"url\":\"https:\/\/xn--schlsseldienstbremen-sec.com\/\",\"name\":\"Schl\u00fcsseldienst-Bremen\",\"description\":\"Schl\u00fcsseldienst 24 Stunden Festpreis\",\"publisher\":{\"@id\":\"https:\/\/xn--schlsseldienstbremen-sec.com\/#organization\"},\"potentialAction\":[{\"@type\":\"SearchAction\",\"target\":{\"@type\":\"EntryPoint\",\"urlTemplate\":\"https:\/\/xn--schlsseldienstbremen-sec.com\/?s={search_term_string}\"},\"query-input\":\"required name=search_term_string\"}],\"inLanguage\":\"en-US\"},{\"@type\":\"Organization\",\"@id\":\"https:\/\/xn--schlsseldienstbremen-sec.com\/#organization\",\"name\":\"Schl\u00fcsseldienst-Bremen-Eck\",\"url\":\"https:\/\/xn--schlsseldienstbremen-sec.com\/\",\"logo\":{\"@type\":\"ImageObject\",\"inLanguage\":\"en-US\",\"@id\":\"https:\/\/xn--schlsseldienstbremen-sec.com\/#\/schema\/logo\/image\/\",\"url\":\"https:\/\/xn--schlsseldienstbremen-sec.com\/wp-content\/uploads\/2023\/02\/sweet-cakes-1.png\",\"contentUrl\":\"https:\/\/xn--schlsseldienstbremen-sec.com\/wp-content\/uploads\/2023\/02\/sweet-cakes-1.png\",\"width\":500,\"height\":500,\"caption\":\"Schl\u00fcsseldienst-Bremen-Eck\"},\"image\":{\"@id\":\"https:\/\/xn--schlsseldienstbremen-sec.com\/#\/schema\/logo\/image\/\"},\"sameAs\":[\"https:\/\/instagram.com\/schluesseldienstbremen\"]}]}<\/script>\n<!-- \/ Yoast SEO plugin. -->","yoast_head_json":{"title":"Schl\u00fcsseldienst Bremen Osterholz","description":"Schl\u00fcsseldienst Bremen Osterholz \u2705Notdienst 24h \u270510-30 Min Vor Ort\u2705 Festpreisgarantie \u2705 G\u00fcnstig \u2705\u260e\ufe0f0421-49954493","robots":{"index":"index","follow":"follow","max-snippet":"max-snippet:-1","max-image-preview":"max-image-preview:large","max-video-preview":"max-video-preview:-1"},"canonical":"https:\/\/xn--schlsseldienstbremen-sec.com\/en\/schluesseldienst-bremen-osterholz\/","og_locale":"en_US","og_type":"article","og_title":"Schl\u00fcsseldienst Bremen Osterholz","og_description":"Schl\u00fcsseldienst Bremen Osterholz \u2705Notdienst 24h \u270510-30 Min Vor Ort\u2705 Festpreisgarantie \u2705 G\u00fcnstig \u2705\u260e\ufe0f0421-49954493","og_url":"https:\/\/xn--schlsseldienstbremen-sec.com\/en\/schluesseldienst-bremen-osterholz\/","og_site_name":"Schl\u00fcsseldienst-Bremen","article_modified_time":"2025-02-19T14:44:55+00:00","og_image":[{"width":1171,"height":1181,"url":"https:\/\/xn--schlsseldienstbremen-sec.com\/wp-content\/uploads\/2025\/01\/Schluesseldienst-Bremen.jpeg","type":"image\/jpeg"}],"twitter_card":"summary_large_image","twitter_misc":{"Est. reading time":"2 minutes"},"schema":{"@context":"https:\/\/schema.org","@graph":[{"@type":"WebPage","@id":"https:\/\/xn--schlsseldienstbremen-sec.com\/schluesseldienst-bremen-osterholz\/","url":"https:\/\/xn--schlsseldienstbremen-sec.com\/schluesseldienst-bremen-osterholz\/","name":"Schl\u00fcsseldienst Bremen Osterholz","isPartOf":{"@id":"https:\/\/xn--schlsseldienstbremen-sec.com\/#website"},"datePublished":"2023-03-05T15:22:31+00:00","dateModified":"2025-02-19T14:44:55+00:00","description":"Schl\u00fcsseldienst Bremen Osterholz \u2705Notdienst 24h \u270510-30 Min Vor Ort\u2705 Festpreisgarantie \u2705 G\u00fcnstig \u2705\u260e\ufe0f0421-49954493","breadcrumb":{"@id":"https:\/\/xn--schlsseldienstbremen-sec.com\/schluesseldienst-bremen-osterholz\/#breadcrumb"},"inLanguage":"en-US","potentialAction":[{"@type":"ReadAction","target":["https:\/\/xn--schlsseldienstbremen-sec.com\/schluesseldienst-bremen-osterholz\/"]}]},{"@type":"BreadcrumbList","@id":"https:\/\/xn--schlsseldienstbremen-sec.com\/schluesseldienst-bremen-osterholz\/#breadcrumb","itemListElement":[{"@type":"ListItem","position":1,"name":"Startseite","item":"https:\/\/xn--schlsseldienstbremen-sec.com\/"},{"@type":"ListItem","position":2,"name":"Schl\u00fcsseldienst Bremen Osterholz"}]},{"@type":"WebSite","@id":"https:\/\/xn--schlsseldienstbremen-sec.com\/#website","url":"https:\/\/xn--schlsseldienstbremen-sec.com\/","name":"Schl\u00fcsseldienst-Bremen","description":"Schl\u00fcsseldienst 24 Stunden Festpreis","publisher":{"@id":"https:\/\/xn--schlsseldienstbremen-sec.com\/#organization"},"potentialAction":[{"@type":"SearchAction","target":{"@type":"EntryPoint","urlTemplate":"https:\/\/xn--schlsseldienstbremen-sec.com\/?s={search_term_string}"},"query-input":"required name=search_term_string"}],"inLanguage":"en-US"},{"@type":"Organization","@id":"https:\/\/xn--schlsseldienstbremen-sec.com\/#organization","name":"Schl\u00fcsseldienst-Bremen-Eck","url":"https:\/\/xn--schlsseldienstbremen-sec.com\/","logo":{"@type":"ImageObject","inLanguage":"en-US","@id":"https:\/\/xn--schlsseldienstbremen-sec.com\/#\/schema\/logo\/image\/","url":"https:\/\/xn--schlsseldienstbremen-sec.com\/wp-content\/uploads\/2023\/02\/sweet-cakes-1.png","contentUrl":"https:\/\/xn--schlsseldienstbremen-sec.com\/wp-content\/uploads\/2023\/02\/sweet-cakes-1.png","width":500,"height":500,"caption":"Schl\u00fcsseldienst-Bremen-Eck"},"image":{"@id":"https:\/\/xn--schlsseldienstbremen-sec.com\/#\/schema\/logo\/image\/"},"sameAs":["https:\/\/instagram.com\/schluesseldienstbremen"]}]}},"amp_enabled":true,"_links":{"self":[{"href":"https:\/\/xn--schlsseldienstbremen-sec.com\/en\/wp-json\/wp\/v2\/pages\/2249"}],"collection":[{"href":"https:\/\/xn--schlsseldienstbremen-sec.com\/en\/wp-json\/wp\/v2\/pages"}],"about":[{"href":"https:\/\/xn--schlsseldienstbremen-sec.com\/en\/wp-json\/wp\/v2\/types\/page"}],"author":[{"embeddable":true,"href":"https:\/\/xn--schlsseldienstbremen-sec.com\/en\/wp-json\/wp\/v2\/users\/2"}],"replies":[{"embeddable":true,"href":"https:\/\/xn--schlsseldienstbremen-sec.com\/en\/wp-json\/wp\/v2\/comments?post=2249"}],"version-history":[{"count":2,"href":"https:\/\/xn--schlsseldienstbremen-sec.com\/en\/wp-json\/wp\/v2\/pages\/2249\/revisions"}],"predecessor-version":[{"id":2790,"href":"https:\/\/xn--schlsseldienstbremen-sec.com\/en\/wp-json\/wp\/v2\/pages\/2249\/revisions\/2790"}],"wp:featuredmedia":[{"embeddable":true,"href":"https:\/\/xn--schlsseldienstbremen-sec.com\/en\/wp-json\/wp\/v2\/media\/2726"}],"wp:attachment":[{"href":"https:\/\/xn--schlsseldienstbremen-sec.com\/en\/wp-json\/wp\/v2\/media?parent=2249"}],"curies":[{"name":"wp","href":"https:\/\/api.w.org\/{rel}","templated":true}]}}