{"id":2326,"date":"2023-03-06T21:06:26","date_gmt":"2023-03-06T21:06:26","guid":{"rendered":"https:\/\/schluesseldienstbremen.org\/?page_id=2326"},"modified":"2025-02-12T14:37:11","modified_gmt":"2025-02-12T14:37:11","slug":"hastedt","status":"publish","type":"page","link":"https:\/\/xn--schlsseldienstbremen-sec.com\/en\/hastedt\/","title":{"rendered":"Schl\u00fcsseldienst Bremen Hastedt"},"content":{"rendered":"<h3 class=\"wp-block-heading\"><strong>Schl\u00fcsseldienst Bremen Hastedt \u2013 24h <a href=\"https:\/\/xn--schlsseldienstbremen-sec.com\/en\/\">Schl\u00fcsselnotdienst<\/a> f\u00fcr Sie da!<\/strong><\/h3>\n\n\n\n<p>Haben Sie Ihren Schl\u00fcssel verloren oder in der Wohnung vergessen? Keine Sorge! <strong>Schl\u00fcsseldienst Edu Bremen <\/strong><a href=\"https:\/\/de.wikipedia.org\/wiki\/Findorff\"><strong>Hastedt<\/strong> <\/a>ist Ihr zuverl\u00e4ssiger <strong>24-Stunden-Notdienst<\/strong> und steht Ihnen <strong>365 Tage im Jahr<\/strong> zur Verf\u00fcgung. Ob Tag oder Nacht \u2013 wir sind schnell vor Ort, um Ihnen wieder Zugang zu Ihrem Zuhause zu erm\u00f6glichen.<\/p>\n\n\n\n<p>\ud83d\udcde <strong>Rufen Sie uns an: 0421-49954493<\/strong><\/p>\n\n\n\n<hr class=\"wp-block-separator has-alpha-channel-opacity\"\/>\n\n\n\n<h3 class=\"wp-block-heading\"><strong>Unsere Leistungen auf einen Blick:<\/strong><\/h3>\n\n\n\n<p> <strong>24h Schl\u00fcsselnotdienst<\/strong> \u2013 Immer erreichbar, auch an Feiertagen<br>\ud83d\udd11 <strong>T\u00fcr\u00f6ffnungen ohne Sch\u00e4den<\/strong> \u2013 Fachgerechte \u00d6ffnung von Haus-, Wohnungs- und Autot\u00fcren<br>\ud83d\udd11 <strong>Schlosswechsel &amp; Reparaturen<\/strong> \u2013 Austausch defekter Schl\u00f6sser und Einbau neuer Sicherheitssysteme<br> <strong>Schl\u00fcssel nachmachen &amp; Zylinderverkauf<\/strong> \u2013 Besuchen Sie uns in unserem Ladenlokal<br> <strong>Sicherheitsberatung &amp; Einbruchschutz<\/strong> \u2013 F\u00fcr mehr Sicherheit in Ihrem Zuhause<\/p>\n\n\n\n<hr class=\"wp-block-separator has-alpha-channel-opacity\"\/>\n\n\n\n<h3 class=\"wp-block-heading\"><strong>Warum <a href=\"https:\/\/schluesseldienstbremen.org\/\">Schl\u00fcsseldienst Edu<\/a> in Bremen Hastedt?<\/strong><\/h3>\n\n\n\n<p> <strong>Schnelle Hilfe<\/strong> \u2013 Innerhalb von <strong>10 bis 30 Minuten<\/strong> vor Ort<br> <strong>Professionelle Fachleute<\/strong> \u2013 Langj\u00e4hrige Erfahrung im Bereich Schl\u00fcsseldienst<br> <strong>Faire &amp; transparente Preise<\/strong> \u2013 Keine versteckten Kosten, klare Preisangaben vorab<br><strong>Moderne Technik<\/strong> \u2013 Einsatz hochwertiger Werkzeuge f\u00fcr eine schadenfreie T\u00fcr\u00f6ffnung<br> <strong>Lokales Unternehmen<\/strong> \u2013 Besuchen Sie uns direkt in Bremen<\/p>\n\n\n\n<p>\ud83d\udccd <strong>Unsere Adresse:<\/strong><br><strong>Schl\u00fcsseldienst Edu \u2013 Sankt-Gotthard-Str. 8, 28325 Bremen<\/strong><\/p>\n\n\n\n<p>Hier k\u00f6nnen Sie nicht nur <strong>Schl\u00fcssel nachmachen lassen<\/strong>, sondern auch hochwertige <strong>Schl\u00f6sser und Sicherheitszylinder<\/strong> erwerben.<\/p>\n\n\n\n<hr class=\"wp-block-separator has-alpha-channel-opacity\"\/>\n\n\n\n<h3 class=\"wp-block-heading\"><strong>Schl\u00fcsseldienst Bremen Hastedt \u2013 Ihr zuverl\u00e4ssiger Partner<\/strong><\/h3>\n\n\n\n<p>Ein verlorener oder abgebrochener Schl\u00fcssel kann eine stressige Situation sein \u2013 doch mit <strong>Schl\u00fcsseldienst Edu<\/strong> haben Sie einen kompetenten Partner an Ihrer Seite. Unsere Experten sind mit den neuesten Technologien ausgestattet und \u00f6ffnen T\u00fcren <strong>schnell, sicher und zuverl\u00e4ssig<\/strong> \u2013 ohne unn\u00f6tige Besch\u00e4digungen.<\/p>\n\n\n\n<p>\ud83d\udcde <strong>Rufen Sie uns jetzt an und lassen Sie sich helfen:<\/strong><\/p>\n\n\n\n<p> <\/p>","protected":false},"excerpt":{"rendered":"<p>Schl\u00fcsseldienst Bremen Hastedt \u2013 24h Schl\u00fcsselnotdienst f\u00fcr Sie da! Haben Sie Ihren Schl\u00fcssel verloren oder in der Wohnung vergessen? Keine Sorge! Schl\u00fcsseldienst Edu Bremen Hastedt ist Ihr zuverl\u00e4ssiger 24-Stunden-Notdienst und steht Ihnen 365 Tage im Jahr zur Verf\u00fcgung. Ob Tag oder Nacht \u2013 wir sind&#8230;<\/p>","protected":false},"author":2,"featured_media":2721,"parent":0,"menu_order":0,"comment_status":"closed","ping_status":"closed","template":"","meta":{"footnotes":""},"yoast_head":"<!-- This site is optimized with the Yoast SEO plugin v20.5 - https:\/\/yoast.com\/wordpress\/plugins\/seo\/ -->\n<title>Schl\u00fcsseldienst Bremen Hastedt<\/title>\n<meta name=\"description\" content=\"Schl\u00fcsseldienst Edu Bremen Hastedt \u2705 Schnell vor Ort\u2705freundlich \u2705Fair Preisen\u2705 Jahre Lange Erfahrungen\u2705 \u260e\ufe0f 0421-49954493\" \/>\n<meta name=\"robots\" content=\"index, follow, max-snippet:-1, max-image-preview:large, max-video-preview:-1\" \/>\n<link rel=\"canonical\" href=\"https:\/\/xn--schlsseldienstbremen-sec.com\/en\/hastedt\/\" \/>\n<meta property=\"og:locale\" content=\"en_US\" \/>\n<meta property=\"og:type\" content=\"article\" \/>\n<meta property=\"og:title\" content=\"Schl\u00fcsseldienst Bremen Hastedt\" \/>\n<meta property=\"og:description\" content=\"Schl\u00fcsseldienst Edu Bremen Hastedt \u2705 Schnell vor Ort\u2705freundlich \u2705Fair Preisen\u2705 Jahre Lange Erfahrungen\u2705 \u260e\ufe0f 0421-49954493\" \/>\n<meta property=\"og:url\" content=\"https:\/\/xn--schlsseldienstbremen-sec.com\/en\/hastedt\/\" \/>\n<meta property=\"og:site_name\" content=\"Schl\u00fcsseldienst-Bremen\" \/>\n<meta property=\"article:modified_time\" content=\"2025-02-12T14:37:11+00:00\" \/>\n<meta property=\"og:image\" content=\"https:\/\/xn--schlsseldienstbremen-sec.com\/wp-content\/uploads\/2025\/01\/IMG_5627-1.jpeg\" \/>\n\t<meta property=\"og:image:width\" content=\"1179\" \/>\n\t<meta property=\"og:image:height\" content=\"1191\" \/>\n\t<meta property=\"og:image:type\" content=\"image\/jpeg\" \/>\n<meta name=\"twitter:card\" content=\"summary_large_image\" \/>\n<meta name=\"twitter:label1\" content=\"Est. reading time\" \/>\n\t<meta name=\"twitter:data1\" content=\"2 minutes\" \/>\n<script type=\"application\/ld+json\" class=\"yoast-schema-graph\">{\"@context\":\"https:\/\/schema.org\",\"@graph\":[{\"@type\":\"WebPage\",\"@id\":\"https:\/\/xn--schlsseldienstbremen-sec.com\/hastedt\/\",\"url\":\"https:\/\/xn--schlsseldienstbremen-sec.com\/hastedt\/\",\"name\":\"Schl\u00fcsseldienst Bremen Hastedt\",\"isPartOf\":{\"@id\":\"https:\/\/xn--schlsseldienstbremen-sec.com\/#website\"},\"datePublished\":\"2023-03-06T21:06:26+00:00\",\"dateModified\":\"2025-02-12T14:37:11+00:00\",\"description\":\"Schl\u00fcsseldienst Edu Bremen Hastedt \u2705 Schnell vor Ort\u2705freundlich \u2705Fair Preisen\u2705 Jahre Lange Erfahrungen\u2705 \u260e\ufe0f 0421-49954493\",\"breadcrumb\":{\"@id\":\"https:\/\/xn--schlsseldienstbremen-sec.com\/hastedt\/#breadcrumb\"},\"inLanguage\":\"en-US\",\"potentialAction\":[{\"@type\":\"ReadAction\",\"target\":[\"https:\/\/xn--schlsseldienstbremen-sec.com\/hastedt\/\"]}]},{\"@type\":\"BreadcrumbList\",\"@id\":\"https:\/\/xn--schlsseldienstbremen-sec.com\/hastedt\/#breadcrumb\",\"itemListElement\":[{\"@type\":\"ListItem\",\"position\":1,\"name\":\"Startseite\",\"item\":\"https:\/\/xn--schlsseldienstbremen-sec.com\/\"},{\"@type\":\"ListItem\",\"position\":2,\"name\":\"Schl\u00fcsseldienst Bremen Hastedt\"}]},{\"@type\":\"WebSite\",\"@id\":\"https:\/\/xn--schlsseldienstbremen-sec.com\/#website\",\"url\":\"https:\/\/xn--schlsseldienstbremen-sec.com\/\",\"name\":\"Schl\u00fcsseldienst-Bremen\",\"description\":\"Schl\u00fcsseldienst 24 Stunden Festpreis\",\"publisher\":{\"@id\":\"https:\/\/xn--schlsseldienstbremen-sec.com\/#organization\"},\"potentialAction\":[{\"@type\":\"SearchAction\",\"target\":{\"@type\":\"EntryPoint\",\"urlTemplate\":\"https:\/\/xn--schlsseldienstbremen-sec.com\/?s={search_term_string}\"},\"query-input\":\"required name=search_term_string\"}],\"inLanguage\":\"en-US\"},{\"@type\":\"Organization\",\"@id\":\"https:\/\/xn--schlsseldienstbremen-sec.com\/#organization\",\"name\":\"Schl\u00fcsseldienst-Bremen-Eck\",\"url\":\"https:\/\/xn--schlsseldienstbremen-sec.com\/\",\"logo\":{\"@type\":\"ImageObject\",\"inLanguage\":\"en-US\",\"@id\":\"https:\/\/xn--schlsseldienstbremen-sec.com\/#\/schema\/logo\/image\/\",\"url\":\"https:\/\/xn--schlsseldienstbremen-sec.com\/wp-content\/uploads\/2023\/02\/sweet-cakes-1.png\",\"contentUrl\":\"https:\/\/xn--schlsseldienstbremen-sec.com\/wp-content\/uploads\/2023\/02\/sweet-cakes-1.png\",\"width\":500,\"height\":500,\"caption\":\"Schl\u00fcsseldienst-Bremen-Eck\"},\"image\":{\"@id\":\"https:\/\/xn--schlsseldienstbremen-sec.com\/#\/schema\/logo\/image\/\"},\"sameAs\":[\"https:\/\/instagram.com\/schluesseldienstbremen\"]}]}<\/script>\n<!-- \/ Yoast SEO plugin. -->","yoast_head_json":{"title":"Schl\u00fcsseldienst Bremen Hastedt","description":"Schl\u00fcsseldienst Edu Bremen Hastedt \u2705 Schnell vor Ort\u2705freundlich \u2705Fair Preisen\u2705 Jahre Lange Erfahrungen\u2705 \u260e\ufe0f 0421-49954493","robots":{"index":"index","follow":"follow","max-snippet":"max-snippet:-1","max-image-preview":"max-image-preview:large","max-video-preview":"max-video-preview:-1"},"canonical":"https:\/\/xn--schlsseldienstbremen-sec.com\/en\/hastedt\/","og_locale":"en_US","og_type":"article","og_title":"Schl\u00fcsseldienst Bremen Hastedt","og_description":"Schl\u00fcsseldienst Edu Bremen Hastedt \u2705 Schnell vor Ort\u2705freundlich \u2705Fair Preisen\u2705 Jahre Lange Erfahrungen\u2705 \u260e\ufe0f 0421-49954493","og_url":"https:\/\/xn--schlsseldienstbremen-sec.com\/en\/hastedt\/","og_site_name":"Schl\u00fcsseldienst-Bremen","article_modified_time":"2025-02-12T14:37:11+00:00","og_image":[{"width":1179,"height":1191,"url":"https:\/\/xn--schlsseldienstbremen-sec.com\/wp-content\/uploads\/2025\/01\/IMG_5627-1.jpeg","type":"image\/jpeg"}],"twitter_card":"summary_large_image","twitter_misc":{"Est. reading time":"2 minutes"},"schema":{"@context":"https:\/\/schema.org","@graph":[{"@type":"WebPage","@id":"https:\/\/xn--schlsseldienstbremen-sec.com\/hastedt\/","url":"https:\/\/xn--schlsseldienstbremen-sec.com\/hastedt\/","name":"Schl\u00fcsseldienst Bremen Hastedt","isPartOf":{"@id":"https:\/\/xn--schlsseldienstbremen-sec.com\/#website"},"datePublished":"2023-03-06T21:06:26+00:00","dateModified":"2025-02-12T14:37:11+00:00","description":"Schl\u00fcsseldienst Edu Bremen Hastedt \u2705 Schnell vor Ort\u2705freundlich \u2705Fair Preisen\u2705 Jahre Lange Erfahrungen\u2705 \u260e\ufe0f 0421-49954493","breadcrumb":{"@id":"https:\/\/xn--schlsseldienstbremen-sec.com\/hastedt\/#breadcrumb"},"inLanguage":"en-US","potentialAction":[{"@type":"ReadAction","target":["https:\/\/xn--schlsseldienstbremen-sec.com\/hastedt\/"]}]},{"@type":"BreadcrumbList","@id":"https:\/\/xn--schlsseldienstbremen-sec.com\/hastedt\/#breadcrumb","itemListElement":[{"@type":"ListItem","position":1,"name":"Startseite","item":"https:\/\/xn--schlsseldienstbremen-sec.com\/"},{"@type":"ListItem","position":2,"name":"Schl\u00fcsseldienst Bremen Hastedt"}]},{"@type":"WebSite","@id":"https:\/\/xn--schlsseldienstbremen-sec.com\/#website","url":"https:\/\/xn--schlsseldienstbremen-sec.com\/","name":"Schl\u00fcsseldienst-Bremen","description":"Schl\u00fcsseldienst 24 Stunden Festpreis","publisher":{"@id":"https:\/\/xn--schlsseldienstbremen-sec.com\/#organization"},"potentialAction":[{"@type":"SearchAction","target":{"@type":"EntryPoint","urlTemplate":"https:\/\/xn--schlsseldienstbremen-sec.com\/?s={search_term_string}"},"query-input":"required name=search_term_string"}],"inLanguage":"en-US"},{"@type":"Organization","@id":"https:\/\/xn--schlsseldienstbremen-sec.com\/#organization","name":"Schl\u00fcsseldienst-Bremen-Eck","url":"https:\/\/xn--schlsseldienstbremen-sec.com\/","logo":{"@type":"ImageObject","inLanguage":"en-US","@id":"https:\/\/xn--schlsseldienstbremen-sec.com\/#\/schema\/logo\/image\/","url":"https:\/\/xn--schlsseldienstbremen-sec.com\/wp-content\/uploads\/2023\/02\/sweet-cakes-1.png","contentUrl":"https:\/\/xn--schlsseldienstbremen-sec.com\/wp-content\/uploads\/2023\/02\/sweet-cakes-1.png","width":500,"height":500,"caption":"Schl\u00fcsseldienst-Bremen-Eck"},"image":{"@id":"https:\/\/xn--schlsseldienstbremen-sec.com\/#\/schema\/logo\/image\/"},"sameAs":["https:\/\/instagram.com\/schluesseldienstbremen"]}]}},"amp_enabled":true,"_links":{"self":[{"href":"https:\/\/xn--schlsseldienstbremen-sec.com\/en\/wp-json\/wp\/v2\/pages\/2326"}],"collection":[{"href":"https:\/\/xn--schlsseldienstbremen-sec.com\/en\/wp-json\/wp\/v2\/pages"}],"about":[{"href":"https:\/\/xn--schlsseldienstbremen-sec.com\/en\/wp-json\/wp\/v2\/types\/page"}],"author":[{"embeddable":true,"href":"https:\/\/xn--schlsseldienstbremen-sec.com\/en\/wp-json\/wp\/v2\/users\/2"}],"replies":[{"embeddable":true,"href":"https:\/\/xn--schlsseldienstbremen-sec.com\/en\/wp-json\/wp\/v2\/comments?post=2326"}],"version-history":[{"count":1,"href":"https:\/\/xn--schlsseldienstbremen-sec.com\/en\/wp-json\/wp\/v2\/pages\/2326\/revisions"}],"predecessor-version":[{"id":2768,"href":"https:\/\/xn--schlsseldienstbremen-sec.com\/en\/wp-json\/wp\/v2\/pages\/2326\/revisions\/2768"}],"wp:featuredmedia":[{"embeddable":true,"href":"https:\/\/xn--schlsseldienstbremen-sec.com\/en\/wp-json\/wp\/v2\/media\/2721"}],"wp:attachment":[{"href":"https:\/\/xn--schlsseldienstbremen-sec.com\/en\/wp-json\/wp\/v2\/media?parent=2326"}],"curies":[{"name":"wp","href":"https:\/\/api.w.org\/{rel}","templated":true}]}}