{"id":2337,"date":"2023-03-07T18:56:10","date_gmt":"2023-03-07T18:56:10","guid":{"rendered":"https:\/\/schluesseldienstbremen.org\/?page_id=2337"},"modified":"2025-02-12T14:57:01","modified_gmt":"2025-02-12T14:57:01","slug":"huchting","status":"publish","type":"page","link":"https:\/\/xn--schlsseldienstbremen-sec.com\/en\/huchting\/","title":{"rendered":"Schl\u00fcsseldienst Bremen Huchting"},"content":{"rendered":"<p><\/p>\n\n\n\n<h3 class=\"wp-block-heading\"><strong>Schl\u00fcsseldienst Bremen Huchting \u2013 Ihr zuverl\u00e4ssiger Partner f\u00fcr T\u00fcr\u00f6ffnungen<\/strong><\/h3>\n\n\n\n<p>\ud83d\udd11 <a href=\"https:\/\/xn--schlsseldienstbremen-sec.com\/en\/\"><strong>Schl\u00fcsseldienst Edu<\/strong> <\/a>in <strong>Bremen Osterholz (Schweizer Viertel)<\/strong> ist seit \u00fcber <strong>25 Jahren<\/strong> ein treuer und zuverl\u00e4ssiger Schl\u00fcsseldienst f\u00fcr seine Kunden. Wir sind <strong>24 stunden am Tag, 7 Tage die Woche<\/strong> f\u00fcr Sie erreichbar \u2013 auch an <strong>Wochenenden und Feiertagen<\/strong>.<\/p>\n\n\n\n<p>\ud83d\udcde <strong>Notfall? Rufen Sie uns an: 0421-4<\/strong>9954493<\/p>\n\n\n\n<hr class=\"wp-block-separator has-alpha-channel-opacity\"\/>\n\n\n\n<h3 class=\"wp-block-heading\"><strong>Schnelle Hilfe bei Schl\u00fcsselproblemen<\/strong><\/h3>\n\n\n\n<p>Haben Sie Ihren <strong>Schl\u00fcssel verloren oder im Haus vergessen<\/strong>? Steckt der Schl\u00fcssel abgebrochen im Schloss? Dann wird der Zugang zu Ihrem Haus, Auto oder B\u00fcro zum Problem. Doch keine Sorge \u2013 <strong>Schl\u00fcsseldienst Edu in Bremen Osterholz<\/strong> hilft Ihnen schnell und professionell, damit Sie wieder <strong>sicher und ohne Sch\u00e4den<\/strong> in Ihre R\u00e4umlichkeiten gelangen.<\/p>\n\n\n\n<p>Wir bieten nicht nur T\u00fcr\u00f6ffnungen an, Sondern auch viele weitere <strong>Schl\u00fcsseldienstleistungen in ganz Bremen und Umgebung<\/strong>:<\/p>\n\n\n\n<p> <strong>24h Notdienst<\/strong> \u2013 Schnelle und zuverl\u00e4ssige t\u00fcr\u00f6ffnungen zu jeder Zeit<br><strong>Austausch &amp; Reparatur von Schl\u00f6ssern<\/strong> \u2013 Sicherheit geht vor!<br> <strong>Einbruchschutz &amp; Sicherheitsberatung<\/strong> \u2013 Wir helfen Ihnen, Ihr Zuhause sicherer zu machen<br> <strong>Schl\u00fcssel nachmachen &amp; Schlosswechsel<\/strong> \u2013 Direkt vor Ort in unserem Ladenlokal<\/p>\n\n\n\n<hr class=\"wp-block-separator has-alpha-channel-opacity\"\/>\n\n\n\n<h3 class=\"wp-block-heading\"><strong>Warum Schl\u00fcsseldienst Edu in <a href=\"https:\/\/de.wikipedia.org\/wiki\/Huchting_(Bremen)\">Bremen Huchting<\/a>?<\/strong><\/h3>\n\n\n\n<p><strong>Schnelle Anfahrt<\/strong> \u2013 In <strong>10 bis 30 Minuten<\/strong> bei Ihnen vor Ort<br><strong>Faire &amp; transparente Preise<\/strong> \u2013 Keine versteckten Kosten!<br><strong>Fachgerechte T\u00fcr\u00f6ffnung ohne Sch\u00e4den<\/strong> \u2013 Erfahrene und geschulte Experten<br> <strong>Lokales Unternehmen mit Ladengesch\u00e4ft<\/strong> \u2013 Kein anonymer Anbieter, sondern ein vertrauensw\u00fcrdiger Partner<br>\u2714 <strong>Modernste Technik &amp; Werkzeuge<\/strong> \u2013 F\u00fcr eine sichere und effektive T\u00fcr\u00f6ffnung<\/p>\n\n\n\n<hr class=\"wp-block-separator has-alpha-channel-opacity\"\/>\n\n\n\n<h3 class=\"wp-block-heading\"><strong>Ihr Schl\u00fcsselnotdienst f\u00fcr Bremen Huchting \u2013 Immer f\u00fcr Sie da!<\/strong><\/h3>\n\n\n\n<p>Ein nicht fachgerechter Versuch, eine T\u00fcr selbst zu \u00f6ffnen, kann <strong>Sch\u00e4den am Schloss oder an der T\u00fcr<\/strong> verursachen. In manchen F\u00e4llen kann es sogar gef\u00e4hrlich sein. Deshalb ist es wichtig, einen <strong>erfahrenen und professionellen Schl\u00fcsseldienst<\/strong> zu beauftragen.<\/p>\n\n\n\n<p><strong>Schl\u00fcsseldienst Edu ist Ihr seri\u00f6ser Ansprechpartner in Bremen!<\/strong><\/p>\n\n\n\n<p>\ud83d\udcde <strong>Notfall? Rufen Sie uns an: 0421-4<\/strong>9954493<\/p>\n\n\n\n<p><strong>Schl\u00fcsseldienst Bremen Huchting \u2013 Wir helfen Ihnen schnell, sicher und zuverl\u00e4ssig!<\/strong><\/p>","protected":false},"excerpt":{"rendered":"<p>Schl\u00fcsseldienst Bremen Huchting \u2013 Ihr zuverl\u00e4ssiger Partner f\u00fcr T\u00fcr\u00f6ffnungen \ud83d\udd11 Schl\u00fcsseldienst Edu in Bremen Osterholz (Schweizer Viertel) ist seit \u00fcber 25 Jahren ein treuer und zuverl\u00e4ssiger Schl\u00fcsseldienst f\u00fcr seine Kunden. Wir sind 24 stunden am Tag, 7 Tage die Woche f\u00fcr Sie erreichbar \u2013 auch&#8230;<\/p>","protected":false},"author":2,"featured_media":2706,"parent":0,"menu_order":0,"comment_status":"closed","ping_status":"closed","template":"","meta":{"footnotes":""},"yoast_head":"<!-- This site is optimized with the Yoast SEO plugin v20.5 - https:\/\/yoast.com\/wordpress\/plugins\/seo\/ -->\n<title>Schl\u00fcsseldienst Bremen Huchting<\/title>\n<meta name=\"description\" content=\"Schl\u00fcsseldienst Bremen Huchting 24h \u2714\ufe0f Festpreisgarantie\u2714\ufe0f Fair Preis \u2714\ufe0f \u2714\ufe0flangj\u00e4hrige Erfahrung \u2714\ufe0f24 Stunden Notdienst \u260e\ufe0f 0421-49954493\" \/>\n<meta name=\"robots\" content=\"index, follow, max-snippet:-1, max-image-preview:large, max-video-preview:-1\" \/>\n<link rel=\"canonical\" href=\"https:\/\/xn--schlsseldienstbremen-sec.com\/en\/huchting\/\" \/>\n<meta property=\"og:locale\" content=\"en_US\" \/>\n<meta property=\"og:type\" content=\"article\" \/>\n<meta property=\"og:title\" content=\"Schl\u00fcsseldienst Bremen Huchting\" \/>\n<meta property=\"og:description\" content=\"Schl\u00fcsseldienst Bremen Huchting 24h \u2714\ufe0f Festpreisgarantie\u2714\ufe0f Fair Preis \u2714\ufe0f \u2714\ufe0flangj\u00e4hrige Erfahrung \u2714\ufe0f24 Stunden Notdienst \u260e\ufe0f 0421-49954493\" \/>\n<meta property=\"og:url\" content=\"https:\/\/xn--schlsseldienstbremen-sec.com\/en\/huchting\/\" \/>\n<meta property=\"og:site_name\" content=\"Schl\u00fcsseldienst-Bremen\" \/>\n<meta property=\"article:modified_time\" content=\"2025-02-12T14:57:01+00:00\" \/>\n<meta property=\"og:image\" content=\"https:\/\/xn--schlsseldienstbremen-sec.com\/wp-content\/uploads\/2025\/01\/Schluessel-scaled.jpg\" \/>\n\t<meta property=\"og:image:width\" content=\"2560\" \/>\n\t<meta property=\"og:image:height\" content=\"1186\" \/>\n\t<meta property=\"og:image:type\" content=\"image\/jpeg\" \/>\n<meta name=\"twitter:card\" content=\"summary_large_image\" \/>\n<meta name=\"twitter:label1\" content=\"Est. reading time\" \/>\n\t<meta name=\"twitter:data1\" content=\"2 minutes\" \/>\n<script type=\"application\/ld+json\" class=\"yoast-schema-graph\">{\"@context\":\"https:\/\/schema.org\",\"@graph\":[{\"@type\":\"WebPage\",\"@id\":\"https:\/\/xn--schlsseldienstbremen-sec.com\/huchting\/\",\"url\":\"https:\/\/xn--schlsseldienstbremen-sec.com\/huchting\/\",\"name\":\"Schl\u00fcsseldienst Bremen Huchting\",\"isPartOf\":{\"@id\":\"https:\/\/xn--schlsseldienstbremen-sec.com\/#website\"},\"datePublished\":\"2023-03-07T18:56:10+00:00\",\"dateModified\":\"2025-02-12T14:57:01+00:00\",\"description\":\"Schl\u00fcsseldienst Bremen Huchting 24h \u2714\ufe0f Festpreisgarantie\u2714\ufe0f Fair Preis \u2714\ufe0f \u2714\ufe0flangj\u00e4hrige Erfahrung \u2714\ufe0f24 Stunden Notdienst \u260e\ufe0f 0421-49954493\",\"breadcrumb\":{\"@id\":\"https:\/\/xn--schlsseldienstbremen-sec.com\/huchting\/#breadcrumb\"},\"inLanguage\":\"en-US\",\"potentialAction\":[{\"@type\":\"ReadAction\",\"target\":[\"https:\/\/xn--schlsseldienstbremen-sec.com\/huchting\/\"]}]},{\"@type\":\"BreadcrumbList\",\"@id\":\"https:\/\/xn--schlsseldienstbremen-sec.com\/huchting\/#breadcrumb\",\"itemListElement\":[{\"@type\":\"ListItem\",\"position\":1,\"name\":\"Startseite\",\"item\":\"https:\/\/xn--schlsseldienstbremen-sec.com\/\"},{\"@type\":\"ListItem\",\"position\":2,\"name\":\"Schl\u00fcsseldienst Bremen Huchting\"}]},{\"@type\":\"WebSite\",\"@id\":\"https:\/\/xn--schlsseldienstbremen-sec.com\/#website\",\"url\":\"https:\/\/xn--schlsseldienstbremen-sec.com\/\",\"name\":\"Schl\u00fcsseldienst-Bremen\",\"description\":\"Schl\u00fcsseldienst 24 Stunden Festpreis\",\"publisher\":{\"@id\":\"https:\/\/xn--schlsseldienstbremen-sec.com\/#organization\"},\"potentialAction\":[{\"@type\":\"SearchAction\",\"target\":{\"@type\":\"EntryPoint\",\"urlTemplate\":\"https:\/\/xn--schlsseldienstbremen-sec.com\/?s={search_term_string}\"},\"query-input\":\"required name=search_term_string\"}],\"inLanguage\":\"en-US\"},{\"@type\":\"Organization\",\"@id\":\"https:\/\/xn--schlsseldienstbremen-sec.com\/#organization\",\"name\":\"Schl\u00fcsseldienst-Bremen-Eck\",\"url\":\"https:\/\/xn--schlsseldienstbremen-sec.com\/\",\"logo\":{\"@type\":\"ImageObject\",\"inLanguage\":\"en-US\",\"@id\":\"https:\/\/xn--schlsseldienstbremen-sec.com\/#\/schema\/logo\/image\/\",\"url\":\"https:\/\/xn--schlsseldienstbremen-sec.com\/wp-content\/uploads\/2023\/02\/sweet-cakes-1.png\",\"contentUrl\":\"https:\/\/xn--schlsseldienstbremen-sec.com\/wp-content\/uploads\/2023\/02\/sweet-cakes-1.png\",\"width\":500,\"height\":500,\"caption\":\"Schl\u00fcsseldienst-Bremen-Eck\"},\"image\":{\"@id\":\"https:\/\/xn--schlsseldienstbremen-sec.com\/#\/schema\/logo\/image\/\"},\"sameAs\":[\"https:\/\/instagram.com\/schluesseldienstbremen\"]}]}<\/script>\n<!-- \/ Yoast SEO plugin. -->","yoast_head_json":{"title":"Schl\u00fcsseldienst Bremen Huchting","description":"Schl\u00fcsseldienst Bremen Huchting 24h \u2714\ufe0f Festpreisgarantie\u2714\ufe0f Fair Preis \u2714\ufe0f \u2714\ufe0flangj\u00e4hrige Erfahrung \u2714\ufe0f24 Stunden Notdienst \u260e\ufe0f 0421-49954493","robots":{"index":"index","follow":"follow","max-snippet":"max-snippet:-1","max-image-preview":"max-image-preview:large","max-video-preview":"max-video-preview:-1"},"canonical":"https:\/\/xn--schlsseldienstbremen-sec.com\/en\/huchting\/","og_locale":"en_US","og_type":"article","og_title":"Schl\u00fcsseldienst Bremen Huchting","og_description":"Schl\u00fcsseldienst Bremen Huchting 24h \u2714\ufe0f Festpreisgarantie\u2714\ufe0f Fair Preis \u2714\ufe0f \u2714\ufe0flangj\u00e4hrige Erfahrung \u2714\ufe0f24 Stunden Notdienst \u260e\ufe0f 0421-49954493","og_url":"https:\/\/xn--schlsseldienstbremen-sec.com\/en\/huchting\/","og_site_name":"Schl\u00fcsseldienst-Bremen","article_modified_time":"2025-02-12T14:57:01+00:00","og_image":[{"width":2560,"height":1186,"url":"https:\/\/xn--schlsseldienstbremen-sec.com\/wp-content\/uploads\/2025\/01\/Schluessel-scaled.jpg","type":"image\/jpeg"}],"twitter_card":"summary_large_image","twitter_misc":{"Est. reading time":"2 minutes"},"schema":{"@context":"https:\/\/schema.org","@graph":[{"@type":"WebPage","@id":"https:\/\/xn--schlsseldienstbremen-sec.com\/huchting\/","url":"https:\/\/xn--schlsseldienstbremen-sec.com\/huchting\/","name":"Schl\u00fcsseldienst Bremen Huchting","isPartOf":{"@id":"https:\/\/xn--schlsseldienstbremen-sec.com\/#website"},"datePublished":"2023-03-07T18:56:10+00:00","dateModified":"2025-02-12T14:57:01+00:00","description":"Schl\u00fcsseldienst Bremen Huchting 24h \u2714\ufe0f Festpreisgarantie\u2714\ufe0f Fair Preis \u2714\ufe0f \u2714\ufe0flangj\u00e4hrige Erfahrung \u2714\ufe0f24 Stunden Notdienst \u260e\ufe0f 0421-49954493","breadcrumb":{"@id":"https:\/\/xn--schlsseldienstbremen-sec.com\/huchting\/#breadcrumb"},"inLanguage":"en-US","potentialAction":[{"@type":"ReadAction","target":["https:\/\/xn--schlsseldienstbremen-sec.com\/huchting\/"]}]},{"@type":"BreadcrumbList","@id":"https:\/\/xn--schlsseldienstbremen-sec.com\/huchting\/#breadcrumb","itemListElement":[{"@type":"ListItem","position":1,"name":"Startseite","item":"https:\/\/xn--schlsseldienstbremen-sec.com\/"},{"@type":"ListItem","position":2,"name":"Schl\u00fcsseldienst Bremen Huchting"}]},{"@type":"WebSite","@id":"https:\/\/xn--schlsseldienstbremen-sec.com\/#website","url":"https:\/\/xn--schlsseldienstbremen-sec.com\/","name":"Schl\u00fcsseldienst-Bremen","description":"Schl\u00fcsseldienst 24 Stunden Festpreis","publisher":{"@id":"https:\/\/xn--schlsseldienstbremen-sec.com\/#organization"},"potentialAction":[{"@type":"SearchAction","target":{"@type":"EntryPoint","urlTemplate":"https:\/\/xn--schlsseldienstbremen-sec.com\/?s={search_term_string}"},"query-input":"required name=search_term_string"}],"inLanguage":"en-US"},{"@type":"Organization","@id":"https:\/\/xn--schlsseldienstbremen-sec.com\/#organization","name":"Schl\u00fcsseldienst-Bremen-Eck","url":"https:\/\/xn--schlsseldienstbremen-sec.com\/","logo":{"@type":"ImageObject","inLanguage":"en-US","@id":"https:\/\/xn--schlsseldienstbremen-sec.com\/#\/schema\/logo\/image\/","url":"https:\/\/xn--schlsseldienstbremen-sec.com\/wp-content\/uploads\/2023\/02\/sweet-cakes-1.png","contentUrl":"https:\/\/xn--schlsseldienstbremen-sec.com\/wp-content\/uploads\/2023\/02\/sweet-cakes-1.png","width":500,"height":500,"caption":"Schl\u00fcsseldienst-Bremen-Eck"},"image":{"@id":"https:\/\/xn--schlsseldienstbremen-sec.com\/#\/schema\/logo\/image\/"},"sameAs":["https:\/\/instagram.com\/schluesseldienstbremen"]}]}},"amp_enabled":true,"_links":{"self":[{"href":"https:\/\/xn--schlsseldienstbremen-sec.com\/en\/wp-json\/wp\/v2\/pages\/2337"}],"collection":[{"href":"https:\/\/xn--schlsseldienstbremen-sec.com\/en\/wp-json\/wp\/v2\/pages"}],"about":[{"href":"https:\/\/xn--schlsseldienstbremen-sec.com\/en\/wp-json\/wp\/v2\/types\/page"}],"author":[{"embeddable":true,"href":"https:\/\/xn--schlsseldienstbremen-sec.com\/en\/wp-json\/wp\/v2\/users\/2"}],"replies":[{"embeddable":true,"href":"https:\/\/xn--schlsseldienstbremen-sec.com\/en\/wp-json\/wp\/v2\/comments?post=2337"}],"version-history":[{"count":2,"href":"https:\/\/xn--schlsseldienstbremen-sec.com\/en\/wp-json\/wp\/v2\/pages\/2337\/revisions"}],"predecessor-version":[{"id":2774,"href":"https:\/\/xn--schlsseldienstbremen-sec.com\/en\/wp-json\/wp\/v2\/pages\/2337\/revisions\/2774"}],"wp:featuredmedia":[{"embeddable":true,"href":"https:\/\/xn--schlsseldienstbremen-sec.com\/en\/wp-json\/wp\/v2\/media\/2706"}],"wp:attachment":[{"href":"https:\/\/xn--schlsseldienstbremen-sec.com\/en\/wp-json\/wp\/v2\/media?parent=2337"}],"curies":[{"name":"wp","href":"https:\/\/api.w.org\/{rel}","templated":true}]}}