{"id":2374,"date":"2023-03-08T21:03:20","date_gmt":"2023-03-08T21:03:20","guid":{"rendered":"https:\/\/schluesseldienstbremen.org\/?page_id=2374"},"modified":"2025-02-19T14:41:21","modified_gmt":"2025-02-19T14:41:21","slug":"schluesseldienst-bremen-neustadt","status":"publish","type":"page","link":"https:\/\/xn--schlsseldienstbremen-sec.com\/en\/schluesseldienst-bremen-neustadt\/","title":{"rendered":"Schl\u00fcsseldienst Bremen Neustadt"},"content":{"rendered":"<h3 class=\"wp-block-heading\"><strong>Schl\u00fcsseldienst Bremen Neustadt \u2013 Ihr seri\u00f6ser Partner f\u00fcr T\u00fcr\u00f6ffnungen<\/strong><\/h3>\n\n\n\n<p>\ud83d\udd11 <strong>Transparente Preise &amp; professionelle Arbeit \u2013 rund um die Uhr verf\u00fcgbar<\/strong><\/p>\n\n\n\n<p>Die Suche nach einem <strong>zuverl\u00e4ssigen Schl\u00fcsseldienst<\/strong> kann schwierig sein, da viele unseri\u00f6se Anbieter mit \u00fcberh\u00f6hten Preisen und schlechter Arbeit abschrecken. <strong>Schl\u00fcsseldienst Edu<\/strong> steht seit <strong>\u00fcber 25 Jahren<\/strong> f\u00fcr <strong>faire Preise, professionelle T\u00fcr\u00f6ffnungen und schnelle Hilfe<\/strong> in Bremen Neustadt und Umgebung.<\/p>\n\n\n\n<p>\ud83d\udcde <strong>Notfall? Rufen Sie uns an: 0421-49954493<\/strong><\/p>\n\n\n\n<hr class=\"wp-block-separator has-alpha-channel-opacity\"\/>\n\n\n\n<h3 class=\"wp-block-heading\"><strong>Woran erkennen Sie einen seri\u00f6sen Schl\u00fcsseldienst?<\/strong><\/h3>\n\n\n\n<p>\u2714 <strong>Faire &amp; transparente Preise<\/strong> \u2013 Bei uns erhalten Sie bereits vorab eine klare Preis\u00fcbersicht. <strong>Keine versteckten Kosten!<\/strong><br> <strong>Lizenzen &amp; Erfahrung<\/strong> \u2013 \u00dcber 25 Jahre Fachkompetenz mit gepr\u00fcften Spezialisten.<br> <strong>Positive Kundenbewertungen<\/strong> \u2013 Wir legen gro\u00dfen Wert auf zufriedene Kunden und eine hohe Servicequalit\u00e4t.<br> <strong>Schriftlicher Kostenvoranschlag<\/strong> \u2013 Sie erhalten alle Kosten transparent aufgelistet, bevor wir mit der Arbeit beginnen.<br><strong>Identit\u00e4tspr\u00fcfung vor T\u00fcr\u00f6ffnung<\/strong> \u2013 Ihre Sicherheit ist uns wichtig! Wir \u00f6ffnen T\u00fcren nur f\u00fcr berechtigte Personen.<br> <strong>Schnelle Reaktionszeit<\/strong> \u2013 Wir sind <strong>in 10\u201330 Minuten bei Ihnen vor Ort<\/strong>, um das Problem zu l\u00f6sen.<\/p>\n\n\n\n<hr class=\"wp-block-separator has-alpha-channel-opacity\"\/>\n\n\n\n<h3 class=\"wp-block-heading\"><strong>Unsere Leistungen f\u00fcr Bremen Neustadt<\/strong><\/h3>\n\n\n\n<p> <strong>Notfall-T\u00fcr\u00f6ffnung<\/strong> \u2013 Schnelle Hilfe bei zugefallenen oder verlorenen Schl\u00fcsseln<br> <strong>Schlosswechsel &amp; Reparatur<\/strong> \u2013 Sicherheit verbessern mit neuen Schl\u00f6ssern<br> <strong>Sicherheitsberatung &amp; Einbruchschutz<\/strong> \u2013 Sch\u00fctzen Sie Ihr Zuhause mit modernen Sicherheitssystemen<br> <strong>Installation von Panzerriegeln &amp; Sicherheitsschl\u00f6ssern<\/strong> \u2013 Mehr Schutz f\u00fcr Ihre T\u00fcr<br> <strong>Schl\u00fcssel nachmachen &amp; Schlosszylinder kaufen<\/strong> \u2013 Direkt in unserem Laden m\u00f6glich<\/p>\n\n\n\n<hr class=\"wp-block-separator has-alpha-channel-opacity\"\/>\n\n\n\n<h3 class=\"wp-block-heading\"><strong>Warum Schl\u00fcsseldienst Edu <a href=\"https:\/\/de.wikipedia.org\/wiki\/Neustadt_(Bremen)\">Bremen Neustadt<\/a>?<\/strong><\/h3>\n\n\n\n<p> <strong>24\/7 Notdienst<\/strong> \u2013 Tag &amp; Nacht f\u00fcr Sie da<br><strong>Schnell vor Ort<\/strong> \u2013 In 10\u201330 Minuten in Bremen Neustadt<br> <strong>Faire Preise<\/strong> \u2013 Transparente Kosten ohne \u00dcberraschungen<\/p>\n\n\n\n<p> <strong>Professionelle Arbeit<\/strong> \u2013 T\u00fcr\u00f6ffnung ohne Sch\u00e4den<\/p>\n\n\n\n<hr class=\"wp-block-separator has-alpha-channel-opacity\"\/>\n\n\n\n<h3 class=\"wp-block-heading\"><strong>Ihr zuverl\u00e4ssiger <a href=\"https:\/\/xn--schlsseldienstbremen-sec.com\/en\/\">Locksmith<\/a> f\u00fcr Bremen Neustadt<\/strong><\/h3>\n\n\n\n<p><strong>Vorsicht vor unseri\u00f6sen Anbietern!<\/strong> Ein unqualifizierter Versuch, die T\u00fcr selbst zu \u00f6ffnen, kann zu Sch\u00e4den und hohen Folgekosten f\u00fchren. Vertrauen Sie stattdessen auf <strong>unsere Erfahrung und Fachkompetenz<\/strong> \u2013 wir \u00f6ffnen Ihre T\u00fcr <strong>schnell, sicher und zu fairen Preisen<\/strong>.<\/p>\n\n\n\n<p>\ud83d\udcde <strong>Rufen Sie uns an: 0421-49954493<\/strong><\/p>\n\n\n\n<p><strong>Schl\u00fcsseldienst Edu \u2013 Ihr Partner f\u00fcr T\u00fcr\u00f6ffnungen in Bremen Neustadt!<\/strong><\/p>\n\n\n\n<p><\/p>","protected":false},"excerpt":{"rendered":"<p>Schl\u00fcsseldienst Bremen Neustadt \u2013 Ihr seri\u00f6ser Partner f\u00fcr T\u00fcr\u00f6ffnungen \ud83d\udd11 Transparente Preise &amp; professionelle Arbeit \u2013 rund um die Uhr verf\u00fcgbar Die Suche nach einem zuverl\u00e4ssigen Schl\u00fcsseldienst kann schwierig sein, da viele unseri\u00f6se Anbieter mit \u00fcberh\u00f6hten Preisen und schlechter Arbeit abschrecken. Schl\u00fcsseldienst Edu steht seit&#8230;<\/p>","protected":false},"author":2,"featured_media":2726,"parent":0,"menu_order":0,"comment_status":"closed","ping_status":"closed","template":"","meta":{"footnotes":""},"yoast_head":"<!-- This site is optimized with the Yoast SEO plugin v20.5 - https:\/\/yoast.com\/wordpress\/plugins\/seo\/ -->\n<title>Schl\u00fcsseldienst Bremen Neustadt<\/title>\n<meta name=\"description\" content=\"Schl\u00fcsseldienst Bremen Neustadt \u2714\ufe0f in 10-30 Min. vor Ort\u2714\ufe0f 24h Notdienst\u2714\ufe0f \u2714\ufe0flangj\u00e4hrige Erfahrung \u2714\ufe0fSchl\u00fcsseldienst \u260e\ufe0f 0421-49954493\" \/>\n<meta name=\"robots\" content=\"index, follow, max-snippet:-1, max-image-preview:large, max-video-preview:-1\" \/>\n<link rel=\"canonical\" href=\"https:\/\/xn--schlsseldienstbremen-sec.com\/en\/schluesseldienst-bremen-neustadt\/\" \/>\n<meta property=\"og:locale\" content=\"en_US\" \/>\n<meta property=\"og:type\" content=\"article\" \/>\n<meta property=\"og:title\" content=\"Schl\u00fcsseldienst Bremen Neustadt\" \/>\n<meta property=\"og:description\" content=\"Schl\u00fcsseldienst Bremen Neustadt \u2714\ufe0f in 10-30 Min. vor Ort\u2714\ufe0f 24h Notdienst\u2714\ufe0f \u2714\ufe0flangj\u00e4hrige Erfahrung \u2714\ufe0fSchl\u00fcsseldienst \u260e\ufe0f 0421-49954493\" \/>\n<meta property=\"og:url\" content=\"https:\/\/xn--schlsseldienstbremen-sec.com\/en\/schluesseldienst-bremen-neustadt\/\" \/>\n<meta property=\"og:site_name\" content=\"Schl\u00fcsseldienst-Bremen\" \/>\n<meta property=\"article:modified_time\" content=\"2025-02-19T14:41:21+00:00\" \/>\n<meta property=\"og:image\" content=\"https:\/\/xn--schlsseldienstbremen-sec.com\/wp-content\/uploads\/2025\/01\/Schluesseldienst-Bremen.jpeg\" \/>\n\t<meta property=\"og:image:width\" content=\"1171\" \/>\n\t<meta property=\"og:image:height\" content=\"1181\" \/>\n\t<meta property=\"og:image:type\" content=\"image\/jpeg\" \/>\n<meta name=\"twitter:card\" content=\"summary_large_image\" \/>\n<meta name=\"twitter:label1\" content=\"Est. reading time\" \/>\n\t<meta name=\"twitter:data1\" content=\"2 minutes\" \/>\n<script type=\"application\/ld+json\" class=\"yoast-schema-graph\">{\"@context\":\"https:\/\/schema.org\",\"@graph\":[{\"@type\":\"WebPage\",\"@id\":\"https:\/\/xn--schlsseldienstbremen-sec.com\/schluesseldienst-bremen-neustadt\/\",\"url\":\"https:\/\/xn--schlsseldienstbremen-sec.com\/schluesseldienst-bremen-neustadt\/\",\"name\":\"Schl\u00fcsseldienst Bremen Neustadt\",\"isPartOf\":{\"@id\":\"https:\/\/xn--schlsseldienstbremen-sec.com\/#website\"},\"datePublished\":\"2023-03-08T21:03:20+00:00\",\"dateModified\":\"2025-02-19T14:41:21+00:00\",\"description\":\"Schl\u00fcsseldienst Bremen Neustadt \u2714\ufe0f in 10-30 Min. vor Ort\u2714\ufe0f 24h Notdienst\u2714\ufe0f \u2714\ufe0flangj\u00e4hrige Erfahrung \u2714\ufe0fSchl\u00fcsseldienst \u260e\ufe0f 0421-49954493\",\"breadcrumb\":{\"@id\":\"https:\/\/xn--schlsseldienstbremen-sec.com\/schluesseldienst-bremen-neustadt\/#breadcrumb\"},\"inLanguage\":\"en-US\",\"potentialAction\":[{\"@type\":\"ReadAction\",\"target\":[\"https:\/\/xn--schlsseldienstbremen-sec.com\/schluesseldienst-bremen-neustadt\/\"]}]},{\"@type\":\"BreadcrumbList\",\"@id\":\"https:\/\/xn--schlsseldienstbremen-sec.com\/schluesseldienst-bremen-neustadt\/#breadcrumb\",\"itemListElement\":[{\"@type\":\"ListItem\",\"position\":1,\"name\":\"Startseite\",\"item\":\"https:\/\/xn--schlsseldienstbremen-sec.com\/\"},{\"@type\":\"ListItem\",\"position\":2,\"name\":\"Schl\u00fcsseldienst Bremen Neustadt\"}]},{\"@type\":\"WebSite\",\"@id\":\"https:\/\/xn--schlsseldienstbremen-sec.com\/#website\",\"url\":\"https:\/\/xn--schlsseldienstbremen-sec.com\/\",\"name\":\"Schl\u00fcsseldienst-Bremen\",\"description\":\"Schl\u00fcsseldienst 24 Stunden Festpreis\",\"publisher\":{\"@id\":\"https:\/\/xn--schlsseldienstbremen-sec.com\/#organization\"},\"potentialAction\":[{\"@type\":\"SearchAction\",\"target\":{\"@type\":\"EntryPoint\",\"urlTemplate\":\"https:\/\/xn--schlsseldienstbremen-sec.com\/?s={search_term_string}\"},\"query-input\":\"required name=search_term_string\"}],\"inLanguage\":\"en-US\"},{\"@type\":\"Organization\",\"@id\":\"https:\/\/xn--schlsseldienstbremen-sec.com\/#organization\",\"name\":\"Schl\u00fcsseldienst-Bremen-Eck\",\"url\":\"https:\/\/xn--schlsseldienstbremen-sec.com\/\",\"logo\":{\"@type\":\"ImageObject\",\"inLanguage\":\"en-US\",\"@id\":\"https:\/\/xn--schlsseldienstbremen-sec.com\/#\/schema\/logo\/image\/\",\"url\":\"https:\/\/xn--schlsseldienstbremen-sec.com\/wp-content\/uploads\/2023\/02\/sweet-cakes-1.png\",\"contentUrl\":\"https:\/\/xn--schlsseldienstbremen-sec.com\/wp-content\/uploads\/2023\/02\/sweet-cakes-1.png\",\"width\":500,\"height\":500,\"caption\":\"Schl\u00fcsseldienst-Bremen-Eck\"},\"image\":{\"@id\":\"https:\/\/xn--schlsseldienstbremen-sec.com\/#\/schema\/logo\/image\/\"},\"sameAs\":[\"https:\/\/instagram.com\/schluesseldienstbremen\"]}]}<\/script>\n<!-- \/ Yoast SEO plugin. -->","yoast_head_json":{"title":"Schl\u00fcsseldienst Bremen Neustadt","description":"Schl\u00fcsseldienst Bremen Neustadt \u2714\ufe0f in 10-30 Min. vor Ort\u2714\ufe0f 24h Notdienst\u2714\ufe0f \u2714\ufe0flangj\u00e4hrige Erfahrung \u2714\ufe0fSchl\u00fcsseldienst \u260e\ufe0f 0421-49954493","robots":{"index":"index","follow":"follow","max-snippet":"max-snippet:-1","max-image-preview":"max-image-preview:large","max-video-preview":"max-video-preview:-1"},"canonical":"https:\/\/xn--schlsseldienstbremen-sec.com\/en\/schluesseldienst-bremen-neustadt\/","og_locale":"en_US","og_type":"article","og_title":"Schl\u00fcsseldienst Bremen Neustadt","og_description":"Schl\u00fcsseldienst Bremen Neustadt \u2714\ufe0f in 10-30 Min. vor Ort\u2714\ufe0f 24h Notdienst\u2714\ufe0f \u2714\ufe0flangj\u00e4hrige Erfahrung \u2714\ufe0fSchl\u00fcsseldienst \u260e\ufe0f 0421-49954493","og_url":"https:\/\/xn--schlsseldienstbremen-sec.com\/en\/schluesseldienst-bremen-neustadt\/","og_site_name":"Schl\u00fcsseldienst-Bremen","article_modified_time":"2025-02-19T14:41:21+00:00","og_image":[{"width":1171,"height":1181,"url":"https:\/\/xn--schlsseldienstbremen-sec.com\/wp-content\/uploads\/2025\/01\/Schluesseldienst-Bremen.jpeg","type":"image\/jpeg"}],"twitter_card":"summary_large_image","twitter_misc":{"Est. reading time":"2 minutes"},"schema":{"@context":"https:\/\/schema.org","@graph":[{"@type":"WebPage","@id":"https:\/\/xn--schlsseldienstbremen-sec.com\/schluesseldienst-bremen-neustadt\/","url":"https:\/\/xn--schlsseldienstbremen-sec.com\/schluesseldienst-bremen-neustadt\/","name":"Schl\u00fcsseldienst Bremen Neustadt","isPartOf":{"@id":"https:\/\/xn--schlsseldienstbremen-sec.com\/#website"},"datePublished":"2023-03-08T21:03:20+00:00","dateModified":"2025-02-19T14:41:21+00:00","description":"Schl\u00fcsseldienst Bremen Neustadt \u2714\ufe0f in 10-30 Min. vor Ort\u2714\ufe0f 24h Notdienst\u2714\ufe0f \u2714\ufe0flangj\u00e4hrige Erfahrung \u2714\ufe0fSchl\u00fcsseldienst \u260e\ufe0f 0421-49954493","breadcrumb":{"@id":"https:\/\/xn--schlsseldienstbremen-sec.com\/schluesseldienst-bremen-neustadt\/#breadcrumb"},"inLanguage":"en-US","potentialAction":[{"@type":"ReadAction","target":["https:\/\/xn--schlsseldienstbremen-sec.com\/schluesseldienst-bremen-neustadt\/"]}]},{"@type":"BreadcrumbList","@id":"https:\/\/xn--schlsseldienstbremen-sec.com\/schluesseldienst-bremen-neustadt\/#breadcrumb","itemListElement":[{"@type":"ListItem","position":1,"name":"Startseite","item":"https:\/\/xn--schlsseldienstbremen-sec.com\/"},{"@type":"ListItem","position":2,"name":"Schl\u00fcsseldienst Bremen Neustadt"}]},{"@type":"WebSite","@id":"https:\/\/xn--schlsseldienstbremen-sec.com\/#website","url":"https:\/\/xn--schlsseldienstbremen-sec.com\/","name":"Schl\u00fcsseldienst-Bremen","description":"Schl\u00fcsseldienst 24 Stunden Festpreis","publisher":{"@id":"https:\/\/xn--schlsseldienstbremen-sec.com\/#organization"},"potentialAction":[{"@type":"SearchAction","target":{"@type":"EntryPoint","urlTemplate":"https:\/\/xn--schlsseldienstbremen-sec.com\/?s={search_term_string}"},"query-input":"required name=search_term_string"}],"inLanguage":"en-US"},{"@type":"Organization","@id":"https:\/\/xn--schlsseldienstbremen-sec.com\/#organization","name":"Schl\u00fcsseldienst-Bremen-Eck","url":"https:\/\/xn--schlsseldienstbremen-sec.com\/","logo":{"@type":"ImageObject","inLanguage":"en-US","@id":"https:\/\/xn--schlsseldienstbremen-sec.com\/#\/schema\/logo\/image\/","url":"https:\/\/xn--schlsseldienstbremen-sec.com\/wp-content\/uploads\/2023\/02\/sweet-cakes-1.png","contentUrl":"https:\/\/xn--schlsseldienstbremen-sec.com\/wp-content\/uploads\/2023\/02\/sweet-cakes-1.png","width":500,"height":500,"caption":"Schl\u00fcsseldienst-Bremen-Eck"},"image":{"@id":"https:\/\/xn--schlsseldienstbremen-sec.com\/#\/schema\/logo\/image\/"},"sameAs":["https:\/\/instagram.com\/schluesseldienstbremen"]}]}},"amp_enabled":true,"_links":{"self":[{"href":"https:\/\/xn--schlsseldienstbremen-sec.com\/en\/wp-json\/wp\/v2\/pages\/2374"}],"collection":[{"href":"https:\/\/xn--schlsseldienstbremen-sec.com\/en\/wp-json\/wp\/v2\/pages"}],"about":[{"href":"https:\/\/xn--schlsseldienstbremen-sec.com\/en\/wp-json\/wp\/v2\/types\/page"}],"author":[{"embeddable":true,"href":"https:\/\/xn--schlsseldienstbremen-sec.com\/en\/wp-json\/wp\/v2\/users\/2"}],"replies":[{"embeddable":true,"href":"https:\/\/xn--schlsseldienstbremen-sec.com\/en\/wp-json\/wp\/v2\/comments?post=2374"}],"version-history":[{"count":1,"href":"https:\/\/xn--schlsseldienstbremen-sec.com\/en\/wp-json\/wp\/v2\/pages\/2374\/revisions"}],"predecessor-version":[{"id":2782,"href":"https:\/\/xn--schlsseldienstbremen-sec.com\/en\/wp-json\/wp\/v2\/pages\/2374\/revisions\/2782"}],"wp:featuredmedia":[{"embeddable":true,"href":"https:\/\/xn--schlsseldienstbremen-sec.com\/en\/wp-json\/wp\/v2\/media\/2726"}],"wp:attachment":[{"href":"https:\/\/xn--schlsseldienstbremen-sec.com\/en\/wp-json\/wp\/v2\/media?parent=2374"}],"curies":[{"name":"wp","href":"https:\/\/api.w.org\/{rel}","templated":true}]}}