{"id":2429,"date":"2023-03-13T12:10:11","date_gmt":"2023-03-13T12:10:11","guid":{"rendered":"https:\/\/schluesseldienstbremen.org\/?page_id=2429"},"modified":"2025-02-19T15:35:39","modified_gmt":"2025-02-19T15:35:39","slug":"schluesseldienst-walle","status":"publish","type":"page","link":"https:\/\/xn--schlsseldienstbremen-sec.com\/en\/schluesseldienst-walle\/","title":{"rendered":"Schl\u00fcsseldienst walle"},"content":{"rendered":"<p>Schl\u00fcsseldienst walle T\u00fcr\u00f6ffnung 24h<\/p>\n\n\n\n<h3 class=\"wp-block-heading\"><strong>Schl\u00fcsseldienst Bremen-Walle \u2013 Ihr schneller und zuverl\u00e4ssiger Helfer<\/strong><\/h3>\n\n\n\n<p>Haben Sie sich in <strong>Bremen-<a href=\"https:\/\/de.wikipedia.org\/wiki\/Walle\">Walle<\/a><\/strong> ausgesperrt oder Ihren Schl\u00fcssel verloren? Keine Panik! Unser <strong>Schl\u00fcsseldienst f\u00fcr Bremen-Walle<\/strong> ist rund um die Uhr f\u00fcr Sie da und hilft Ihnen schnell und zuverl\u00e4ssig. Egal, ob Ihre T\u00fcr zugefallen ist, der Schl\u00fcssel abgebrochen oder das Schloss defekt \u2013 wir bieten Ihnen eine schnelle und professionelle L\u00f6sung.<\/p>\n\n\n\n<h4 class=\"wp-block-heading\"><strong>24\/7 Notdienst \u2013 Soforthilfe zu jeder Tages- und Nachtzeit<\/strong><\/h4>\n\n\n\n<p>Ein Schl\u00fcsselnotfall kann jederzeit passieren \u2013 deshalb sind wir <strong>24 Stunden am Tag, 7 Tage die Woche<\/strong> erreichbar. Unser mobiler Schl\u00fcsseldienst ist in <strong>Bremen-Walle und Umgebung<\/strong> schnell vor Ort und \u00f6ffnet Ihre T\u00fcr <strong>fachgerecht und in den meisten F\u00e4llen ohne Sch\u00e4den<\/strong>.<\/p>\n\n\n\n<p>\ud83d\udcde <strong>Jetzt anrufen:<\/strong> <strong>0421-4<\/strong>9954493<\/p>\n\n\n\n<h4 class=\"wp-block-heading\"><strong>Unsere Leistungen im \u00dcberblick:<\/strong><\/h4>\n\n\n\n<p> <strong>T\u00fcr\u00f6ffnungen ohne Sch\u00e4den<\/strong> \u2013 Haust\u00fcren, Wohnungst\u00fcren und B\u00fcrot\u00fcren \u00f6ffnen wir schnell und schonend.<br> <strong>Schlosswechsel &amp; Reparaturen<\/strong> \u2013 Defekte oder veraltete Schl\u00f6sser tauschen wir fachgerecht aus.<br> <strong>Auto\u00f6ffnung<\/strong> \u2013 Haben Sie sich aus Ihrem Fahrzeug ausgesperrt? Wir helfen Ihnen ohne Sch\u00e4den am Schloss.<br> <strong>Tresor\u00f6ffnungen<\/strong> \u2013 Auch verschlossene Tresore k\u00f6nnen wir f\u00fcr Sie professionell \u00f6ffnen.<br> <strong>Sicherheitsberatung &amp; Einbruchschutz<\/strong> \u2013 Wir beraten Sie zu modernen Sicherheitsl\u00f6sungen und helfen Ihnen, Ihr Zuhause sicherer zu machen.<\/p>\n\n\n\n<h4 class=\"wp-block-heading\"><strong>Warum unser <a href=\"https:\/\/xn--schlsseldienstbremen-sec.com\/en\/\">Locksmith <\/a> Edu f\u00fcr Bremen-Walle?<\/strong><\/h4>\n\n\n\n<p><strong>Schnelle Reaktionszeit:<\/strong> In der Regel sind wir <strong>innerhalb von 30 Minuten<\/strong> in Bremen-Walle vor Ort.<br><strong>Transparente Preise:<\/strong> Keine versteckten Kosten \u2013 Sie erfahren <strong>vorab<\/strong>, welche Geb\u00fchren anfallen.<br><strong>Professionelle Monteure:<\/strong> Unsere geschulten techniker arbeiten zuverl\u00e4ssig Und mit modernem Werkzeug.<br><strong>Langj\u00e4hrige Erfahrung:<\/strong> wir sind seit vielen Jahren als Seri\u00f6ser Schl\u00fcsseldienst in Bremen und Umgebung t\u00e4tig.<\/p>\n\n\n\n<h4 class=\"wp-block-heading\"><strong>Schnelle Hilfe \u2013 Jetzt anrufen!<\/strong><\/h4>\n\n\n\n<p>Ob verlorene Schl\u00fcssel, zugefallene T\u00fcren oder defekte Schl\u00f6sser \u2013 unser <strong>Schl\u00fcsseldienst Bremen-Walle<\/strong> ist Ihr verl\u00e4sslicher Partner f\u00fcr schnelle und sichere L\u00f6sungen.<\/p>\n\n\n\n<p>\ud83d\udcde <strong>Direkt erreichbar unter:<\/strong> <strong>0421-4<\/strong>9954493<\/p>\n\n\n\n<p>\ud83d\udd11 <strong>Schl\u00fcsseldienst Edu f\u00fcr Bremen-Walle \u2013 Ihr Experte f\u00fcr T\u00fcr\u00f6ffnungen &amp; Sicherheit!<\/strong><\/p>","protected":false},"excerpt":{"rendered":"<p>Schl\u00fcsseldienst walle T\u00fcr\u00f6ffnung 24h Schl\u00fcsseldienst Bremen-Walle \u2013 Ihr schneller und zuverl\u00e4ssiger Helfer Haben Sie sich in Bremen-Walle ausgesperrt oder Ihren Schl\u00fcssel verloren? Keine Panik! Unser Schl\u00fcsseldienst f\u00fcr Bremen-Walle ist rund um die Uhr f\u00fcr Sie da und hilft Ihnen schnell und zuverl\u00e4ssig. Egal, ob Ihre&#8230;<\/p>","protected":false},"author":2,"featured_media":2726,"parent":0,"menu_order":0,"comment_status":"closed","ping_status":"closed","template":"","meta":{"footnotes":""},"yoast_head":"<!-- This site is optimized with the Yoast SEO plugin v20.5 - https:\/\/yoast.com\/wordpress\/plugins\/seo\/ -->\n<title>Schl\u00fcsseldienst walle T\u00fcr\u00f6ffnung 24h<\/title>\n<meta name=\"description\" content=\"Schl\u00fcsseldienst walle \u2705 T\u00fcr\u00f6ffnung 24h \u2705Schl\u00fcsselnotdienst 24 \u270510-30 Min Vor Ort\u2705 Festpreis Garantie \u2705Mit Erfahrung\u2705 \u260e\ufe0f0421\/49954493\" \/>\n<meta name=\"robots\" content=\"index, follow, max-snippet:-1, max-image-preview:large, max-video-preview:-1\" \/>\n<link rel=\"canonical\" href=\"https:\/\/xn--schlsseldienstbremen-sec.com\/en\/schluesseldienst-walle\/\" \/>\n<meta property=\"og:locale\" content=\"en_US\" \/>\n<meta property=\"og:type\" content=\"article\" \/>\n<meta property=\"og:title\" content=\"Schl\u00fcsseldienst walle T\u00fcr\u00f6ffnung 24h\" \/>\n<meta property=\"og:description\" content=\"Schl\u00fcsseldienst walle \u2705 T\u00fcr\u00f6ffnung 24h \u2705Schl\u00fcsselnotdienst 24 \u270510-30 Min Vor Ort\u2705 Festpreis Garantie \u2705Mit Erfahrung\u2705 \u260e\ufe0f0421\/49954493\" \/>\n<meta property=\"og:url\" content=\"https:\/\/xn--schlsseldienstbremen-sec.com\/en\/schluesseldienst-walle\/\" \/>\n<meta property=\"og:site_name\" content=\"Schl\u00fcsseldienst-Bremen\" \/>\n<meta property=\"article:modified_time\" content=\"2025-02-19T15:35:39+00:00\" \/>\n<meta property=\"og:image\" content=\"https:\/\/xn--schlsseldienstbremen-sec.com\/wp-content\/uploads\/2025\/01\/Schluesseldienst-Bremen.jpeg\" \/>\n\t<meta property=\"og:image:width\" content=\"1171\" \/>\n\t<meta property=\"og:image:height\" content=\"1181\" \/>\n\t<meta property=\"og:image:type\" content=\"image\/jpeg\" \/>\n<meta name=\"twitter:card\" content=\"summary_large_image\" \/>\n<meta name=\"twitter:label1\" content=\"Est. reading time\" \/>\n\t<meta name=\"twitter:data1\" content=\"2 minutes\" \/>\n<script type=\"application\/ld+json\" class=\"yoast-schema-graph\">{\"@context\":\"https:\/\/schema.org\",\"@graph\":[{\"@type\":\"WebPage\",\"@id\":\"https:\/\/xn--schlsseldienstbremen-sec.com\/schluesseldienst-walle\/\",\"url\":\"https:\/\/xn--schlsseldienstbremen-sec.com\/schluesseldienst-walle\/\",\"name\":\"Schl\u00fcsseldienst walle T\u00fcr\u00f6ffnung 24h\",\"isPartOf\":{\"@id\":\"https:\/\/xn--schlsseldienstbremen-sec.com\/#website\"},\"datePublished\":\"2023-03-13T12:10:11+00:00\",\"dateModified\":\"2025-02-19T15:35:39+00:00\",\"description\":\"Schl\u00fcsseldienst walle \u2705 T\u00fcr\u00f6ffnung 24h \u2705Schl\u00fcsselnotdienst 24 \u270510-30 Min Vor Ort\u2705 Festpreis Garantie \u2705Mit Erfahrung\u2705 \u260e\ufe0f0421\/49954493\",\"breadcrumb\":{\"@id\":\"https:\/\/xn--schlsseldienstbremen-sec.com\/schluesseldienst-walle\/#breadcrumb\"},\"inLanguage\":\"en-US\",\"potentialAction\":[{\"@type\":\"ReadAction\",\"target\":[\"https:\/\/xn--schlsseldienstbremen-sec.com\/schluesseldienst-walle\/\"]}]},{\"@type\":\"BreadcrumbList\",\"@id\":\"https:\/\/xn--schlsseldienstbremen-sec.com\/schluesseldienst-walle\/#breadcrumb\",\"itemListElement\":[{\"@type\":\"ListItem\",\"position\":1,\"name\":\"Startseite\",\"item\":\"https:\/\/xn--schlsseldienstbremen-sec.com\/\"},{\"@type\":\"ListItem\",\"position\":2,\"name\":\"Schl\u00fcsseldienst walle\"}]},{\"@type\":\"WebSite\",\"@id\":\"https:\/\/xn--schlsseldienstbremen-sec.com\/#website\",\"url\":\"https:\/\/xn--schlsseldienstbremen-sec.com\/\",\"name\":\"Schl\u00fcsseldienst-Bremen\",\"description\":\"Schl\u00fcsseldienst 24 Stunden Festpreis\",\"publisher\":{\"@id\":\"https:\/\/xn--schlsseldienstbremen-sec.com\/#organization\"},\"potentialAction\":[{\"@type\":\"SearchAction\",\"target\":{\"@type\":\"EntryPoint\",\"urlTemplate\":\"https:\/\/xn--schlsseldienstbremen-sec.com\/?s={search_term_string}\"},\"query-input\":\"required name=search_term_string\"}],\"inLanguage\":\"en-US\"},{\"@type\":\"Organization\",\"@id\":\"https:\/\/xn--schlsseldienstbremen-sec.com\/#organization\",\"name\":\"Schl\u00fcsseldienst-Bremen-Eck\",\"url\":\"https:\/\/xn--schlsseldienstbremen-sec.com\/\",\"logo\":{\"@type\":\"ImageObject\",\"inLanguage\":\"en-US\",\"@id\":\"https:\/\/xn--schlsseldienstbremen-sec.com\/#\/schema\/logo\/image\/\",\"url\":\"https:\/\/xn--schlsseldienstbremen-sec.com\/wp-content\/uploads\/2023\/02\/sweet-cakes-1.png\",\"contentUrl\":\"https:\/\/xn--schlsseldienstbremen-sec.com\/wp-content\/uploads\/2023\/02\/sweet-cakes-1.png\",\"width\":500,\"height\":500,\"caption\":\"Schl\u00fcsseldienst-Bremen-Eck\"},\"image\":{\"@id\":\"https:\/\/xn--schlsseldienstbremen-sec.com\/#\/schema\/logo\/image\/\"},\"sameAs\":[\"https:\/\/instagram.com\/schluesseldienstbremen\"]}]}<\/script>\n<!-- \/ Yoast SEO plugin. -->","yoast_head_json":{"title":"Schl\u00fcsseldienst walle T\u00fcr\u00f6ffnung 24h","description":"Schl\u00fcsseldienst walle \u2705 T\u00fcr\u00f6ffnung 24h \u2705Schl\u00fcsselnotdienst 24 \u270510-30 Min Vor Ort\u2705 Festpreis Garantie \u2705Mit Erfahrung\u2705 \u260e\ufe0f0421\/49954493","robots":{"index":"index","follow":"follow","max-snippet":"max-snippet:-1","max-image-preview":"max-image-preview:large","max-video-preview":"max-video-preview:-1"},"canonical":"https:\/\/xn--schlsseldienstbremen-sec.com\/en\/schluesseldienst-walle\/","og_locale":"en_US","og_type":"article","og_title":"Schl\u00fcsseldienst walle T\u00fcr\u00f6ffnung 24h","og_description":"Schl\u00fcsseldienst walle \u2705 T\u00fcr\u00f6ffnung 24h \u2705Schl\u00fcsselnotdienst 24 \u270510-30 Min Vor Ort\u2705 Festpreis Garantie \u2705Mit Erfahrung\u2705 \u260e\ufe0f0421\/49954493","og_url":"https:\/\/xn--schlsseldienstbremen-sec.com\/en\/schluesseldienst-walle\/","og_site_name":"Schl\u00fcsseldienst-Bremen","article_modified_time":"2025-02-19T15:35:39+00:00","og_image":[{"width":1171,"height":1181,"url":"https:\/\/xn--schlsseldienstbremen-sec.com\/wp-content\/uploads\/2025\/01\/Schluesseldienst-Bremen.jpeg","type":"image\/jpeg"}],"twitter_card":"summary_large_image","twitter_misc":{"Est. reading time":"2 minutes"},"schema":{"@context":"https:\/\/schema.org","@graph":[{"@type":"WebPage","@id":"https:\/\/xn--schlsseldienstbremen-sec.com\/schluesseldienst-walle\/","url":"https:\/\/xn--schlsseldienstbremen-sec.com\/schluesseldienst-walle\/","name":"Schl\u00fcsseldienst walle T\u00fcr\u00f6ffnung 24h","isPartOf":{"@id":"https:\/\/xn--schlsseldienstbremen-sec.com\/#website"},"datePublished":"2023-03-13T12:10:11+00:00","dateModified":"2025-02-19T15:35:39+00:00","description":"Schl\u00fcsseldienst walle \u2705 T\u00fcr\u00f6ffnung 24h \u2705Schl\u00fcsselnotdienst 24 \u270510-30 Min Vor Ort\u2705 Festpreis Garantie \u2705Mit Erfahrung\u2705 \u260e\ufe0f0421\/49954493","breadcrumb":{"@id":"https:\/\/xn--schlsseldienstbremen-sec.com\/schluesseldienst-walle\/#breadcrumb"},"inLanguage":"en-US","potentialAction":[{"@type":"ReadAction","target":["https:\/\/xn--schlsseldienstbremen-sec.com\/schluesseldienst-walle\/"]}]},{"@type":"BreadcrumbList","@id":"https:\/\/xn--schlsseldienstbremen-sec.com\/schluesseldienst-walle\/#breadcrumb","itemListElement":[{"@type":"ListItem","position":1,"name":"Startseite","item":"https:\/\/xn--schlsseldienstbremen-sec.com\/"},{"@type":"ListItem","position":2,"name":"Schl\u00fcsseldienst walle"}]},{"@type":"WebSite","@id":"https:\/\/xn--schlsseldienstbremen-sec.com\/#website","url":"https:\/\/xn--schlsseldienstbremen-sec.com\/","name":"Schl\u00fcsseldienst-Bremen","description":"Schl\u00fcsseldienst 24 Stunden Festpreis","publisher":{"@id":"https:\/\/xn--schlsseldienstbremen-sec.com\/#organization"},"potentialAction":[{"@type":"SearchAction","target":{"@type":"EntryPoint","urlTemplate":"https:\/\/xn--schlsseldienstbremen-sec.com\/?s={search_term_string}"},"query-input":"required name=search_term_string"}],"inLanguage":"en-US"},{"@type":"Organization","@id":"https:\/\/xn--schlsseldienstbremen-sec.com\/#organization","name":"Schl\u00fcsseldienst-Bremen-Eck","url":"https:\/\/xn--schlsseldienstbremen-sec.com\/","logo":{"@type":"ImageObject","inLanguage":"en-US","@id":"https:\/\/xn--schlsseldienstbremen-sec.com\/#\/schema\/logo\/image\/","url":"https:\/\/xn--schlsseldienstbremen-sec.com\/wp-content\/uploads\/2023\/02\/sweet-cakes-1.png","contentUrl":"https:\/\/xn--schlsseldienstbremen-sec.com\/wp-content\/uploads\/2023\/02\/sweet-cakes-1.png","width":500,"height":500,"caption":"Schl\u00fcsseldienst-Bremen-Eck"},"image":{"@id":"https:\/\/xn--schlsseldienstbremen-sec.com\/#\/schema\/logo\/image\/"},"sameAs":["https:\/\/instagram.com\/schluesseldienstbremen"]}]}},"amp_enabled":true,"_links":{"self":[{"href":"https:\/\/xn--schlsseldienstbremen-sec.com\/en\/wp-json\/wp\/v2\/pages\/2429"}],"collection":[{"href":"https:\/\/xn--schlsseldienstbremen-sec.com\/en\/wp-json\/wp\/v2\/pages"}],"about":[{"href":"https:\/\/xn--schlsseldienstbremen-sec.com\/en\/wp-json\/wp\/v2\/types\/page"}],"author":[{"embeddable":true,"href":"https:\/\/xn--schlsseldienstbremen-sec.com\/en\/wp-json\/wp\/v2\/users\/2"}],"replies":[{"embeddable":true,"href":"https:\/\/xn--schlsseldienstbremen-sec.com\/en\/wp-json\/wp\/v2\/comments?post=2429"}],"version-history":[{"count":2,"href":"https:\/\/xn--schlsseldienstbremen-sec.com\/en\/wp-json\/wp\/v2\/pages\/2429\/revisions"}],"predecessor-version":[{"id":2827,"href":"https:\/\/xn--schlsseldienstbremen-sec.com\/en\/wp-json\/wp\/v2\/pages\/2429\/revisions\/2827"}],"wp:featuredmedia":[{"embeddable":true,"href":"https:\/\/xn--schlsseldienstbremen-sec.com\/en\/wp-json\/wp\/v2\/media\/2726"}],"wp:attachment":[{"href":"https:\/\/xn--schlsseldienstbremen-sec.com\/en\/wp-json\/wp\/v2\/media?parent=2429"}],"curies":[{"name":"wp","href":"https:\/\/api.w.org\/{rel}","templated":true}]}}