{"id":2464,"date":"2023-03-16T10:52:09","date_gmt":"2023-03-16T10:52:09","guid":{"rendered":"https:\/\/schluesseldienstbremen.org\/?page_id=2464"},"modified":"2025-02-19T14:43:35","modified_gmt":"2025-02-19T14:43:35","slug":"bremen-ost","status":"publish","type":"page","link":"https:\/\/xn--schlsseldienstbremen-sec.com\/en\/bremen-ost\/","title":{"rendered":"Schl\u00fcsseldienst Bremen Ost"},"content":{"rendered":"<h3 class=\"wp-block-heading\"><strong>Locksmith <a href=\"https:\/\/de.wikipedia.org\/w\/index.php?go=Artikel&amp;search=Bremen+ost&amp;title=Spezial%3ASuche&amp;ns0=1\">Bremen Ost<\/a> \u2013 Ihr 24h Notdienst<\/strong><\/h3>\n\n\n\n<p>Schl\u00fcsseldienst Bremen Ost<\/p>\n\n\n\n<p>\ud83d\udd11 <strong>Schnelle &amp; professionelle T\u00fcr\u00f6ffnungen rund um die Uhr!<\/strong><\/p>\n\n\n\n<p>Sie haben sich ausgesperrt oder Ihren <strong>Schl\u00fcssel verloren?<\/strong> Keine Sorge \u2013 <strong>Schl\u00fcsseldienst Edu Bremen Ost (Schweizer Viertel)<\/strong> ist <strong>24 Stunden am Tag, 7 Tage die Woche<\/strong> f\u00fcr Sie da! Egal ob <strong>Wochenende, Feiertag oder mitten in der Nacht<\/strong>, unser <strong>erfahrener <a href=\"https:\/\/xn--schlsseldienstbremen-sec.com\/en\/\">Schl\u00fcsselnotdiens<\/a>t<\/strong> hilft Ihnen schnell und zuverl\u00e4ssig.<\/p>\n\n\n\n<p><strong>Notfall? Rufen Sie uns an: 0421-49954493<\/strong><\/p>\n\n\n\n<hr class=\"wp-block-separator has-alpha-channel-opacity\"\/>\n\n\n\n<h3 class=\"wp-block-heading\"><strong>Unsere Dienstleistungen auf einen Blick:<\/strong><\/h3>\n\n\n\n<p> <strong>T\u00fcr\u00f6ffnungen ohne Sch\u00e4den<\/strong> \u2013 Schnell &amp; zuverl\u00e4ssig<br><strong>Schlosswechsel &amp; Reparaturen<\/strong> \u2013 Mehr Sicherheit f\u00fcr Ihr Zuhause<br> <strong>Schlie\u00dfanlagen &amp; Sicherheitsl\u00f6sungen<\/strong> \u2013 Individuelle Beratung f\u00fcr Ihr Objekt<br> <strong>Ersatzschl\u00fcssel &amp; Schlossverkauf<\/strong> \u2013 Direkt in unserem Laden erh\u00e4ltlich<br> <strong>Notdienst 24\/7<\/strong> \u2013 Auch an Sonn- &amp; Feiertagen<\/p>\n\n\n\n<p>Unsere geschulten Fachkr\u00e4fte arbeiten mit <strong>modernen Werkzeugen<\/strong> und garantieren eine <strong>sichere &amp; professionelle \u00d6ffnung Ihrer T\u00fcr<\/strong>, ohne unn\u00f6tige Sch\u00e4den zu verursachen.<\/p>\n\n\n\n<hr class=\"wp-block-separator has-alpha-channel-opacity\"\/>\n\n\n\n<h3 class=\"wp-block-heading\"><strong>Warum Schl\u00fcsseldienst Edu Bremen Ost?<\/strong><\/h3>\n\n\n\n<p> <strong>25 Jahre Erfahrung<\/strong> \u2013 Vertrauen Sie den Profis<br> <strong>Faire &amp; transparente Preise<\/strong> \u2013 Keine versteckten Kosten<br> <strong>Schnelle Anfahrtszeiten<\/strong> \u2013 In der Regel in <strong>10\u201330 Minuten vor Ort<\/strong><br> <strong>Lokales Fachgesch\u00e4ft<\/strong> \u2013 <strong>Besuchen Sie uns vor Ort!<\/strong><br><strong>Kompetente Beratung<\/strong> \u2013 Sicherheit beginnt mit guter Planung<\/p>\n\n\n\n<p>\ud83d\udccd <strong>Unsere Adresse:<\/strong><br><strong>Schl\u00fcsseldienst Edu Bremen<\/strong><br><strong>Sankt-Gotthard-Str. 8, 28325 Bremen<\/strong><br>\ud83d\udd11 <strong>Schl\u00fcssel nachmachen &amp; Schl\u00f6sser kaufen direkt im Gesch\u00e4ft!<\/strong><\/p>\n\n\n\n<hr class=\"wp-block-separator has-alpha-channel-opacity\"\/>\n\n\n\n<h3 class=\"wp-block-heading\"><strong>Vorsicht vor Abzocke!<\/strong><\/h3>\n\n\n\n<p>Leider gibt es viele unseri\u00f6se Anbieter, die mit <strong>Lockangeboten<\/strong> werben und sp\u00e4ter <strong>\u00fcberh\u00f6hte Preise<\/strong> verlangen. Achten Sie darauf, dass Sie einen <strong>vertrauensw\u00fcrdigen &amp; seri\u00f6sen Schl\u00fcsseldienst<\/strong> wie <strong>Schl\u00fcsseldienst Edu Bremen<\/strong> w\u00e4hlen.<\/p>\n\n\n\n<p>Wir stehen f\u00fcr <strong>Fairness, Qualit\u00e4t &amp; schnelle Hilfe \u2013 ohne versteckte Kosten!<\/strong><\/p>\n\n\n\n<p>\ud83d\udcde <strong>Jetzt anrufen: 0421-49954493<\/strong><\/p>\n\n\n\n<p><strong>Schl\u00fcsseldienst Edu \u2013 Ihr kompetenter Schl\u00fcsselnotdienst in Bremen!<\/strong><\/p>","protected":false},"excerpt":{"rendered":"<p>Schl\u00fcsseldienst Bremen Ost \u2013 Ihr 24h Notdienst Schl\u00fcsseldienst Bremen Ost \ud83d\udd11 Schnelle &amp; professionelle T\u00fcr\u00f6ffnungen rund um die Uhr! Sie haben sich ausgesperrt oder Ihren Schl\u00fcssel verloren? Keine Sorge \u2013 Schl\u00fcsseldienst Edu Bremen Ost (Schweizer Viertel) ist 24 Stunden am Tag, 7 Tage die Woche&#8230;<\/p>","protected":false},"author":2,"featured_media":2726,"parent":0,"menu_order":0,"comment_status":"closed","ping_status":"closed","template":"","meta":{"footnotes":""},"yoast_head":"<!-- This site is optimized with the Yoast SEO plugin v20.5 - https:\/\/yoast.com\/wordpress\/plugins\/seo\/ -->\n<title>Schl\u00fcsseldienst Bremen Ost 24\/7 Schl\u00fcsselnotdienst<\/title>\n<meta name=\"description\" content=\"Schl\u00fcsseldienst Bremen Ost 24h \u270510-30 Min Vor Ort\u2705 Festpreis Garantie \u2705Mit Erfahrung \u2705 \u260e\ufe0f0421\/49954493\" \/>\n<meta name=\"robots\" content=\"index, follow, max-snippet:-1, max-image-preview:large, max-video-preview:-1\" \/>\n<link rel=\"canonical\" href=\"https:\/\/xn--schlsseldienstbremen-sec.com\/en\/bremen-ost\/\" \/>\n<meta property=\"og:locale\" content=\"en_US\" \/>\n<meta property=\"og:type\" content=\"article\" \/>\n<meta property=\"og:title\" content=\"Schl\u00fcsseldienst Bremen Ost 24\/7 Schl\u00fcsselnotdienst\" \/>\n<meta property=\"og:description\" content=\"Schl\u00fcsseldienst Bremen Ost 24h \u270510-30 Min Vor Ort\u2705 Festpreis Garantie \u2705Mit Erfahrung \u2705 \u260e\ufe0f0421\/49954493\" \/>\n<meta property=\"og:url\" content=\"https:\/\/xn--schlsseldienstbremen-sec.com\/en\/bremen-ost\/\" \/>\n<meta property=\"og:site_name\" content=\"Schl\u00fcsseldienst-Bremen\" \/>\n<meta property=\"article:modified_time\" content=\"2025-02-19T14:43:35+00:00\" \/>\n<meta property=\"og:image\" content=\"https:\/\/xn--schlsseldienstbremen-sec.com\/wp-content\/uploads\/2025\/01\/Schluesseldienst-Bremen.jpeg\" \/>\n\t<meta property=\"og:image:width\" content=\"1171\" \/>\n\t<meta property=\"og:image:height\" content=\"1181\" \/>\n\t<meta property=\"og:image:type\" content=\"image\/jpeg\" \/>\n<meta name=\"twitter:card\" content=\"summary_large_image\" \/>\n<meta name=\"twitter:label1\" content=\"Est. reading time\" \/>\n\t<meta name=\"twitter:data1\" content=\"2 minutes\" \/>\n<script type=\"application\/ld+json\" class=\"yoast-schema-graph\">{\"@context\":\"https:\/\/schema.org\",\"@graph\":[{\"@type\":\"WebPage\",\"@id\":\"https:\/\/xn--schlsseldienstbremen-sec.com\/bremen-ost\/\",\"url\":\"https:\/\/xn--schlsseldienstbremen-sec.com\/bremen-ost\/\",\"name\":\"Schl\u00fcsseldienst Bremen Ost 24\/7 Schl\u00fcsselnotdienst\",\"isPartOf\":{\"@id\":\"https:\/\/xn--schlsseldienstbremen-sec.com\/#website\"},\"datePublished\":\"2023-03-16T10:52:09+00:00\",\"dateModified\":\"2025-02-19T14:43:35+00:00\",\"description\":\"Schl\u00fcsseldienst Bremen Ost 24h \u270510-30 Min Vor Ort\u2705 Festpreis Garantie \u2705Mit Erfahrung \u2705 \u260e\ufe0f0421\/49954493\",\"breadcrumb\":{\"@id\":\"https:\/\/xn--schlsseldienstbremen-sec.com\/bremen-ost\/#breadcrumb\"},\"inLanguage\":\"en-US\",\"potentialAction\":[{\"@type\":\"ReadAction\",\"target\":[\"https:\/\/xn--schlsseldienstbremen-sec.com\/bremen-ost\/\"]}]},{\"@type\":\"BreadcrumbList\",\"@id\":\"https:\/\/xn--schlsseldienstbremen-sec.com\/bremen-ost\/#breadcrumb\",\"itemListElement\":[{\"@type\":\"ListItem\",\"position\":1,\"name\":\"Startseite\",\"item\":\"https:\/\/xn--schlsseldienstbremen-sec.com\/\"},{\"@type\":\"ListItem\",\"position\":2,\"name\":\"Schl\u00fcsseldienst Bremen Ost\"}]},{\"@type\":\"WebSite\",\"@id\":\"https:\/\/xn--schlsseldienstbremen-sec.com\/#website\",\"url\":\"https:\/\/xn--schlsseldienstbremen-sec.com\/\",\"name\":\"Schl\u00fcsseldienst-Bremen\",\"description\":\"Schl\u00fcsseldienst 24 Stunden Festpreis\",\"publisher\":{\"@id\":\"https:\/\/xn--schlsseldienstbremen-sec.com\/#organization\"},\"potentialAction\":[{\"@type\":\"SearchAction\",\"target\":{\"@type\":\"EntryPoint\",\"urlTemplate\":\"https:\/\/xn--schlsseldienstbremen-sec.com\/?s={search_term_string}\"},\"query-input\":\"required name=search_term_string\"}],\"inLanguage\":\"en-US\"},{\"@type\":\"Organization\",\"@id\":\"https:\/\/xn--schlsseldienstbremen-sec.com\/#organization\",\"name\":\"Schl\u00fcsseldienst-Bremen-Eck\",\"url\":\"https:\/\/xn--schlsseldienstbremen-sec.com\/\",\"logo\":{\"@type\":\"ImageObject\",\"inLanguage\":\"en-US\",\"@id\":\"https:\/\/xn--schlsseldienstbremen-sec.com\/#\/schema\/logo\/image\/\",\"url\":\"https:\/\/xn--schlsseldienstbremen-sec.com\/wp-content\/uploads\/2023\/02\/sweet-cakes-1.png\",\"contentUrl\":\"https:\/\/xn--schlsseldienstbremen-sec.com\/wp-content\/uploads\/2023\/02\/sweet-cakes-1.png\",\"width\":500,\"height\":500,\"caption\":\"Schl\u00fcsseldienst-Bremen-Eck\"},\"image\":{\"@id\":\"https:\/\/xn--schlsseldienstbremen-sec.com\/#\/schema\/logo\/image\/\"},\"sameAs\":[\"https:\/\/instagram.com\/schluesseldienstbremen\"]}]}<\/script>\n<!-- \/ Yoast SEO plugin. -->","yoast_head_json":{"title":"Schl\u00fcsseldienst Bremen Ost 24\/7 Schl\u00fcsselnotdienst","description":"Schl\u00fcsseldienst Bremen Ost 24h \u270510-30 Min Vor Ort\u2705 Festpreis Garantie \u2705Mit Erfahrung \u2705 \u260e\ufe0f0421\/49954493","robots":{"index":"index","follow":"follow","max-snippet":"max-snippet:-1","max-image-preview":"max-image-preview:large","max-video-preview":"max-video-preview:-1"},"canonical":"https:\/\/xn--schlsseldienstbremen-sec.com\/en\/bremen-ost\/","og_locale":"en_US","og_type":"article","og_title":"Schl\u00fcsseldienst Bremen Ost 24\/7 Schl\u00fcsselnotdienst","og_description":"Schl\u00fcsseldienst Bremen Ost 24h \u270510-30 Min Vor Ort\u2705 Festpreis Garantie \u2705Mit Erfahrung \u2705 \u260e\ufe0f0421\/49954493","og_url":"https:\/\/xn--schlsseldienstbremen-sec.com\/en\/bremen-ost\/","og_site_name":"Schl\u00fcsseldienst-Bremen","article_modified_time":"2025-02-19T14:43:35+00:00","og_image":[{"width":1171,"height":1181,"url":"https:\/\/xn--schlsseldienstbremen-sec.com\/wp-content\/uploads\/2025\/01\/Schluesseldienst-Bremen.jpeg","type":"image\/jpeg"}],"twitter_card":"summary_large_image","twitter_misc":{"Est. reading time":"2 minutes"},"schema":{"@context":"https:\/\/schema.org","@graph":[{"@type":"WebPage","@id":"https:\/\/xn--schlsseldienstbremen-sec.com\/bremen-ost\/","url":"https:\/\/xn--schlsseldienstbremen-sec.com\/bremen-ost\/","name":"Schl\u00fcsseldienst Bremen Ost 24\/7 Schl\u00fcsselnotdienst","isPartOf":{"@id":"https:\/\/xn--schlsseldienstbremen-sec.com\/#website"},"datePublished":"2023-03-16T10:52:09+00:00","dateModified":"2025-02-19T14:43:35+00:00","description":"Schl\u00fcsseldienst Bremen Ost 24h \u270510-30 Min Vor Ort\u2705 Festpreis Garantie \u2705Mit Erfahrung \u2705 \u260e\ufe0f0421\/49954493","breadcrumb":{"@id":"https:\/\/xn--schlsseldienstbremen-sec.com\/bremen-ost\/#breadcrumb"},"inLanguage":"en-US","potentialAction":[{"@type":"ReadAction","target":["https:\/\/xn--schlsseldienstbremen-sec.com\/bremen-ost\/"]}]},{"@type":"BreadcrumbList","@id":"https:\/\/xn--schlsseldienstbremen-sec.com\/bremen-ost\/#breadcrumb","itemListElement":[{"@type":"ListItem","position":1,"name":"Startseite","item":"https:\/\/xn--schlsseldienstbremen-sec.com\/"},{"@type":"ListItem","position":2,"name":"Schl\u00fcsseldienst Bremen Ost"}]},{"@type":"WebSite","@id":"https:\/\/xn--schlsseldienstbremen-sec.com\/#website","url":"https:\/\/xn--schlsseldienstbremen-sec.com\/","name":"Schl\u00fcsseldienst-Bremen","description":"Schl\u00fcsseldienst 24 Stunden Festpreis","publisher":{"@id":"https:\/\/xn--schlsseldienstbremen-sec.com\/#organization"},"potentialAction":[{"@type":"SearchAction","target":{"@type":"EntryPoint","urlTemplate":"https:\/\/xn--schlsseldienstbremen-sec.com\/?s={search_term_string}"},"query-input":"required name=search_term_string"}],"inLanguage":"en-US"},{"@type":"Organization","@id":"https:\/\/xn--schlsseldienstbremen-sec.com\/#organization","name":"Schl\u00fcsseldienst-Bremen-Eck","url":"https:\/\/xn--schlsseldienstbremen-sec.com\/","logo":{"@type":"ImageObject","inLanguage":"en-US","@id":"https:\/\/xn--schlsseldienstbremen-sec.com\/#\/schema\/logo\/image\/","url":"https:\/\/xn--schlsseldienstbremen-sec.com\/wp-content\/uploads\/2023\/02\/sweet-cakes-1.png","contentUrl":"https:\/\/xn--schlsseldienstbremen-sec.com\/wp-content\/uploads\/2023\/02\/sweet-cakes-1.png","width":500,"height":500,"caption":"Schl\u00fcsseldienst-Bremen-Eck"},"image":{"@id":"https:\/\/xn--schlsseldienstbremen-sec.com\/#\/schema\/logo\/image\/"},"sameAs":["https:\/\/instagram.com\/schluesseldienstbremen"]}]}},"amp_enabled":true,"_links":{"self":[{"href":"https:\/\/xn--schlsseldienstbremen-sec.com\/en\/wp-json\/wp\/v2\/pages\/2464"}],"collection":[{"href":"https:\/\/xn--schlsseldienstbremen-sec.com\/en\/wp-json\/wp\/v2\/pages"}],"about":[{"href":"https:\/\/xn--schlsseldienstbremen-sec.com\/en\/wp-json\/wp\/v2\/types\/page"}],"author":[{"embeddable":true,"href":"https:\/\/xn--schlsseldienstbremen-sec.com\/en\/wp-json\/wp\/v2\/users\/2"}],"replies":[{"embeddable":true,"href":"https:\/\/xn--schlsseldienstbremen-sec.com\/en\/wp-json\/wp\/v2\/comments?post=2464"}],"version-history":[{"count":1,"href":"https:\/\/xn--schlsseldienstbremen-sec.com\/en\/wp-json\/wp\/v2\/pages\/2464\/revisions"}],"predecessor-version":[{"id":2788,"href":"https:\/\/xn--schlsseldienstbremen-sec.com\/en\/wp-json\/wp\/v2\/pages\/2464\/revisions\/2788"}],"wp:featuredmedia":[{"embeddable":true,"href":"https:\/\/xn--schlsseldienstbremen-sec.com\/en\/wp-json\/wp\/v2\/media\/2726"}],"wp:attachment":[{"href":"https:\/\/xn--schlsseldienstbremen-sec.com\/en\/wp-json\/wp\/v2\/media?parent=2464"}],"curies":[{"name":"wp","href":"https:\/\/api.w.org\/{rel}","templated":true}]}}