{"id":2483,"date":"2023-03-17T15:49:16","date_gmt":"2023-03-17T15:49:16","guid":{"rendered":"https:\/\/schluesseldienstbremen.org\/?page_id=2483"},"modified":"2025-02-14T12:24:39","modified_gmt":"2025-02-14T12:24:39","slug":"schluesseldienst-bremen-ueberseestadt","status":"publish","type":"page","link":"https:\/\/xn--schlsseldienstbremen-sec.com\/en\/schluesseldienst-bremen-ueberseestadt\/","title":{"rendered":"Schl\u00fcsseldienst Bremen \u00dcberseestadt"},"content":{"rendered":"<p>Schl\u00fcsseldienst f\u00fcr Bremen \u00dcberseestadt<\/p>\n\n\n\n<h3 class=\"wp-block-heading\"><strong>Schl\u00fcsseldienst Edu f\u00fcr <a href=\"https:\/\/de.wikipedia.org\/wiki\/%C3%9Cberseestadt\">Bremen \u00dcberseestadt <\/a>\u2013 Ihr schneller &amp; zuverl\u00e4ssiger Schl\u00fcsselnotdienst<\/strong><\/h3>\n\n\n\n<p>Sie haben sich ausgesperrt, Ihren Schl\u00fcssel verloren oder steckt er von innen? Kein Problem! <strong><a href=\"https:\/\/xn--schlsseldienstbremen-sec.com\/en\/\">Schl\u00fcsseldienst Edu<\/a> f\u00fcr Bremen <\/strong>ist Ihr vertrauensw\u00fcrdiger Partner f\u00fcr <strong>schnelle und professionelle T\u00fcr\u00f6ffnungen \u2013 24 Stunden am Tag, 365 Tage im Jahr<\/strong>.<\/p>\n\n\n\n<p>\ud83d\udcde <strong>Soforthilfe unter: 0421-49954493<\/strong><\/p>\n\n\n\n<p>Unser geschultes Team \u00f6ffnet Ihre T\u00fcr <strong>schnell, sicher und besch\u00e4digungsfrei<\/strong> \u2013 egal ob Wohnung, Haus oder Gewerbeobjekt. Wir arbeiten zuverl\u00e4ssig und zu fairen Preisen, ohne versteckte Kosten.<\/p>\n\n\n\n<hr class=\"wp-block-separator has-alpha-channel-opacity\"\/>\n\n\n\n<h3 class=\"wp-block-heading\"><strong>Unsere Dienstleistungen:<\/strong><\/h3>\n\n\n\n<p> <strong>T\u00fcr\u00f6ffnungen ohne Sch\u00e4den<\/strong> \u2013 Schnell und professionell<br> <strong>Austausch &amp; Reparatur von Schl\u00f6ssern<\/strong> \u2013 Mehr Sicherheit f\u00fcr Ihr Zuhause<br> <strong>Schl\u00fcssel nachmachen &amp; Schl\u00f6sser kaufen<\/strong> \u2013 direkt bei uns im Gesch\u00e4ft<br> <strong>24h Notdienst<\/strong> \u2013 Auch an Sonn- &amp; Feiertagen<br><strong>Beratung zu Einbruchschutz<\/strong> \u2013 Sicherheit f\u00fcr Ihr Zuhause oder unternehmen<\/p>\n\n\n\n<p>Wir garantieren Ihnen eine schnelle anfahrt und sind <strong>innerhalb von 10\u201330 Minuten<\/strong> bei Ihnen vor Ort.<\/p>\n\n\n\n<hr class=\"wp-block-separator has-alpha-channel-opacity\"\/>\n\n\n\n<h3 class=\"wp-block-heading\"><strong>Warum Schl\u00fcsseldienst Edu?<\/strong><\/h3>\n\n\n\n<p><strong>Schnelle Hilfe \u2013 in wenigen Minuten vor Ort<\/strong><br><strong>Faire Preise \u2013 Keine versteckten Kosten<\/strong><br><strong>\u00dcber 25 Jahre Erfahrung &amp; Expertise<\/strong><br> <strong>Lokaler Fachbetrieb \u2013 Seri\u00f6s &amp; vertrauensw\u00fcrdig<\/strong><br> <strong>Moderne Technik f\u00fcr sichere &amp; bessch\u00e4digungsfreie T\u00fcr\u00f6ffnungen<\/strong><\/p>\n\n\n\n<p>Neben Not\u00f6ffnungen bieten wir auch <strong>Schuhreparaturen, Glasgravuren, Schl\u00fcsselanfertigungen und vieles mehr!<\/strong><\/p>\n\n\n\n<hr class=\"wp-block-separator has-alpha-channel-opacity\"\/>\n\n\n\n<h3 class=\"wp-block-heading\"><strong>Wichtige Tipps, wenn Sie sich ausgesperrt haben:<\/strong><\/h3>\n\n\n\n<p>\u274c <strong>Keine Gewalt anwenden!<\/strong> Unprofessionelle Versuche k\u00f6nnen teure Sch\u00e4den verursachen.<br>\u2705 <strong>Rufen Sie einen Experten!<\/strong> Wir helfen schnell und ohne Sch\u00e4den.<br>\ud83d\udca1 <strong>Ersatzschl\u00fcssel hinterlegen<\/strong> \u2013 Bei Freunden oder Nachbarn zur Sicherheit.<\/p>\n\n\n\n<p>\ud83d\udcde <strong>Ihr zuverl\u00e4ssiger Schl\u00fcsseldienst f\u00fcr Bremen \u00dcberseestadt \u2013 Jetzt anrufen: 0421-49954493<\/strong><\/p>\n\n\n\n<p><\/p>","protected":false},"excerpt":{"rendered":"<p>Schl\u00fcsseldienst f\u00fcr Bremen \u00dcberseestadt Schl\u00fcsseldienst Edu f\u00fcr Bremen \u00dcberseestadt \u2013 Ihr schneller &amp; zuverl\u00e4ssiger Schl\u00fcsselnotdienst Sie haben sich ausgesperrt, Ihren Schl\u00fcssel verloren oder steckt er von innen? Kein Problem! Schl\u00fcsseldienst Edu f\u00fcr Bremen ist Ihr vertrauensw\u00fcrdiger Partner f\u00fcr schnelle und professionelle T\u00fcr\u00f6ffnungen \u2013 24 Stunden&#8230;<\/p>","protected":false},"author":2,"featured_media":2721,"parent":0,"menu_order":0,"comment_status":"closed","ping_status":"closed","template":"","meta":{"footnotes":""},"yoast_head":"<!-- This site is optimized with the Yoast SEO plugin v20.5 - https:\/\/yoast.com\/wordpress\/plugins\/seo\/ -->\n<title>Schl\u00fcsseldienst f\u00fcr Bremen \u00dcberseestadt G\u00fcnstig 24\/7 T\u00fcr\u00f6ffnung<\/title>\n<meta name=\"description\" content=\"Schl\u00fcsseldienst f\u00fcr Bremen \u00dcberseestadt \u2714\ufe0fDer g\u00fcnstige Schl\u00fcsseldienst Bremen 24\/7 Notdienst \u2714\ufe0fin 10-30 Minuten vor Ort\u2714\ufe0f \u260e\ufe0f0421\/49954493\" \/>\n<meta name=\"robots\" content=\"index, follow, max-snippet:-1, max-image-preview:large, max-video-preview:-1\" \/>\n<link rel=\"canonical\" href=\"https:\/\/xn--schlsseldienstbremen-sec.com\/en\/schluesseldienst-bremen-ueberseestadt\/\" \/>\n<meta property=\"og:locale\" content=\"en_US\" \/>\n<meta property=\"og:type\" content=\"article\" \/>\n<meta property=\"og:title\" content=\"Schl\u00fcsseldienst f\u00fcr Bremen \u00dcberseestadt G\u00fcnstig 24\/7 T\u00fcr\u00f6ffnung\" \/>\n<meta property=\"og:description\" content=\"Schl\u00fcsseldienst f\u00fcr Bremen \u00dcberseestadt \u2714\ufe0fDer g\u00fcnstige Schl\u00fcsseldienst Bremen 24\/7 Notdienst \u2714\ufe0fin 10-30 Minuten vor Ort\u2714\ufe0f \u260e\ufe0f0421\/49954493\" \/>\n<meta property=\"og:url\" content=\"https:\/\/xn--schlsseldienstbremen-sec.com\/en\/schluesseldienst-bremen-ueberseestadt\/\" \/>\n<meta property=\"og:site_name\" content=\"Schl\u00fcsseldienst-Bremen\" \/>\n<meta property=\"article:modified_time\" content=\"2025-02-14T12:24:39+00:00\" \/>\n<meta property=\"og:image\" content=\"https:\/\/xn--schlsseldienstbremen-sec.com\/wp-content\/uploads\/2025\/01\/IMG_5627-1.jpeg\" \/>\n\t<meta property=\"og:image:width\" content=\"1179\" \/>\n\t<meta property=\"og:image:height\" content=\"1191\" \/>\n\t<meta property=\"og:image:type\" content=\"image\/jpeg\" \/>\n<meta name=\"twitter:card\" content=\"summary_large_image\" \/>\n<meta name=\"twitter:label1\" content=\"Est. reading time\" \/>\n\t<meta name=\"twitter:data1\" content=\"2 minutes\" \/>\n<script type=\"application\/ld+json\" class=\"yoast-schema-graph\">{\"@context\":\"https:\/\/schema.org\",\"@graph\":[{\"@type\":\"WebPage\",\"@id\":\"https:\/\/xn--schlsseldienstbremen-sec.com\/schluesseldienst-bremen-ueberseestadt\/\",\"url\":\"https:\/\/xn--schlsseldienstbremen-sec.com\/schluesseldienst-bremen-ueberseestadt\/\",\"name\":\"Schl\u00fcsseldienst f\u00fcr Bremen \u00dcberseestadt G\u00fcnstig 24\/7 T\u00fcr\u00f6ffnung\",\"isPartOf\":{\"@id\":\"https:\/\/xn--schlsseldienstbremen-sec.com\/#website\"},\"datePublished\":\"2023-03-17T15:49:16+00:00\",\"dateModified\":\"2025-02-14T12:24:39+00:00\",\"description\":\"Schl\u00fcsseldienst f\u00fcr Bremen \u00dcberseestadt \u2714\ufe0fDer g\u00fcnstige Schl\u00fcsseldienst Bremen 24\/7 Notdienst \u2714\ufe0fin 10-30 Minuten vor Ort\u2714\ufe0f \u260e\ufe0f0421\/49954493\",\"breadcrumb\":{\"@id\":\"https:\/\/xn--schlsseldienstbremen-sec.com\/schluesseldienst-bremen-ueberseestadt\/#breadcrumb\"},\"inLanguage\":\"en-US\",\"potentialAction\":[{\"@type\":\"ReadAction\",\"target\":[\"https:\/\/xn--schlsseldienstbremen-sec.com\/schluesseldienst-bremen-ueberseestadt\/\"]}]},{\"@type\":\"BreadcrumbList\",\"@id\":\"https:\/\/xn--schlsseldienstbremen-sec.com\/schluesseldienst-bremen-ueberseestadt\/#breadcrumb\",\"itemListElement\":[{\"@type\":\"ListItem\",\"position\":1,\"name\":\"Startseite\",\"item\":\"https:\/\/xn--schlsseldienstbremen-sec.com\/\"},{\"@type\":\"ListItem\",\"position\":2,\"name\":\"Schl\u00fcsseldienst Bremen \u00dcberseestadt\"}]},{\"@type\":\"WebSite\",\"@id\":\"https:\/\/xn--schlsseldienstbremen-sec.com\/#website\",\"url\":\"https:\/\/xn--schlsseldienstbremen-sec.com\/\",\"name\":\"Schl\u00fcsseldienst-Bremen\",\"description\":\"Schl\u00fcsseldienst 24 Stunden Festpreis\",\"publisher\":{\"@id\":\"https:\/\/xn--schlsseldienstbremen-sec.com\/#organization\"},\"potentialAction\":[{\"@type\":\"SearchAction\",\"target\":{\"@type\":\"EntryPoint\",\"urlTemplate\":\"https:\/\/xn--schlsseldienstbremen-sec.com\/?s={search_term_string}\"},\"query-input\":\"required name=search_term_string\"}],\"inLanguage\":\"en-US\"},{\"@type\":\"Organization\",\"@id\":\"https:\/\/xn--schlsseldienstbremen-sec.com\/#organization\",\"name\":\"Schl\u00fcsseldienst-Bremen-Eck\",\"url\":\"https:\/\/xn--schlsseldienstbremen-sec.com\/\",\"logo\":{\"@type\":\"ImageObject\",\"inLanguage\":\"en-US\",\"@id\":\"https:\/\/xn--schlsseldienstbremen-sec.com\/#\/schema\/logo\/image\/\",\"url\":\"https:\/\/xn--schlsseldienstbremen-sec.com\/wp-content\/uploads\/2023\/02\/sweet-cakes-1.png\",\"contentUrl\":\"https:\/\/xn--schlsseldienstbremen-sec.com\/wp-content\/uploads\/2023\/02\/sweet-cakes-1.png\",\"width\":500,\"height\":500,\"caption\":\"Schl\u00fcsseldienst-Bremen-Eck\"},\"image\":{\"@id\":\"https:\/\/xn--schlsseldienstbremen-sec.com\/#\/schema\/logo\/image\/\"},\"sameAs\":[\"https:\/\/instagram.com\/schluesseldienstbremen\"]}]}<\/script>\n<!-- \/ Yoast SEO plugin. -->","yoast_head_json":{"title":"Schl\u00fcsseldienst f\u00fcr Bremen \u00dcberseestadt G\u00fcnstig 24\/7 T\u00fcr\u00f6ffnung","description":"Schl\u00fcsseldienst f\u00fcr Bremen \u00dcberseestadt \u2714\ufe0fDer g\u00fcnstige Schl\u00fcsseldienst Bremen 24\/7 Notdienst \u2714\ufe0fin 10-30 Minuten vor Ort\u2714\ufe0f \u260e\ufe0f0421\/49954493","robots":{"index":"index","follow":"follow","max-snippet":"max-snippet:-1","max-image-preview":"max-image-preview:large","max-video-preview":"max-video-preview:-1"},"canonical":"https:\/\/xn--schlsseldienstbremen-sec.com\/en\/schluesseldienst-bremen-ueberseestadt\/","og_locale":"en_US","og_type":"article","og_title":"Schl\u00fcsseldienst f\u00fcr Bremen \u00dcberseestadt G\u00fcnstig 24\/7 T\u00fcr\u00f6ffnung","og_description":"Schl\u00fcsseldienst f\u00fcr Bremen \u00dcberseestadt \u2714\ufe0fDer g\u00fcnstige Schl\u00fcsseldienst Bremen 24\/7 Notdienst \u2714\ufe0fin 10-30 Minuten vor Ort\u2714\ufe0f \u260e\ufe0f0421\/49954493","og_url":"https:\/\/xn--schlsseldienstbremen-sec.com\/en\/schluesseldienst-bremen-ueberseestadt\/","og_site_name":"Schl\u00fcsseldienst-Bremen","article_modified_time":"2025-02-14T12:24:39+00:00","og_image":[{"width":1179,"height":1191,"url":"https:\/\/xn--schlsseldienstbremen-sec.com\/wp-content\/uploads\/2025\/01\/IMG_5627-1.jpeg","type":"image\/jpeg"}],"twitter_card":"summary_large_image","twitter_misc":{"Est. reading time":"2 minutes"},"schema":{"@context":"https:\/\/schema.org","@graph":[{"@type":"WebPage","@id":"https:\/\/xn--schlsseldienstbremen-sec.com\/schluesseldienst-bremen-ueberseestadt\/","url":"https:\/\/xn--schlsseldienstbremen-sec.com\/schluesseldienst-bremen-ueberseestadt\/","name":"Schl\u00fcsseldienst f\u00fcr Bremen \u00dcberseestadt G\u00fcnstig 24\/7 T\u00fcr\u00f6ffnung","isPartOf":{"@id":"https:\/\/xn--schlsseldienstbremen-sec.com\/#website"},"datePublished":"2023-03-17T15:49:16+00:00","dateModified":"2025-02-14T12:24:39+00:00","description":"Schl\u00fcsseldienst f\u00fcr Bremen \u00dcberseestadt \u2714\ufe0fDer g\u00fcnstige Schl\u00fcsseldienst Bremen 24\/7 Notdienst \u2714\ufe0fin 10-30 Minuten vor Ort\u2714\ufe0f \u260e\ufe0f0421\/49954493","breadcrumb":{"@id":"https:\/\/xn--schlsseldienstbremen-sec.com\/schluesseldienst-bremen-ueberseestadt\/#breadcrumb"},"inLanguage":"en-US","potentialAction":[{"@type":"ReadAction","target":["https:\/\/xn--schlsseldienstbremen-sec.com\/schluesseldienst-bremen-ueberseestadt\/"]}]},{"@type":"BreadcrumbList","@id":"https:\/\/xn--schlsseldienstbremen-sec.com\/schluesseldienst-bremen-ueberseestadt\/#breadcrumb","itemListElement":[{"@type":"ListItem","position":1,"name":"Startseite","item":"https:\/\/xn--schlsseldienstbremen-sec.com\/"},{"@type":"ListItem","position":2,"name":"Schl\u00fcsseldienst Bremen \u00dcberseestadt"}]},{"@type":"WebSite","@id":"https:\/\/xn--schlsseldienstbremen-sec.com\/#website","url":"https:\/\/xn--schlsseldienstbremen-sec.com\/","name":"Schl\u00fcsseldienst-Bremen","description":"Schl\u00fcsseldienst 24 Stunden Festpreis","publisher":{"@id":"https:\/\/xn--schlsseldienstbremen-sec.com\/#organization"},"potentialAction":[{"@type":"SearchAction","target":{"@type":"EntryPoint","urlTemplate":"https:\/\/xn--schlsseldienstbremen-sec.com\/?s={search_term_string}"},"query-input":"required name=search_term_string"}],"inLanguage":"en-US"},{"@type":"Organization","@id":"https:\/\/xn--schlsseldienstbremen-sec.com\/#organization","name":"Schl\u00fcsseldienst-Bremen-Eck","url":"https:\/\/xn--schlsseldienstbremen-sec.com\/","logo":{"@type":"ImageObject","inLanguage":"en-US","@id":"https:\/\/xn--schlsseldienstbremen-sec.com\/#\/schema\/logo\/image\/","url":"https:\/\/xn--schlsseldienstbremen-sec.com\/wp-content\/uploads\/2023\/02\/sweet-cakes-1.png","contentUrl":"https:\/\/xn--schlsseldienstbremen-sec.com\/wp-content\/uploads\/2023\/02\/sweet-cakes-1.png","width":500,"height":500,"caption":"Schl\u00fcsseldienst-Bremen-Eck"},"image":{"@id":"https:\/\/xn--schlsseldienstbremen-sec.com\/#\/schema\/logo\/image\/"},"sameAs":["https:\/\/instagram.com\/schluesseldienstbremen"]}]}},"amp_enabled":true,"_links":{"self":[{"href":"https:\/\/xn--schlsseldienstbremen-sec.com\/en\/wp-json\/wp\/v2\/pages\/2483"}],"collection":[{"href":"https:\/\/xn--schlsseldienstbremen-sec.com\/en\/wp-json\/wp\/v2\/pages"}],"about":[{"href":"https:\/\/xn--schlsseldienstbremen-sec.com\/en\/wp-json\/wp\/v2\/types\/page"}],"author":[{"embeddable":true,"href":"https:\/\/xn--schlsseldienstbremen-sec.com\/en\/wp-json\/wp\/v2\/users\/2"}],"replies":[{"embeddable":true,"href":"https:\/\/xn--schlsseldienstbremen-sec.com\/en\/wp-json\/wp\/v2\/comments?post=2483"}],"version-history":[{"count":1,"href":"https:\/\/xn--schlsseldienstbremen-sec.com\/en\/wp-json\/wp\/v2\/pages\/2483\/revisions"}],"predecessor-version":[{"id":2800,"href":"https:\/\/xn--schlsseldienstbremen-sec.com\/en\/wp-json\/wp\/v2\/pages\/2483\/revisions\/2800"}],"wp:featuredmedia":[{"embeddable":true,"href":"https:\/\/xn--schlsseldienstbremen-sec.com\/en\/wp-json\/wp\/v2\/media\/2721"}],"wp:attachment":[{"href":"https:\/\/xn--schlsseldienstbremen-sec.com\/en\/wp-json\/wp\/v2\/media?parent=2483"}],"curies":[{"name":"wp","href":"https:\/\/api.w.org\/{rel}","templated":true}]}}