{"id":2528,"date":"2023-03-25T18:31:59","date_gmt":"2023-03-25T18:31:59","guid":{"rendered":"https:\/\/schluesseldienstbremen.org\/?page_id=2528"},"modified":"2025-02-19T14:26:48","modified_gmt":"2025-02-19T14:26:48","slug":"findorf","status":"publish","type":"page","link":"https:\/\/xn--schlsseldienstbremen-sec.com\/en\/findorf\/","title":{"rendered":"Schl\u00fcsseldienst Bremen Findorff"},"content":{"rendered":"<p><strong>Schl\u00fcsseldienst Bremen Findorff &#8211; Ihre vertrauensvolle Hilfe bei T\u00fcr\u00f6ffnungen<\/strong><\/p>\n\n\n\n<p>Seit \u00fcber 25 Jahren ist <strong>Schl\u00fcsseldienst Edu<\/strong> Ihr treuer und verl\u00e4sslicher Partner in Bremen. Unser Schl\u00fcsseldienst steht Ihnen <strong>365 Tage im Jahr<\/strong>, rund um die Uhr, auch an Feiertagen zur Verf\u00fcgung. Wenn Sie sich ausgesperrt haben oder Ihren Schl\u00fcssel verloren haben, erreichen Sie uns jederzeit unter <strong>0421-49954493<\/strong>.<\/p>\n\n\n\n<h3 class=\"wp-block-heading\"><strong>Schnelle und professionelle T\u00fcr\u00f6ffnung in Bremen Findorff<\/strong><\/h3>\n\n\n\n<p>Ob Verlust oder Vergessen des Hausschl\u00fcssels \u2013 unser <strong>Schl\u00fcsselnotdienst<\/strong> ist immer f\u00fcr Sie da. Wir bieten nicht nur schnelle Hilfe in Notf\u00e4llen, sondern auch weitere Dienstleistungen wie das <strong>Austauschen oder Reparieren von Zylinderschl\u00f6ssern<\/strong>. Unsere erfahrenen Techniker sind bestens geschult und nutzen modernste Werkzeuge, um Ihre T\u00fcr schadenfrei zu \u00f6ffnen.<\/p>\n\n\n\n<h3 class=\"wp-block-heading\"><strong>Warum Schl\u00fcsseldienst Edu?<\/strong><\/h3>\n\n\n\n<p>In Notsituationen ist es wichtig, einen <strong>fairen und erfahrenen Schl\u00fcsseldienst<\/strong> zu kontaktieren. Ein unqualifizierter Versuch, die T\u00fcr selbst zu \u00f6ffnen, kann nicht nur das Schloss, sondern auch die Haust\u00fcr besch\u00e4digen und im schlimmsten Fall gef\u00e4hrlich werden.<\/p>\n\n\n\n<p><strong>Schl\u00fcsseldienst Edu<\/strong> ist Ihr <strong>vertrauensw\u00fcrdiger Anbieter von Schl\u00fcsselnotdiensten in Bremen<\/strong>. Wir garantieren schnelle Reaktionszeiten \u2013 in der Regel sind wir <strong>innerhalb von 10\u201330 Minuten<\/strong> bei Ihnen vor Ort. Vertrauen Sie auf unsere Erfahrung und lassen Sie Ihre T\u00fcr \u00f6ffnen, ohne sich Sorgen um Sch\u00e4den machen zu m\u00fcssen.<\/p>\n\n\n\n<h3 class=\"wp-block-heading\"><strong>Feste Ladenadresse und umfassender Service<\/strong><\/h3>\n\n\n\n<p>Es ist wichtig, einen <strong>Schl\u00fcsseldienst mit festem Ladenlokal<\/strong> zu w\u00e4hlen, um sicherzustellen, dass die Dienstleistung professionell und seri\u00f6s durchgef\u00fchrt wird. Unsere Adresse lautet:<\/p>\n\n\n\n<p><strong>Schl\u00fcsseldienst Edu<\/strong><br>St.-Gotthard-Str. 8a<br>28325 Bremen<\/p>\n\n\n\n<p>(Ehemals Schl\u00fcsseldienst Schweizer Viertel)<\/p>\n\n\n\n<p>In unserem Laden k\u00f6nnen Sie nicht nur <strong>Schl\u00f6sser kaufen<\/strong> oder <strong>Schl\u00fcssel nachmachen<\/strong> lassen, sondern auch weitere Services wie <strong>Schuhreparaturen<\/strong>, <strong>Glasgravuren<\/strong> und vieles mehr in Anspruch nehmen.<\/p>\n\n\n\n<h3 class=\"wp-block-heading\"><strong><a href=\"https:\/\/xn--schlsseldienstbremen-sec.com\/en\/\">Locksmith<\/a> <a href=\"https:\/\/de.wikipedia.org\/wiki\/Findorf\">Bremen Findorff <\/a>\u2013 Ihr Helfer in der Not<\/strong><\/h3>\n\n\n\n<p>Schl\u00fcssel sind ein unverzichtbarer Bestandteil unseres Alltags. Sie geben uns Zugang zu H\u00e4usern, Autos und privaten Bereichen. Doch was passiert, wenn der Schl\u00fcssel verloren geht oder zu Hause vergessen wird? Hier kommt <strong><a href=\"https:\/\/schluesseldienstbremen.org\/\">Schl\u00fcsseldienst Edu<\/a><\/strong> ins Spiel.<\/p>\n\n\n\n<p>Wir bieten eine <strong>schnelle und effektive L\u00f6sung<\/strong> f\u00fcr den Zugang zu verschlossenen T\u00fcren und Autos. Unser Schl\u00fcsseldienst in Bremen ist mit den neuesten Technologien ausgestattet, um jede T\u00fcr <strong>ohne Sch\u00e4den<\/strong> zu \u00f6ffnen.<\/p>\n\n\n\n<p>Vertrauen Sie auf unsere langj\u00e4hrige Erfahrung und Reputation. <strong>Schl\u00fcsseldienst Bremen Findorff<\/strong> steht Ihnen jederzeit zur Verf\u00fcgung.<\/p>\n\n\n\n<h3 class=\"wp-block-heading\"><strong>Kontaktieren Sie uns jetzt!<\/strong><\/h3>\n\n\n\n<p>F\u00fcr eine schnelle und professionelle T\u00fcr\u00f6ffnung rufen Sie uns unter <strong>0421-49954493<\/strong> an. Wir sind rund um die Uhr f\u00fcr Sie da!<\/p>\n\n\n\n<hr class=\"wp-block-separator has-alpha-channel-opacity\"\/>","protected":false},"excerpt":{"rendered":"<p>Schl\u00fcsseldienst Bremen Findorff &#8211; Ihre vertrauensvolle Hilfe bei T\u00fcr\u00f6ffnungen Seit \u00fcber 25 Jahren ist Schl\u00fcsseldienst Edu Ihr treuer und verl\u00e4sslicher Partner in Bremen. Unser Schl\u00fcsseldienst steht Ihnen 365 Tage im Jahr, rund um die Uhr, auch an Feiertagen zur Verf\u00fcgung. Wenn Sie sich ausgesperrt haben&#8230;<\/p>","protected":false},"author":2,"featured_media":2726,"parent":0,"menu_order":0,"comment_status":"closed","ping_status":"closed","template":"","meta":{"footnotes":""},"yoast_head":"<!-- This site is optimized with the Yoast SEO plugin v20.5 - https:\/\/yoast.com\/wordpress\/plugins\/seo\/ -->\n<title>Schl\u00fcsseldienst Bremen Findorff T\u00fcr\u00f6ffnung Festpreis Garantie<\/title>\n<meta name=\"description\" content=\"Schl\u00fcsseldienst Bremen Findorff T\u00fcr\u00f6ffnung 24\/7 \u270510-30 Min Vor Ort\u2705 Festpreisgarantie \u2705 G\u00fcnstig \u2705\u260e\ufe0f0421\/49954493\" \/>\n<meta name=\"robots\" content=\"index, follow, max-snippet:-1, max-image-preview:large, max-video-preview:-1\" \/>\n<link rel=\"canonical\" href=\"https:\/\/xn--schlsseldienstbremen-sec.com\/en\/findorf\/\" \/>\n<meta property=\"og:locale\" content=\"en_US\" \/>\n<meta property=\"og:type\" content=\"article\" \/>\n<meta property=\"og:title\" content=\"Schl\u00fcsseldienst Bremen Findorff T\u00fcr\u00f6ffnung Festpreis Garantie\" \/>\n<meta property=\"og:description\" content=\"Schl\u00fcsseldienst Bremen Findorff T\u00fcr\u00f6ffnung 24\/7 \u270510-30 Min Vor Ort\u2705 Festpreisgarantie \u2705 G\u00fcnstig \u2705\u260e\ufe0f0421\/49954493\" \/>\n<meta property=\"og:url\" content=\"https:\/\/xn--schlsseldienstbremen-sec.com\/en\/findorf\/\" \/>\n<meta property=\"og:site_name\" content=\"Schl\u00fcsseldienst-Bremen\" \/>\n<meta property=\"article:modified_time\" content=\"2025-02-19T14:26:48+00:00\" \/>\n<meta property=\"og:image\" content=\"https:\/\/xn--schlsseldienstbremen-sec.com\/wp-content\/uploads\/2025\/01\/Schluesseldienst-Bremen.jpeg\" \/>\n\t<meta property=\"og:image:width\" content=\"1171\" \/>\n\t<meta property=\"og:image:height\" content=\"1181\" \/>\n\t<meta property=\"og:image:type\" content=\"image\/jpeg\" \/>\n<meta name=\"twitter:card\" content=\"summary_large_image\" \/>\n<meta name=\"twitter:label1\" content=\"Est. reading time\" \/>\n\t<meta name=\"twitter:data1\" content=\"3 minutes\" \/>\n<script type=\"application\/ld+json\" class=\"yoast-schema-graph\">{\"@context\":\"https:\/\/schema.org\",\"@graph\":[{\"@type\":\"WebPage\",\"@id\":\"https:\/\/xn--schlsseldienstbremen-sec.com\/findorf\/\",\"url\":\"https:\/\/xn--schlsseldienstbremen-sec.com\/findorf\/\",\"name\":\"Schl\u00fcsseldienst Bremen Findorff T\u00fcr\u00f6ffnung Festpreis Garantie\",\"isPartOf\":{\"@id\":\"https:\/\/xn--schlsseldienstbremen-sec.com\/#website\"},\"datePublished\":\"2023-03-25T18:31:59+00:00\",\"dateModified\":\"2025-02-19T14:26:48+00:00\",\"description\":\"Schl\u00fcsseldienst Bremen Findorff T\u00fcr\u00f6ffnung 24\/7 \u270510-30 Min Vor Ort\u2705 Festpreisgarantie \u2705 G\u00fcnstig \u2705\u260e\ufe0f0421\/49954493\",\"breadcrumb\":{\"@id\":\"https:\/\/xn--schlsseldienstbremen-sec.com\/findorf\/#breadcrumb\"},\"inLanguage\":\"en-US\",\"potentialAction\":[{\"@type\":\"ReadAction\",\"target\":[\"https:\/\/xn--schlsseldienstbremen-sec.com\/findorf\/\"]}]},{\"@type\":\"BreadcrumbList\",\"@id\":\"https:\/\/xn--schlsseldienstbremen-sec.com\/findorf\/#breadcrumb\",\"itemListElement\":[{\"@type\":\"ListItem\",\"position\":1,\"name\":\"Startseite\",\"item\":\"https:\/\/xn--schlsseldienstbremen-sec.com\/\"},{\"@type\":\"ListItem\",\"position\":2,\"name\":\"Schl\u00fcsseldienst Bremen Findorff\"}]},{\"@type\":\"WebSite\",\"@id\":\"https:\/\/xn--schlsseldienstbremen-sec.com\/#website\",\"url\":\"https:\/\/xn--schlsseldienstbremen-sec.com\/\",\"name\":\"Schl\u00fcsseldienst-Bremen\",\"description\":\"Schl\u00fcsseldienst 24 Stunden Festpreis\",\"publisher\":{\"@id\":\"https:\/\/xn--schlsseldienstbremen-sec.com\/#organization\"},\"potentialAction\":[{\"@type\":\"SearchAction\",\"target\":{\"@type\":\"EntryPoint\",\"urlTemplate\":\"https:\/\/xn--schlsseldienstbremen-sec.com\/?s={search_term_string}\"},\"query-input\":\"required name=search_term_string\"}],\"inLanguage\":\"en-US\"},{\"@type\":\"Organization\",\"@id\":\"https:\/\/xn--schlsseldienstbremen-sec.com\/#organization\",\"name\":\"Schl\u00fcsseldienst-Bremen-Eck\",\"url\":\"https:\/\/xn--schlsseldienstbremen-sec.com\/\",\"logo\":{\"@type\":\"ImageObject\",\"inLanguage\":\"en-US\",\"@id\":\"https:\/\/xn--schlsseldienstbremen-sec.com\/#\/schema\/logo\/image\/\",\"url\":\"https:\/\/xn--schlsseldienstbremen-sec.com\/wp-content\/uploads\/2023\/02\/sweet-cakes-1.png\",\"contentUrl\":\"https:\/\/xn--schlsseldienstbremen-sec.com\/wp-content\/uploads\/2023\/02\/sweet-cakes-1.png\",\"width\":500,\"height\":500,\"caption\":\"Schl\u00fcsseldienst-Bremen-Eck\"},\"image\":{\"@id\":\"https:\/\/xn--schlsseldienstbremen-sec.com\/#\/schema\/logo\/image\/\"},\"sameAs\":[\"https:\/\/instagram.com\/schluesseldienstbremen\"]}]}<\/script>\n<!-- \/ Yoast SEO plugin. -->","yoast_head_json":{"title":"Schl\u00fcsseldienst Bremen Findorff T\u00fcr\u00f6ffnung Festpreis Garantie","description":"Schl\u00fcsseldienst Bremen Findorff T\u00fcr\u00f6ffnung 24\/7 \u270510-30 Min Vor Ort\u2705 Festpreisgarantie \u2705 G\u00fcnstig \u2705\u260e\ufe0f0421\/49954493","robots":{"index":"index","follow":"follow","max-snippet":"max-snippet:-1","max-image-preview":"max-image-preview:large","max-video-preview":"max-video-preview:-1"},"canonical":"https:\/\/xn--schlsseldienstbremen-sec.com\/en\/findorf\/","og_locale":"en_US","og_type":"article","og_title":"Schl\u00fcsseldienst Bremen Findorff T\u00fcr\u00f6ffnung Festpreis Garantie","og_description":"Schl\u00fcsseldienst Bremen Findorff T\u00fcr\u00f6ffnung 24\/7 \u270510-30 Min Vor Ort\u2705 Festpreisgarantie \u2705 G\u00fcnstig \u2705\u260e\ufe0f0421\/49954493","og_url":"https:\/\/xn--schlsseldienstbremen-sec.com\/en\/findorf\/","og_site_name":"Schl\u00fcsseldienst-Bremen","article_modified_time":"2025-02-19T14:26:48+00:00","og_image":[{"width":1171,"height":1181,"url":"https:\/\/xn--schlsseldienstbremen-sec.com\/wp-content\/uploads\/2025\/01\/Schluesseldienst-Bremen.jpeg","type":"image\/jpeg"}],"twitter_card":"summary_large_image","twitter_misc":{"Est. reading time":"3 minutes"},"schema":{"@context":"https:\/\/schema.org","@graph":[{"@type":"WebPage","@id":"https:\/\/xn--schlsseldienstbremen-sec.com\/findorf\/","url":"https:\/\/xn--schlsseldienstbremen-sec.com\/findorf\/","name":"Schl\u00fcsseldienst Bremen Findorff T\u00fcr\u00f6ffnung Festpreis Garantie","isPartOf":{"@id":"https:\/\/xn--schlsseldienstbremen-sec.com\/#website"},"datePublished":"2023-03-25T18:31:59+00:00","dateModified":"2025-02-19T14:26:48+00:00","description":"Schl\u00fcsseldienst Bremen Findorff T\u00fcr\u00f6ffnung 24\/7 \u270510-30 Min Vor Ort\u2705 Festpreisgarantie \u2705 G\u00fcnstig \u2705\u260e\ufe0f0421\/49954493","breadcrumb":{"@id":"https:\/\/xn--schlsseldienstbremen-sec.com\/findorf\/#breadcrumb"},"inLanguage":"en-US","potentialAction":[{"@type":"ReadAction","target":["https:\/\/xn--schlsseldienstbremen-sec.com\/findorf\/"]}]},{"@type":"BreadcrumbList","@id":"https:\/\/xn--schlsseldienstbremen-sec.com\/findorf\/#breadcrumb","itemListElement":[{"@type":"ListItem","position":1,"name":"Startseite","item":"https:\/\/xn--schlsseldienstbremen-sec.com\/"},{"@type":"ListItem","position":2,"name":"Schl\u00fcsseldienst Bremen Findorff"}]},{"@type":"WebSite","@id":"https:\/\/xn--schlsseldienstbremen-sec.com\/#website","url":"https:\/\/xn--schlsseldienstbremen-sec.com\/","name":"Schl\u00fcsseldienst-Bremen","description":"Schl\u00fcsseldienst 24 Stunden Festpreis","publisher":{"@id":"https:\/\/xn--schlsseldienstbremen-sec.com\/#organization"},"potentialAction":[{"@type":"SearchAction","target":{"@type":"EntryPoint","urlTemplate":"https:\/\/xn--schlsseldienstbremen-sec.com\/?s={search_term_string}"},"query-input":"required name=search_term_string"}],"inLanguage":"en-US"},{"@type":"Organization","@id":"https:\/\/xn--schlsseldienstbremen-sec.com\/#organization","name":"Schl\u00fcsseldienst-Bremen-Eck","url":"https:\/\/xn--schlsseldienstbremen-sec.com\/","logo":{"@type":"ImageObject","inLanguage":"en-US","@id":"https:\/\/xn--schlsseldienstbremen-sec.com\/#\/schema\/logo\/image\/","url":"https:\/\/xn--schlsseldienstbremen-sec.com\/wp-content\/uploads\/2023\/02\/sweet-cakes-1.png","contentUrl":"https:\/\/xn--schlsseldienstbremen-sec.com\/wp-content\/uploads\/2023\/02\/sweet-cakes-1.png","width":500,"height":500,"caption":"Schl\u00fcsseldienst-Bremen-Eck"},"image":{"@id":"https:\/\/xn--schlsseldienstbremen-sec.com\/#\/schema\/logo\/image\/"},"sameAs":["https:\/\/instagram.com\/schluesseldienstbremen"]}]}},"amp_enabled":true,"_links":{"self":[{"href":"https:\/\/xn--schlsseldienstbremen-sec.com\/en\/wp-json\/wp\/v2\/pages\/2528"}],"collection":[{"href":"https:\/\/xn--schlsseldienstbremen-sec.com\/en\/wp-json\/wp\/v2\/pages"}],"about":[{"href":"https:\/\/xn--schlsseldienstbremen-sec.com\/en\/wp-json\/wp\/v2\/types\/page"}],"author":[{"embeddable":true,"href":"https:\/\/xn--schlsseldienstbremen-sec.com\/en\/wp-json\/wp\/v2\/users\/2"}],"replies":[{"embeddable":true,"href":"https:\/\/xn--schlsseldienstbremen-sec.com\/en\/wp-json\/wp\/v2\/comments?post=2528"}],"version-history":[{"count":1,"href":"https:\/\/xn--schlsseldienstbremen-sec.com\/en\/wp-json\/wp\/v2\/pages\/2528\/revisions"}],"predecessor-version":[{"id":2742,"href":"https:\/\/xn--schlsseldienstbremen-sec.com\/en\/wp-json\/wp\/v2\/pages\/2528\/revisions\/2742"}],"wp:featuredmedia":[{"embeddable":true,"href":"https:\/\/xn--schlsseldienstbremen-sec.com\/en\/wp-json\/wp\/v2\/media\/2726"}],"wp:attachment":[{"href":"https:\/\/xn--schlsseldienstbremen-sec.com\/en\/wp-json\/wp\/v2\/media?parent=2528"}],"curies":[{"name":"wp","href":"https:\/\/api.w.org\/{rel}","templated":true}]}}