{"id":2548,"date":"2023-04-03T14:54:25","date_gmt":"2023-04-03T14:54:25","guid":{"rendered":"https:\/\/schluesseldienstbremen.org\/?page_id=2548"},"modified":"2025-02-03T15:44:25","modified_gmt":"2025-02-03T15:44:25","slug":"preise","status":"publish","type":"page","link":"https:\/\/xn--schlsseldienstbremen-sec.com\/en\/preise\/","title":{"rendered":"Preise-was kostet Schl\u00fcsseldienst in Bremen"},"content":{"rendered":"<p>Preise-was kostet Schl\u00fcsseldienst in Bremen<\/p>\n\n\n\n<p><strong>Was kostet der Schl\u00fcsseldienst in Bremen? \u2013 Schl\u00fcsseldienst Edu informiert<\/strong><\/p>\n\n\n\n<p>Die Preise f\u00fcr einen Schl\u00fcsseldienst in Bremen variieren je nach Dienstleistung und Dringlichkeit. Als erfahrener und zuverl\u00e4ssiger Schl\u00fcsseldienst in Bremen bietet <strong>Schl\u00fcsseldienst Edu<\/strong> faire und transparente Preise f\u00fcr alle T\u00fcr\u00f6ffnungen, Schlosswechsel und Sicherheitsdienstleistungen. Wenn Sie nach einem professionellen <strong>Schl\u00fcsseldienst in Bremen<\/strong> suchen, der schnelle Hilfe zu fairen Preisen bietet, sind wir der richtige Ansprechpartner.<\/p>\n\n\n\n<p><strong>Preisgestaltung f\u00fcr Standard-T\u00fcr\u00f6ffnungen<\/strong><\/p>\n\n\n\n<p>Ein Schl\u00fcsseldienst in Bremen, wie <strong>Schl\u00fcsseldienst Edu<\/strong>, bietet f\u00fcr einfache T\u00fcr\u00f6ffnungen w\u00e4hrend der regul\u00e4ren Gesch\u00e4ftszeiten in der Regel Preise zwischen 60 und 120 Euro. Dies gilt f\u00fcr T\u00fcr\u00f6ffnungen bei zugefallenen T\u00fcren, die keine Besch\u00e4digung des Schlosses verursachen. Wenn Sie sich ausgesperrt haben oder der Schl\u00fcssel abgebrochen ist, k\u00f6nnen Sie mit einem vergleichbaren Preis rechnen. Unsere <strong>Schl\u00fcsselnotdienste in Bremen<\/strong> sind schnell vor Ort und helfen Ihnen, ohne dass unn\u00f6tige Kosten entstehen.<\/p>\n\n\n\n<p><strong>Zus\u00e4tzliche Kosten f\u00fcr Notf\u00e4lle und Nachtarbeit<\/strong><\/p>\n\n\n\n<p>Es ist jedoch wichtig zu wissen, dass bei Notdiensten au\u00dferhalb der regul\u00e4ren Arbeitszeiten, etwa nachts, an Wochenenden oder an Feiertagen, h\u00f6here Preise anfallen k\u00f6nnen. Diese Notfallzuschl\u00e4ge k\u00f6nnen die Kosten f\u00fcr eine T\u00fcr\u00f6ffnung auf 150 bis 250 Euro anheben. Doch keine Sorge, <strong>Schl\u00fcsseldienst Edu<\/strong> bleibt transparent und informiert Sie stets im Voraus \u00fcber alle m\u00f6glichen Kosten. Unsere <strong>Not\u00f6ffnung in Bremen<\/strong> erfolgt schnell und zuverl\u00e4ssig \u2013 auch zu sp\u00e4ter Stunde oder am Wochenende.<\/p>\n\n\n\n<p><strong>Kosten f\u00fcr das Ersetzen von Schl\u00f6ssern oder Sch\u00e4den<\/strong><\/p>\n\n\n\n<p>Falls bei der T\u00fcr\u00f6ffnung das Schloss besch\u00e4digt wird oder Sie ein neues Schloss ben\u00f6tigen, k\u00f6nnen zus\u00e4tzliche Kosten f\u00fcr den Austausch anfallen. <strong>Schl\u00fcsseldienst Edu Bremen<\/strong> bietet eine breite Auswahl an hochwertigen Schl\u00f6ssern und Schlie\u00dfsystemen, die von 50 bis 200 Euro kosten, je nach Sicherheitsniveau. Wir bieten Ihnen auch professionelle Beratung, welches Schloss am besten f\u00fcr Ihre T\u00fcr geeignet ist, und \u00fcbernehmen den Austausch schnell und unkompliziert.<\/p>\n\n\n\n<p><strong>Worauf sollte man bei einem Schl\u00fcsseldienst achten?<\/strong><\/p>\n\n\n\n<p>Wenn Sie einen <strong>Schl\u00fcsseldienst in Bremen<\/strong> ben\u00f6tigen, sollten Sie auf Transparenz und Professionalit\u00e4t achten. <strong>Schl\u00fcsseldienst Edu<\/strong> ist bekannt f\u00fcr seine <strong>fairen Preise<\/strong> und <strong>verl\u00e4sslichen Service<\/strong>. Unsere Kunden wissen, dass sie sich auf uns verlassen k\u00f6nnen \u2013 egal, ob es um eine einfache T\u00fcr\u00f6ffnung oder einen komplexen <strong>Schlosswechsel in Bremen<\/strong> geht.<\/p>\n\n\n\n<p>Stellen Sie sicher, dass der Schl\u00fcsseldienst im Voraus alle anfallenden Geb\u00fchren klar kommuniziert, um unangenehme \u00dcberraschungen zu vermeiden. <strong>Schl\u00fcsseldienst Edu Bremen<\/strong> bietet Ihnen immer einen <strong>kostenlosen Kostenvoranschlag<\/strong> und eine pr\u00e4zise Beschreibung der voraussichtlichen Arbeiten.<\/p>\n\n\n\n<p><strong>Fazit: Faire Preise bei Ihrem <a href=\"https:\/\/xn--schlsseldienstbremen-sec.com\/en\/\">Locksmith <\/a>in<a href=\"https:\/\/de.wikipedia.org\/wiki\/Bremen\"> Bremen<\/a><\/strong><\/p>\n\n\n\n<p>Die Preise f\u00fcr einen Schl\u00fcsseldienst in Bremen h\u00e4ngen von vielen Faktoren ab, einschlie\u00dflich der Dringlichkeit und der Art der Dienstleistung. <strong>Schl\u00fcsseldienst Edu<\/strong> bietet Ihnen immer die besten Preise f\u00fcr schnelle und zuverl\u00e4ssige <strong>T\u00fcr\u00f6ffnungen<\/strong>, <strong>Schlosswechsel<\/strong> und <strong>Sicherheitsdienstleistungen<\/strong> in Bremen. Kontaktieren Sie uns jederzeit f\u00fcr schnelle Hilfe zu transparenten Preisen \u2013 auch in Notf\u00e4llen, rund um die Uhr!<\/p>\n\n\n\n<p>Besuchen Sie unsere Website <a href=\"http:\/\/www.schluesseldienstbremen.org\">www.schluesseldienstbremen.org<\/a> oder rufen Sie uns an unter 0421-49954493, um mehr zu erfahren!<\/p>\n\n\n\n<p>4o mini<\/p>","protected":false},"excerpt":{"rendered":"<p>Preise-was kostet Schl\u00fcsseldienst in Bremen Was kostet der Schl\u00fcsseldienst in Bremen? \u2013 Schl\u00fcsseldienst Edu informiert Die Preise f\u00fcr einen Schl\u00fcsseldienst in Bremen variieren je nach Dienstleistung und Dringlichkeit. Als erfahrener und zuverl\u00e4ssiger Schl\u00fcsseldienst in Bremen bietet Schl\u00fcsseldienst Edu faire und transparente Preise f\u00fcr alle T\u00fcr\u00f6ffnungen,&#8230;<\/p>","protected":false},"author":2,"featured_media":2726,"parent":0,"menu_order":0,"comment_status":"closed","ping_status":"closed","template":"","meta":{"footnotes":""},"yoast_head":"<!-- This site is optimized with the Yoast SEO plugin v20.5 - https:\/\/yoast.com\/wordpress\/plugins\/seo\/ -->\n<title>Preise-was kostet Schl\u00fcsseldienst in Bremen Schl\u00fcsseldienst Edu<\/title>\n<meta name=\"description\" content=\"Preise-was kostet Schl\u00fcsseldienst in Bremen \u2705Schl\u00fcsselnotdienst 24 Std \u270510-30 Min Vor Ort\u2705 Festpreis Garantie \u2705Seri\u00f6s \u2705 \u260e\ufe0f0421\/49954493\" \/>\n<meta name=\"robots\" content=\"index, follow, max-snippet:-1, max-image-preview:large, max-video-preview:-1\" \/>\n<link rel=\"canonical\" href=\"https:\/\/xn--schlsseldienstbremen-sec.com\/en\/preise\/\" \/>\n<meta property=\"og:locale\" content=\"en_US\" \/>\n<meta property=\"og:type\" content=\"article\" \/>\n<meta property=\"og:title\" content=\"Preise-was kostet Schl\u00fcsseldienst in Bremen Schl\u00fcsseldienst Edu\" \/>\n<meta property=\"og:description\" content=\"Preise-was kostet Schl\u00fcsseldienst in Bremen \u2705Schl\u00fcsselnotdienst 24 Std \u270510-30 Min Vor Ort\u2705 Festpreis Garantie \u2705Seri\u00f6s \u2705 \u260e\ufe0f0421\/49954493\" \/>\n<meta property=\"og:url\" content=\"https:\/\/xn--schlsseldienstbremen-sec.com\/en\/preise\/\" \/>\n<meta property=\"og:site_name\" content=\"Schl\u00fcsseldienst-Bremen\" \/>\n<meta property=\"article:modified_time\" content=\"2025-02-03T15:44:25+00:00\" \/>\n<meta property=\"og:image\" content=\"https:\/\/xn--schlsseldienstbremen-sec.com\/wp-content\/uploads\/2025\/01\/Schluesseldienst-Bremen.jpeg\" \/>\n\t<meta property=\"og:image:width\" content=\"1171\" \/>\n\t<meta property=\"og:image:height\" content=\"1181\" \/>\n\t<meta property=\"og:image:type\" content=\"image\/jpeg\" \/>\n<meta name=\"twitter:card\" content=\"summary_large_image\" \/>\n<meta name=\"twitter:label1\" content=\"Est. reading time\" \/>\n\t<meta name=\"twitter:data1\" content=\"3 minutes\" \/>\n<script type=\"application\/ld+json\" class=\"yoast-schema-graph\">{\"@context\":\"https:\/\/schema.org\",\"@graph\":[{\"@type\":\"WebPage\",\"@id\":\"https:\/\/xn--schlsseldienstbremen-sec.com\/preise\/\",\"url\":\"https:\/\/xn--schlsseldienstbremen-sec.com\/preise\/\",\"name\":\"Preise-was kostet Schl\u00fcsseldienst in Bremen Schl\u00fcsseldienst Edu\",\"isPartOf\":{\"@id\":\"https:\/\/xn--schlsseldienstbremen-sec.com\/#website\"},\"datePublished\":\"2023-04-03T14:54:25+00:00\",\"dateModified\":\"2025-02-03T15:44:25+00:00\",\"description\":\"Preise-was kostet Schl\u00fcsseldienst in Bremen \u2705Schl\u00fcsselnotdienst 24 Std \u270510-30 Min Vor Ort\u2705 Festpreis Garantie \u2705Seri\u00f6s \u2705 \u260e\ufe0f0421\/49954493\",\"breadcrumb\":{\"@id\":\"https:\/\/xn--schlsseldienstbremen-sec.com\/preise\/#breadcrumb\"},\"inLanguage\":\"en-US\",\"potentialAction\":[{\"@type\":\"ReadAction\",\"target\":[\"https:\/\/xn--schlsseldienstbremen-sec.com\/preise\/\"]}]},{\"@type\":\"BreadcrumbList\",\"@id\":\"https:\/\/xn--schlsseldienstbremen-sec.com\/preise\/#breadcrumb\",\"itemListElement\":[{\"@type\":\"ListItem\",\"position\":1,\"name\":\"Startseite\",\"item\":\"https:\/\/xn--schlsseldienstbremen-sec.com\/\"},{\"@type\":\"ListItem\",\"position\":2,\"name\":\"Preise-was kostet Schl\u00fcsseldienst in Bremen\"}]},{\"@type\":\"WebSite\",\"@id\":\"https:\/\/xn--schlsseldienstbremen-sec.com\/#website\",\"url\":\"https:\/\/xn--schlsseldienstbremen-sec.com\/\",\"name\":\"Schl\u00fcsseldienst-Bremen\",\"description\":\"Schl\u00fcsseldienst 24 Stunden Festpreis\",\"publisher\":{\"@id\":\"https:\/\/xn--schlsseldienstbremen-sec.com\/#organization\"},\"potentialAction\":[{\"@type\":\"SearchAction\",\"target\":{\"@type\":\"EntryPoint\",\"urlTemplate\":\"https:\/\/xn--schlsseldienstbremen-sec.com\/?s={search_term_string}\"},\"query-input\":\"required name=search_term_string\"}],\"inLanguage\":\"en-US\"},{\"@type\":\"Organization\",\"@id\":\"https:\/\/xn--schlsseldienstbremen-sec.com\/#organization\",\"name\":\"Schl\u00fcsseldienst-Bremen-Eck\",\"url\":\"https:\/\/xn--schlsseldienstbremen-sec.com\/\",\"logo\":{\"@type\":\"ImageObject\",\"inLanguage\":\"en-US\",\"@id\":\"https:\/\/xn--schlsseldienstbremen-sec.com\/#\/schema\/logo\/image\/\",\"url\":\"https:\/\/xn--schlsseldienstbremen-sec.com\/wp-content\/uploads\/2023\/02\/sweet-cakes-1.png\",\"contentUrl\":\"https:\/\/xn--schlsseldienstbremen-sec.com\/wp-content\/uploads\/2023\/02\/sweet-cakes-1.png\",\"width\":500,\"height\":500,\"caption\":\"Schl\u00fcsseldienst-Bremen-Eck\"},\"image\":{\"@id\":\"https:\/\/xn--schlsseldienstbremen-sec.com\/#\/schema\/logo\/image\/\"},\"sameAs\":[\"https:\/\/instagram.com\/schluesseldienstbremen\"]}]}<\/script>\n<!-- \/ Yoast SEO plugin. -->","yoast_head_json":{"title":"Preise-was kostet Schl\u00fcsseldienst in Bremen Schl\u00fcsseldienst Edu","description":"Preise-was kostet Schl\u00fcsseldienst in Bremen \u2705Schl\u00fcsselnotdienst 24 Std \u270510-30 Min Vor Ort\u2705 Festpreis Garantie \u2705Seri\u00f6s \u2705 \u260e\ufe0f0421\/49954493","robots":{"index":"index","follow":"follow","max-snippet":"max-snippet:-1","max-image-preview":"max-image-preview:large","max-video-preview":"max-video-preview:-1"},"canonical":"https:\/\/xn--schlsseldienstbremen-sec.com\/en\/preise\/","og_locale":"en_US","og_type":"article","og_title":"Preise-was kostet Schl\u00fcsseldienst in Bremen Schl\u00fcsseldienst Edu","og_description":"Preise-was kostet Schl\u00fcsseldienst in Bremen \u2705Schl\u00fcsselnotdienst 24 Std \u270510-30 Min Vor Ort\u2705 Festpreis Garantie \u2705Seri\u00f6s \u2705 \u260e\ufe0f0421\/49954493","og_url":"https:\/\/xn--schlsseldienstbremen-sec.com\/en\/preise\/","og_site_name":"Schl\u00fcsseldienst-Bremen","article_modified_time":"2025-02-03T15:44:25+00:00","og_image":[{"width":1171,"height":1181,"url":"https:\/\/xn--schlsseldienstbremen-sec.com\/wp-content\/uploads\/2025\/01\/Schluesseldienst-Bremen.jpeg","type":"image\/jpeg"}],"twitter_card":"summary_large_image","twitter_misc":{"Est. reading time":"3 minutes"},"schema":{"@context":"https:\/\/schema.org","@graph":[{"@type":"WebPage","@id":"https:\/\/xn--schlsseldienstbremen-sec.com\/preise\/","url":"https:\/\/xn--schlsseldienstbremen-sec.com\/preise\/","name":"Preise-was kostet Schl\u00fcsseldienst in Bremen Schl\u00fcsseldienst Edu","isPartOf":{"@id":"https:\/\/xn--schlsseldienstbremen-sec.com\/#website"},"datePublished":"2023-04-03T14:54:25+00:00","dateModified":"2025-02-03T15:44:25+00:00","description":"Preise-was kostet Schl\u00fcsseldienst in Bremen \u2705Schl\u00fcsselnotdienst 24 Std \u270510-30 Min Vor Ort\u2705 Festpreis Garantie \u2705Seri\u00f6s \u2705 \u260e\ufe0f0421\/49954493","breadcrumb":{"@id":"https:\/\/xn--schlsseldienstbremen-sec.com\/preise\/#breadcrumb"},"inLanguage":"en-US","potentialAction":[{"@type":"ReadAction","target":["https:\/\/xn--schlsseldienstbremen-sec.com\/preise\/"]}]},{"@type":"BreadcrumbList","@id":"https:\/\/xn--schlsseldienstbremen-sec.com\/preise\/#breadcrumb","itemListElement":[{"@type":"ListItem","position":1,"name":"Startseite","item":"https:\/\/xn--schlsseldienstbremen-sec.com\/"},{"@type":"ListItem","position":2,"name":"Preise-was kostet Schl\u00fcsseldienst in Bremen"}]},{"@type":"WebSite","@id":"https:\/\/xn--schlsseldienstbremen-sec.com\/#website","url":"https:\/\/xn--schlsseldienstbremen-sec.com\/","name":"Schl\u00fcsseldienst-Bremen","description":"Schl\u00fcsseldienst 24 Stunden Festpreis","publisher":{"@id":"https:\/\/xn--schlsseldienstbremen-sec.com\/#organization"},"potentialAction":[{"@type":"SearchAction","target":{"@type":"EntryPoint","urlTemplate":"https:\/\/xn--schlsseldienstbremen-sec.com\/?s={search_term_string}"},"query-input":"required name=search_term_string"}],"inLanguage":"en-US"},{"@type":"Organization","@id":"https:\/\/xn--schlsseldienstbremen-sec.com\/#organization","name":"Schl\u00fcsseldienst-Bremen-Eck","url":"https:\/\/xn--schlsseldienstbremen-sec.com\/","logo":{"@type":"ImageObject","inLanguage":"en-US","@id":"https:\/\/xn--schlsseldienstbremen-sec.com\/#\/schema\/logo\/image\/","url":"https:\/\/xn--schlsseldienstbremen-sec.com\/wp-content\/uploads\/2023\/02\/sweet-cakes-1.png","contentUrl":"https:\/\/xn--schlsseldienstbremen-sec.com\/wp-content\/uploads\/2023\/02\/sweet-cakes-1.png","width":500,"height":500,"caption":"Schl\u00fcsseldienst-Bremen-Eck"},"image":{"@id":"https:\/\/xn--schlsseldienstbremen-sec.com\/#\/schema\/logo\/image\/"},"sameAs":["https:\/\/instagram.com\/schluesseldienstbremen"]}]}},"amp_enabled":true,"_links":{"self":[{"href":"https:\/\/xn--schlsseldienstbremen-sec.com\/en\/wp-json\/wp\/v2\/pages\/2548"}],"collection":[{"href":"https:\/\/xn--schlsseldienstbremen-sec.com\/en\/wp-json\/wp\/v2\/pages"}],"about":[{"href":"https:\/\/xn--schlsseldienstbremen-sec.com\/en\/wp-json\/wp\/v2\/types\/page"}],"author":[{"embeddable":true,"href":"https:\/\/xn--schlsseldienstbremen-sec.com\/en\/wp-json\/wp\/v2\/users\/2"}],"replies":[{"embeddable":true,"href":"https:\/\/xn--schlsseldienstbremen-sec.com\/en\/wp-json\/wp\/v2\/comments?post=2548"}],"version-history":[{"count":3,"href":"https:\/\/xn--schlsseldienstbremen-sec.com\/en\/wp-json\/wp\/v2\/pages\/2548\/revisions"}],"predecessor-version":[{"id":2745,"href":"https:\/\/xn--schlsseldienstbremen-sec.com\/en\/wp-json\/wp\/v2\/pages\/2548\/revisions\/2745"}],"wp:featuredmedia":[{"embeddable":true,"href":"https:\/\/xn--schlsseldienstbremen-sec.com\/en\/wp-json\/wp\/v2\/media\/2726"}],"wp:attachment":[{"href":"https:\/\/xn--schlsseldienstbremen-sec.com\/en\/wp-json\/wp\/v2\/media?parent=2548"}],"curies":[{"name":"wp","href":"https:\/\/api.w.org\/{rel}","templated":true}]}}