{"id":2658,"date":"2023-09-18T12:30:02","date_gmt":"2023-09-18T12:30:02","guid":{"rendered":"https:\/\/schluesseldienstbremen.org\/?page_id=2658"},"modified":"2025-02-19T14:59:23","modified_gmt":"2025-02-19T14:59:23","slug":"schluesseldienst-lilienthal-2","status":"publish","type":"page","link":"https:\/\/xn--schlsseldienstbremen-sec.com\/en\/schluesseldienst-lilienthal-2\/","title":{"rendered":"Schl\u00fcsseldienst Lilienthal"},"content":{"rendered":"<p><strong>Schl\u00fcsseldienst f\u00fcr<a href=\"https:\/\/de.wikipedia.org\/wiki\/Lilienthal\"> Lilienthal<\/a>: Ihr Vertrauenspartner rund um die Uhr<\/strong><\/p>\n\n\n\n<p>In der Welt von heute, in der jeder Tag hektisch ist und Zeit kostbar ist, k\u00f6nnen verschlossene T\u00fcren und verlorene Schl\u00fcssel zu echten Notf\u00e4llen werden. In diesen Momenten ist ein zuverl\u00e4ssiger Schl\u00fcsseldienst von unsch\u00e4tzbarem Wert. <\/p>\n\n\n\n<p>Rufen Sie uns an <strong>Tel: 0421\/4<\/strong>9954493<\/p>\n\n\n\n<p><strong>24-Stunden-Notdienst<\/strong>: <a href=\"https:\/\/xn--schlsseldienstbremen-sec.com\/en\/\">Locksmith<\/a> Edu versteht, dass Schl\u00fcsselprobleme jederzeit auftreten k\u00f6nnen, sei es mitten in der Nacht oder an einem Feiertag. Deshalb bieten sie einen 24-Stunden-Notdienst an. Egal, wann Sie ihre Hilfe ben\u00f6tigen, sie sind nur einen Anruf entfernt und stehen bereit, um Ihre T\u00fcr schnell und professionell zu \u00f6ffnen.<\/p>\n\n\n\n<p><strong>Festpreisgarantie<\/strong>: Was Schl\u00fcsseldienst Edu wirklich auszeichnet, ist ihre klare und transparente Preisgestaltung. Niemand m\u00f6chte in einer Notsituation \u00fcberh\u00f6hte Preise zahlen. Daher bietet dieser Schl\u00fcsseldienst eine Festpreisgarantie, die sicherstellt, dass Sie genau wissen, wie viel Sie bezahlen werden, bevor sie mit der Arbeit beginnen. Keine versteckten Geb\u00fchren, keine \u00dcberraschungen \u2013 nur ehrliche und faire Preise.<\/p>\n\n\n\n<p><strong>Professionelles Team<\/strong>: Das Team von Schl\u00fcsseldienst Edu besteht aus erfahrenen und geschulten Fachleuten. Sie arbeiten effizient, ohne Sch\u00e4den an Ihrer T\u00fcr zu hinterlassen.<\/p>\n\n\n\n<p><strong>Zuverl\u00e4ssigkeit und Kundenzufriedenheit<\/strong>:  Unsere Schl\u00fcsseldienst Edu hat sich einen Ruf f\u00fcr Zuverl\u00e4ssigkeit und Kundenzufriedenheit erarbeitet. Sie verstehen, dass ein Schl\u00fcsselproblem stressig sein kann, und sie tun alles, um den Prozess so reibungslos wie m\u00f6glich zu gestalten.<\/p>\n\n\n\n<p>Kurz gesagt, wenn Sie in Lilienthal und Umgebung einen Schl\u00fcsseldienst ben\u00f6tigen, ist Schl\u00fcsseldienst Edu die richtige Wahl. Mit ihrem 24-Stunden-Notdienst, transparenten Preisen und einem professionellen Team sind sie der Partner, dem Sie vertrauen k\u00f6nnen, wenn es darauf ankommt.<\/p>","protected":false},"excerpt":{"rendered":"<p>Schl\u00fcsseldienst f\u00fcr Lilienthal: Ihr Vertrauenspartner rund um die Uhr In der Welt von heute, in der jeder Tag hektisch ist und Zeit kostbar ist, k\u00f6nnen verschlossene T\u00fcren und verlorene Schl\u00fcssel zu echten Notf\u00e4llen werden. In diesen Momenten ist ein zuverl\u00e4ssiger Schl\u00fcsseldienst von unsch\u00e4tzbarem Wert. Rufen&#8230;<\/p>","protected":false},"author":2,"featured_media":2726,"parent":0,"menu_order":0,"comment_status":"closed","ping_status":"closed","template":"","meta":{"footnotes":""},"yoast_head":"<!-- This site is optimized with the Yoast SEO plugin v20.5 - https:\/\/yoast.com\/wordpress\/plugins\/seo\/ -->\n<title>Schl\u00fcsseldienst Lilienthal T\u00fcr\u00f6ffnung mit Festpreisgarantie<\/title>\n<meta name=\"description\" content=\"Schl\u00fcsseldienst Lilienthal \u2705Schl\u00fcsselnotdienst 24\/7 Bremen \u270510-30 Min Vor Ort\u2705 Festpreis Garantie \u2705G\u00fcnstige Notdienst\u2705 \u260e\ufe0f0421\/49954493\" \/>\n<meta name=\"robots\" content=\"index, follow, max-snippet:-1, max-image-preview:large, max-video-preview:-1\" \/>\n<link rel=\"canonical\" href=\"https:\/\/xn--schlsseldienstbremen-sec.com\/en\/schluesseldienst-lilienthal-2\/\" \/>\n<meta property=\"og:locale\" content=\"en_US\" \/>\n<meta property=\"og:type\" content=\"article\" \/>\n<meta property=\"og:title\" content=\"Schl\u00fcsseldienst Lilienthal T\u00fcr\u00f6ffnung mit Festpreisgarantie\" \/>\n<meta property=\"og:description\" content=\"Schl\u00fcsseldienst Lilienthal \u2705Schl\u00fcsselnotdienst 24\/7 Bremen \u270510-30 Min Vor Ort\u2705 Festpreis Garantie \u2705G\u00fcnstige Notdienst\u2705 \u260e\ufe0f0421\/49954493\" \/>\n<meta property=\"og:url\" content=\"https:\/\/xn--schlsseldienstbremen-sec.com\/en\/schluesseldienst-lilienthal-2\/\" \/>\n<meta property=\"og:site_name\" content=\"Schl\u00fcsseldienst-Bremen\" \/>\n<meta property=\"article:modified_time\" content=\"2025-02-19T14:59:23+00:00\" \/>\n<meta property=\"og:image\" content=\"https:\/\/xn--schlsseldienstbremen-sec.com\/wp-content\/uploads\/2025\/01\/Schluesseldienst-Bremen.jpeg\" \/>\n\t<meta property=\"og:image:width\" content=\"1171\" \/>\n\t<meta property=\"og:image:height\" content=\"1181\" \/>\n\t<meta property=\"og:image:type\" content=\"image\/jpeg\" \/>\n<meta name=\"twitter:card\" content=\"summary_large_image\" \/>\n<meta name=\"twitter:label1\" content=\"Est. reading time\" \/>\n\t<meta name=\"twitter:data1\" content=\"2 minutes\" \/>\n<script type=\"application\/ld+json\" class=\"yoast-schema-graph\">{\"@context\":\"https:\/\/schema.org\",\"@graph\":[{\"@type\":\"WebPage\",\"@id\":\"https:\/\/xn--schlsseldienstbremen-sec.com\/schluesseldienst-lilienthal-2\/\",\"url\":\"https:\/\/xn--schlsseldienstbremen-sec.com\/schluesseldienst-lilienthal-2\/\",\"name\":\"Schl\u00fcsseldienst Lilienthal T\u00fcr\u00f6ffnung mit Festpreisgarantie\",\"isPartOf\":{\"@id\":\"https:\/\/xn--schlsseldienstbremen-sec.com\/#website\"},\"datePublished\":\"2023-09-18T12:30:02+00:00\",\"dateModified\":\"2025-02-19T14:59:23+00:00\",\"description\":\"Schl\u00fcsseldienst Lilienthal \u2705Schl\u00fcsselnotdienst 24\/7 Bremen \u270510-30 Min Vor Ort\u2705 Festpreis Garantie \u2705G\u00fcnstige Notdienst\u2705 \u260e\ufe0f0421\/49954493\",\"breadcrumb\":{\"@id\":\"https:\/\/xn--schlsseldienstbremen-sec.com\/schluesseldienst-lilienthal-2\/#breadcrumb\"},\"inLanguage\":\"en-US\",\"potentialAction\":[{\"@type\":\"ReadAction\",\"target\":[\"https:\/\/xn--schlsseldienstbremen-sec.com\/schluesseldienst-lilienthal-2\/\"]}]},{\"@type\":\"BreadcrumbList\",\"@id\":\"https:\/\/xn--schlsseldienstbremen-sec.com\/schluesseldienst-lilienthal-2\/#breadcrumb\",\"itemListElement\":[{\"@type\":\"ListItem\",\"position\":1,\"name\":\"Startseite\",\"item\":\"https:\/\/xn--schlsseldienstbremen-sec.com\/\"},{\"@type\":\"ListItem\",\"position\":2,\"name\":\"Schl\u00fcsseldienst Lilienthal\"}]},{\"@type\":\"WebSite\",\"@id\":\"https:\/\/xn--schlsseldienstbremen-sec.com\/#website\",\"url\":\"https:\/\/xn--schlsseldienstbremen-sec.com\/\",\"name\":\"Schl\u00fcsseldienst-Bremen\",\"description\":\"Schl\u00fcsseldienst 24 Stunden Festpreis\",\"publisher\":{\"@id\":\"https:\/\/xn--schlsseldienstbremen-sec.com\/#organization\"},\"potentialAction\":[{\"@type\":\"SearchAction\",\"target\":{\"@type\":\"EntryPoint\",\"urlTemplate\":\"https:\/\/xn--schlsseldienstbremen-sec.com\/?s={search_term_string}\"},\"query-input\":\"required name=search_term_string\"}],\"inLanguage\":\"en-US\"},{\"@type\":\"Organization\",\"@id\":\"https:\/\/xn--schlsseldienstbremen-sec.com\/#organization\",\"name\":\"Schl\u00fcsseldienst-Bremen-Eck\",\"url\":\"https:\/\/xn--schlsseldienstbremen-sec.com\/\",\"logo\":{\"@type\":\"ImageObject\",\"inLanguage\":\"en-US\",\"@id\":\"https:\/\/xn--schlsseldienstbremen-sec.com\/#\/schema\/logo\/image\/\",\"url\":\"https:\/\/xn--schlsseldienstbremen-sec.com\/wp-content\/uploads\/2023\/02\/sweet-cakes-1.png\",\"contentUrl\":\"https:\/\/xn--schlsseldienstbremen-sec.com\/wp-content\/uploads\/2023\/02\/sweet-cakes-1.png\",\"width\":500,\"height\":500,\"caption\":\"Schl\u00fcsseldienst-Bremen-Eck\"},\"image\":{\"@id\":\"https:\/\/xn--schlsseldienstbremen-sec.com\/#\/schema\/logo\/image\/\"},\"sameAs\":[\"https:\/\/instagram.com\/schluesseldienstbremen\"]}]}<\/script>\n<!-- \/ Yoast SEO plugin. -->","yoast_head_json":{"title":"Schl\u00fcsseldienst Lilienthal T\u00fcr\u00f6ffnung mit Festpreisgarantie","description":"Schl\u00fcsseldienst Lilienthal \u2705Schl\u00fcsselnotdienst 24\/7 Bremen \u270510-30 Min Vor Ort\u2705 Festpreis Garantie \u2705G\u00fcnstige Notdienst\u2705 \u260e\ufe0f0421\/49954493","robots":{"index":"index","follow":"follow","max-snippet":"max-snippet:-1","max-image-preview":"max-image-preview:large","max-video-preview":"max-video-preview:-1"},"canonical":"https:\/\/xn--schlsseldienstbremen-sec.com\/en\/schluesseldienst-lilienthal-2\/","og_locale":"en_US","og_type":"article","og_title":"Schl\u00fcsseldienst Lilienthal T\u00fcr\u00f6ffnung mit Festpreisgarantie","og_description":"Schl\u00fcsseldienst Lilienthal \u2705Schl\u00fcsselnotdienst 24\/7 Bremen \u270510-30 Min Vor Ort\u2705 Festpreis Garantie \u2705G\u00fcnstige Notdienst\u2705 \u260e\ufe0f0421\/49954493","og_url":"https:\/\/xn--schlsseldienstbremen-sec.com\/en\/schluesseldienst-lilienthal-2\/","og_site_name":"Schl\u00fcsseldienst-Bremen","article_modified_time":"2025-02-19T14:59:23+00:00","og_image":[{"width":1171,"height":1181,"url":"https:\/\/xn--schlsseldienstbremen-sec.com\/wp-content\/uploads\/2025\/01\/Schluesseldienst-Bremen.jpeg","type":"image\/jpeg"}],"twitter_card":"summary_large_image","twitter_misc":{"Est. reading time":"2 minutes"},"schema":{"@context":"https:\/\/schema.org","@graph":[{"@type":"WebPage","@id":"https:\/\/xn--schlsseldienstbremen-sec.com\/schluesseldienst-lilienthal-2\/","url":"https:\/\/xn--schlsseldienstbremen-sec.com\/schluesseldienst-lilienthal-2\/","name":"Schl\u00fcsseldienst Lilienthal T\u00fcr\u00f6ffnung mit Festpreisgarantie","isPartOf":{"@id":"https:\/\/xn--schlsseldienstbremen-sec.com\/#website"},"datePublished":"2023-09-18T12:30:02+00:00","dateModified":"2025-02-19T14:59:23+00:00","description":"Schl\u00fcsseldienst Lilienthal \u2705Schl\u00fcsselnotdienst 24\/7 Bremen \u270510-30 Min Vor Ort\u2705 Festpreis Garantie \u2705G\u00fcnstige Notdienst\u2705 \u260e\ufe0f0421\/49954493","breadcrumb":{"@id":"https:\/\/xn--schlsseldienstbremen-sec.com\/schluesseldienst-lilienthal-2\/#breadcrumb"},"inLanguage":"en-US","potentialAction":[{"@type":"ReadAction","target":["https:\/\/xn--schlsseldienstbremen-sec.com\/schluesseldienst-lilienthal-2\/"]}]},{"@type":"BreadcrumbList","@id":"https:\/\/xn--schlsseldienstbremen-sec.com\/schluesseldienst-lilienthal-2\/#breadcrumb","itemListElement":[{"@type":"ListItem","position":1,"name":"Startseite","item":"https:\/\/xn--schlsseldienstbremen-sec.com\/"},{"@type":"ListItem","position":2,"name":"Schl\u00fcsseldienst Lilienthal"}]},{"@type":"WebSite","@id":"https:\/\/xn--schlsseldienstbremen-sec.com\/#website","url":"https:\/\/xn--schlsseldienstbremen-sec.com\/","name":"Schl\u00fcsseldienst-Bremen","description":"Schl\u00fcsseldienst 24 Stunden Festpreis","publisher":{"@id":"https:\/\/xn--schlsseldienstbremen-sec.com\/#organization"},"potentialAction":[{"@type":"SearchAction","target":{"@type":"EntryPoint","urlTemplate":"https:\/\/xn--schlsseldienstbremen-sec.com\/?s={search_term_string}"},"query-input":"required name=search_term_string"}],"inLanguage":"en-US"},{"@type":"Organization","@id":"https:\/\/xn--schlsseldienstbremen-sec.com\/#organization","name":"Schl\u00fcsseldienst-Bremen-Eck","url":"https:\/\/xn--schlsseldienstbremen-sec.com\/","logo":{"@type":"ImageObject","inLanguage":"en-US","@id":"https:\/\/xn--schlsseldienstbremen-sec.com\/#\/schema\/logo\/image\/","url":"https:\/\/xn--schlsseldienstbremen-sec.com\/wp-content\/uploads\/2023\/02\/sweet-cakes-1.png","contentUrl":"https:\/\/xn--schlsseldienstbremen-sec.com\/wp-content\/uploads\/2023\/02\/sweet-cakes-1.png","width":500,"height":500,"caption":"Schl\u00fcsseldienst-Bremen-Eck"},"image":{"@id":"https:\/\/xn--schlsseldienstbremen-sec.com\/#\/schema\/logo\/image\/"},"sameAs":["https:\/\/instagram.com\/schluesseldienstbremen"]}]}},"amp_enabled":true,"_links":{"self":[{"href":"https:\/\/xn--schlsseldienstbremen-sec.com\/en\/wp-json\/wp\/v2\/pages\/2658"}],"collection":[{"href":"https:\/\/xn--schlsseldienstbremen-sec.com\/en\/wp-json\/wp\/v2\/pages"}],"about":[{"href":"https:\/\/xn--schlsseldienstbremen-sec.com\/en\/wp-json\/wp\/v2\/types\/page"}],"author":[{"embeddable":true,"href":"https:\/\/xn--schlsseldienstbremen-sec.com\/en\/wp-json\/wp\/v2\/users\/2"}],"replies":[{"embeddable":true,"href":"https:\/\/xn--schlsseldienstbremen-sec.com\/en\/wp-json\/wp\/v2\/comments?post=2658"}],"version-history":[{"count":2,"href":"https:\/\/xn--schlsseldienstbremen-sec.com\/en\/wp-json\/wp\/v2\/pages\/2658\/revisions"}],"predecessor-version":[{"id":2817,"href":"https:\/\/xn--schlsseldienstbremen-sec.com\/en\/wp-json\/wp\/v2\/pages\/2658\/revisions\/2817"}],"wp:featuredmedia":[{"embeddable":true,"href":"https:\/\/xn--schlsseldienstbremen-sec.com\/en\/wp-json\/wp\/v2\/media\/2726"}],"wp:attachment":[{"href":"https:\/\/xn--schlsseldienstbremen-sec.com\/en\/wp-json\/wp\/v2\/media?parent=2658"}],"curies":[{"name":"wp","href":"https:\/\/api.w.org\/{rel}","templated":true}]}}