{"id":2688,"date":"2024-03-05T14:05:31","date_gmt":"2024-03-05T14:05:31","guid":{"rendered":"https:\/\/xn--schlsseldienstbremen-sec.com\/?page_id=2688"},"modified":"2025-02-14T14:09:25","modified_gmt":"2025-02-14T14:09:25","slug":"schluesseldienst-bremen-woltmershausen","status":"publish","type":"page","link":"https:\/\/xn--schlsseldienstbremen-sec.com\/en\/schluesseldienst-bremen-woltmershausen\/","title":{"rendered":"Schl\u00fcsseldienst f\u00fcr Bremen Woltmershausen"},"content":{"rendered":"<h3 class=\"wp-block-heading\"><strong><a href=\"https:\/\/xn--schlsseldienstbremen-sec.com\/en\/\">Schl\u00fcsseldienst Edu <\/a>\u2013 Ihr zuverl\u00e4ssiger Partner in Bremen Woltmershausen<\/strong><\/h3>\n\n\n\n<p>Ein verlorener oder abgebrochener Schl\u00fcssel kann schnell zu einem gro\u00dfen Problem werden. Genau in solchen Situationen ist der <strong>Schl\u00fcsseldienst Edu f\u00fcr<a href=\"https:\/\/de.wikipedia.org\/wiki\/Woltmershausen\"> Bremen Woltmershausen<\/a><\/strong> rund um die Uhr f\u00fcr Sie da. Unser <strong>24-Stunden-Notdienst<\/strong> steht Ihnen jederzeit zur Verf\u00fcgung \u2013 egal ob an Werktagen, Wochenenden oder Feiertagen. Sie k\u00f6nnen sich darauf verlassen, dass wir Ihnen eine schnelle und professionelle L\u00f6sung bieten, um wieder Zugang zu Ihrem Zuhause oder Gesch\u00e4ft zu erhalten.<\/p>\n\n\n\n<h4 class=\"wp-block-heading\"><strong>Schnelle T\u00fcr\u00f6ffnungen ohne Sch\u00e4den<\/strong><\/h4>\n\n\n\n<p>Unsere erfahrenen Schl\u00fcsseldienst-Experten sind speziell geschult und arbeiten mit modernsten Werkzeugen, um Ihre T\u00fcr m\u00f6glichst <strong>schonend und besch\u00e4digungsfrei zu \u00f6ffnen<\/strong>. Ein unqualifizierter Versuch, die T\u00fcr selbst zu \u00f6ffnen, kann oft zu unn\u00f6tigen Sch\u00e4den am Schloss oder T\u00fcrrahmen f\u00fchren. Vertrauen Sie daher auf unseren <strong>professionellen Service<\/strong>, der Ihnen eine schnelle und sichere T\u00fcr\u00f6ffnung garantiert.<\/p>\n\n\n\n<h4 class=\"wp-block-heading\"><strong>Unsere Leistungen im \u00dcberblick:<\/strong><\/h4>\n\n\n\n<p><strong>24-Stunden-Schl\u00fcsselnotdienst<\/strong> \u2013 Schnelle Hilfe bei Schl\u00fcsselverlust oder zugefallenen T\u00fcren<br> <strong>Schadenfreie T\u00fcr\u00f6ffnung<\/strong> \u2013 Dank moderner Technik \u00f6ffnen wir Ihre T\u00fcr ohne Besch\u00e4digungen<br> <strong>Austausch &amp; Reparatur von Schl\u00f6ssern<\/strong> \u2013 Wir beraten Sie zur richtigen L\u00f6sung f\u00fcr mehr Sicherheit<br> <strong>Schl\u00fcssel nachmachen lassen<\/strong> \u2013 In unserem Fachgesch\u00e4ft fertigen wir Ersatzschl\u00fcssel direkt vor Ort<br> <strong>Beratung zu Einbruchschutz<\/strong> \u2013 Wir helfen Ihnen, Ihre Wohnung oder Ihr Haus sicherer zu machen<\/p>\n\n\n\n<h4 class=\"wp-block-heading\"><strong>Faire Preise &amp; transparente Kosten<\/strong><\/h4>\n\n\n\n<p>Viele Menschen haben Angst vor \u00fcberteuerten Schl\u00fcsseldiensten mit versteckten Kosten. Bei uns brauchen Sie sich dar\u00fcber keine Sorgen zu machen! <strong>Schl\u00fcsseldienst Edu Bremen Woltmershausen<\/strong> steht f\u00fcr <strong>faire Preise und volle Kostentransparenz<\/strong>. Sie erfahren bereits vorab, welche Kosten auf Sie zukommen \u2013 ohne b\u00f6se \u00dcberraschungen.<\/p>\n\n\n\n<h4 class=\"wp-block-heading\"><strong>Besuchen Sie uns auch vor Ort<\/strong><\/h4>\n\n\n\n<p>Neben unserem Schl\u00fcsselnotdienst bieten wir Ihnen auch die M\u00f6glichkeit, direkt bei uns vor Ort <strong>Schl\u00fcssel anfertigen zu lassen oder Schl\u00f6sser zu kaufen<\/strong>. Unser Ladengesch\u00e4ft finden Sie hier:<\/p>\n\n\n\n<p><\/p>\n\n\n\n<p>\ud83d\udcde <strong>Rufen Sie uns an: 0421-49954493<\/strong><\/p>\n\n\n\n<p><strong>Schl\u00fcsseldienst Edu f\u00fcr Bremen Woltmershausen \u2013 Ihr vertrauensw\u00fcrdiger Schl\u00fcsselnotdienst mit fairen Preisen!<\/strong><\/p>\n\n\n\n<p><\/p>","protected":false},"excerpt":{"rendered":"<p>Schl\u00fcsseldienst Edu \u2013 Ihr zuverl\u00e4ssiger Partner in Bremen Woltmershausen Ein verlorener oder abgebrochener Schl\u00fcssel kann schnell zu einem gro\u00dfen Problem werden. Genau in solchen Situationen ist der Schl\u00fcsseldienst Edu f\u00fcr Bremen Woltmershausen rund um die Uhr f\u00fcr Sie da. Unser 24-Stunden-Notdienst steht Ihnen jederzeit zur&#8230;<\/p>","protected":false},"author":2,"featured_media":2706,"parent":0,"menu_order":0,"comment_status":"closed","ping_status":"closed","template":"","meta":{"footnotes":""},"yoast_head":"<!-- This site is optimized with the Yoast SEO plugin v20.5 - https:\/\/yoast.com\/wordpress\/plugins\/seo\/ -->\n<title>Schl\u00fcsseldienst Bremen Woltmershausen 24h<\/title>\n<meta name=\"description\" content=\"Schl\u00fcsseldienst Bremen Woltmershausen 24h \u2714\ufe0fDer g\u00fcnstige Schl\u00fcsseldienst Bremen \u2714\ufe0fin 10-30 Minuten vor Ort\u2714\ufe0f 5,0 \u2b50\u2b50\u2b50\u2b50\u2b50 \u260e\ufe0f0421-49954493\" \/>\n<meta name=\"robots\" content=\"index, follow, max-snippet:-1, max-image-preview:large, max-video-preview:-1\" \/>\n<link rel=\"canonical\" href=\"https:\/\/xn--schlsseldienstbremen-sec.com\/en\/schluesseldienst-bremen-woltmershausen\/\" \/>\n<meta property=\"og:locale\" content=\"en_US\" \/>\n<meta property=\"og:type\" content=\"article\" \/>\n<meta property=\"og:title\" content=\"Schl\u00fcsseldienst Bremen Woltmershausen 24h\" \/>\n<meta property=\"og:description\" content=\"Schl\u00fcsseldienst Bremen Woltmershausen 24h \u2714\ufe0fDer g\u00fcnstige Schl\u00fcsseldienst Bremen \u2714\ufe0fin 10-30 Minuten vor Ort\u2714\ufe0f 5,0 \u2b50\u2b50\u2b50\u2b50\u2b50 \u260e\ufe0f0421-49954493\" \/>\n<meta property=\"og:url\" content=\"https:\/\/xn--schlsseldienstbremen-sec.com\/en\/schluesseldienst-bremen-woltmershausen\/\" \/>\n<meta property=\"og:site_name\" content=\"Schl\u00fcsseldienst-Bremen\" \/>\n<meta property=\"article:modified_time\" content=\"2025-02-14T14:09:25+00:00\" \/>\n<meta property=\"og:image\" content=\"https:\/\/xn--schlsseldienstbremen-sec.com\/wp-content\/uploads\/2025\/01\/Schluessel-scaled.jpg\" \/>\n\t<meta property=\"og:image:width\" content=\"2560\" \/>\n\t<meta property=\"og:image:height\" content=\"1186\" \/>\n\t<meta property=\"og:image:type\" content=\"image\/jpeg\" \/>\n<meta name=\"twitter:card\" content=\"summary_large_image\" \/>\n<meta name=\"twitter:label1\" content=\"Est. reading time\" \/>\n\t<meta name=\"twitter:data1\" content=\"2 minutes\" \/>\n<script type=\"application\/ld+json\" class=\"yoast-schema-graph\">{\"@context\":\"https:\/\/schema.org\",\"@graph\":[{\"@type\":\"WebPage\",\"@id\":\"https:\/\/xn--schlsseldienstbremen-sec.com\/schluesseldienst-bremen-woltmershausen\/\",\"url\":\"https:\/\/xn--schlsseldienstbremen-sec.com\/schluesseldienst-bremen-woltmershausen\/\",\"name\":\"Schl\u00fcsseldienst Bremen Woltmershausen 24h\",\"isPartOf\":{\"@id\":\"https:\/\/xn--schlsseldienstbremen-sec.com\/#website\"},\"datePublished\":\"2024-03-05T14:05:31+00:00\",\"dateModified\":\"2025-02-14T14:09:25+00:00\",\"description\":\"Schl\u00fcsseldienst Bremen Woltmershausen 24h \u2714\ufe0fDer g\u00fcnstige Schl\u00fcsseldienst Bremen \u2714\ufe0fin 10-30 Minuten vor Ort\u2714\ufe0f 5,0 \u2b50\u2b50\u2b50\u2b50\u2b50 \u260e\ufe0f0421-49954493\",\"breadcrumb\":{\"@id\":\"https:\/\/xn--schlsseldienstbremen-sec.com\/schluesseldienst-bremen-woltmershausen\/#breadcrumb\"},\"inLanguage\":\"en-US\",\"potentialAction\":[{\"@type\":\"ReadAction\",\"target\":[\"https:\/\/xn--schlsseldienstbremen-sec.com\/schluesseldienst-bremen-woltmershausen\/\"]}]},{\"@type\":\"BreadcrumbList\",\"@id\":\"https:\/\/xn--schlsseldienstbremen-sec.com\/schluesseldienst-bremen-woltmershausen\/#breadcrumb\",\"itemListElement\":[{\"@type\":\"ListItem\",\"position\":1,\"name\":\"Startseite\",\"item\":\"https:\/\/xn--schlsseldienstbremen-sec.com\/\"},{\"@type\":\"ListItem\",\"position\":2,\"name\":\"Schl\u00fcsseldienst f\u00fcr Bremen Woltmershausen\"}]},{\"@type\":\"WebSite\",\"@id\":\"https:\/\/xn--schlsseldienstbremen-sec.com\/#website\",\"url\":\"https:\/\/xn--schlsseldienstbremen-sec.com\/\",\"name\":\"Schl\u00fcsseldienst-Bremen\",\"description\":\"Schl\u00fcsseldienst 24 Stunden Festpreis\",\"publisher\":{\"@id\":\"https:\/\/xn--schlsseldienstbremen-sec.com\/#organization\"},\"potentialAction\":[{\"@type\":\"SearchAction\",\"target\":{\"@type\":\"EntryPoint\",\"urlTemplate\":\"https:\/\/xn--schlsseldienstbremen-sec.com\/?s={search_term_string}\"},\"query-input\":\"required name=search_term_string\"}],\"inLanguage\":\"en-US\"},{\"@type\":\"Organization\",\"@id\":\"https:\/\/xn--schlsseldienstbremen-sec.com\/#organization\",\"name\":\"Schl\u00fcsseldienst-Bremen-Eck\",\"url\":\"https:\/\/xn--schlsseldienstbremen-sec.com\/\",\"logo\":{\"@type\":\"ImageObject\",\"inLanguage\":\"en-US\",\"@id\":\"https:\/\/xn--schlsseldienstbremen-sec.com\/#\/schema\/logo\/image\/\",\"url\":\"https:\/\/xn--schlsseldienstbremen-sec.com\/wp-content\/uploads\/2023\/02\/sweet-cakes-1.png\",\"contentUrl\":\"https:\/\/xn--schlsseldienstbremen-sec.com\/wp-content\/uploads\/2023\/02\/sweet-cakes-1.png\",\"width\":500,\"height\":500,\"caption\":\"Schl\u00fcsseldienst-Bremen-Eck\"},\"image\":{\"@id\":\"https:\/\/xn--schlsseldienstbremen-sec.com\/#\/schema\/logo\/image\/\"},\"sameAs\":[\"https:\/\/instagram.com\/schluesseldienstbremen\"]}]}<\/script>\n<!-- \/ Yoast SEO plugin. -->","yoast_head_json":{"title":"Schl\u00fcsseldienst Bremen Woltmershausen 24h","description":"Schl\u00fcsseldienst Bremen Woltmershausen 24h \u2714\ufe0fDer g\u00fcnstige Schl\u00fcsseldienst Bremen \u2714\ufe0fin 10-30 Minuten vor Ort\u2714\ufe0f 5,0 \u2b50\u2b50\u2b50\u2b50\u2b50 \u260e\ufe0f0421-49954493","robots":{"index":"index","follow":"follow","max-snippet":"max-snippet:-1","max-image-preview":"max-image-preview:large","max-video-preview":"max-video-preview:-1"},"canonical":"https:\/\/xn--schlsseldienstbremen-sec.com\/en\/schluesseldienst-bremen-woltmershausen\/","og_locale":"en_US","og_type":"article","og_title":"Schl\u00fcsseldienst Bremen Woltmershausen 24h","og_description":"Schl\u00fcsseldienst Bremen Woltmershausen 24h \u2714\ufe0fDer g\u00fcnstige Schl\u00fcsseldienst Bremen \u2714\ufe0fin 10-30 Minuten vor Ort\u2714\ufe0f 5,0 \u2b50\u2b50\u2b50\u2b50\u2b50 \u260e\ufe0f0421-49954493","og_url":"https:\/\/xn--schlsseldienstbremen-sec.com\/en\/schluesseldienst-bremen-woltmershausen\/","og_site_name":"Schl\u00fcsseldienst-Bremen","article_modified_time":"2025-02-14T14:09:25+00:00","og_image":[{"width":2560,"height":1186,"url":"https:\/\/xn--schlsseldienstbremen-sec.com\/wp-content\/uploads\/2025\/01\/Schluessel-scaled.jpg","type":"image\/jpeg"}],"twitter_card":"summary_large_image","twitter_misc":{"Est. reading time":"2 minutes"},"schema":{"@context":"https:\/\/schema.org","@graph":[{"@type":"WebPage","@id":"https:\/\/xn--schlsseldienstbremen-sec.com\/schluesseldienst-bremen-woltmershausen\/","url":"https:\/\/xn--schlsseldienstbremen-sec.com\/schluesseldienst-bremen-woltmershausen\/","name":"Schl\u00fcsseldienst Bremen Woltmershausen 24h","isPartOf":{"@id":"https:\/\/xn--schlsseldienstbremen-sec.com\/#website"},"datePublished":"2024-03-05T14:05:31+00:00","dateModified":"2025-02-14T14:09:25+00:00","description":"Schl\u00fcsseldienst Bremen Woltmershausen 24h \u2714\ufe0fDer g\u00fcnstige Schl\u00fcsseldienst Bremen \u2714\ufe0fin 10-30 Minuten vor Ort\u2714\ufe0f 5,0 \u2b50\u2b50\u2b50\u2b50\u2b50 \u260e\ufe0f0421-49954493","breadcrumb":{"@id":"https:\/\/xn--schlsseldienstbremen-sec.com\/schluesseldienst-bremen-woltmershausen\/#breadcrumb"},"inLanguage":"en-US","potentialAction":[{"@type":"ReadAction","target":["https:\/\/xn--schlsseldienstbremen-sec.com\/schluesseldienst-bremen-woltmershausen\/"]}]},{"@type":"BreadcrumbList","@id":"https:\/\/xn--schlsseldienstbremen-sec.com\/schluesseldienst-bremen-woltmershausen\/#breadcrumb","itemListElement":[{"@type":"ListItem","position":1,"name":"Startseite","item":"https:\/\/xn--schlsseldienstbremen-sec.com\/"},{"@type":"ListItem","position":2,"name":"Schl\u00fcsseldienst f\u00fcr Bremen Woltmershausen"}]},{"@type":"WebSite","@id":"https:\/\/xn--schlsseldienstbremen-sec.com\/#website","url":"https:\/\/xn--schlsseldienstbremen-sec.com\/","name":"Schl\u00fcsseldienst-Bremen","description":"Schl\u00fcsseldienst 24 Stunden Festpreis","publisher":{"@id":"https:\/\/xn--schlsseldienstbremen-sec.com\/#organization"},"potentialAction":[{"@type":"SearchAction","target":{"@type":"EntryPoint","urlTemplate":"https:\/\/xn--schlsseldienstbremen-sec.com\/?s={search_term_string}"},"query-input":"required name=search_term_string"}],"inLanguage":"en-US"},{"@type":"Organization","@id":"https:\/\/xn--schlsseldienstbremen-sec.com\/#organization","name":"Schl\u00fcsseldienst-Bremen-Eck","url":"https:\/\/xn--schlsseldienstbremen-sec.com\/","logo":{"@type":"ImageObject","inLanguage":"en-US","@id":"https:\/\/xn--schlsseldienstbremen-sec.com\/#\/schema\/logo\/image\/","url":"https:\/\/xn--schlsseldienstbremen-sec.com\/wp-content\/uploads\/2023\/02\/sweet-cakes-1.png","contentUrl":"https:\/\/xn--schlsseldienstbremen-sec.com\/wp-content\/uploads\/2023\/02\/sweet-cakes-1.png","width":500,"height":500,"caption":"Schl\u00fcsseldienst-Bremen-Eck"},"image":{"@id":"https:\/\/xn--schlsseldienstbremen-sec.com\/#\/schema\/logo\/image\/"},"sameAs":["https:\/\/instagram.com\/schluesseldienstbremen"]}]}},"amp_enabled":true,"_links":{"self":[{"href":"https:\/\/xn--schlsseldienstbremen-sec.com\/en\/wp-json\/wp\/v2\/pages\/2688"}],"collection":[{"href":"https:\/\/xn--schlsseldienstbremen-sec.com\/en\/wp-json\/wp\/v2\/pages"}],"about":[{"href":"https:\/\/xn--schlsseldienstbremen-sec.com\/en\/wp-json\/wp\/v2\/types\/page"}],"author":[{"embeddable":true,"href":"https:\/\/xn--schlsseldienstbremen-sec.com\/en\/wp-json\/wp\/v2\/users\/2"}],"replies":[{"embeddable":true,"href":"https:\/\/xn--schlsseldienstbremen-sec.com\/en\/wp-json\/wp\/v2\/comments?post=2688"}],"version-history":[{"count":2,"href":"https:\/\/xn--schlsseldienstbremen-sec.com\/en\/wp-json\/wp\/v2\/pages\/2688\/revisions"}],"predecessor-version":[{"id":2806,"href":"https:\/\/xn--schlsseldienstbremen-sec.com\/en\/wp-json\/wp\/v2\/pages\/2688\/revisions\/2806"}],"wp:featuredmedia":[{"embeddable":true,"href":"https:\/\/xn--schlsseldienstbremen-sec.com\/en\/wp-json\/wp\/v2\/media\/2706"}],"wp:attachment":[{"href":"https:\/\/xn--schlsseldienstbremen-sec.com\/en\/wp-json\/wp\/v2\/media?parent=2688"}],"curies":[{"name":"wp","href":"https:\/\/api.w.org\/{rel}","templated":true}]}}